{"id":33471,"date":"2022-06-27T14:57:42","date_gmt":"2022-06-27T11:57:42","guid":{"rendered":"https:\/\/aluksne.lv\/?page_id=33471"},"modified":"2024-09-16T13:57:18","modified_gmt":"2024-09-16T10:57:18","slug":"pa-spodra-publiskie-parskati","status":"publish","type":"page","link":"https:\/\/aluksne.lv\/index.php\/pasvaldiba\/socialas-un-citas-iestades\/pasvaldibas-agentura-spodra\/pa-spodra-publiskie-parskati\/","title":{"rendered":"PA &#8220;SPODRA&#8221; PUBLISKIE P\u0100RSKATI"},"content":{"rendered":"<p>&nbsp;<\/p>\n<p><strong><a href=\"https:\/\/aluksne.lv\/wp-content\/uploads\/2024\/08\/222_Spodra_publiskais-parskats.docx\">Al\u016bksnes novada pa\u0161vald\u012bbas a\u0123ent\u016bras &#8220;SPODRA&#8221; 2023. gada publiskais p\u0101rskats<\/a><\/strong><\/p>\n<p><strong><a href=\"https:\/\/aluksne.lv\/zpp_dlemumi\/2023\/2906\/175_pielikums_SPODRA_publiskais_parskats.docx\">Al\u016bksnes novada pa\u0161vald\u012bbas a\u0123ent\u016bras \u201cSPODRA\u201d 2022. gada publiskais p\u0101rskats<\/a><\/strong><\/p>\n<p><strong><a href=\"https:\/\/aluksne.lv\/wp-content\/uploads\/2022\/06\/137_Spodra_parskats_2021-6.docx\">Al\u016bksnes novada pa\u0161vald\u012bbas a\u0123ent\u016bras \u201cSPODRA\u201d 2021. gada publiskais p\u0101rskats<\/a><\/strong><\/p>\n<p><strong><a href=\"https:\/\/aluksne.lv\/wp-content\/uploads\/2022\/06\/140.pdf\">Al\u016bksnes novada pa\u0161vald\u012bbas a\u0123ent\u016bras \u201cSPODRA\u201d 2020.gada publiskais p\u0101rskats<\/a><\/strong><\/p>\n<p><strong><a href=\"https:\/\/aluksne.lv\/wp-content\/uploads\/2022\/06\/221.pdf\">Al\u016bksnes novada pa\u0161vald\u012bbas a\u0123ent\u016bras \u201cSPODRA\u201d 2019.gada publiskais p\u0101rskats<\/a><\/strong><\/p>\n<p><strong><a href=\"\/zpp_dlemumi\/2019\/31.07\/Spodra_PUBLISKAIS_PARSKATS_2018%20(1).doc\"><span class=\"\">Al\u016bksnes novada pa\u0161vald\u012bbas a\u0123ent\u016bras \u201e<span class=\"highlight\">SPODRA<\/span>\u201d 2018.gada publiskais <\/span>p\u0101rskats<\/a><\/strong><\/p>\n<p><strong><a href=\"http:\/\/aluksne.lv\/wp-content\/uploads\/2018\/06\/SPODRA_PUBLISKAIS_PARSKATS_2017.doc\">Al\u016bksnes novada pa\u0161vald\u012bbas a\u0123ent\u016bras \u201cSPODRA\u201d 2017.gada publiskais p\u0101rskats<\/a><\/strong><\/p>\n<p><strong><a href=\"http:\/\/www.aluksne.lv\/zpp_dlemumi\/2017\/31.05\/SPODRA_PUBLISKAIS_PARSKATS_2016.doc\">Al\u016bksnes novada pa\u0161vald\u012bbas a\u0123ent\u016bras \u201cSPODRA\u201d 2016.gada publiskais p\u0101rskats<\/a><\/strong><\/p>\n<p><strong><a href=\"http:\/\/www.aluksne.lv\/zpp_dlemumi\/2016\/31.005\/Spodra_PUBLISKAIS_PARSKATS_2015.doc\">Al\u016bksnes novada pa\u0161vald\u012bbas a\u0123ent\u016bras &#8220;SPODRA&#8221; 2015.gada publiskais p\u0101rskats<\/a><\/strong><\/p>\n<p><strong><a href=\"http:\/\/www.aluksne.lv\/zpp_dlemumi\/2015\/02.06\/Spodra_publiskais_parskats.pdf\">Al\u016bksnes novada pa\u0161vald\u012bbas a\u0123ent\u016bras &#8220;SPODRA&#8221; 2014.gada publiskais p\u0101rskats<\/a><\/strong><\/p>\n<p><strong><a href=\"http:\/\/www.aluksne.lv\/p_parskats\/spodra.pdf\">Al\u016bksnes novada pa\u0161vald\u012bbas a\u0123ent\u016bras \u201cSPODRA\u201d 2013.gada publiskais p\u0101rskats<\/a><\/strong><br \/>\n<strong><a href=\"http:\/\/www.aluksne.lv\/zpp_dlemumi\/2013\/05.23\/SPODRA_PUBLISKAIS_PARSKATS_2012.pdf\"><br \/>\nAl\u016bksnes novada pa\u0161vald\u012bbas a\u0123ent\u016bras &#8220;SPODRA&#8221; 2012. gada publiskais p\u0101rskats<\/a><\/strong><\/p>\n<p><strong><a href=\"http:\/\/www.aluksne.lv\/zpp_dlemumi\/2012\/06.28\/Prot_10_Spodra_parskats.doc\">Al\u016bksnes novada pa\u0161vald\u012bbas a\u0123ent\u016bras \u201cSPODRA\u201d 2011. gada publiskais p\u0101rskats<\/a><\/strong><\/p>\n<p><strong><a href=\"http:\/\/www.aluksne.lv\/zpp_dlemumi\/2011\/07.07.2011\/Prot_9_SPODRA_parskats.doc\">Al\u016bksnes novada pa\u0161vald\u012bbas a\u0123ent\u016bras \u201cSPODRA\u201d 2010. gada publiskais p\u0101rskats<\/a><\/strong><\/p>\n","protected":false},"excerpt":{"rendered":"<p>&nbsp; Al\u016bksnes novada pa\u0161vald\u012bbas a\u0123ent\u016bras &#8220;SPODRA&#8221; 2023. gada publiskais p\u0101rskats Al\u016bksnes novada pa\u0161vald\u012bbas a\u0123ent\u016bras \u201cSPODRA\u201d 2022. gada publiskais p\u0101rskats Al\u016bksnes novada pa\u0161vald\u012bbas a\u0123ent\u016bras \u201cSPODRA\u201d 2021. gada publiskais p\u0101rskats Al\u016bksnes novada pa\u0161vald\u012bbas a\u0123ent\u016bras \u201cSPODRA\u201d 2020.gada publiskais p\u0101rskats Al\u016bksnes novada pa\u0161vald\u012bbas a\u0123ent\u016bras&#8230;<br \/><a class=\"read-more-button\" href=\"https:\/\/aluksne.lv\/index.php\/pasvaldiba\/socialas-un-citas-iestades\/pasvaldibas-agentura-spodra\/pa-spodra-publiskie-parskati\/\">Las\u012bt visu<\/a><\/p>\n","protected":false},"author":1,"featured_media":0,"parent":2172,"menu_order":0,"comment_status":"closed","ping_status":"closed","template":"","meta":{"_crdt_document":"","_monsterinsights_skip_tracking":false,"_monsterinsights_sitenote_active":false,"_monsterinsights_sitenote_note":"","_monsterinsights_sitenote_category":0,"footnotes":"","_links_to":"","_links_to_target":""},"class_list":["post-33471","page","type-page","status-publish","hentry"],"_links":{"self":[{"href":"https:\/\/aluksne.lv\/index.php\/wp-json\/wp\/v2\/pages\/33471","targetHints":{"allow":["GET"]}}],"collection":[{"href":"https:\/\/aluksne.lv\/index.php\/wp-json\/wp\/v2\/pages"}],"about":[{"href":"https:\/\/aluksne.lv\/index.php\/wp-json\/wp\/v2\/types\/page"}],"author":[{"embeddable":true,"href":"https:\/\/aluksne.lv\/index.php\/wp-json\/wp\/v2\/users\/1"}],"replies":[{"embeddable":true,"href":"https:\/\/aluksne.lv\/index.php\/wp-json\/wp\/v2\/comments?post=33471"}],"version-history":[{"count":0,"href":"https:\/\/aluksne.lv\/index.php\/wp-json\/wp\/v2\/pages\/33471\/revisions"}],"up":[{"embeddable":true,"href":"https:\/\/aluksne.lv\/index.php\/wp-json\/wp\/v2\/pages\/2172"}],"wp:attachment":[{"href":"https:\/\/aluksne.lv\/index.php\/wp-json\/wp\/v2\/media?parent=33471"}],"curies":[{"name":"wp","href":"https:\/\/api.w.org\/{rel}","templated":true}]}}