{"id":339,"date":"2016-03-14T12:53:26","date_gmt":"2016-03-14T12:53:26","guid":{"rendered":"http:\/\/aluksne.lv\/jauna1\/?page_id=339"},"modified":"2020-03-20T14:22:51","modified_gmt":"2020-03-20T12:22:51","slug":"novada-simbolika","status":"publish","type":"page","link":"https:\/\/aluksne.lv\/index.php\/novads\/novada-simbolika\/","title":{"rendered":"Novada simbolika"},"content":{"rendered":"<div id=\"pl-339\"  class=\"panel-layout\" ><div id=\"pg-339-0\"  class=\"panel-grid panel-no-style\" ><div id=\"pgc-339-0-0\"  class=\"panel-grid-cell\" ><div id=\"panel-339-0-0-0\" class=\"so-panel widget widget_sow-editor panel-first-child panel-last-child\" data-index=\"0\" ><div\n\t\t\t\n\t\t\tclass=\"so-widget-sow-editor so-widget-sow-editor-base\"\n\t\t\t\n\t\t>\n<div class=\"siteorigin-widget-tinymce textwidget\">\n\t<p>&nbsp;<\/p>\n<table>\n<tbody>\n<tr>\n<td><img decoding=\"async\" class=\"alignleft\" src=\"http:\/\/aluksne.lv\/data\/visual\/ang.png\" alt=\"\" width=\"236\" \/><\/p>\n<p><strong>Al\u016bksnes novada \u0123erbonis<\/strong>: Dal\u012bts p\u0113d\u0101 ar \u0161aur\u0161evronu robe\u017estaba kr\u0101su salikum\u0101: sarkans ar zilu; aug\u0161\u0101 melna gr\u0101mata - B\u012bbele ar zelta rot\u0101jumiem un t\u0101du pa\u0161u uzrakstu \u201eA.D.\/1689.\u201d<\/p>\n<p><strong>\u0122erbo\u0146a autors:<\/strong> Ivars Vec\u0101ns<\/td>\n<\/tr>\n<tr>\n<td><img decoding=\"async\" class=\"alignleft\" src=\"http:\/\/aluksne.lv\/data\/visual\/AluksnesNovadaKarogs.png\" alt=\"\" width=\"236\" \/><\/p>\n<p><strong>Al\u016bksnes novada karogs: <\/strong>Al\u016bksnes novads atrodas Latvijas Zieme\u013caustrumos - Al\u016bksnes augstien\u0113, un tas nav iedom\u0101jams bez paugurainajiem dabas skatiem.<br \/>\nKaroga diagon\u0101lais dal\u012bjums atspogu\u013co Al\u016bksnes novada \u0123eogr\u0101fisk\u0101s \u012bpa\u0161\u012bbas un \u0123eogr\u0101fisko novietojumu - diagon\u0101le no kreis\u0101 apak\u0161\u0113j\u0101 st\u016bra uz labo aug\u0161\u0113jo st\u016bri simboliz\u0113 Zieme\u013caustrumu virzienu Latvijas teritorij\u0101, k\u0101 ar\u012b simboliski ataino Al\u016bksnes augstieni un t\u0101s kalnu nog\u0101zes. Aug\u0161upejo\u0161ais diagon\u0101lais virziens izsaka ar\u012b izaugsmi un att\u012bst\u012bbu. Purpura kr\u0101sa simboliz\u0113 Latviju. Sarkan\u0101 kr\u0101sa heraldik\u0101 noz\u012bm\u0113 drosmi, varon\u012bbu, c\u0113lsird\u012bbu, m\u012blest\u012bbu. Sudraba kr\u0101sa simboliz\u0113 cildenumu un atkl\u0101t\u012bbu. Karoga vid\u016b Al\u016bksnes novada \u0123erbonis.<br \/>\n<strong>Karoga autors: <\/strong>Ivars Pilips<\/p>\n<\/td>\n<\/tr>\n<\/tbody>\n<\/table>\n<\/div>\n<\/div><\/div><\/div><div id=\"pgc-339-0-1\"  class=\"panel-grid-cell\" ><div id=\"panel-339-0-1-0\" class=\"so-panel widget panel-first-child panel-last-child\" data-index=\"1\" ><\/div><\/div><\/div><\/div>","protected":false},"excerpt":{"rendered":"<p>&nbsp; Al\u016bksnes novada \u0123erbonis: Dal\u012bts p\u0113d\u0101 ar \u0161aur\u0161evronu robe\u017estaba kr\u0101su salikum\u0101: sarkans ar zilu; aug\u0161\u0101 melna gr\u0101mata &#8211; B\u012bbele ar zelta rot\u0101jumiem un t\u0101du pa\u0161u uzrakstu \u201eA.D.\/1689.\u201d \u0122erbo\u0146a autors: Ivars Vec\u0101ns Al\u016bksnes novada karogs: Al\u016bksnes novads atrodas Latvijas Zieme\u013caustrumos -&#8230;<br \/><a class=\"read-more-button\" href=\"https:\/\/aluksne.lv\/index.php\/novads\/novada-simbolika\/\">Las\u012bt visu<\/a><\/p>\n","protected":false},"author":1,"featured_media":0,"parent":4,"menu_order":0,"comment_status":"closed","ping_status":"closed","template":"","meta":{"_crdt_document":"","_monsterinsights_skip_tracking":false,"_monsterinsights_sitenote_active":false,"_monsterinsights_sitenote_note":"","_monsterinsights_sitenote_category":0,"footnotes":"","_links_to":"","_links_to_target":""},"class_list":["post-339","page","type-page","status-publish","hentry"],"_links":{"self":[{"href":"https:\/\/aluksne.lv\/index.php\/wp-json\/wp\/v2\/pages\/339","targetHints":{"allow":["GET"]}}],"collection":[{"href":"https:\/\/aluksne.lv\/index.php\/wp-json\/wp\/v2\/pages"}],"about":[{"href":"https:\/\/aluksne.lv\/index.php\/wp-json\/wp\/v2\/types\/page"}],"author":[{"embeddable":true,"href":"https:\/\/aluksne.lv\/index.php\/wp-json\/wp\/v2\/users\/1"}],"replies":[{"embeddable":true,"href":"https:\/\/aluksne.lv\/index.php\/wp-json\/wp\/v2\/comments?post=339"}],"version-history":[{"count":0,"href":"https:\/\/aluksne.lv\/index.php\/wp-json\/wp\/v2\/pages\/339\/revisions"}],"up":[{"embeddable":true,"href":"https:\/\/aluksne.lv\/index.php\/wp-json\/wp\/v2\/pages\/4"}],"wp:attachment":[{"href":"https:\/\/aluksne.lv\/index.php\/wp-json\/wp\/v2\/media?parent=339"}],"curies":[{"name":"wp","href":"https:\/\/api.w.org\/{rel}","templated":true}]}}