{"id":345,"date":"2016-03-14T13:38:30","date_gmt":"2016-03-14T13:38:30","guid":{"rendered":"http:\/\/aluksne.lv\/jauna1\/?page_id=345"},"modified":"2025-03-13T08:04:08","modified_gmt":"2025-03-13T06:04:08","slug":"starptautiska-sadarbiba","status":"publish","type":"page","link":"https:\/\/aluksne.lv\/index.php\/novads\/starptautiska-sadarbiba\/","title":{"rendered":"Starptautisk\u0101 sadarb\u012bba"},"content":{"rendered":"<div id=\"pl-345\"  class=\"panel-layout\" ><div id=\"pg-345-0\"  class=\"panel-grid panel-no-style\" ><div id=\"pgc-345-0-0\"  class=\"panel-grid-cell\" ><div id=\"panel-345-0-0-0\" class=\"so-panel widget widget_sow-editor panel-first-child panel-last-child\" data-index=\"0\" ><div\n\t\t\t\n\t\t\tclass=\"so-widget-sow-editor so-widget-sow-editor-base\"\n\t\t\t\n\t\t>\n<div class=\"siteorigin-widget-tinymce textwidget\">\n\t<div>\n<p>&nbsp;<\/p>\n<p><span style=\"font-size: 12pt;\"><strong>PAZI\u0145OJUMS. Rea\u0123\u0113jot uz Krievijas agresiju Ukrain\u0101, Al\u016bksnes novada pa\u0161vald\u012bba ir p\u0101rtraukusi iepriek\u0161 nosl\u0113gt\u0101s sadarb\u012bbas vieno\u0161an\u0101s ar Krievijas un Baltkrievijas pa\u0161vald\u012bb\u0101m!<\/strong><\/span><\/p>\n<table style=\"width: 100%;\">\n<tbody>\n<tr>\n<td style=\"width: 22.6439%;\" width=\"330\"><img decoding=\"async\" class=\"aligncenter\" src=\"http:\/\/aluksne.lv\/s_pasvaldibas\/Misso_valla_vapp.gif\" alt=\"\" width=\"100\" \/><\/p>\n<h2 align=\"center\"><strong>Misso, Igaunijas Republika<br \/>\n<\/strong><a href=\"http:\/\/www.misso.ee\/\">http:\/\/www.misso.ee\/<br \/>\n<\/a><\/h2>\n<\/td>\n<td style=\"width: 77.2929%; vertical-align: middle;\">&nbsp;<\/p>\n<p><span style=\"font-size: 10pt;\">Al\u016bksnes novada pa\u0161vald\u012bba un Misso pa\u0161vald\u012bba 2015. gada 1. august\u0101 nosl\u0113dza sadarb\u012bbas l\u012bgumu. L\u012bgum\u0101 abas puses ap\u0146emas rad\u012bt labv\u0113l\u012bgu vidi sadarb\u012bbas veido\u0161anai starp pils\u0113t\u0101m, k\u0101 ar\u012b nodro\u0161in\u0101t inform\u0101cijas izplat\u012b\u0161anu par pa\u0161vald\u012bb\u0101m un to aktivit\u0101t\u0113m, k\u0101 ar\u012b citas savstarp\u0113ji noder\u012bgas inform\u0101cijas apmai\u0146u. Sadarb\u012bba paredz\u0113ta ar\u012b starp izgl\u012bt\u012bbas, kult\u016bras, sporta, t\u016brisma, m\u0101kslas\u00a0 u.c. iest\u0101d\u0113m un organiz\u0101cij\u0101m. Abas puses ap\u0146emas sekm\u0113t un piedal\u012bties kop\u012bgu p\u0101rrobe\u017eu sadarb\u012bbas projektu izstr\u0101d\u0113, sagatavo\u0161an\u0101 un \u012bsteno\u0161an\u0101, ko pied\u0101v\u0101 p\u0101rrobe\u017eu sadarb\u012bbas programmas, kas aktu\u0101las abu pa\u0161vald\u012bbu probl\u0113mu risin\u0101\u0161an\u0101, ko finans\u0113 Eiropas Savien\u012bba vai citi fondi.<\/span><br \/>\n<span style=\"font-size: 10pt;\">Kop\u0161 pa\u0161vald\u012bbu administrat\u012bv\u0101s reformas 2017. gad\u0101 Misso pagasts ietilpst Rouges pagasta pa\u0161vald\u012bbas teritorij\u0101.<\/span><\/p>\n<p>&nbsp;<\/p>\n<\/td>\n<\/tr>\n<tr>\n<td style=\"width: 22.6439%;\" width=\"330\"><img decoding=\"async\" class=\"aligncenter\" src=\"http:\/\/aluksne.lv\/s_pasvaldibas\/Haanja_valla_vapp.gif\" alt=\"\" width=\"100\" \/><\/p>\n<h2 style=\"text-align: center;\"><strong>H\u0101nja, Igaunijas Republika<br \/>\n<\/strong><a href=\"http:\/\/www.haanja.ee\/\">http:\/\/www.haanja.ee\/<\/a><\/h2>\n<h2 align=\"center\"><\/h2>\n<\/td>\n<td style=\"width: 77.2929%; vertical-align: middle;\">&nbsp;<\/p>\n<p><span style=\"font-size: 10pt;\">Al\u016bksnes novada pa\u0161vald\u012bba un H\u0101njas pa\u0161vald\u012bba 2015. gada 1. august\u0101 nosl\u0113dza sadarb\u012bbas l\u012bgumu. L\u012bgum\u0101 abas puses ap\u0146emas rad\u012bt labv\u0113l\u012bgu vidi sadarb\u012bbas veido\u0161anai starp pils\u0113t\u0101m, k\u0101 ar\u012b nodro\u0161in\u0101t inform\u0101cijas izplat\u012b\u0161anu par pa\u0161vald\u012bb\u0101m un to aktivit\u0101t\u0113m, k\u0101 ar\u012b citas savstarp\u0113ji noder\u012bgas inform\u0101cijas apmai\u0146u. Sadarb\u012bba paredz\u0113ta ar\u012b starp izgl\u012bt\u012bbas, kult\u016bras, sporta, t\u016brisma, m\u0101kslas \u00a0u.c. iest\u0101d\u0113m un organiz\u0101cij\u0101m. Abas puses ap\u0146emas sekm\u0113t un piedal\u012bties kop\u012bgu p\u0101rrobe\u017eu sadarb\u012bbas projektu izstr\u0101d\u0113, sagatavo\u0161an\u0101 un \u012bsteno\u0161an\u0101, ko pied\u0101v\u0101 p\u0101rrobe\u017eu sadarb\u012bbas programmas, kas aktu\u0101las abu pa\u0161vald\u012bbu probl\u0113mu risin\u0101\u0161an\u0101, ko finans\u0113 Eiropas Savien\u012bba vai citi fondi.<\/span><br \/>\n<span style=\"font-size: 10pt;\">Kop\u0161 pa\u0161vald\u012bbu administrat\u012bv\u0101s reformas 2017. gad\u0101 H\u0101njas pagasts ietilpst Rouges pagasta pa\u0161vald\u012bbas teritorij\u0101.<\/span><\/p>\n<p>&nbsp;<\/p>\n<\/td>\n<\/tr>\n<tr>\n<td style=\"width: 22.6439%;\" width=\"330\">\n<h2 align=\"center\"><img loading=\"lazy\" decoding=\"async\" class=\"aligncenter\" src=\"http:\/\/aluksne.lv\/s_pasvaldibas\/Vastseliina.png\" alt=\"\" width=\"87\" height=\"100\" \/><\/h2>\n<h2 id=\"center\" style=\"text-align: center;\"><strong>Vastsel\u012bna, Igaunijas Republika<\/strong><br \/>\n<a class=\"blue_edit\" href=\"http:\/\/www.vastseliina.ee\/\">www.vastseliina.ee<\/a><\/h2>\n<h2 id=\"center\"><\/h2>\n<h2><\/h2>\n<\/td>\n<td style=\"width: 77.2929%; vertical-align: middle;\">&nbsp;<\/p>\n<p><span style=\"font-size: 10pt;\">Al\u016bksnes pils\u0113tas domes un Vastsel\u012bnas pagasta pa\u0161vald\u012bbas veiksm\u012bgo sadarb\u012bbu turpina ar\u012b Al\u016bksnes novada pa\u0161vald\u012bba. 2010. gada 31.j \u016blij\u0101 starp Al\u016bksnes novada pa\u0161vald\u012bbu un Vastsel\u012bnas pagasta pa\u0161vald\u012bbu nosl\u0113gts sadarb\u012bbas l\u012bgums, kas paredz, ka pa\u0161vald\u012bbas sadarbosies vair\u0101kos virzienos, piem\u0113ram, transporta infrastrukt\u016bra, inform\u0101ciju tehnolo\u0123ijas un sakari, komun\u0101l\u0101s saimniec\u012bbas att\u012bst\u012bba, pieredzes apmai\u0146a pa\u0161vald\u012bbu darb\u012bbas efektivit\u0101tes un darbinieku kapacit\u0101tes paaugstin\u0101\u0161an\u0101, izgl\u012bt\u012bba un kult\u016bra, jaunu t\u016brisma produktu izstr\u0101de, informat\u012bvo materi\u0101lu sagatavo\u0161ana un izplat\u012b\u0161ana, l\u012bdzdal\u012bba izst\u0101d\u0113s un gadatirgos, atbalsts neform\u0101lo organiz\u0101ciju sadarb\u012bbas veido\u0161anai, vides aizsardz\u012bba, ekolo\u0123ijas izp\u0113tes jaut\u0101jumi.<\/span><br \/>\n<span style=\"font-size: 10pt;\">T\u0101pat pa\u0161vald\u012bbas sadarbosies kop\u012bgu pierobe\u017eas sadarb\u012bbas strat\u0113\u0123iju izstr\u0101d\u0113 viet\u0113j\u0101m pa\u0161vald\u012bb\u0101m ekonomisk\u0101 un soci\u0101l\u0101 progresa sasnieg\u0161anai, veicin\u0101s savstarp\u0113j\u0101s sadarb\u012bbas saska\u0146otu organiz\u0113\u0161anu labv\u0113l\u012bgu apst\u0101k\u013cu rad\u012b\u0161anai, kontaktu veido\u0161anai starp cilv\u0113kiem un organiz\u0101cij\u0101m. Al\u016bksnes pils\u0113tas domes un Vastsel\u012bnas pa\u0161vald\u012bbas sadarb\u012bba veiksm\u012bgi \u012bstenoj\u0101s Baltijas j\u016bras re\u0123iona INTERREG III B Kaimi\u0146attiec\u012bbu programmas INTERREG IIIA Zieme\u013cu priorit\u0101tes no Eiropas Re\u0123ion\u0101l\u0101s att\u012bst\u012bbas fonda l\u012bdzek\u013ciem l\u012bdzfinans\u0113t\u0101 projekta \u201eKult\u016bras un v\u0113sturiskais mantojums ilgtsp\u0113j\u012bgai soci\u0101lai un ekonomiskai att\u012bst\u012bbai cietok\u0161\u0146u trijst\u016bra apvid\u016b Al\u016bksne \u2013 Vastsel\u012bna \u2013 Izborska\u201d ietvaros, kad 2007.gad\u0101 Al\u016bksn\u0113 tika renov\u0113ts koka tilts uz Pilssalu.<\/span><br \/>\n<span style=\"font-size: 10pt;\">Kop\u0161 pa\u0161vald\u012bbu administrat\u012bv\u0101s reformas 2017. gad\u0101 Vastsel\u012bnas pagasts ietilpst Veru pagasta pa\u0161vald\u012bbas teritorij\u0101.<\/span><\/p>\n<p><span style=\"font-size: 10pt;\"><a href=\"http:\/\/aluksne.lv\/s_pasvaldibas\/large\/P1050501.JPG\" rel=\"lightbox[005]\"><img loading=\"lazy\" decoding=\"async\" src=\"http:\/\/aluksne.lv\/s_pasvaldibas\/P1050501.JPG\" alt=\"\" width=\"100\" height=\"150\" border=\"0\" \/><\/a> <a href=\"http:\/\/aluksne.lv\/s_pasvaldibas\/large\/seminars_vastselina%20044.jpg\" rel=\"lightbox[004]\"><img loading=\"lazy\" decoding=\"async\" src=\"http:\/\/aluksne.lv\/s_pasvaldibas\/seminars_vastselina%20044.jpg\" alt=\"\" width=\"150\" height=\"113\" border=\"0\" \/><\/a> <a title=\"Al\u016bksnes novada domes priek\u0161s\u0113d\u0113t\u0101js Aivars Fomins (no lab\u0101s) un Vastsel\u012bnas pagasta pa\u0161vald\u012bbas priek\u0161s\u0113d\u0113t\u0101js Ivars Tr\u0101gels apmain\u0101s parakst\u012btajiem sadarb\u012bbas l\u012bgumiem\" href=\"http:\/\/aluksne.lv\/s_pasvaldibas\/2010\/large\/picture%20137.jpg\" rel=\"lightbox[004]\"><img loading=\"lazy\" decoding=\"async\" src=\"http:\/\/aluksne.lv\/s_pasvaldibas\/2010\/picture%20137.jpg\" alt=\"\" width=\"145\" height=\"109\" border=\"0\" \/><\/a><\/span><\/p>\n<\/td>\n<\/tr>\n<tr>\n<td style=\"width: 22.6439%;\" width=\"330\">\n<h2 align=\"center\"><img loading=\"lazy\" decoding=\"async\" class=\"aligncenter\" src=\"http:\/\/aluksne.lv\/s_pasvaldibas\/2010\/gerbonis.gif\" alt=\"\" width=\"80\" height=\"100\" \/><\/h2>\n<h2 id=\"center\" style=\"text-align: center;\"><strong>R\u00f5uge, Igaunijas Republika<br \/>\n<\/strong><a class=\"blue_edit\" href=\"http:\/\/www.rauge.ee\/\">www.rauge.ee<\/a><\/h2>\n<h2 id=\"center\"><\/h2>\n<h2 id=\"center\"><\/h2>\n<h2 id=\"center\"><\/h2>\n<h2><\/h2>\n<\/td>\n<td style=\"width: 77.2929%; vertical-align: middle;\">&nbsp;<\/p>\n<p><span style=\"font-size: 10pt;\">2010. gada 31. j\u016blij\u0101 starp Al\u016bksnes novada pa\u0161vald\u012bbu un R\u00f5uges pagasta pa\u0161vald\u012bbu nosl\u0113gts sadarb\u012bbas l\u012bgums, kas paredz, ka pa\u0161vald\u012bbas sadarbosies vair\u0101kos virzienos, piem\u0113ram, transporta infrastrukt\u016bra, inform\u0101ciju tehnolo\u0123ijas un sakari, komun\u0101l\u0101s saimniec\u012bbas att\u012bst\u012bba, pieredzes apmai\u0146a pa\u0161vald\u012bbu darb\u012bbas efektivit\u0101tes un darbinieku kapacit\u0101tes paaugstin\u0101\u0161an\u0101, izgl\u012bt\u012bba un kult\u016bra, jaunu t\u016brisma produktu izstr\u0101de, informat\u012bvo materi\u0101lu sagatavo\u0161ana un izplat\u012b\u0161ana, l\u012bdzdal\u012bba izst\u0101d\u0113s un gadatirgos, atbalsts neform\u0101lo organiz\u0101ciju sadarb\u012bbas veido\u0161anai, vides aizsardz\u012bba, ekolo\u0123ijas izp\u0113tes jaut\u0101jumi.<\/span><br \/>\n<span style=\"font-size: 10pt;\">T\u0101pat pa\u0161vald\u012bbas sadarbosies kop\u012bgu pierobe\u017eas sadarb\u012bbas strat\u0113\u0123iju izstr\u0101d\u0113 viet\u0113j\u0101m pa\u0161vald\u012bb\u0101m ekonomisk\u0101 un soci\u0101l\u0101 progresa sasnieg\u0161anai, veicin\u0101s savstarp\u0113j\u0101s sadarb\u012bbas saska\u0146otu organiz\u0113\u0161anu labv\u0113l\u012bgu apst\u0101k\u013cu rad\u012b\u0161anai, kontaktu veido\u0161anai starp cilv\u0113kiem un organiz\u0101cij\u0101m.<\/span><\/p>\n<p><span style=\"font-size: 10pt;\"><a href=\"http:\/\/aluksne.lv\/s_pasvaldibas\/2010\/large\/lennult_s[1].jpg\" rel=\"lightbox[008]\"><img loading=\"lazy\" decoding=\"async\" src=\"http:\/\/aluksne.lv\/s_pasvaldibas\/2010\/lennult_s[1].jpg\" alt=\"\" width=\"145\" height=\"97\" border=\"0\" \/><\/a> <a title=\"Al\u016bksnes novada domes priek\u0161s\u0113d\u0113t\u0101js Aivars Fomins (no lab\u0101s) un R\u00f5uges pagasta vec\u0101kais Tiit Toots paraksta sadarb\u012bbas l\u012bgumu\" href=\"http:\/\/aluksne.lv\/s_pasvaldibas\/2010\/large\/picture%20131.jpg\" rel=\"lightbox[008]\"><img loading=\"lazy\" decoding=\"async\" src=\"http:\/\/aluksne.lv\/s_pasvaldibas\/2010\/picture%20131.jpg\" alt=\"\" width=\"145\" height=\"109\" border=\"0\" \/><\/a><\/span><\/p>\n<p>&nbsp;<\/p>\n<\/td>\n<\/tr>\n<tr>\n<td style=\"width: 22.6439%;\" width=\"330\">\n<h2 align=\"center\"><img loading=\"lazy\" decoding=\"async\" class=\"aligncenter\" src=\"http:\/\/aluksne.lv\/s_pasvaldibas\/voru_logo.gif\" alt=\"\" width=\"95\" height=\"95\" \/><\/h2>\n<h2 id=\"center\" style=\"text-align: center;\"><strong>Veru, Igaunijas Republika<br \/>\n<\/strong><a class=\"blue_edit\" href=\"http:\/\/www.voru.ee\/\">www.voru.ee<\/a><\/h2>\n<h2><\/h2>\n<\/td>\n<td style=\"width: 77.2929%; vertical-align: middle;\">&nbsp;<\/p>\n<p><span style=\"font-size: 10pt;\">Al\u016bksnes novada pa\u0161vald\u012bba turpina Al\u016bksnes pils\u0113tas domes uzs\u0101kto sadarb\u012bbu ar Veru pils\u0113tas domi Igaunij\u0101, t\u0101d\u0113\u013c 2010.gada 31.j\u016blij\u0101 starp Al\u016bksnes novada pa\u0161vald\u012bbu un Veru pils\u0113tas pa\u0161vald\u012bbu nosl\u0113gts sadarb\u012bbas l\u012bgums.<\/span><br \/>\n<span style=\"font-size: 10pt;\">Tas paredz, ka pa\u0161vald\u012bbas sadarbosies vair\u0101kos virzienos, piem\u0113ram, transporta infrastrukt\u016bra, inform\u0101ciju tehnolo\u0123ijas un sakari, komun\u0101l\u0101s saimniec\u012bbas att\u012bst\u012bba, pieredzes apmai\u0146a pa\u0161vald\u012bbu darb\u012bbas efektivit\u0101tes un darbinieku kapacit\u0101tes paaugstin\u0101\u0161an\u0101, izgl\u012bt\u012bba un kult\u016bra, jaunu t\u016brisma produktu izstr\u0101de, informat\u012bvo materi\u0101lu sagatavo\u0161ana un izplat\u012b\u0161ana, l\u012bdzdal\u012bba izst\u0101d\u0113s un gadatirgos, atbalsts neform\u0101lo organiz\u0101ciju sadarb\u012bbas veido\u0161anai, vides aizsardz\u012bba, ekolo\u0123ijas izp\u0113tes jaut\u0101jumi.<\/span><br \/>\n<span style=\"font-size: 10pt;\">T\u0101pat pa\u0161vald\u012bbas sadarbosies kop\u012bgu pierobe\u017eas sadarb\u012bbas strat\u0113\u0123iju izstr\u0101d\u0113 viet\u0113j\u0101m pa\u0161vald\u012bb\u0101m ekonomisk\u0101 un soci\u0101l\u0101 progresa sasnieg\u0161anai, veicin\u0101s savstarp\u0113j\u0101s sadarb\u012bbas saska\u0146otu organiz\u0113\u0161anu labv\u0113l\u012bgu apst\u0101k\u013cu rad\u012b\u0161anai, kontaktu veido\u0161anai starp cilv\u0113kiem un organiz\u0101cij\u0101m. Veru pils\u0113ta atrodas Igaunijas dienvidaustrumos Tamulas ezera krast\u0101, iedz\u012bvot\u0101ju skaits - aptuveni 16 000. Pils\u0113ta dibin\u0101ta 1784. gad\u0101 p\u0113c Katr\u012bnas II pav\u0113les. \u0160eit dz\u012bvojis F.R.Kreicvalds, igau\u0146u nacion\u0101l\u0101 eposa \"Kalevipoegs\" autors.<\/span><br \/>\n<span style=\"font-size: 10pt;\">Al\u016bksnes un Veru pa\u0161vald\u012bbas kop\u012bgi \u012bstenoju\u0161as Baltijas j\u016bras re\u0123iona INTERREG III B Kaimi\u0146attiec\u012bbu programmas INTERREG IIIA Zieme\u013cu priorit\u0101tes no Eiropas Re\u0123ion\u0101l\u0101s att\u012bst\u012bbas fonda l\u012bdzek\u013ciem l\u012bdzfinans\u0113to projektu \u201eT\u016bristus piesaisto\u0161\u0101s pils\u0113tas.\u201d \u0160\u012b projekta ietvaros 2006. gad\u0101 tika labiek\u0101rtota ezertaka gar Al\u016bksnes ezeru.<\/span><\/p>\n<p>&nbsp;<\/p>\n<\/td>\n<\/tr>\n<tr>\n<td style=\"width: 22.6439%;\" width=\"330\"><img decoding=\"async\" class=\"aligncenter\" src=\"http:\/\/aluksne.lv\/s_pasvaldibas\/Wappen%20W-L%2001.jpg\" alt=\"\" width=\"100\" \/><\/p>\n<h2 style=\"text-align: center;\"><strong>Vet\u012bna-Lobej\u016bna, V\u0101cija<br \/>\n<\/strong><a href=\"http:\/\/www.stadt-wettin-loebejuen.de\/\"><strong>http:\/\/www.stadt-wettin-loebejuen.de\/<\/strong><\/a><\/h2>\n<\/td>\n<td style=\"width: 77.2929%; vertical-align: middle;\"><span style=\"font-size: 10pt;\">Al\u016bksnes novada pa\u0161vald\u012bba 2015. gada 1. august\u0101 nosl\u0113dza vieno\u0161anos par sadarb\u012bbu ar Ernsta Glika dzimt\u0101s pils\u0113tas Vet\u012bnas-Lobej\u016bnas pa\u0161vald\u012bbu. Vieno\u0161an\u0101s m\u0113r\u0137is ir veicin\u0101t abpus\u0113ju starp re\u0123ionu sadarb\u012bbu kult\u016bras, sporta, izgl\u012bt\u012bbas, tautsaimniec\u012bbas, t\u016brisma, m\u0101kslas un kult\u016bras jom\u0101s, k\u0101 ar\u012b, pamatojoties uz savstarp\u0113j\u0101m interes\u0113m, stiprin\u0101t savstarp\u0113jo sapratni, abpus\u0113ju atbalstu un draudz\u012bbu starp abiem re\u0123ioniem.<\/span><\/td>\n<\/tr>\n<tr>\n<td style=\"width: 22.6439%;\">\n<h2 style=\"text-align: center;\"><a href=\"https:\/\/aluksne.lv\/wp-content\/uploads\/2021\/01\/ib79an13.png\"><img loading=\"lazy\" decoding=\"async\" class=\"size-full wp-image-23789 aligncenter\" src=\"https:\/\/aluksne.lv\/wp-content\/uploads\/2021\/01\/ib79an13.png\" alt=\"\" width=\"201\" height=\"75\" data-id=\"23789\" \/><\/a>Joni\u0161\u0137u rajons, Lietuvas Republika<br \/>\n<a href=\"http:\/\/joniskis.lt\/\">http:\/\/joniskis.lt\/<\/a><\/h2>\n<\/td>\n<td style=\"width: 77.2929%; vertical-align: middle;\"><span style=\"font-size: 10pt;\">Sadarb\u012bbas l\u012bgums starp Al\u016bksnes novada pa\u0161vald\u012bbu un Joni\u0161\u0137u rajona pa\u0161vald\u012bbu nosl\u0113gts 2012. gada 7. j\u016blij\u0101. Tas paredz veicin\u0101t un att\u012bst\u012bt savstarp\u0113ji izdev\u012bgu sadarb\u012bbu kult\u016bras, izgl\u012bt\u012bbas, sporta, m\u0101kslas, vesel\u012bbas apr\u016bpes, soci\u0101l\u0101 atbalsta, t\u016brisma, jaunie\u0161u apmai\u0146as, vides aizsardz\u012bbas, kult\u016brv\u0113sturisk\u0101 mantojuma, ekonomikas un cit\u0101s kop\u0113jo intere\u0161u jom\u0101s, stiprin\u0101t savstarp\u0113jo sapratni un draudz\u012bbu starp ab\u0101m taut\u0101m.<\/span><\/td>\n<\/tr>\n<tr>\n<td style=\"width: 22.6439%;\" width=\"330\">\n<h2 align=\"center\"><img loading=\"lazy\" decoding=\"async\" class=\"aligncenter\" src=\"http:\/\/aluksne.lv\/s_pasvaldibas\/sundb_logo.gif\" alt=\"\" width=\"208\" height=\"49\" \/><\/h2>\n<h2 id=\"center\" style=\"text-align: center;\"><strong>Sundbiberga, Zviedrija<\/strong><br \/>\n<a class=\"blue_edit\" href=\"http:\/\/www.sundbyberg.se\/\">www.sundbyberg.se<\/a><\/h2>\n<h2 style=\"text-align: center;\"><\/h2>\n<\/td>\n<td style=\"width: 77.2929%; vertical-align: middle;\"><span style=\"font-size: 10pt;\">Al\u016bksnes pils\u0113tas domes sadarb\u012bba ar Sundbibergas pa\u0161vald\u012bbu Zviedrij\u0101 aizs\u0101k\u0101s 1992. gad\u0101, \u0161\u012bs sadarb\u012bbas trad\u012bcijas p\u0101r\u0146\u0113musi Al\u016bksnes novada pa\u0161vald\u012bba. Sadarb\u012bbas m\u0113r\u0137is ir veicin\u0101t abpus\u0113ju starp re\u0123ionu sadarb\u012bbu kult\u016bras, sporta, izgl\u012bt\u012bbas, tautsaimniec\u012bbas, t\u016brisma, m\u0101kslas un kult\u016bras jom\u0101s, k\u0101 ar\u012b, pamatojoties uz savstarp\u0113j\u0101m interes\u0113m, stiprin\u0101t savstarp\u0113jo sapratni, abpus\u0113ju atbalstu un draudz\u012bbu starp abiem re\u0123ioniem.<\/span><\/td>\n<\/tr>\n<\/tbody>\n<\/table>\n<h2 style=\"text-align: center;\"><\/h2>\n<\/div>\n<\/div>\n<\/div><\/div><\/div><div id=\"pgc-345-0-1\"  class=\"panel-grid-cell\" ><div id=\"panel-345-0-1-0\" class=\"so-panel widget panel-first-child panel-last-child\" data-index=\"1\" ><\/div><\/div><\/div><\/div>","protected":false},"excerpt":{"rendered":"<p>&nbsp; PAZI\u0145OJUMS. Rea\u0123\u0113jot uz Krievijas agresiju Ukrain\u0101, Al\u016bksnes novada pa\u0161vald\u012bba ir p\u0101rtraukusi iepriek\u0161 nosl\u0113gt\u0101s sadarb\u012bbas vieno\u0161an\u0101s ar Krievijas un Baltkrievijas pa\u0161vald\u012bb\u0101m! Misso, Igaunijas Republika http:\/\/www.misso.ee\/ &nbsp; Al\u016bksnes novada pa\u0161vald\u012bba un Misso pa\u0161vald\u012bba 2015. gada 1. august\u0101 nosl\u0113dza sadarb\u012bbas l\u012bgumu. L\u012bgum\u0101&#8230;<br \/><a class=\"read-more-button\" href=\"https:\/\/aluksne.lv\/index.php\/novads\/starptautiska-sadarbiba\/\">Las\u012bt visu<\/a><\/p>\n","protected":false},"author":1,"featured_media":0,"parent":4,"menu_order":0,"comment_status":"closed","ping_status":"closed","template":"","meta":{"_crdt_document":"","_monsterinsights_skip_tracking":false,"_monsterinsights_sitenote_active":false,"_monsterinsights_sitenote_note":"","_monsterinsights_sitenote_category":0,"footnotes":"","_links_to":"","_links_to_target":""},"class_list":["post-345","page","type-page","status-publish","hentry"],"_links":{"self":[{"href":"https:\/\/aluksne.lv\/index.php\/wp-json\/wp\/v2\/pages\/345","targetHints":{"allow":["GET"]}}],"collection":[{"href":"https:\/\/aluksne.lv\/index.php\/wp-json\/wp\/v2\/pages"}],"about":[{"href":"https:\/\/aluksne.lv\/index.php\/wp-json\/wp\/v2\/types\/page"}],"author":[{"embeddable":true,"href":"https:\/\/aluksne.lv\/index.php\/wp-json\/wp\/v2\/users\/1"}],"replies":[{"embeddable":true,"href":"https:\/\/aluksne.lv\/index.php\/wp-json\/wp\/v2\/comments?post=345"}],"version-history":[{"count":0,"href":"https:\/\/aluksne.lv\/index.php\/wp-json\/wp\/v2\/pages\/345\/revisions"}],"up":[{"embeddable":true,"href":"https:\/\/aluksne.lv\/index.php\/wp-json\/wp\/v2\/pages\/4"}],"wp:attachment":[{"href":"https:\/\/aluksne.lv\/index.php\/wp-json\/wp\/v2\/media?parent=345"}],"curies":[{"name":"wp","href":"https:\/\/api.w.org\/{rel}","templated":true}]}}