{"id":348,"date":"2025-03-15T06:30:19","date_gmt":"2025-03-15T04:30:19","guid":{"rendered":"http:\/\/aluksne.lv\/jauna1\/?page_id=348"},"modified":"2025-04-23T14:47:59","modified_gmt":"2025-04-23T11:47:59","slug":"par-aluksnes-novada-domes-darbu","status":"publish","type":"page","link":"https:\/\/aluksne.lv\/index.php\/pasvaldiba\/par-aluksnes-novada-domes-darbu\/","title":{"rendered":"Par Al\u016bksnes novada domes darbu"},"content":{"rendered":"<p>&nbsp;<\/p>\n<p>&nbsp;<\/p>\n<div class=\"divTable\">\n<div class=\"divTableBody\">\n<div class=\"divTableRow\">\n<div class=\"divTableCellTris\"><a href=\"index.php\/pasvaldiba\/par-aluksnes-novada-domes-darbu\/aluksnes-novada-domes-deputati\/\">AL\u016aKSNES NOVADA DOMES DEPUT\u0100TI<\/a><\/div>\n<div class=\"divTableCellTris\"><a href=\"https:\/\/aluksne.lv\/index.php\/pasvaldiba\/par-aluksnes-novada-domes-darbu\/domes-sedes\/\">DOMES S\u0112DES<\/a><\/div>\n<div class=\"divTableCellTris\"><a href=\"https:\/\/aluksne.lv\/index.php\/pasvaldiba\/par-aluksnes-novada-domes-darbu\/komitejas\/\">KOMITEJAS<\/a><\/div>\n<\/div>\n<div class=\"divTableRow\">\n<div class=\"divTableCellTris\"><a href=\"https:\/\/aluksne.lv\/index.php\/pasvaldiba\/par-aluksnes-novada-domes-darbu\/iedzivotaju-pienemsana\/\">IEDZ\u012aVOT\u0100JU PIE\u0145EM\u0160ANA<\/a><\/div>\n<\/div>\n<\/div>\n<\/div>\n<p>&nbsp;<\/p>\n<p>&nbsp;<\/p>\n<p>&nbsp;<\/p>\n","protected":false},"excerpt":{"rendered":"<p>&nbsp; &nbsp; AL\u016aKSNES NOVADA DOMES DEPUT\u0100TI DOMES S\u0112DES KOMITEJAS IEDZ\u012aVOT\u0100JU PIE\u0145EM\u0160ANA &nbsp; &nbsp; &nbsp;<\/p>\n","protected":false},"author":1,"featured_media":0,"parent":6,"menu_order":0,"comment_status":"closed","ping_status":"closed","template":"","meta":{"_crdt_document":"","_monsterinsights_skip_tracking":false,"_monsterinsights_sitenote_active":false,"_monsterinsights_sitenote_note":"","_monsterinsights_sitenote_category":0,"footnotes":"","_links_to":"","_links_to_target":""},"class_list":["post-348","page","type-page","status-publish","hentry"],"_links":{"self":[{"href":"https:\/\/aluksne.lv\/index.php\/wp-json\/wp\/v2\/pages\/348","targetHints":{"allow":["GET"]}}],"collection":[{"href":"https:\/\/aluksne.lv\/index.php\/wp-json\/wp\/v2\/pages"}],"about":[{"href":"https:\/\/aluksne.lv\/index.php\/wp-json\/wp\/v2\/types\/page"}],"author":[{"embeddable":true,"href":"https:\/\/aluksne.lv\/index.php\/wp-json\/wp\/v2\/users\/1"}],"replies":[{"embeddable":true,"href":"https:\/\/aluksne.lv\/index.php\/wp-json\/wp\/v2\/comments?post=348"}],"version-history":[{"count":0,"href":"https:\/\/aluksne.lv\/index.php\/wp-json\/wp\/v2\/pages\/348\/revisions"}],"up":[{"embeddable":true,"href":"https:\/\/aluksne.lv\/index.php\/wp-json\/wp\/v2\/pages\/6"}],"wp:attachment":[{"href":"https:\/\/aluksne.lv\/index.php\/wp-json\/wp\/v2\/media?parent=348"}],"curies":[{"name":"wp","href":"https:\/\/api.w.org\/{rel}","templated":true}]}}