{"id":352,"date":"2016-03-15T06:30:56","date_gmt":"2016-03-15T06:30:56","guid":{"rendered":"http:\/\/aluksne.lv\/jauna1\/?page_id=352"},"modified":"2025-11-27T15:53:41","modified_gmt":"2025-11-27T13:53:41","slug":"dokumenti","status":"publish","type":"page","link":"https:\/\/aluksne.lv\/index.php\/pasvaldiba\/dokumenti\/","title":{"rendered":"Dokumenti"},"content":{"rendered":"<table class=\"hoverTable\">\n<tbody>\n<tr>\n<td width=\"33%\"><a href=\"https:\/\/aluksne.lv\/index.php\/pasvaldiba\/dokumenti\/pasvaldibas-darba-reglaments\/\">PA\u0160VALD\u012aBAS DARBA REGLAMENTS<\/a><\/td>\n<td width=\"33%\"><a href=\"http:\/\/aluksne.lv\/wp-content\/uploads\/2018\/12\/ANP_etikas_kodekss.pdf\" target=\"new\" rel=\"noopener noreferrer\">AL\u016aKSNES NOVADA PA\u0160VALD\u012aBAS \u0112TIKAS KODEKSS<\/a><\/td>\n<td width=\"33%\"><a href=\"http:\/\/aluksne.lv\/index.php\/pasvaldiba\/dokumenti\/fizisko-personu-datu-apstrade-aluksnes-novada-pasvaldiba\/\">FIZISKO PERSONU DATU APSTR\u0100DE AL\u016aKSNES NOVADA PA\u0160VALD\u012aB\u0100<\/a><\/td>\n<\/tr>\n<tr>\n<td width=\"33%\"><a href=\"https:\/\/aluksne.lv\/index.php\/pasvaldiba\/dokumenti\/aluksnes-novada-pasvaldibas-ierobezotas-pieejamibas-informacijas-saraksts\/\">AL\u016aKSNES NOVADA PA\u0160VALD\u012aBAS IEROBE\u017dOTAS PIEEJAM\u012aBAS INFORM\u0100CIJAS SARAKSTS<\/a><\/td>\n<td width=\"33%\"><a href=\"index.php\/pasvaldiba\/dokumenti\/ilgtspejigas-attistibas-strategija\/\">ILGTSP\u0112J\u012aGAS ATT\u012aST\u012aBAS STRAT\u0112\u0122IJA<\/a><\/td>\n<td width=\"33%\"><a href=\"index.php\/pasvaldiba\/dokumenti\/attistibas-programma\/\">ATT\u012aST\u012aBAS PROGRAMMA<\/a><\/td>\n<\/tr>\n<tr>\n<td width=\"33%\"><a href=\"index.php\/pasvaldiba\/dokumenti\/delegesanas-ligumi\/\">DELE\u0122\u0112\u0160ANAS L\u012aGUMI<\/a><\/td>\n<td width=\"33%\"><a href=\"index.php\/pasvaldiba\/dokumenti\/detalplanojumi\/\">DET\u0100LPL\u0100NOJUMI<\/a><\/td>\n<td width=\"33%\"><a href=\"index.php\/pasvaldiba\/dokumenti\/lokalplanojumi\/\">LOK\u0100LPL\u0100NOJUMI<\/a><\/td>\n<\/tr>\n<tr>\n<td width=\"33%\"><a href=\"index.php\/pasvaldiba\/dokumenti\/dokumenti-par-pasvaldibas-ielam-un-autoceliem\/\">DOKUMENTI PAR PA\u0160VALD\u012aBAS IEL\u0100M UN AUTOCE\u013bIEM<\/a><\/td>\n<td width=\"33%\"><a href=\"index.php\/pasvaldiba\/dokumenti\/derigo-izraktenu-ieguves-atlaujas\/\">DER\u012aGO IZRAKTE\u0145U IEGUVES AT\u013bAUJAS<\/a><\/td>\n<td width=\"33%\"><a href=\"index.php\/pasvaldibas-publiskie-parskati\/\">PA\u0160VALD\u012aBAS PUBLISKIE P\u0100RSKATI<\/a><\/td>\n<\/tr>\n<tr>\n<td width=\"33%\"><a href=\"index.php\/pasvaldiba\/dokumenti\/teritorijas-planojumi\/\">TERITORIJAS PL\u0100NOJUMS<\/a><\/td>\n<td width=\"33%\"><a href=\"index.php\/pasvaldiba\/dokumenti\/saistosie-noteikumi\/\">SAISTO\u0160IE NOTEIKUMI<\/a><\/td>\n<td width=\"33%\"><a href=\"index.php\/pasvaldiba\/dokumenti\/nolikumi\/\">NOLIKUMI<\/a><\/td>\n<\/tr>\n<tr>\n<td width=\"33%\"><a href=\"index.php\/pasvaldiba\/dokumenti\/nekustama-ipasuma-nodoklis\/\">NEKUSTAM\u0100 \u012aPA\u0160UMA NODOKLIS<\/a><\/td>\n<td width=\"33%\"><a href=\"https:\/\/aluksne.lv\/index.php\/pasvaldiba\/dokumenti\/energoparvaldibas-sistema\/\">ENERGOP\u0100RVALD\u012aBAS SIST\u0112MA<\/a><\/td>\n<td width=\"33%\"><a href=\"index.php\/pasvaldiba\/dokumenti\/citi-dokumenti\/\">CITI DOKUMENTI<\/a><\/td>\n<\/tr>\n<\/tbody>\n<\/table>\n","protected":false},"excerpt":{"rendered":"<p>PA\u0160VALD\u012aBAS DARBA REGLAMENTS AL\u016aKSNES NOVADA PA\u0160VALD\u012aBAS \u0112TIKAS KODEKSS FIZISKO PERSONU DATU APSTR\u0100DE AL\u016aKSNES NOVADA PA\u0160VALD\u012aB\u0100 AL\u016aKSNES NOVADA PA\u0160VALD\u012aBAS IEROBE\u017dOTAS PIEEJAM\u012aBAS INFORM\u0100CIJAS SARAKSTS ILGTSP\u0112J\u012aGAS ATT\u012aST\u012aBAS STRAT\u0112\u0122IJA ATT\u012aST\u012aBAS PROGRAMMA DELE\u0122\u0112\u0160ANAS L\u012aGUMI DET\u0100LPL\u0100NOJUMI LOK\u0100LPL\u0100NOJUMI DOKUMENTI PAR PA\u0160VALD\u012aBAS IEL\u0100M UN AUTOCE\u013bIEM DER\u012aGO IZRAKTE\u0145U IEGUVES&#8230;<br \/><a class=\"read-more-button\" href=\"https:\/\/aluksne.lv\/index.php\/pasvaldiba\/dokumenti\/\">Las\u012bt visu<\/a><\/p>\n","protected":false},"author":1,"featured_media":0,"parent":6,"menu_order":0,"comment_status":"closed","ping_status":"closed","template":"","meta":{"_crdt_document":"","_monsterinsights_skip_tracking":false,"_monsterinsights_sitenote_active":false,"_monsterinsights_sitenote_note":"","_monsterinsights_sitenote_category":0,"footnotes":"","_links_to":"","_links_to_target":""},"class_list":["post-352","page","type-page","status-publish","hentry"],"_links":{"self":[{"href":"https:\/\/aluksne.lv\/index.php\/wp-json\/wp\/v2\/pages\/352","targetHints":{"allow":["GET"]}}],"collection":[{"href":"https:\/\/aluksne.lv\/index.php\/wp-json\/wp\/v2\/pages"}],"about":[{"href":"https:\/\/aluksne.lv\/index.php\/wp-json\/wp\/v2\/types\/page"}],"author":[{"embeddable":true,"href":"https:\/\/aluksne.lv\/index.php\/wp-json\/wp\/v2\/users\/1"}],"replies":[{"embeddable":true,"href":"https:\/\/aluksne.lv\/index.php\/wp-json\/wp\/v2\/comments?post=352"}],"version-history":[{"count":0,"href":"https:\/\/aluksne.lv\/index.php\/wp-json\/wp\/v2\/pages\/352\/revisions"}],"up":[{"embeddable":true,"href":"https:\/\/aluksne.lv\/index.php\/wp-json\/wp\/v2\/pages\/6"}],"wp:attachment":[{"href":"https:\/\/aluksne.lv\/index.php\/wp-json\/wp\/v2\/media?parent=352"}],"curies":[{"name":"wp","href":"https:\/\/api.w.org\/{rel}","templated":true}]}}