{"id":35228,"date":"2022-09-01T09:57:35","date_gmt":"2022-09-01T06:57:35","guid":{"rendered":"https:\/\/aluksne.lv\/?page_id=35228"},"modified":"2025-08-30T08:21:33","modified_gmt":"2025-08-30T05:21:33","slug":"annas-pagasts","status":"publish","type":"page","link":"https:\/\/aluksne.lv\/index.php\/izglitiba\/skolenu-parvadajumu-marsruti\/annas-pagasts\/","title":{"rendered":"Annas pagasts"},"content":{"rendered":"<p>Annas pagasta pirmsskolas oblig\u0101t\u0101 izgl\u012bt\u012bbas vecuma, visp\u0101r\u0113j\u0101s pamatizgl\u012bt\u012bbas un visp\u0101r\u0113j\u0101s vid\u0113j\u0101s izgl\u012bt\u012bbas iest\u0101\u017eu izgl\u012btojamo nok\u013c\u016b\u0161ana no pa\u0161vald\u012bbas teritorij\u0101 eso\u0161as dz\u012bvesvietas uz izgl\u012bt\u012bbas iest\u0101di un atpaka\u013c dz\u012bvesviet\u0101 tiks nodro\u0161in\u0101ta ar <strong>pa\u0161vald\u012bbas un sabiedrisko transportu. <\/strong><\/p>\n<p><strong>Pa\u0161vald\u012bbas transports tiks nodro\u0161in\u0101ts mar\u0161rutos:<\/strong><\/p>\n<ul>\n<li>R\u012bta mar\u0161ruta kopgarums 44.0 km (Cempji 2, Kalncempju pagasts &#8211; Kantorkrogs, Annas pagasts &#8211; Ezerkalni, Annas pagasts &#8211; Ernsta Glika Al\u016bksnes Valsts \u0123imn\u0101zija, Glika iela, Al\u016bksne &#8211; Ernsta Glika Al\u016bksnes Valsts \u0123imn\u0101zija, Liel\u0101 Ezera iela 26, Al\u016bksne &#8211; Ernsta Glika Al\u016bksnes Valsts \u0123imn\u0101zija, Kanavi\u0146u iela, Al\u016bksne &#8211; Cempji 2, Kalncempju pagasts):<\/li>\n<\/ul>\n<table width=\"595\">\n<tbody>\n<tr>\n<td colspan=\"4\" width=\"453\">\n<p><strong>Mar\u0161ruta apraksts<\/strong><\/p>\n<\/td>\n<\/tr>\n<tr>\n<td width=\"226\">\n<p><strong>Pieturas <\/strong><strong style=\"font-family: inherit;\">nosaukums<\/strong><\/p>\n<\/td>\n<td width=\"95\">\n<p><strong>Piez\u012bmes<\/strong><\/p>\n<\/td>\n<td width=\"132\">\n<p><strong>Pien\u0101k\u0161anas un atie\u0161anas laiks<\/strong><\/p>\n<\/td>\n<td width=\"142\">\n<p><strong>Reisa izpildes dienas<\/strong><\/p>\n<\/td>\n<\/tr>\n<tr>\n<td colspan=\"3\" width=\"453\">\n<p><strong>R\u012bta mar\u0161ruts<\/strong><\/p>\n<\/td>\n<td width=\"142\">\n<p>&nbsp;<\/p>\n<\/td>\n<\/tr>\n<tr>\n<td width=\"226\">\n<p>Cempji 2, Kalncempji, Kalncempju pagasts<\/p>\n<\/td>\n<td width=\"95\">uzs\u0101k reisu<\/td>\n<td width=\"132\">\n<p>07:40<\/p>\n<\/td>\n<td width=\"142\">\n<p>Katru darba dienu<\/p>\n<\/td>\n<\/tr>\n<tr>\n<td width=\"226\">\n<p>Kantorkrogs, Annas pagasts 8.5 km<\/p>\n<\/td>\n<td width=\"95\">\u00a0<\/td>\n<td width=\"132\">\n<p>07:50<\/p>\n<\/td>\n<td width=\"142\">\n<p>Katru darba dienu<\/p>\n<\/td>\n<\/tr>\n<tr>\n<td width=\"226\">\n<p>Ezerkalni,\u00a0 Annas pagasts 4.2 km<\/p>\n<\/td>\n<td width=\"95\">\u00a0<\/td>\n<td width=\"132\">\n<p>07:55<\/p>\n<\/td>\n<td width=\"142\">\n<p>Katru darba dienu<\/p>\n<\/td>\n<\/tr>\n<tr>\n<td width=\"226\">\n<p>Ernsta Glika Al\u016bksnes Valsts \u0123imn\u0101zija, Kanavi\u0146u iela, Al\u016bksne 6.9 km<\/p>\n<\/td>\n<td width=\"95\">\u00a0<\/td>\n<td width=\"132\">\n<p>08.05<\/p>\n<\/td>\n<td width=\"142\">\n<p>Katru darba dienu<\/p>\n<\/td>\n<\/tr>\n<tr>\n<td width=\"226\">\n<p>Ernsta Glika Al\u016bksnes Valsts \u0123imn\u0101zija, Liel\u0101 Ezera iela 26, Al\u016bksne<\/p>\n<p>0.3 km<\/p>\n<\/td>\n<td width=\"95\">\u00a0<\/td>\n<td width=\"132\">\n<p>08.10<\/p>\n<\/td>\n<td width=\"142\">\n<p>Katru darba dienu<\/p>\n<\/td>\n<\/tr>\n<tr>\n<td width=\"226\">\n<p>Ernsta Glika Al\u016bksnes Valsts \u0123imn\u0101zija, Kanavi\u0146u iela, Al\u016bksne 2.1 km<\/p>\n<\/td>\n<td width=\"95\">\u00a0<\/td>\n<td width=\"132\">\n<p>08.20<\/p>\n<\/td>\n<td width=\"142\">\n<p>Katru darba dienu<\/p>\n<\/td>\n<\/tr>\n<tr>\n<td width=\"226\">\n<p>Cempji 2, Kalncempju pagasts 22.0 km<\/p>\n<\/td>\n<td width=\"95\">\n<p>beidz reisu<\/p>\n<\/td>\n<td width=\"132\">\n<p>08.50<\/p>\n<\/td>\n<td width=\"142\">\n<p>Katru darba dienu<\/p>\n<\/td>\n<\/tr>\n<\/tbody>\n<\/table>\n<p>&nbsp;<\/p>\n<ul>\n<li>Vakara mar\u0161ruta kopgarums 44.0 km (Cempji 2, Kalncempju pagasts &#8211; Ernsta Glika Al\u016bksnes Valsts \u0123imn\u0101zija, Kanavi\u0146u iela, Al\u016bksne &#8211; Ernsta Glika Al\u016bksnes Valsts \u0123imn\u0101zija, Liel\u0101 Ezera iela 26, Al\u016bksne &#8211; Ernsta Glika Al\u016bksnes Valsts \u0123imn\u0101zija, Glika iela, Al\u016bksne &#8211; Ezerkalni, Annas pagasts &#8211; Kantorkrogs, Annas pagasts &#8211; Cempji 2, Kalncempju pagasts):<\/li>\n<\/ul>\n<p><strong>\u00a0<\/strong><\/p>\n<table width=\"614\">\n<tbody>\n<tr>\n<td colspan=\"4\" width=\"472\">\n<p><strong>Mar\u0161ruta apraksts<\/strong><\/p>\n<\/td>\n<\/tr>\n<tr>\n<td width=\"245\">\n<p><strong>Pieturas\u00a0<\/strong><strong>nosaukums<\/strong><\/p>\n<\/td>\n<td width=\"94\">\n<p><strong>Piez\u012bmes<\/strong><\/p>\n<\/td>\n<td width=\"132\">\n<p><strong>Pien\u0101k\u0161anas un atie\u0161anas laiks<\/strong><\/p>\n<\/td>\n<td width=\"142\">\n<p><strong>Reisa izpildes dienas<\/strong><\/p>\n<\/td>\n<\/tr>\n<tr>\n<td colspan=\"3\" width=\"472\">\n<p><strong>Vakara mar\u0161ruts<\/strong><\/p>\n<\/td>\n<td width=\"142\">\n<p>&nbsp;<\/p>\n<\/td>\n<\/tr>\n<tr>\n<td width=\"245\">\n<p>Cempji 2, Kalncempju pagasts<\/p>\n<\/td>\n<td width=\"94\">\n<p>uzs\u0101k reisu<\/p>\n<\/td>\n<td width=\"132\">\n<p>15:15<\/p>\n<\/td>\n<td width=\"142\">\n<p>Katru darba dienu<\/p>\n<\/td>\n<\/tr>\n<tr>\n<td width=\"245\">\n<p>Ernsta Glika Al\u016bksnes Valsts \u0123imn\u0101zija Kanavi\u0146u iela, Al\u016bksne 22.0 km<\/p>\n<\/td>\n<td width=\"94\">\u00a0<\/td>\n<td width=\"132\">\n<p>&nbsp;<\/p>\n<p>15:45<\/p>\n<\/td>\n<td width=\"142\">\n<p>Katru darba dienu<\/p>\n<\/td>\n<\/tr>\n<tr>\n<td width=\"245\">\n<p>Ernsta Glika Al\u016bksnes Valsts \u0123imn\u0101zija, Liel\u0101 Ezera iela 26, Al\u016bksne 2.1 km<\/p>\n<\/td>\n<td width=\"94\">\u00a0<\/td>\n<td width=\"132\">\n<p>15:55<\/p>\n<\/td>\n<td width=\"142\">\n<p>Katru darba dienu<\/p>\n<\/td>\n<\/tr>\n<tr>\n<td width=\"245\">\n<p>Ernsta Glika Al\u016bksnes Valsts \u0123imn\u0101zija, Glika iela, Al\u016bksne\u00a0 0.3 km<\/p>\n<\/td>\n<td width=\"94\">\u00a0<\/td>\n<td width=\"132\">\n<p>16:00<\/p>\n<\/td>\n<td width=\"142\">\n<p>Katru darba dienu<\/p>\n<\/td>\n<\/tr>\n<tr>\n<td width=\"245\">\n<p>Ezerkalni,\u00a0 Annas pagasts 6.9 km<\/p>\n<\/td>\n<td width=\"94\">\u00a0<\/td>\n<td width=\"132\">\n<p>16:15<\/p>\n<\/td>\n<td width=\"142\">\n<p>Katru darba dienu<\/p>\n<\/td>\n<\/tr>\n<tr>\n<td width=\"245\">\n<p>Kantorkrogs, Annas pagasts 4.2 km<\/p>\n<\/td>\n<td width=\"94\">\u00a0<\/td>\n<td width=\"132\">\n<p>16:25<\/p>\n<\/td>\n<td width=\"142\">\n<p>Katru darba dienu<\/p>\n<\/td>\n<\/tr>\n<tr>\n<td width=\"245\">\n<p>Cempji 2,\u00a0 Kalncempju pagasts 8.5 km<\/p>\n<\/td>\n<td width=\"94\">\n<p>beidz reisu<\/p>\n<\/td>\n<td width=\"132\">\n<p>16.35<\/p>\n<\/td>\n<td width=\"142\">\n<p>Katru darba dienu<\/p>\n<\/td>\n<\/tr>\n<\/tbody>\n<\/table>\n<p>&nbsp;<\/p>\n<table style=\"width: 41.3078%;\">\n<tbody>\n<tr>\n<td style=\"width: 93.3118%;\" colspan=\"8\" width=\"181\">\n<p><strong>5194\/34<\/strong><\/p>\n<\/td>\n<\/tr>\n<tr>\n<td style=\"width: 93.3118%;\" colspan=\"8\" width=\"181\">\n<p><strong>01.09 \u2013 11.06<\/strong><\/p>\n<\/td>\n<\/tr>\n<tr>\n<td style=\"width: 12.8834%; background-color: #4cc7e6;\" width=\"24\">\n<p>P<\/p>\n<\/td>\n<td style=\"width: 11.3101%; background-color: #4cc7e6;\" colspan=\"2\" width=\"25\">\n<p>O<\/p>\n<\/td>\n<td style=\"width: 13.1045%; background-color: #4cc7e6;\" width=\"24\">\n<p>T<\/p>\n<\/td>\n<td style=\"width: 16.2486%; background-color: #4cc7e6;\" width=\"24\">\n<p>C<\/p>\n<\/td>\n<td style=\"width: 15.1329%; background-color: #4cc7e6;\" width=\"31\">\n<p>P<\/p>\n<\/td>\n<td style=\"width: 13.5668%;\" width=\"23\">\n<p>S<\/p>\n<\/td>\n<td style=\"width: 11.0655%;\" width=\"30\">\n<p>Sv<\/p>\n<\/td>\n<\/tr>\n<tr>\n<td style=\"width: 13.9059%;\" colspan=\"2\" width=\"31\">\n<p>1<\/p>\n<\/td>\n<td style=\"width: 54.7736%;\" colspan=\"4\" width=\"98\">\n<p>Kalncempji<\/p>\n<\/td>\n<td style=\"width: 24.6323%;\" colspan=\"2\" width=\"53\">\n<p>07:16<\/p>\n<\/td>\n<\/tr>\n<tr>\n<td style=\"width: 13.9059%;\" colspan=\"2\" width=\"31\">\n<p>2<\/p>\n<\/td>\n<td style=\"width: 54.7736%;\" colspan=\"4\" width=\"98\">\n<p>Ermi\u0137i<\/p>\n<\/td>\n<td style=\"width: 24.6323%;\" colspan=\"2\" width=\"53\">\n<p>07:18<\/p>\n<\/td>\n<\/tr>\n<tr>\n<td style=\"width: 13.9059%;\" colspan=\"2\" width=\"31\">\n<p>3<\/p>\n<\/td>\n<td style=\"width: 54.7736%;\" colspan=\"4\" width=\"98\">\n<p>Ate<\/p>\n<\/td>\n<td style=\"width: 24.6323%;\" colspan=\"2\" width=\"53\">\n<p>07:22<\/p>\n<\/td>\n<\/tr>\n<tr>\n<td style=\"width: 13.9059%;\" colspan=\"2\" width=\"31\">\n<p>4<\/p>\n<\/td>\n<td style=\"width: 54.7736%;\" colspan=\"4\" width=\"98\">\n<p>Sudrabi<\/p>\n<\/td>\n<td style=\"width: 24.6323%;\" colspan=\"2\" width=\"53\">\n<p>07:24<\/p>\n<\/td>\n<\/tr>\n<tr>\n<td style=\"width: 13.9059%;\" colspan=\"2\" width=\"31\">\n<p>5<\/p>\n<\/td>\n<td style=\"width: 54.7736%;\" colspan=\"4\" width=\"98\">\n<p>Sauleskalns<\/p>\n<\/td>\n<td style=\"width: 24.6323%;\" colspan=\"2\" width=\"53\">\n<p>07:27<\/p>\n<\/td>\n<\/tr>\n<tr>\n<td style=\"width: 13.9059%;\" colspan=\"2\" width=\"31\">\n<p>6<\/p>\n<\/td>\n<td style=\"width: 54.7736%;\" colspan=\"4\" width=\"98\">\n<p>R\u016bpnieki<\/p>\n<\/td>\n<td style=\"width: 24.6323%;\" colspan=\"2\" width=\"53\">\n<p>07:29<\/p>\n<\/td>\n<\/tr>\n<tr>\n<td style=\"width: 13.9059%;\" colspan=\"2\" width=\"31\">\n<p>7<\/p>\n<\/td>\n<td style=\"width: 54.7736%;\" colspan=\"4\" width=\"98\">\n<p><strong>Anna<\/strong><\/p>\n<\/td>\n<td style=\"width: 24.6323%;\" colspan=\"2\" width=\"53\">\n<p><strong>07:33<\/strong><\/p>\n<\/td>\n<\/tr>\n<tr>\n<td style=\"width: 13.9059%;\" colspan=\"2\" width=\"31\">\n<p>8<\/p>\n<\/td>\n<td style=\"width: 54.7736%;\" colspan=\"4\" width=\"98\">\n<p>Vecanna<\/p>\n<\/td>\n<td style=\"width: 24.6323%;\" colspan=\"2\" width=\"53\">\n<p>07:36<\/p>\n<\/td>\n<\/tr>\n<tr>\n<td style=\"width: 13.9059%;\" colspan=\"2\" width=\"31\">\n<p>9<\/p>\n<\/td>\n<td style=\"width: 54.7736%;\" colspan=\"4\" width=\"98\">\n<p>Kadilas<\/p>\n<\/td>\n<td style=\"width: 24.6323%;\" colspan=\"2\" width=\"53\">\n<p>07:38<\/p>\n<\/td>\n<\/tr>\n<tr>\n<td style=\"width: 13.9059%;\" colspan=\"2\" width=\"31\">\n<p>10<\/p>\n<\/td>\n<td style=\"width: 54.7736%;\" colspan=\"4\" width=\"98\">\n<p>Teikas<\/p>\n<\/td>\n<td style=\"width: 24.6323%;\" colspan=\"2\" width=\"53\">\n<p>07:40<\/p>\n<\/td>\n<\/tr>\n<tr>\n<td style=\"width: 13.9059%;\" colspan=\"2\" width=\"31\">\n<p>11<\/p>\n<\/td>\n<td style=\"width: 54.7736%;\" colspan=\"4\" width=\"98\">\n<p>Dudas<\/p>\n<\/td>\n<td style=\"width: 24.6323%;\" colspan=\"2\" width=\"53\">\n<p>07:44<\/p>\n<\/td>\n<\/tr>\n<tr>\n<td style=\"width: 13.9059%;\" colspan=\"2\" width=\"31\">\n<p>12<\/p>\n<\/td>\n<td style=\"width: 54.7736%;\" colspan=\"4\" width=\"98\">\n<p>Maizes kombin\u0101ts<\/p>\n<\/td>\n<td style=\"width: 24.6323%;\" colspan=\"2\" width=\"53\">\n<p>07:47<\/p>\n<\/td>\n<\/tr>\n<tr>\n<td style=\"width: 13.9059%;\" colspan=\"2\" width=\"31\">\n<p>13<\/p>\n<\/td>\n<td style=\"width: 54.7736%;\" colspan=\"4\" width=\"98\">\n<p>Al\u016bksnes AO<\/p>\n<\/td>\n<td style=\"width: 24.6323%;\" colspan=\"2\" width=\"53\">\n<p>07:50<\/p>\n<\/td>\n<\/tr>\n<tr>\n<td style=\"width: 13.9059%;\" colspan=\"2\" width=\"31\">\n<p>14<\/p>\n<\/td>\n<td style=\"width: 54.7736%;\" colspan=\"4\" width=\"98\">\n<p>Al\u016bksnes \u0123imn\u0101zija<\/p>\n<\/td>\n<td style=\"width: 24.6323%;\" colspan=\"2\" width=\"53\">\n<p>07:53<\/p>\n<\/td>\n<\/tr>\n<tr>\n<td style=\"width: 13.9059%;\" colspan=\"2\" width=\"31\">\n<p>15<\/p>\n<\/td>\n<td style=\"width: 54.7736%;\" colspan=\"4\" width=\"98\">\n<p>Maz\u0101 skola<\/p>\n<\/td>\n<td style=\"width: 24.6323%;\" colspan=\"2\" width=\"53\">\n<p>07:54<\/p>\n<\/td>\n<\/tr>\n<tr>\n<td style=\"width: 13.9059%;\" colspan=\"2\" width=\"31\">\n<p>16<\/p>\n<\/td>\n<td style=\"width: 54.7736%;\" colspan=\"4\" width=\"98\">\n<p>Vidusskola<\/p>\n<\/td>\n<td style=\"width: 24.6323%;\" colspan=\"2\" width=\"53\">\n<p>07:57<\/p>\n<\/td>\n<\/tr>\n<tr>\n<td style=\"width: 13.9059%;\" colspan=\"2\" width=\"31\">\n<p>17<\/p>\n<\/td>\n<td style=\"width: 54.7736%;\" colspan=\"4\" width=\"98\">\n<p>Al\u016bksnes AO<\/p>\n<\/td>\n<td style=\"width: 24.6323%;\" colspan=\"2\" width=\"53\">\n<p>08:01<\/p>\n<\/td>\n<\/tr>\n<\/tbody>\n<\/table>\n<p>&nbsp;<\/p>\n<p>&nbsp;<\/p>\n<table style=\"width: 41.4101%;\">\n<tbody>\n<tr>\n<td style=\"width: 85.9917%;\" colspan=\"8\" width=\"181\">\n<p><strong>5194\/23<\/strong><\/p>\n<\/td>\n<\/tr>\n<tr>\n<td style=\"width: 85.9917%;\" colspan=\"8\" width=\"181\">\n<p><strong>01.09 \u2013 11.06<\/strong><\/p>\n<\/td>\n<\/tr>\n<tr>\n<td style=\"width: 12.8834%; background-color: #4cc7e6;\" width=\"24\">\n<p>P<\/p>\n<\/td>\n<td style=\"width: 13.918%; background-color: #4cc7e6;\" colspan=\"2\" width=\"25\">\n<p>O<\/p>\n<\/td>\n<td style=\"width: 13.1303%; background-color: #4cc7e6;\" width=\"24\">\n<p>T<\/p>\n<\/td>\n<td style=\"width: 13.8711%; background-color: #4cc7e6;\" width=\"24\">\n<p>C<\/p>\n<\/td>\n<td style=\"width: 13.1576%; background-color: #4cc7e6;\" width=\"31\">\n<p>P<\/p>\n<\/td>\n<td style=\"width: 13.5644%;\" width=\"23\">\n<p>S<\/p>\n<\/td>\n<td style=\"width: 5.46693%;\" width=\"30\">\n<p>Sv<\/p>\n<\/td>\n<\/tr>\n<tr>\n<td style=\"width: 20.4499%;\" colspan=\"2\" width=\"31\">\n<p>1<\/p>\n<\/td>\n<td style=\"width: 46.5105%;\" colspan=\"4\" width=\"98\">\n<p>Al\u016bksnes AO<\/p>\n<\/td>\n<td style=\"width: 19.0313%;\" colspan=\"2\" width=\"53\">\n<p>15:50<\/p>\n<\/td>\n<\/tr>\n<tr>\n<td style=\"width: 20.4499%;\" colspan=\"2\" width=\"31\">\n<p>2<\/p>\n<\/td>\n<td style=\"width: 46.5105%;\" colspan=\"4\" width=\"98\">\n<p>Al\u016bksnes \u0123imn\u0101zija<\/p>\n<\/td>\n<td style=\"width: 19.0313%;\" colspan=\"2\" width=\"53\">\n<p>15:53<\/p>\n<\/td>\n<\/tr>\n<tr>\n<td style=\"width: 20.4499%;\" colspan=\"2\" width=\"31\">\n<p>3<\/p>\n<\/td>\n<td style=\"width: 46.5105%;\" colspan=\"4\" width=\"98\">\n<p>Maz\u0101 skola<\/p>\n<\/td>\n<td style=\"width: 19.0313%;\" colspan=\"2\" width=\"53\">\n<p>15:54<\/p>\n<\/td>\n<\/tr>\n<tr>\n<td style=\"width: 20.4499%;\" colspan=\"2\" width=\"31\">\n<p>4<\/p>\n<\/td>\n<td style=\"width: 46.5105%;\" colspan=\"4\" width=\"98\">\n<p>Vidusskola<\/p>\n<\/td>\n<td style=\"width: 19.0313%;\" colspan=\"2\" width=\"53\">\n<p>15:57<\/p>\n<\/td>\n<\/tr>\n<tr>\n<td style=\"width: 20.4499%;\" colspan=\"2\" width=\"31\">\n<p>5<\/p>\n<\/td>\n<td style=\"width: 46.5105%;\" colspan=\"4\" width=\"98\">\n<p>Al\u016bksnes AO<\/p>\n<\/td>\n<td style=\"width: 19.0313%;\" colspan=\"2\" width=\"53\">\n<p>16:00<\/p>\n<\/td>\n<\/tr>\n<tr>\n<td style=\"width: 20.4499%;\" colspan=\"2\" width=\"31\">\n<p>6<\/p>\n<\/td>\n<td style=\"width: 46.5105%;\" colspan=\"4\" width=\"98\">\n<p>Maizes kombin\u0101ts<\/p>\n<\/td>\n<td style=\"width: 19.0313%;\" colspan=\"2\" width=\"53\">\n<p>16:03<\/p>\n<\/td>\n<\/tr>\n<tr>\n<td style=\"width: 20.4499%;\" colspan=\"2\" width=\"31\">\n<p>7<\/p>\n<\/td>\n<td style=\"width: 46.5105%;\" colspan=\"4\" width=\"98\">\n<p>Dudas<\/p>\n<\/td>\n<td style=\"width: 19.0313%;\" colspan=\"2\" width=\"53\">\n<p>16:06<\/p>\n<\/td>\n<\/tr>\n<tr>\n<td style=\"width: 20.4499%;\" colspan=\"2\" width=\"31\">\n<p>8<\/p>\n<\/td>\n<td style=\"width: 46.5105%;\" colspan=\"4\" width=\"98\">\n<p>Teikas<\/p>\n<\/td>\n<td style=\"width: 19.0313%;\" colspan=\"2\" width=\"53\">\n<p>16:10<\/p>\n<\/td>\n<\/tr>\n<tr>\n<td style=\"width: 20.4499%;\" colspan=\"2\" width=\"31\">\n<p>9<\/p>\n<\/td>\n<td style=\"width: 46.5105%;\" colspan=\"4\" width=\"98\">\n<p>Kadilas<\/p>\n<\/td>\n<td style=\"width: 19.0313%;\" colspan=\"2\" width=\"53\">\n<p>16:12<\/p>\n<\/td>\n<\/tr>\n<tr>\n<td style=\"width: 20.4499%;\" colspan=\"2\" width=\"31\">\n<p>10<\/p>\n<\/td>\n<td style=\"width: 46.5105%;\" colspan=\"4\" width=\"98\">\n<p>Vecanna<\/p>\n<\/td>\n<td style=\"width: 19.0313%;\" colspan=\"2\" width=\"53\">\n<p>16:14<\/p>\n<\/td>\n<\/tr>\n<tr>\n<td style=\"width: 20.4499%;\" colspan=\"2\" width=\"31\">\n<p>11<\/p>\n<\/td>\n<td style=\"width: 46.5105%;\" colspan=\"4\" width=\"98\">\n<p><strong>Anna<\/strong><\/p>\n<\/td>\n<td style=\"width: 19.0313%;\" colspan=\"2\" width=\"53\">\n<p><strong>16:17<\/strong><\/p>\n<\/td>\n<\/tr>\n<tr>\n<td style=\"width: 20.4499%;\" colspan=\"2\" width=\"31\">\n<p>12<\/p>\n<\/td>\n<td style=\"width: 46.5105%;\" colspan=\"4\" width=\"98\">\n<p>R\u016bpnieki<\/p>\n<\/td>\n<td style=\"width: 19.0313%;\" colspan=\"2\" width=\"53\">\n<p>16:20<\/p>\n<\/td>\n<\/tr>\n<tr>\n<td style=\"width: 20.4499%;\" colspan=\"2\" width=\"31\">\n<p>13<\/p>\n<\/td>\n<td style=\"width: 46.5105%;\" colspan=\"4\" width=\"98\">\n<p>Sauleskalns<\/p>\n<\/td>\n<td style=\"width: 19.0313%;\" colspan=\"2\" width=\"53\">\n<p>16:23<\/p>\n<\/td>\n<\/tr>\n<tr>\n<td style=\"width: 20.4499%;\" colspan=\"2\" width=\"31\">\n<p>14<\/p>\n<\/td>\n<td style=\"width: 46.5105%;\" colspan=\"4\" width=\"98\">\n<p>Sudrabi<\/p>\n<\/td>\n<td style=\"width: 19.0313%;\" colspan=\"2\" width=\"53\">\n<p>16:26<\/p>\n<\/td>\n<\/tr>\n<tr>\n<td style=\"width: 20.4499%;\" colspan=\"2\" width=\"31\">\n<p>15<\/p>\n<\/td>\n<td style=\"width: 46.5105%;\" colspan=\"4\" width=\"98\">\n<p>Ate<\/p>\n<\/td>\n<td style=\"width: 19.0313%;\" colspan=\"2\" width=\"53\">\n<p>16:28<\/p>\n<\/td>\n<\/tr>\n<tr>\n<td style=\"width: 20.4499%;\" colspan=\"2\" width=\"31\">\n<p>16<\/p>\n<\/td>\n<td style=\"width: 46.5105%;\" colspan=\"4\" width=\"98\">\n<p>Ermi\u0137i<\/p>\n<\/td>\n<td style=\"width: 19.0313%;\" colspan=\"2\" width=\"53\">\n<p>16:31<\/p>\n<\/td>\n<\/tr>\n<tr>\n<td style=\"width: 20.4499%;\" colspan=\"2\" width=\"31\">\n<p>17<\/p>\n<\/td>\n<td style=\"width: 46.5105%;\" colspan=\"4\" width=\"98\">\n<p>Kalncempji<\/p>\n<\/td>\n<td style=\"width: 19.0313%;\" colspan=\"2\" width=\"53\">\n<p>16:34<\/p>\n<\/td>\n<\/tr>\n<tr>\n<td style=\"width: 12.8834%;\" width=\"24\">\u00a0<\/td>\n<td style=\"width: 7.56646%;\" width=\"7\">\u00a0<\/td>\n<td style=\"width: 6.35154%;\" width=\"18\">\u00a0<\/td>\n<td style=\"width: 13.1303%;\" width=\"24\">\u00a0<\/td>\n<td style=\"width: 13.8711%;\" width=\"24\">\u00a0<\/td>\n<td style=\"width: 13.1576%;\" width=\"31\">\u00a0<\/td>\n<td style=\"width: 13.5644%;\" width=\"23\">\u00a0<\/td>\n<td style=\"width: 5.46693%;\" width=\"30\">\u00a0<\/td>\n<\/tr>\n<\/tbody>\n<\/table>\n<p>&nbsp;<\/p>\n<p>&nbsp;<\/p>\n<table style=\"width: 41.1032%;\">\n<tbody>\n<tr>\n<td style=\"width: 85.9917%;\" colspan=\"8\" width=\"181\">\n<p><strong>5444\/03<\/strong><\/p>\n<\/td>\n<\/tr>\n<tr>\n<td style=\"width: 85.9917%;\" colspan=\"8\" width=\"181\">\n<p><strong>01.09 \u2013 11.06<\/strong><\/p>\n<\/td>\n<\/tr>\n<tr>\n<td style=\"width: 12.8834%; background-color: #4cc7e6;\" width=\"24\">\n<p>P<\/p>\n<\/td>\n<td style=\"width: 12.888%; background-color: #4cc7e6;\" colspan=\"2\" width=\"25\">\n<p>O<\/p>\n<\/td>\n<td style=\"width: 13.6297%; background-color: #4cc7e6;\" width=\"24\">\n<p>T<\/p>\n<\/td>\n<td style=\"width: 14.3759%; background-color: #4cc7e6;\" width=\"24\">\n<p>C<\/p>\n<\/td>\n<td style=\"width: 13.6404%; background-color: #4cc7e6;\" width=\"31\">\n<p>P<\/p>\n<\/td>\n<td style=\"width: 13.8205%;\" width=\"23\">\n<p>S<\/p>\n<\/td>\n<td style=\"width: 4.75383%;\" width=\"30\">\n<p>Sv<\/p>\n<\/td>\n<\/tr>\n<tr>\n<td style=\"width: 20.4499%;\" colspan=\"2\" width=\"31\">\n<p>1<\/p>\n<\/td>\n<td style=\"width: 46.9675%;\" colspan=\"4\" width=\"98\">\n<p>Al\u016bksnes AO<\/p>\n<\/td>\n<td style=\"width: 18.5743%;\" colspan=\"2\" width=\"53\">\n<p>17:40<\/p>\n<\/td>\n<\/tr>\n<tr>\n<td style=\"width: 20.4499%;\" colspan=\"2\" width=\"31\">\n<p>2<\/p>\n<\/td>\n<td style=\"width: 46.9675%;\" colspan=\"4\" width=\"98\">\n<p>Al\u016bksnes \u0123imn\u0101zija<\/p>\n<\/td>\n<td style=\"width: 18.5743%;\" colspan=\"2\" width=\"53\">\n<p>17:43<\/p>\n<\/td>\n<\/tr>\n<tr>\n<td style=\"width: 20.4499%;\" colspan=\"2\" width=\"31\">\n<p>3<\/p>\n<\/td>\n<td style=\"width: 46.9675%;\" colspan=\"4\" width=\"98\">\n<p>Maz\u0101 skola<\/p>\n<\/td>\n<td style=\"width: 18.5743%;\" colspan=\"2\" width=\"53\">\n<p>17:44<\/p>\n<\/td>\n<\/tr>\n<tr>\n<td style=\"width: 20.4499%;\" colspan=\"2\" width=\"31\">\n<p>4<\/p>\n<\/td>\n<td style=\"width: 46.9675%;\" colspan=\"4\" width=\"98\">\n<p>Tirgus<\/p>\n<\/td>\n<td style=\"width: 18.5743%;\" colspan=\"2\" width=\"53\">\n<p>17:46<\/p>\n<\/td>\n<\/tr>\n<tr>\n<td style=\"width: 20.4499%;\" colspan=\"2\" width=\"31\">\n<p>5<\/p>\n<\/td>\n<td style=\"width: 46.9675%;\" colspan=\"4\" width=\"98\">\n<p>Vidusskola<\/p>\n<\/td>\n<td style=\"width: 18.5743%;\" colspan=\"2\" width=\"53\">\n<p>17:48<\/p>\n<\/td>\n<\/tr>\n<tr>\n<td style=\"width: 20.4499%;\" colspan=\"2\" width=\"31\">\n<p>6<\/p>\n<\/td>\n<td style=\"width: 46.9675%;\" colspan=\"4\" width=\"98\">\n<p>Maizes kombin\u0101ts<\/p>\n<\/td>\n<td style=\"width: 18.5743%;\" colspan=\"2\" width=\"53\">\n<p>17:53<\/p>\n<\/td>\n<\/tr>\n<tr>\n<td style=\"width: 20.4499%;\" colspan=\"2\" width=\"31\">\n<p>7<\/p>\n<\/td>\n<td style=\"width: 46.9675%;\" colspan=\"4\" width=\"98\">\n<p>Dudas<\/p>\n<\/td>\n<td style=\"width: 18.5743%;\" colspan=\"2\" width=\"53\">\n<p>17:55<\/p>\n<\/td>\n<\/tr>\n<tr>\n<td style=\"width: 20.4499%;\" colspan=\"2\" width=\"31\">\n<p>8<\/p>\n<\/td>\n<td style=\"width: 46.9675%;\" colspan=\"4\" width=\"98\">\n<p>Teikas<\/p>\n<\/td>\n<td style=\"width: 18.5743%;\" colspan=\"2\" width=\"53\">\n<p>17:59<\/p>\n<\/td>\n<\/tr>\n<tr>\n<td style=\"width: 20.4499%;\" colspan=\"2\" width=\"31\">\n<p>9<\/p>\n<\/td>\n<td style=\"width: 46.9675%;\" colspan=\"4\" width=\"98\">\n<p>Kadilas<\/p>\n<\/td>\n<td style=\"width: 18.5743%;\" colspan=\"2\" width=\"53\">\n<p>18:01<\/p>\n<\/td>\n<\/tr>\n<tr>\n<td style=\"width: 20.4499%;\" colspan=\"2\" width=\"31\">\n<p>10<\/p>\n<\/td>\n<td style=\"width: 46.9675%;\" colspan=\"4\" width=\"98\">\n<p>Vecanna<\/p>\n<\/td>\n<td style=\"width: 18.5743%;\" colspan=\"2\" width=\"53\">\n<p>18:03<\/p>\n<\/td>\n<\/tr>\n<tr>\n<td style=\"width: 20.4499%;\" colspan=\"2\" width=\"31\">\n<p>11<\/p>\n<\/td>\n<td style=\"width: 46.9675%;\" colspan=\"4\" width=\"98\">\n<p><strong>Anna<\/strong><\/p>\n<\/td>\n<td style=\"width: 18.5743%;\" colspan=\"2\" width=\"53\">\n<p><strong>18:06<\/strong><\/p>\n<\/td>\n<\/tr>\n<tr>\n<td style=\"width: 20.4499%;\" colspan=\"2\" width=\"31\">\n<p>12<\/p>\n<\/td>\n<td style=\"width: 46.9675%;\" colspan=\"4\" width=\"98\">\n<p>Griba\u017eas<\/p>\n<\/td>\n<td style=\"width: 18.5743%;\" colspan=\"2\" width=\"53\">\n<p>18:12<\/p>\n<\/td>\n<\/tr>\n<tr>\n<td style=\"width: 20.4499%;\" colspan=\"2\" width=\"31\">\n<p>13<\/p>\n<\/td>\n<td style=\"width: 46.9675%;\" colspan=\"4\" width=\"98\">\n<p>Jaunanna<\/p>\n<\/td>\n<td style=\"width: 18.5743%;\" colspan=\"2\" width=\"53\">\n<p>18:20<\/p>\n<\/td>\n<\/tr>\n<tr>\n<td style=\"width: 20.4499%;\" colspan=\"2\" width=\"31\">\n<p>14<\/p>\n<\/td>\n<td style=\"width: 46.9675%;\" colspan=\"4\" width=\"98\">\n<p>Griba\u017eas<\/p>\n<\/td>\n<td style=\"width: 18.5743%;\" colspan=\"2\" width=\"53\">\n<p>18:28<\/p>\n<\/td>\n<\/tr>\n<tr>\n<td style=\"width: 20.4499%;\" colspan=\"2\" width=\"31\">\n<p>15<\/p>\n<\/td>\n<td style=\"width: 46.9675%;\" colspan=\"4\" width=\"98\">\n<p>Vecanna<\/p>\n<\/td>\n<td style=\"width: 18.5743%;\" colspan=\"2\" width=\"53\">\n<p>18:31<\/p>\n<\/td>\n<\/tr>\n<tr>\n<td style=\"width: 20.4499%;\" colspan=\"2\" width=\"31\">\n<p>16<\/p>\n<\/td>\n<td style=\"width: 46.9675%;\" colspan=\"4\" width=\"98\">\n<p>Kadilas<\/p>\n<\/td>\n<td style=\"width: 18.5743%;\" colspan=\"2\" width=\"53\">\n<p>18:33<\/p>\n<\/td>\n<\/tr>\n<tr>\n<td style=\"width: 20.4499%;\" colspan=\"2\" width=\"31\">\n<p>17<\/p>\n<\/td>\n<td style=\"width: 46.9675%;\" colspan=\"4\" width=\"98\">\n<p>Teikas<\/p>\n<\/td>\n<td style=\"width: 18.5743%;\" colspan=\"2\" width=\"53\">\n<p>18:35<\/p>\n<\/td>\n<\/tr>\n<tr>\n<td style=\"width: 20.4499%;\" colspan=\"2\" width=\"31\">\n<p>18<\/p>\n<\/td>\n<td style=\"width: 46.9675%;\" colspan=\"4\" width=\"98\">\n<p>Dudas<\/p>\n<\/td>\n<td style=\"width: 18.5743%;\" colspan=\"2\" width=\"53\">\n<p>18:39<\/p>\n<\/td>\n<\/tr>\n<tr>\n<td style=\"width: 20.4499%;\" colspan=\"2\" width=\"31\">\n<p>19<\/p>\n<\/td>\n<td style=\"width: 46.9675%;\" colspan=\"4\" width=\"98\">\n<p>Maizes kombin\u0101ts<\/p>\n<\/td>\n<td style=\"width: 18.5743%;\" colspan=\"2\" width=\"53\">\n<p>18:41<\/p>\n<\/td>\n<\/tr>\n<tr>\n<td style=\"width: 20.4499%;\" colspan=\"2\" width=\"31\">\n<p>20<\/p>\n<\/td>\n<td style=\"width: 46.9675%;\" colspan=\"4\" width=\"98\">\n<p>Al\u016bksnes AO<\/p>\n<\/td>\n<td style=\"width: 18.5743%;\" colspan=\"2\" width=\"53\">\n<p>18:45<\/p>\n<\/td>\n<\/tr>\n<\/tbody>\n<\/table>\n<p>&nbsp;<\/p>\n","protected":false},"excerpt":{"rendered":"<p>Annas pagasta pirmsskolas oblig\u0101t\u0101 izgl\u012bt\u012bbas vecuma, visp\u0101r\u0113j\u0101s pamatizgl\u012bt\u012bbas un visp\u0101r\u0113j\u0101s vid\u0113j\u0101s izgl\u012bt\u012bbas iest\u0101\u017eu izgl\u012btojamo nok\u013c\u016b\u0161ana no pa\u0161vald\u012bbas teritorij\u0101 eso\u0161as dz\u012bvesvietas uz izgl\u012bt\u012bbas iest\u0101di un atpaka\u013c dz\u012bvesviet\u0101 tiks nodro\u0161in\u0101ta ar pa\u0161vald\u012bbas un sabiedrisko transportu. Pa\u0161vald\u012bbas transports tiks nodro\u0161in\u0101ts mar\u0161rutos: R\u012bta mar\u0161ruta&#8230;<br \/><a class=\"read-more-button\" href=\"https:\/\/aluksne.lv\/index.php\/izglitiba\/skolenu-parvadajumu-marsruti\/annas-pagasts\/\">Las\u012bt visu<\/a><\/p>\n","protected":false},"author":1,"featured_media":0,"parent":30600,"menu_order":0,"comment_status":"closed","ping_status":"closed","template":"","meta":{"_crdt_document":"","_monsterinsights_skip_tracking":false,"_monsterinsights_sitenote_active":false,"_monsterinsights_sitenote_note":"","_monsterinsights_sitenote_category":0,"footnotes":"","_links_to":"","_links_to_target":""},"class_list":["post-35228","page","type-page","status-publish","hentry"],"_links":{"self":[{"href":"https:\/\/aluksne.lv\/index.php\/wp-json\/wp\/v2\/pages\/35228","targetHints":{"allow":["GET"]}}],"collection":[{"href":"https:\/\/aluksne.lv\/index.php\/wp-json\/wp\/v2\/pages"}],"about":[{"href":"https:\/\/aluksne.lv\/index.php\/wp-json\/wp\/v2\/types\/page"}],"author":[{"embeddable":true,"href":"https:\/\/aluksne.lv\/index.php\/wp-json\/wp\/v2\/users\/1"}],"replies":[{"embeddable":true,"href":"https:\/\/aluksne.lv\/index.php\/wp-json\/wp\/v2\/comments?post=35228"}],"version-history":[{"count":0,"href":"https:\/\/aluksne.lv\/index.php\/wp-json\/wp\/v2\/pages\/35228\/revisions"}],"up":[{"embeddable":true,"href":"https:\/\/aluksne.lv\/index.php\/wp-json\/wp\/v2\/pages\/30600"}],"wp:attachment":[{"href":"https:\/\/aluksne.lv\/index.php\/wp-json\/wp\/v2\/media?parent=35228"}],"curies":[{"name":"wp","href":"https:\/\/api.w.org\/{rel}","templated":true}]}}