{"id":35233,"date":"2022-09-01T09:59:18","date_gmt":"2022-09-01T06:59:18","guid":{"rendered":"https:\/\/aluksne.lv\/?page_id=35233"},"modified":"2023-08-22T15:32:57","modified_gmt":"2023-08-22T12:32:57","slug":"ilzenes-pagasts","status":"publish","type":"page","link":"https:\/\/aluksne.lv\/index.php\/izglitiba\/skolenu-parvadajumu-marsruti\/ilzenes-pagasts\/","title":{"rendered":"Ilzenes pagasts"},"content":{"rendered":"<div id=\"pl-35233\"  class=\"panel-layout\" ><div id=\"pg-35233-0\"  class=\"panel-grid panel-no-style\" ><div id=\"pgc-35233-0-0\"  class=\"panel-grid-cell\" ><div id=\"panel-35233-0-0-0\" class=\"so-panel widget widget_sow-editor panel-first-child panel-last-child\" data-index=\"0\" ><div\n\t\t\t\n\t\t\tclass=\"so-widget-sow-editor so-widget-sow-editor-base\"\n\t\t\t\n\t\t>\n<div class=\"siteorigin-widget-tinymce textwidget\">\n\t<p>&nbsp;<\/p>\n<p>Ilzenes pagasta pirmsskolas oblig\u0101t\u0101 izgl\u012bt\u012bbas vecuma, visp\u0101r\u0113j\u0101s pamatizgl\u012bt\u012bbas un visp\u0101r\u0113j\u0101s vid\u0113j\u0101s izgl\u012bt\u012bbas iest\u0101\u017eu izgl\u012btojamo nok\u013c\u016b\u0161ana no pa\u0161vald\u012bbas teritorij\u0101 eso\u0161as dz\u012bvesvietas uz izgl\u012bt\u012bbas iest\u0101di un atpaka\u013c dz\u012bvesviet\u0101 tiks nodro\u0161in\u0101ta ar <strong>sabiedrisko transportu. <\/strong><\/p>\n<p><strong>\u00a0<\/strong><\/p>\n<p><strong>Pa\u0161vald\u012bbas transports tiks nodro\u0161in\u0101ts mar\u0161rutos <\/strong>l\u012bdz\/no sabiedrisk\u0101 transporta pieturai:<\/p>\n<table width=\"642\">\n<tbody>\n<tr>\n<td colspan=\"3\" width=\"519\"><strong>Mar\u0161ruta apraksts<\/strong><\/td>\n<td width=\"123\"><strong>Reisa <\/strong><\/td>\n<\/tr>\n<tr>\n<td width=\"217\"><strong>Pieturas <\/strong><\/p>\n<p><strong>nosaukums<\/strong><\/p>\n<\/td>\n<td width=\"198\"><strong>Skolnieku<\/strong><\/p>\n<p><strong>\u00a0skaits<\/strong><\/p>\n<\/td>\n<td width=\"104\"><strong>Pien\u0101k\u0161anas un atie\u0161anas laiks<\/strong><\/td>\n<td width=\"123\"><strong>izpildes dienas<\/strong><\/td>\n<\/tr>\n<tr>\n<td colspan=\"3\" width=\"519\"><strong>R\u012bta mar\u0161ruts<\/strong><\/td>\n<td width=\"123\">&nbsp;<\/td>\n<\/tr>\n<tr>\n<td width=\"217\">Dailes, Jaunzemi, Ilzenes pagasts<\/td>\n<td width=\"198\">uzs\u0101k reisu<\/td>\n<td width=\"104\">07.00<\/td>\n<td width=\"123\">Katru darba dienu<\/td>\n<\/tr>\n<tr>\n<td width=\"217\">Pai\u0137\u0113ni, Ilzenes pagasts 2.7km<\/td>\n<td width=\"198\">1<\/td>\n<td width=\"104\">07.05<\/td>\n<td width=\"123\">Katru darba dienu<\/td>\n<\/tr>\n<tr>\n<td width=\"217\">Ezerslokas, Ilzenes pagasts<\/p>\n<p>6.6km<\/p>\n<\/td>\n<td width=\"198\">1<\/td>\n<td width=\"104\">07.18<\/td>\n<td width=\"123\">Katru darba dienu<\/td>\n<\/tr>\n<tr>\n<td width=\"217\">Jaunzemi, Ilzenes pagasts 5.1km<\/td>\n<td width=\"198\">Izlai\u017e skol\u0113nus. Skol\u0113ni turpina mar\u0161rutu uz Al\u016bksnes pils\u0113tas izgl\u012bt\u012bbas iest\u0101d\u0113m (5188 mar\u0161ruts reiss 09 Al\u016bksne-Jaunzemi-Al\u016bksne)<\/td>\n<td width=\"104\">07.28<\/td>\n<td width=\"123\">Katru darba dienu<\/td>\n<\/tr>\n<tr>\n<td width=\"217\">Dailes, Jaunzemi, Ilzenes pagasts 0.1km<\/td>\n<td width=\"198\">beidz reisu<\/td>\n<td width=\"104\">07.30<\/td>\n<td width=\"123\">Katru darba dienu<\/td>\n<\/tr>\n<\/tbody>\n<\/table>\n<p>&nbsp;<\/p>\n<p>&nbsp;<\/p>\n<table width=\"642\">\n<tbody>\n<tr>\n<td colspan=\"3\" width=\"519\"><strong>Mar\u0161ruta apraksts<\/strong><\/td>\n<td width=\"123\"><strong>Reisa <\/strong><\/td>\n<\/tr>\n<tr>\n<td width=\"217\"><strong>Pieturas <\/strong><\/p>\n<p><strong>nosaukums<\/strong><\/p>\n<\/td>\n<td width=\"198\"><strong>Skolnieku<\/strong><\/p>\n<p><strong>\u00a0skaits<\/strong><\/p>\n<\/td>\n<td width=\"104\"><strong>Pien\u0101k\u0161anas un atie\u0161anas laiks<\/strong><\/td>\n<td width=\"123\"><strong>izpildes dienas<\/strong><\/td>\n<\/tr>\n<tr>\n<td colspan=\"3\" width=\"519\"><strong>Vakara mar\u0161ruts<\/strong><\/td>\n<td width=\"123\">&nbsp;<\/td>\n<\/tr>\n<tr>\n<td width=\"217\">Dailes, Jaunzemi, Ilzenes pagasts<\/td>\n<td width=\"198\">uzs\u0101k reisu<\/td>\n<td width=\"104\">16:15<\/td>\n<td width=\"123\">Katru darba dienu<\/td>\n<\/tr>\n<tr>\n<td width=\"217\">Jaunzemi, Ilzenes pagasts 0.1km<\/td>\n<td width=\"198\">Notiek skol\u0113nu iek\u0101p\u0161ana, kuri atbrauc ar sabiedrisko autobusu no Al\u016bksnes pils\u0113tas izgl\u012bt\u012bbas iest\u0101d\u0113m (5021 mar\u0161ruts reiss 05 Al\u016bksne-Zelti\u0146i-N\u0113\u0137ene-Al\u016bksne)<\/td>\n<td width=\"104\">16:20<\/td>\n<td width=\"123\">Katru darba dienu<\/td>\n<\/tr>\n<tr>\n<td width=\"217\">Pai\u0137\u0113ni, Ilzenes pagasts 2.6km<\/td>\n<td width=\"198\">1<\/td>\n<td width=\"104\">16:25<\/td>\n<td width=\"123\">Katru darba dienu<\/td>\n<\/tr>\n<tr>\n<td width=\"217\">Ezerslokas, Ilzenes pagasts<\/p>\n<p>6.6km<\/p>\n<\/td>\n<td width=\"198\">1<\/td>\n<td width=\"104\">16.38<\/td>\n<td width=\"123\">Katru darba dienu<\/td>\n<\/tr>\n<tr>\n<td width=\"217\">Dailes, Jaunzemi, Ilzenes pagasts 5.2 km<\/td>\n<td width=\"198\">beidz reisu<\/td>\n<td width=\"104\">16.45<\/td>\n<td width=\"123\">Katru darba dienu<\/td>\n<\/tr>\n<\/tbody>\n<\/table>\n<p>&nbsp;<\/p>\n<p><strong>Sabiedrisk\u0101 transporta r\u012bta mar\u0161ruts:<\/strong><\/p>\n<table width=\"641\">\n<tbody>\n<tr>\n<td colspan=\"6\" width=\"529\">Autobusu kust\u012bbas saraksts viet\u0113j\u0101s noz\u012bmes mar\u0161rut\u0101<\/td>\n<td colspan=\"2\" width=\"112\">5188<\/td>\n<\/tr>\n<tr>\n<td colspan=\"6\" width=\"529\">Al\u016bksne-Jaunzemi-Al\u016bksne<\/td>\n<td colspan=\"2\" width=\"112\">09<\/td>\n<\/tr>\n<tr>\n<td colspan=\"6\" width=\"529\">(mar\u0161ruta nosaukums)<\/td>\n<td colspan=\"2\" width=\"112\">(reisa nr.)<\/td>\n<\/tr>\n<tr>\n<td width=\"57\">Nr.p.k.<\/td>\n<td width=\"61\">Pieturu kods<\/td>\n<td width=\"163\">Pieturvieta<\/td>\n<td width=\"81\">Att\u0101lums no mar\u0161ruta s\u0101kuma (km)<\/td>\n<td width=\"81\">Att\u0101lums l\u012bdz n\u0101ko\u0161ai pieturai (km)<\/td>\n<td width=\"86\">Brauk\u0161anas laiks l\u012bdz n\u0101ko\u0161ai pieturai (min)<\/td>\n<td width=\"60\">Pien\u0101k<\/td>\n<td width=\"52\">Atiet<\/td>\n<\/tr>\n<tr>\n<td width=\"57\">1<\/td>\n<td width=\"61\">7038<\/td>\n<td width=\"163\">Al\u016bksnes AO<\/td>\n<td width=\"81\">&nbsp;<\/td>\n<td width=\"81\">5.9<\/td>\n<td width=\"86\">8<\/td>\n<td width=\"60\">&nbsp;<\/td>\n<td width=\"52\">06:45<\/td>\n<\/tr>\n<tr>\n<td width=\"57\">2<\/td>\n<td width=\"61\">1563<\/td>\n<td width=\"163\">T\u016bjas pagrieziens<\/td>\n<td width=\"81\">5.9<\/td>\n<td width=\"81\">3<\/td>\n<td width=\"86\">5<\/td>\n<td width=\"60\">&nbsp;<\/td>\n<td width=\"52\">06:53<\/td>\n<\/tr>\n<tr>\n<td width=\"57\">3<\/td>\n<td width=\"61\">1562<\/td>\n<td width=\"163\">Z\u012bl\u012btes<\/td>\n<td width=\"81\">8.9<\/td>\n<td width=\"81\">2.4<\/td>\n<td width=\"86\">3<\/td>\n<td width=\"60\">&nbsp;<\/td>\n<td width=\"52\">06:58<\/td>\n<\/tr>\n<tr>\n<td width=\"57\">4<\/td>\n<td width=\"61\">1555<\/td>\n<td width=\"163\">Strauti\u0146i<\/td>\n<td width=\"81\">11.3<\/td>\n<td width=\"81\">3.6<\/td>\n<td width=\"86\">6<\/td>\n<td width=\"60\">&nbsp;<\/td>\n<td width=\"52\">07:01<\/td>\n<\/tr>\n<tr>\n<td width=\"57\">5<\/td>\n<td width=\"61\">1554<\/td>\n<td width=\"163\">Dze\u0146i<\/td>\n<td width=\"81\">14.9<\/td>\n<td width=\"81\">5.8<\/td>\n<td width=\"86\">9<\/td>\n<td width=\"60\">&nbsp;<\/td>\n<td width=\"52\">07:07<\/td>\n<\/tr>\n<tr>\n<td width=\"57\">6<\/td>\n<td width=\"61\">1552<\/td>\n<td width=\"163\">Zelti\u0146i<\/td>\n<td width=\"81\">20.7<\/td>\n<td width=\"81\">7.4<\/td>\n<td width=\"86\">12<\/td>\n<td width=\"60\">&nbsp;<\/td>\n<td width=\"52\">07:16<\/td>\n<\/tr>\n<tr>\n<td width=\"57\">7<\/td>\n<td width=\"61\">1787<\/td>\n<td width=\"163\">Jaunzemi<\/td>\n<td width=\"81\">28.1<\/td>\n<td width=\"81\">7.5<\/td>\n<td width=\"86\">15<\/td>\n<td width=\"60\">&nbsp;<\/td>\n<td width=\"52\">07:28<\/td>\n<\/tr>\n<tr>\n<td width=\"57\">8<\/td>\n<td width=\"61\">1552<\/td>\n<td width=\"163\">Zelti\u0146i<\/td>\n<td width=\"81\">35.6<\/td>\n<td width=\"81\">0.9<\/td>\n<td width=\"86\">2<\/td>\n<td width=\"60\">&nbsp;<\/td>\n<td width=\"52\">07:43<\/td>\n<\/tr>\n<tr>\n<td width=\"57\">9<\/td>\n<td width=\"61\">199<\/td>\n<td width=\"163\">Zelti\u0146u centrs<\/td>\n<td width=\"81\">36.5<\/td>\n<td width=\"81\">5.8<\/td>\n<td width=\"86\">8<\/td>\n<td width=\"60\">&nbsp;<\/td>\n<td width=\"52\">07:45<\/td>\n<\/tr>\n<tr>\n<td width=\"57\">10<\/td>\n<td width=\"61\">1554<\/td>\n<td width=\"163\">Dze\u0146i<\/td>\n<td width=\"81\">42.3<\/td>\n<td width=\"81\">3.6<\/td>\n<td width=\"86\">4<\/td>\n<td width=\"60\">&nbsp;<\/td>\n<td width=\"52\">07:53<\/td>\n<\/tr>\n<tr>\n<td width=\"57\">11<\/td>\n<td width=\"61\">1555<\/td>\n<td width=\"163\">Strauti\u0146i<\/td>\n<td width=\"81\">45.9<\/td>\n<td width=\"81\">2.5<\/td>\n<td width=\"86\">3<\/td>\n<td width=\"60\">&nbsp;<\/td>\n<td width=\"52\">07:57<\/td>\n<\/tr>\n<tr>\n<td width=\"57\">12<\/td>\n<td width=\"61\">1562<\/td>\n<td width=\"163\">Z\u012bl\u012btes<\/td>\n<td width=\"81\">48.4<\/td>\n<td width=\"81\">3<\/td>\n<td width=\"86\">5<\/td>\n<td width=\"60\">&nbsp;<\/td>\n<td width=\"52\">08:00<\/td>\n<\/tr>\n<tr>\n<td width=\"57\">13<\/td>\n<td width=\"61\">1563<\/td>\n<td width=\"163\">T\u016bjas pagrieziens<\/td>\n<td width=\"81\">51.4<\/td>\n<td width=\"81\">5<\/td>\n<td width=\"86\">8<\/td>\n<td width=\"60\">&nbsp;<\/td>\n<td width=\"52\">08:05<\/td>\n<\/tr>\n<tr>\n<td width=\"57\">14<\/td>\n<td width=\"61\">9444<\/td>\n<td width=\"163\">RCI<\/td>\n<td width=\"81\">56.4<\/td>\n<td width=\"81\">0.5<\/td>\n<td width=\"86\">1<\/td>\n<td width=\"60\">&nbsp;<\/td>\n<td width=\"52\">08:13<\/td>\n<\/tr>\n<tr>\n<td width=\"57\">15<\/td>\n<td width=\"61\">276<\/td>\n<td width=\"163\">Al\u016bksnes \u0123imn\u0101zija<\/td>\n<td width=\"81\">56.9<\/td>\n<td width=\"81\">0.4<\/td>\n<td width=\"86\">1<\/td>\n<td width=\"60\">&nbsp;<\/td>\n<td width=\"52\">08:14<\/td>\n<\/tr>\n<tr>\n<td width=\"57\">16<\/td>\n<td width=\"61\">9447<\/td>\n<td width=\"163\">Maz\u0101 skola<\/td>\n<td width=\"81\">57.3<\/td>\n<td width=\"81\">0.7<\/td>\n<td width=\"86\">2<\/td>\n<td width=\"60\">&nbsp;<\/td>\n<td width=\"52\">08:15<\/td>\n<\/tr>\n<tr>\n<td width=\"57\">17<\/td>\n<td width=\"61\">9446<\/td>\n<td width=\"163\">Tirgus<\/td>\n<td width=\"81\">58<\/td>\n<td width=\"81\">0.7<\/td>\n<td width=\"86\">2<\/td>\n<td width=\"60\">&nbsp;<\/td>\n<td width=\"52\">08:17<\/td>\n<\/tr>\n<tr>\n<td width=\"57\">18<\/td>\n<td width=\"61\">718<\/td>\n<td width=\"163\">Vidusskola<\/td>\n<td width=\"81\">58.7<\/td>\n<td width=\"81\">1.8<\/td>\n<td width=\"86\">3<\/td>\n<td width=\"60\">&nbsp;<\/td>\n<td width=\"52\">08:19<\/td>\n<\/tr>\n<tr>\n<td width=\"57\">19<\/td>\n<td width=\"61\">7038<\/td>\n<td width=\"163\">Al\u016bksnes AO<\/td>\n<td width=\"81\">60.5<\/td>\n<td width=\"81\">0<\/td>\n<td width=\"86\">&nbsp;<\/td>\n<td width=\"60\">08:22<\/td>\n<td width=\"52\">&nbsp;<\/td>\n<\/tr>\n<tr>\n<td colspan=\"3\" rowspan=\"2\" width=\"281\">&nbsp;<\/td>\n<td colspan=\"3\" width=\"248\">Reisa izpildes dienas<\/td>\n<td colspan=\"2\" width=\"112\">1 2 3 4 5 - -<\/td>\n<\/tr>\n<tr>\n<td colspan=\"5\" width=\"360\">Reiss Al\u016bksne-Jaunzemi-Zelti\u0146u centrs-Al\u016bksne kurs\u0113 01.09 - 11.06.<\/td>\n<\/tr>\n<\/tbody>\n<\/table>\n<p>&nbsp;<\/p>\n<p><strong>Sabiedrisk\u0101 transporta vakara mar\u0161ruts:<\/strong><\/p>\n<table width=\"663\">\n<tbody>\n<tr>\n<td colspan=\"6\" width=\"522\">Autobusu kust\u012bbas saraksts viet\u0113j\u0101s noz\u012bmes mar\u0161rut\u0101<\/td>\n<td colspan=\"2\" width=\"141\">5021<\/td>\n<\/tr>\n<tr>\n<td colspan=\"6\" width=\"522\">Al\u016bksne-Zelti\u0146i-N\u0113\u0137ene-Al\u016bksne<\/td>\n<td colspan=\"2\" width=\"141\">05<\/td>\n<\/tr>\n<tr>\n<td colspan=\"6\" width=\"522\">(mar\u0161ruta nosaukums)<\/td>\n<td colspan=\"2\" width=\"141\">(reisa nr.)<\/td>\n<\/tr>\n<tr>\n<td width=\"56\">Nr.p.k.<\/td>\n<td width=\"60\">Pieturu kods<\/td>\n<td width=\"161\">Pieturvieta<\/td>\n<td width=\"80\">Att\u0101lums no mar\u0161ruta s\u0101kuma (km)<\/td>\n<td width=\"80\">Att\u0101lums l\u012bdz n\u0101ko\u0161ai pieturai (km)<\/td>\n<td width=\"85\">Brauk\u0161anas laiks l\u012bdz n\u0101ko\u0161ai pieturai (min)<\/td>\n<td width=\"59\">Pien\u0101k<\/td>\n<td width=\"82\">Atiet<\/td>\n<\/tr>\n<tr>\n<td width=\"56\">1<\/td>\n<td width=\"60\">7038<\/td>\n<td width=\"161\">Al\u016bksnes AO<\/td>\n<td width=\"80\">&nbsp;<\/td>\n<td width=\"80\">1.8<\/td>\n<td width=\"85\">3<\/td>\n<td width=\"59\">&nbsp;<\/td>\n<td width=\"82\">15:35<\/td>\n<\/tr>\n<tr>\n<td width=\"56\">2<\/td>\n<td width=\"60\">718<\/td>\n<td width=\"161\">Vidusskola<\/td>\n<td width=\"80\">1.8<\/td>\n<td width=\"80\">0.7<\/td>\n<td width=\"85\">1<\/td>\n<td width=\"59\">&nbsp;<\/td>\n<td width=\"82\">15:38<\/td>\n<\/tr>\n<tr>\n<td width=\"56\">3<\/td>\n<td width=\"60\">9446<\/td>\n<td width=\"161\">Tirgus<\/td>\n<td width=\"80\">2.5<\/td>\n<td width=\"80\">0.7<\/td>\n<td width=\"85\">1<\/td>\n<td width=\"59\">&nbsp;<\/td>\n<td width=\"82\">15:39<\/td>\n<\/tr>\n<tr>\n<td width=\"56\">4<\/td>\n<td width=\"60\">9447<\/td>\n<td width=\"161\">Maz\u0101 skola<\/td>\n<td width=\"80\">3.2<\/td>\n<td width=\"80\">0.4<\/td>\n<td width=\"85\">1<\/td>\n<td width=\"59\">&nbsp;<\/td>\n<td width=\"82\">15:40<\/td>\n<\/tr>\n<tr>\n<td width=\"56\">5<\/td>\n<td width=\"60\">276<\/td>\n<td width=\"161\">Al\u016bksnes \u0123imn\u0101zija<\/td>\n<td width=\"80\">3.6<\/td>\n<td width=\"80\">0.5<\/td>\n<td width=\"85\">1<\/td>\n<td width=\"59\">&nbsp;<\/td>\n<td width=\"82\">15:41<\/td>\n<\/tr>\n<tr>\n<td width=\"56\">6<\/td>\n<td width=\"60\">9444<\/td>\n<td width=\"161\">RCI<\/td>\n<td width=\"80\">4.1<\/td>\n<td width=\"80\">3.7<\/td>\n<td width=\"85\">5<\/td>\n<td width=\"59\">&nbsp;<\/td>\n<td width=\"82\">15:42<\/td>\n<\/tr>\n<tr>\n<td width=\"56\">7<\/td>\n<td width=\"60\">1567<\/td>\n<td width=\"161\">Silakrogs<\/td>\n<td width=\"80\">7.8<\/td>\n<td width=\"80\">1.3<\/td>\n<td width=\"85\">3<\/td>\n<td width=\"59\">&nbsp;<\/td>\n<td width=\"82\">15:47<\/td>\n<\/tr>\n<tr>\n<td width=\"56\">8<\/td>\n<td width=\"60\">1563<\/td>\n<td width=\"161\">T\u016bjas pagrieziens<\/td>\n<td width=\"80\">9.1<\/td>\n<td width=\"80\">3<\/td>\n<td width=\"85\">4<\/td>\n<td width=\"59\">&nbsp;<\/td>\n<td width=\"82\">15:50<\/td>\n<\/tr>\n<tr>\n<td width=\"56\">9<\/td>\n<td width=\"60\">1562<\/td>\n<td width=\"161\">Z\u012bl\u012btes<\/td>\n<td width=\"80\">12.1<\/td>\n<td width=\"80\">2.4<\/td>\n<td width=\"85\">3<\/td>\n<td width=\"59\">&nbsp;<\/td>\n<td width=\"82\">15:54<\/td>\n<\/tr>\n<tr>\n<td width=\"56\">10<\/td>\n<td width=\"60\">1555<\/td>\n<td width=\"161\">Strauti\u0146i<\/td>\n<td width=\"80\">14.5<\/td>\n<td width=\"80\">3.6<\/td>\n<td width=\"85\">5<\/td>\n<td width=\"59\">&nbsp;<\/td>\n<td width=\"82\">15:57<\/td>\n<\/tr>\n<tr>\n<td width=\"56\">11<\/td>\n<td width=\"60\">1554<\/td>\n<td width=\"161\">Dze\u0146i<\/td>\n<td width=\"80\">18.1<\/td>\n<td width=\"80\">5.8<\/td>\n<td width=\"85\">7<\/td>\n<td width=\"59\">&nbsp;<\/td>\n<td width=\"82\">16:02<\/td>\n<\/tr>\n<tr>\n<td width=\"56\">12<\/td>\n<td width=\"60\">199<\/td>\n<td width=\"161\">Zelti\u0146u centrs<\/td>\n<td width=\"80\">23.9<\/td>\n<td width=\"80\">0.9<\/td>\n<td width=\"85\">2<\/td>\n<td width=\"59\">&nbsp;<\/td>\n<td width=\"82\">16:09<\/td>\n<\/tr>\n<tr>\n<td width=\"56\">13<\/td>\n<td width=\"60\">1552<\/td>\n<td width=\"161\">Zelti\u0146i<\/td>\n<td width=\"80\">24.8<\/td>\n<td width=\"80\">7.4<\/td>\n<td width=\"85\">9<\/td>\n<td width=\"59\">&nbsp;<\/td>\n<td width=\"82\">16:11<\/td>\n<\/tr>\n<tr>\n<td width=\"56\">14<\/td>\n<td width=\"60\">1787<\/td>\n<td width=\"161\">Jaunzemi<\/td>\n<td width=\"80\">32.2<\/td>\n<td width=\"80\">7.5<\/td>\n<td width=\"85\">9<\/td>\n<td width=\"59\">&nbsp;<\/td>\n<td width=\"82\">16:20<\/td>\n<\/tr>\n<tr>\n<td width=\"56\">15<\/td>\n<td width=\"60\">1552<\/td>\n<td width=\"161\">Zelti\u0146i<\/td>\n<td width=\"80\">39.7<\/td>\n<td width=\"80\">5.8<\/td>\n<td width=\"85\">8<\/td>\n<td width=\"59\">&nbsp;<\/td>\n<td width=\"82\">16:29<\/td>\n<\/tr>\n<tr>\n<td width=\"56\">16<\/td>\n<td width=\"60\">1554<\/td>\n<td width=\"161\">Dze\u0146i<\/td>\n<td width=\"80\">45.5<\/td>\n<td width=\"80\">3.6<\/td>\n<td width=\"85\">5<\/td>\n<td width=\"59\">&nbsp;<\/td>\n<td width=\"82\">16:37<\/td>\n<\/tr>\n<tr>\n<td width=\"56\">17<\/td>\n<td width=\"60\">1555<\/td>\n<td width=\"161\">Strauti\u0146i<\/td>\n<td width=\"80\">49.1<\/td>\n<td width=\"80\">4.9<\/td>\n<td width=\"85\">6<\/td>\n<td width=\"59\">&nbsp;<\/td>\n<td width=\"82\">16:42<\/td>\n<\/tr>\n<tr>\n<td width=\"56\">18<\/td>\n<td width=\"60\">1888<\/td>\n<td width=\"161\">Luki<\/td>\n<td width=\"80\">54<\/td>\n<td width=\"80\">1.3<\/td>\n<td width=\"85\">2<\/td>\n<td width=\"59\">&nbsp;<\/td>\n<td width=\"82\">16:48<\/td>\n<\/tr>\n<tr>\n<td width=\"56\">19<\/td>\n<td width=\"60\">1887<\/td>\n<td width=\"161\">N\u0113\u0137ene<\/td>\n<td width=\"80\">55.3<\/td>\n<td width=\"80\">3.4<\/td>\n<td width=\"85\">4<\/td>\n<td width=\"59\">&nbsp;<\/td>\n<td width=\"82\">16:50<\/td>\n<\/tr>\n<tr>\n<td width=\"56\">20<\/td>\n<td width=\"60\">1885<\/td>\n<td width=\"161\">T\u016bja<\/td>\n<td width=\"80\">58.7<\/td>\n<td width=\"80\">0.7<\/td>\n<td width=\"85\">2<\/td>\n<td width=\"59\">&nbsp;<\/td>\n<td width=\"82\">16:54<\/td>\n<\/tr>\n<tr>\n<td width=\"56\">21<\/td>\n<td width=\"60\">1563<\/td>\n<td width=\"161\">T\u016bjas pagrieziens<\/td>\n<td width=\"80\">59.4<\/td>\n<td width=\"80\">4.6<\/td>\n<td width=\"85\">5<\/td>\n<td width=\"59\">&nbsp;<\/td>\n<td width=\"82\">16:56<\/td>\n<\/tr>\n<tr>\n<td width=\"56\">22<\/td>\n<td width=\"60\">1569<\/td>\n<td width=\"161\">Alsvi\u0137i<\/td>\n<td width=\"80\">64<\/td>\n<td width=\"80\">3.8<\/td>\n<td width=\"85\">5<\/td>\n<td width=\"59\">&nbsp;<\/td>\n<td width=\"82\">17:01<\/td>\n<\/tr>\n<tr>\n<td width=\"56\">23<\/td>\n<td width=\"60\">1567<\/td>\n<td width=\"161\">Silakrogs<\/td>\n<td width=\"80\">67.8<\/td>\n<td width=\"80\">4.5<\/td>\n<td width=\"85\">6<\/td>\n<td width=\"59\">&nbsp;<\/td>\n<td width=\"82\">17:06<\/td>\n<\/tr>\n<tr>\n<td width=\"56\">24<\/td>\n<td width=\"60\">7038<\/td>\n<td width=\"161\">Al\u016bksnes AO<\/td>\n<td width=\"80\">72.3<\/td>\n<td width=\"80\">0<\/td>\n<td width=\"85\">&nbsp;<\/td>\n<td width=\"59\">17:12<\/td>\n<td width=\"82\">&nbsp;<\/td>\n<\/tr>\n<tr>\n<td colspan=\"3\" rowspan=\"2\" width=\"277\">&nbsp;<\/td>\n<td colspan=\"3\" width=\"244\">Reisa izpildes dienas<\/td>\n<td colspan=\"2\" width=\"141\">1 2 3 4 5 - -<\/td>\n<\/tr>\n<tr>\n<td colspan=\"5\" width=\"386\">Reiss Al\u016bksne-Zelti\u0146u centrs-Jaunzemi-N\u0113\u0137ene-Al\u016bksne kurs\u0113 01.09 - 11.06,<\/td>\n<\/tr>\n<\/tbody>\n<\/table>\n<p>&nbsp;<\/p>\n<p><strong>Sabiedrisk\u0101 transporta vakara mar\u0161ruts<\/strong><\/p>\n<table width=\"604\">\n<tbody>\n<tr>\n<td colspan=\"6\" width=\"497\">Autobusu kust\u012bbas saraksts viet\u0113j\u0101s noz\u012bmes mar\u0161rut\u0101<\/td>\n<td colspan=\"2\" width=\"107\">5188<\/td>\n<\/tr>\n<tr>\n<td colspan=\"6\" width=\"497\">Al\u016bksne-Jaunzemi-Al\u016bksne<\/td>\n<td colspan=\"2\" width=\"107\">03<\/td>\n<\/tr>\n<tr>\n<td colspan=\"6\" width=\"497\">(mar\u0161ruta nosaukums)<\/td>\n<td colspan=\"2\" width=\"107\">(reisa nr.)<\/td>\n<\/tr>\n<tr>\n<td width=\"54\">Nr.p.k.<\/td>\n<td width=\"58\">Pieturu kods<\/td>\n<td width=\"148\">Pieturvieta<\/td>\n<td width=\"77\">Att\u0101lums no mar\u0161ruta s\u0101kuma (km)<\/td>\n<td width=\"77\">Att\u0101lums l\u012bdz n\u0101ko\u0161ai pieturai (km)<\/td>\n<td width=\"82\">Brauk\u0161anas laiks l\u012bdz n\u0101ko\u0161ai pieturai (min)<\/td>\n<td width=\"57\">Pien\u0101k<\/td>\n<td width=\"49\">Atiet<\/td>\n<\/tr>\n<tr>\n<td width=\"54\">1<\/td>\n<td width=\"58\">7038<\/td>\n<td width=\"148\">Al\u016bksnes AO<\/td>\n<td width=\"77\">&nbsp;<\/td>\n<td width=\"77\">5.9<\/td>\n<td width=\"82\">10<\/td>\n<td width=\"57\">&nbsp;<\/td>\n<td width=\"49\">17:20<\/td>\n<\/tr>\n<tr>\n<td width=\"54\">2<\/td>\n<td width=\"58\">1563<\/td>\n<td width=\"148\">T\u016bjas pagrieziens<\/td>\n<td width=\"77\">5.9<\/td>\n<td width=\"77\">3<\/td>\n<td width=\"82\">5<\/td>\n<td width=\"57\">&nbsp;<\/td>\n<td width=\"49\">17:30<\/td>\n<\/tr>\n<tr>\n<td width=\"54\">3<\/td>\n<td width=\"58\">1562<\/td>\n<td width=\"148\">Z\u012bl\u012btes<\/td>\n<td width=\"77\">8.9<\/td>\n<td width=\"77\">2.4<\/td>\n<td width=\"82\">3<\/td>\n<td width=\"57\">&nbsp;<\/td>\n<td width=\"49\">17:35<\/td>\n<\/tr>\n<tr>\n<td width=\"54\">4<\/td>\n<td width=\"58\">1555<\/td>\n<td width=\"148\">Strauti\u0146i<\/td>\n<td width=\"77\">11.3<\/td>\n<td width=\"77\">3.6<\/td>\n<td width=\"82\">6<\/td>\n<td width=\"57\">&nbsp;<\/td>\n<td width=\"49\">17:38<\/td>\n<\/tr>\n<tr>\n<td width=\"54\">5<\/td>\n<td width=\"58\">1554<\/td>\n<td width=\"148\">Dze\u0146i<\/td>\n<td width=\"77\">14.9<\/td>\n<td width=\"77\">5.8<\/td>\n<td width=\"82\">9<\/td>\n<td width=\"57\">&nbsp;<\/td>\n<td width=\"49\">17:44<\/td>\n<\/tr>\n<tr>\n<td width=\"54\">6<\/td>\n<td width=\"58\">1552<\/td>\n<td width=\"148\">Zelti\u0146i<\/td>\n<td width=\"77\">20.7<\/td>\n<td width=\"77\">7.4<\/td>\n<td width=\"82\">12<\/td>\n<td width=\"57\">&nbsp;<\/td>\n<td width=\"49\">17:53<\/td>\n<\/tr>\n<tr>\n<td width=\"54\">7<\/td>\n<td width=\"58\">1787<\/td>\n<td width=\"148\">Jaunzemi<\/td>\n<td width=\"77\">28.1<\/td>\n<td width=\"77\">7.5<\/td>\n<td width=\"82\">12<\/td>\n<td width=\"57\">&nbsp;<\/td>\n<td width=\"49\">18:05<\/td>\n<\/tr>\n<tr>\n<td width=\"54\">8<\/td>\n<td width=\"58\">1552<\/td>\n<td width=\"148\">Zelti\u0146i<\/td>\n<td width=\"77\">35.6<\/td>\n<td width=\"77\">5.8<\/td>\n<td width=\"82\">9<\/td>\n<td width=\"57\">&nbsp;<\/td>\n<td width=\"49\">18:17<\/td>\n<\/tr>\n<tr>\n<td width=\"54\">9<\/td>\n<td width=\"58\">1554<\/td>\n<td width=\"148\">Dze\u0146i<\/td>\n<td width=\"77\">41.4<\/td>\n<td width=\"77\">3.6<\/td>\n<td width=\"82\">6<\/td>\n<td width=\"57\">&nbsp;<\/td>\n<td width=\"49\">18:26<\/td>\n<\/tr>\n<tr>\n<td width=\"54\">10<\/td>\n<td width=\"58\">1555<\/td>\n<td width=\"148\">Strauti\u0146i<\/td>\n<td width=\"77\">45<\/td>\n<td width=\"77\">2.5<\/td>\n<td width=\"82\">3<\/td>\n<td width=\"57\">&nbsp;<\/td>\n<td width=\"49\">18:32<\/td>\n<\/tr>\n<tr>\n<td width=\"54\">11<\/td>\n<td width=\"58\">1562<\/td>\n<td width=\"148\">Z\u012bl\u012btes<\/td>\n<td width=\"77\">47.5<\/td>\n<td width=\"77\">3<\/td>\n<td width=\"82\">5<\/td>\n<td width=\"57\">&nbsp;<\/td>\n<td width=\"49\">18:35<\/td>\n<\/tr>\n<tr>\n<td width=\"54\">12<\/td>\n<td width=\"58\">1563<\/td>\n<td width=\"148\">T\u016bjas pagrieziens<\/td>\n<td width=\"77\">50.5<\/td>\n<td width=\"77\">5.8<\/td>\n<td width=\"82\">10<\/td>\n<td width=\"57\">&nbsp;<\/td>\n<td width=\"49\">18:40<\/td>\n<\/tr>\n<tr>\n<td width=\"54\">13<\/td>\n<td width=\"58\">7038<\/td>\n<td width=\"148\">Al\u016bksnes AO<\/td>\n<td width=\"77\">56.3<\/td>\n<td width=\"77\">0<\/td>\n<td width=\"82\">&nbsp;<\/td>\n<td width=\"57\">18:50<\/td>\n<td width=\"49\">&nbsp;<\/td>\n<\/tr>\n<tr>\n<td colspan=\"3\" width=\"261\">&nbsp;<\/td>\n<td colspan=\"3\" width=\"237\">Reisa izpildes dienas<\/td>\n<td colspan=\"2\" width=\"107\"><strong>- 2 - - - -<\/strong> -<\/td>\n<\/tr>\n<\/tbody>\n<\/table>\n<\/div>\n<\/div><\/div><\/div><\/div><\/div>","protected":false},"excerpt":{"rendered":"<p>&nbsp; Ilzenes pagasta pirmsskolas oblig\u0101t\u0101 izgl\u012bt\u012bbas vecuma, visp\u0101r\u0113j\u0101s pamatizgl\u012bt\u012bbas un visp\u0101r\u0113j\u0101s vid\u0113j\u0101s izgl\u012bt\u012bbas iest\u0101\u017eu izgl\u012btojamo nok\u013c\u016b\u0161ana no pa\u0161vald\u012bbas teritorij\u0101 eso\u0161as dz\u012bvesvietas uz izgl\u012bt\u012bbas iest\u0101di un atpaka\u013c dz\u012bvesviet\u0101 tiks nodro\u0161in\u0101ta ar sabiedrisko transportu. \u00a0 Pa\u0161vald\u012bbas transports tiks nodro\u0161in\u0101ts mar\u0161rutos l\u012bdz\/no sabiedrisk\u0101&#8230;<br \/><a class=\"read-more-button\" href=\"https:\/\/aluksne.lv\/index.php\/izglitiba\/skolenu-parvadajumu-marsruti\/ilzenes-pagasts\/\">Las\u012bt visu<\/a><\/p>\n","protected":false},"author":1,"featured_media":0,"parent":30600,"menu_order":0,"comment_status":"closed","ping_status":"closed","template":"","meta":{"_crdt_document":"","_monsterinsights_skip_tracking":false,"_monsterinsights_sitenote_active":false,"_monsterinsights_sitenote_note":"","_monsterinsights_sitenote_category":0,"footnotes":"","_links_to":"","_links_to_target":""},"class_list":["post-35233","page","type-page","status-publish","hentry"],"_links":{"self":[{"href":"https:\/\/aluksne.lv\/index.php\/wp-json\/wp\/v2\/pages\/35233","targetHints":{"allow":["GET"]}}],"collection":[{"href":"https:\/\/aluksne.lv\/index.php\/wp-json\/wp\/v2\/pages"}],"about":[{"href":"https:\/\/aluksne.lv\/index.php\/wp-json\/wp\/v2\/types\/page"}],"author":[{"embeddable":true,"href":"https:\/\/aluksne.lv\/index.php\/wp-json\/wp\/v2\/users\/1"}],"replies":[{"embeddable":true,"href":"https:\/\/aluksne.lv\/index.php\/wp-json\/wp\/v2\/comments?post=35233"}],"version-history":[{"count":0,"href":"https:\/\/aluksne.lv\/index.php\/wp-json\/wp\/v2\/pages\/35233\/revisions"}],"up":[{"embeddable":true,"href":"https:\/\/aluksne.lv\/index.php\/wp-json\/wp\/v2\/pages\/30600"}],"wp:attachment":[{"href":"https:\/\/aluksne.lv\/index.php\/wp-json\/wp\/v2\/media?parent=35233"}],"curies":[{"name":"wp","href":"https:\/\/api.w.org\/{rel}","templated":true}]}}