{"id":35237,"date":"2022-09-01T10:02:18","date_gmt":"2022-09-01T07:02:18","guid":{"rendered":"https:\/\/aluksne.lv\/?page_id=35237"},"modified":"2025-08-30T08:20:45","modified_gmt":"2025-08-30T05:20:45","slug":"jaunannas-pagasts","status":"publish","type":"page","link":"https:\/\/aluksne.lv\/index.php\/izglitiba\/skolenu-parvadajumu-marsruti\/jaunannas-pagasts\/","title":{"rendered":"Jaunannas pagasts"},"content":{"rendered":"<p>Jaunannas pagasta pirmsskolas oblig\u0101t\u0101 izgl\u012bt\u012bbas vecuma, visp\u0101r\u0113j\u0101s pamatizgl\u012bt\u012bbas un visp\u0101r\u0113j\u0101s vid\u0113j\u0101s izgl\u012bt\u012bbas iest\u0101\u017eu izgl\u012btojamo nok\u013c\u016b\u0161ana no pa\u0161vald\u012bbas teritorij\u0101 eso\u0161as dz\u012bvesvietas uz izgl\u012bt\u012bbas iest\u0101di un atpaka\u013c dz\u012bvesviet\u0101 tiks nodro\u0161in\u0101ta ar <strong>pa\u0161vald\u012bbas un sabiedrisko transportu. <\/strong><\/p>\n<ul>\n<li>R\u012bta mar\u0161ruta kopgarums 52.0 km (Pasakas, Jaunannas pagasts \u2013 Juri, Jaunannas pagasts &#8211; Jaunanna &#8211; R\u016b\u0137\u012b\u0161i, Jaunannas pagasts &#8211; Ievedne, Jaunannas pagasts &#8211; PII \u201eSpr\u012bd\u012btis\u201d &#8211; Ernsta Glika Al\u016bksnes Valsts \u0123imn\u0101zija, Liel\u0101 Ezera iela 26 &#8211; Ernsta Glika Al\u016bksnes Valsts \u0123imn\u0101zija, Glika iela &#8211; PII \u201ePienen\u012bte\u201d &#8211; Ernsta Glika Al\u016bksnes Valsts \u0123imn\u0101zija, Kanavi\u0146u iela &#8211;\u00a0 Pasakas, Jaunannas pagasts):<\/li>\n<\/ul>\n<table width=\"604\">\n<tbody>\n<tr>\n<td colspan=\"3\" width=\"463\">\n<p><strong>Mar\u0161ruta apraksts<\/strong><\/p>\n<\/td>\n<td width=\"142\">\n<p>&nbsp;<\/p>\n<\/td>\n<\/tr>\n<tr>\n<td width=\"179\">\n<p><strong>Pieturas <\/strong><strong style=\"font-family: inherit;\">nosaukums<\/strong><\/p>\n<\/td>\n<td width=\"161\">\n<p><strong>Piez\u012bmes<\/strong><\/p>\n<\/td>\n<td width=\"123\">\n<p><strong>Pien\u0101k\u0161anas un atie\u0161anas laiks<\/strong><\/p>\n<\/td>\n<td width=\"142\">\n<p><strong>Reisa izpildes dienas<\/strong><\/p>\n<\/td>\n<\/tr>\n<tr>\n<td colspan=\"3\" width=\"463\">\n<p><strong>R\u012bta mar\u0161ruts<\/strong><\/p>\n<\/td>\n<td width=\"142\">\n<p>&nbsp;<\/p>\n<\/td>\n<\/tr>\n<tr>\n<td width=\"179\">\n<p>Pasakas, Jaunannas pagasts<\/p>\n<\/td>\n<td width=\"161\">\n<p>uzs\u0101k reisu<\/p>\n<\/td>\n<td width=\"123\">\n<p>07:05<\/p>\n<\/td>\n<td width=\"142\">\n<p>Katru darba dienu<\/p>\n<\/td>\n<\/tr>\n<tr>\n<td width=\"179\">\n<p>Juri, Jaunannas pagasts 4.5km<\/p>\n<\/td>\n<td width=\"161\">\u00a0<\/td>\n<td width=\"123\">\n<p>07:15<\/p>\n<\/td>\n<td width=\"142\">\n<p>Katru darba dienu<\/p>\n<\/td>\n<\/tr>\n<tr>\n<td width=\"179\">\n<p>Jaunanna, Jaunannas pagasts 4.5 km<\/p>\n<\/td>\n<td width=\"161\">\u00a0<\/td>\n<td width=\"123\">\n<p>07:35<\/p>\n<\/td>\n<td width=\"142\">\n<p>Katru darba dienu<\/p>\n<\/td>\n<\/tr>\n<tr>\n<td width=\"179\">\n<p>R\u016b\u0137\u012b\u0161i, Jaunannas pagasts 3.9 km<\/p>\n<\/td>\n<td width=\"161\">\u00a0<\/td>\n<td width=\"123\">\n<p>07:45<\/p>\n<\/td>\n<td width=\"142\">\n<p>Katru darba dienu<\/p>\n<\/td>\n<\/tr>\n<tr>\n<td width=\"179\">\n<p>Ievedne, Jaunannas pagasts 2.7 km<\/p>\n<\/td>\n<td width=\"161\">\u00a0<\/td>\n<td width=\"123\">\n<p>07:45<\/p>\n<\/td>\n<td width=\"142\">\n<p>Katru darba dienu<\/p>\n<\/td>\n<\/tr>\n<tr>\n<td width=\"179\">\n<p>PII\u00a0\u201eSpr\u012bd\u012btis\u201d Rai\u0146a bulv\u0101ris 5, Al\u016bksne 15.0 km<\/p>\n<\/td>\n<td width=\"161\">\u00a0<\/td>\n<td width=\"123\">\n<p>08:00<\/p>\n<\/td>\n<td width=\"142\">\n<p>Katru darba dienu<\/p>\n<\/td>\n<\/tr>\n<tr>\n<td width=\"179\">\n<p>Ernsta Glika Al\u016bksnes Valsts \u0123imn\u0101zija, Liel\u0101 Ezera iela 26, Al\u016bksne 1.0 km<\/p>\n<\/td>\n<td width=\"161\">\u00a0<\/td>\n<td width=\"123\">\n<p>08:05<\/p>\n<\/td>\n<td width=\"142\">\n<p>Katru darba dienu<\/p>\n<\/td>\n<\/tr>\n<tr>\n<td width=\"179\">\n<p>Ernsta Glika Al\u016bksnes Valsts \u0123imn\u0101zija, Glika iela 0.3 km<\/p>\n<\/td>\n<td width=\"161\">\u00a0<\/td>\n<td width=\"123\">\n<p>08:08<\/p>\n<\/td>\n<td width=\"142\">\n<p>Katru darba dienu<\/p>\n<\/td>\n<\/tr>\n<tr>\n<td width=\"179\">\n<p>PII\u00a0\u201ePienen\u012bte\u201d Al\u016bksne (Al\u016bksnes Sporta centrs) 0.5 km<\/p>\n<\/td>\n<td width=\"161\">\u00a0<\/td>\n<td width=\"123\">\n<p>08:10<\/p>\n<\/td>\n<td width=\"142\">\n<p>Katru darba dienu<\/p>\n<\/td>\n<\/tr>\n<tr>\n<td width=\"179\">\n<p>Ernsta Glika Al\u016bksnes Valsts \u0123imn\u0101zija, Kanavi\u0146u iela, Al\u016bksne 2.4 km<\/p>\n<\/td>\n<td width=\"161\">\u00a0<\/td>\n<td width=\"123\">\n<p>08:20<\/p>\n<\/td>\n<td width=\"142\">\n<p>Katru darba dienu<\/p>\n<\/td>\n<\/tr>\n<tr>\n<td width=\"179\">\n<p>Pasakas, Jaunannas pagasts 17.2 km<\/p>\n<\/td>\n<td width=\"161\">\n<p>beidz reisu<\/p>\n<\/td>\n<td width=\"123\">\n<p>08:40<\/p>\n<\/td>\n<td width=\"142\">\n<p>Katru darba dienu<\/p>\n<\/td>\n<\/tr>\n<\/tbody>\n<\/table>\n<p>&nbsp;<\/p>\n<ul>\n<li>Vakara mar\u0161ruta kopgarums 52.0 km (Pasakas, Jaunannas pagasts \u2013 Ernsta Glika Al\u016bksnes Valsts \u0123imn\u0101zija, Liel\u0101 Ezera iela 26 &#8211; PII \u201eSpr\u012bd\u012btis\u201d &#8211; PII \u201ePienen\u012bte\u201d &#8211; Ernsta Glika Al\u016bksnes Valsts \u0123imn\u0101zija, Glika iela &#8211; Ernsta Glika Al\u016bksnes Valsts \u0123imn\u0101zija, Kanavi\u0146u iela &#8211; Ievedne, Jaunannas pagasts &#8211; R\u016b\u0137\u012b\u0161i, Jaunannas pagasts &#8211; Jaunanna &#8211; Juri, Jaunannas pagasts &#8211;\u00a0 Pasakas, Jaunannas pagasts):<\/li>\n<\/ul>\n<table width=\"604\">\n<tbody>\n<tr>\n<td colspan=\"3\" width=\"463\">\n<p><strong>Mar\u0161ruta apraksts<\/strong><\/p>\n<\/td>\n<td width=\"142\">\n<p><strong>Reisa <\/strong><\/p>\n<\/td>\n<\/tr>\n<tr>\n<td width=\"208\">\n<p><strong>Pieturas <\/strong><\/p>\n<p><strong>nosaukums<\/strong><\/p>\n<\/td>\n<td width=\"132\">\n<p><strong>Piez\u012bmes<\/strong><\/p>\n<\/td>\n<td width=\"123\">\n<p><strong>Pien\u0101k\u0161anas un atie\u0161anas laiks<\/strong><\/p>\n<\/td>\n<td width=\"142\">\n<p><strong>izpildes dienas<\/strong><\/p>\n<\/td>\n<\/tr>\n<tr>\n<td colspan=\"3\" width=\"463\">\n<p><strong>Vakara mar\u0161ruts<\/strong><\/p>\n<\/td>\n<td width=\"142\">\n<p>&nbsp;<\/p>\n<\/td>\n<\/tr>\n<tr>\n<td width=\"208\">\n<p>Pasakas, Jaunannas pagasts<\/p>\n<\/td>\n<td width=\"132\">\n<p>uzs\u0101k reisu<\/p>\n<\/td>\n<td width=\"123\">\n<p>15:50<\/p>\n<\/td>\n<td width=\"142\">\n<p>Katru darba dienu<\/p>\n<\/td>\n<\/tr>\n<tr>\n<td width=\"208\">\n<p>PII\u00a0\u201eSpr\u012bd\u012btis\u201d Rai\u0146a bulv\u0101ris 5, Al\u016bksne 1.0 km<\/p>\n<\/td>\n<td width=\"132\">\u00a0<\/td>\n<td width=\"123\">\n<p>16:15<\/p>\n<\/td>\n<td width=\"142\">\n<p>Katru darba dienu<\/p>\n<\/td>\n<\/tr>\n<tr>\n<td width=\"208\">\n<p>Al\u016bksnes B\u0113rnu un jaunie\u0161u centrs 0.1 km<\/p>\n<\/td>\n<td width=\"132\">\u00a0<\/td>\n<td width=\"123\">\n<p>16.17<\/p>\n<\/td>\n<td width=\"142\">\n<p>Katru darba dienu<\/p>\n<\/td>\n<\/tr>\n<tr>\n<td width=\"208\">\n<p>Ernsta Glika Al\u016bksnes Valsts \u0123imn\u0101zija, Kanavi\u0146u iela, Al\u016bksne 2.4 km<\/p>\n<\/td>\n<td width=\"132\">\u00a0<\/td>\n<td width=\"123\">\n<p>16:25<\/p>\n<\/td>\n<td width=\"142\">\n<p>Katru darba dienu<\/p>\n<\/td>\n<\/tr>\n<tr>\n<td width=\"208\">\n<p>Ernsta Glika Al\u016bksnes Valsts \u0123imn\u0101zija, Liel\u0101 Ezera iela 26, Al\u016bksne 17.1 km<\/p>\n<\/td>\n<td width=\"132\">\u00a0<\/td>\n<td width=\"123\">\n<p>16:30<\/p>\n<\/td>\n<td width=\"142\">\n<p>Katru darba dienu<\/p>\n<\/td>\n<\/tr>\n<tr>\n<td width=\"208\">\n<p>PII\u00a0\u201ePienen\u012bte Al\u016bksne (Al\u016bksnes Sporta centrs) 0.9 km<\/p>\n<\/td>\n<td width=\"132\">\u00a0<\/td>\n<td width=\"123\">\n<p>16:40<\/p>\n<\/td>\n<td width=\"142\">\n<p>Katru darba dienu<\/p>\n<\/td>\n<\/tr>\n<tr>\n<td width=\"208\">\n<p>Al\u016bksnes M\u016bzikas skola, J\u0101\u0146kalna iela &#8211; 38, Al\u016bksne 0.5 km<\/p>\n<\/td>\n<td width=\"132\">\u00a0<\/td>\n<td width=\"123\">\n<p>16:45<\/p>\n<\/td>\n<td width=\"142\">\n<p>Katru darba dienu<\/p>\n<\/td>\n<\/tr>\n<tr>\n<td width=\"208\">\n<p>Ievedne, Jaunannas pagasts 14.4 km<\/p>\n<\/td>\n<td width=\"132\">\u00a0<\/td>\n<td width=\"123\">\n<p>17:05<\/p>\n<\/td>\n<td width=\"142\">\n<p>Katru darba dienu<\/p>\n<\/td>\n<\/tr>\n<tr>\n<td width=\"208\">\n<p>R\u016b\u0137\u012b\u0161i, Jaunannas pagasts 2.7 km<\/p>\n<\/td>\n<td width=\"132\">\u00a0<\/td>\n<td width=\"123\">\n<p>17:10<\/p>\n<\/td>\n<td width=\"142\">\n<p>Katru darba dienu<\/p>\n<\/td>\n<\/tr>\n<tr>\n<td width=\"208\">\n<p>Jaunanna, Jaunannas pagasts 3.9 km<\/p>\n<\/td>\n<td width=\"132\">\u00a0<\/td>\n<td width=\"123\">\n<p>17:20<\/p>\n<\/td>\n<td width=\"142\">\n<p>Katru darba dienu<\/p>\n<\/td>\n<\/tr>\n<tr>\n<td width=\"208\">\n<p>Juri, Jaunannas pagasts 4.5km<\/p>\n<\/td>\n<td width=\"132\">\u00a0<\/td>\n<td width=\"123\">\n<p>17:30<\/p>\n<\/td>\n<td width=\"142\">\n<p>Katru darba dienu<\/p>\n<\/td>\n<\/tr>\n<tr>\n<td width=\"208\">\n<p>Pasakas, Jaunannas pagasts 4.5km<\/p>\n<\/td>\n<td width=\"132\">\n<p>beidz reisu<\/p>\n<\/td>\n<td width=\"123\">\n<p>17:40<\/p>\n<\/td>\n<td width=\"142\">\n<p>Katru darba dienu<\/p>\n<\/td>\n<\/tr>\n<\/tbody>\n<\/table>\n<p><strong>\u00a0<\/strong><\/p>\n<p><span style=\"font-size: 12pt;\"><strong>Sabiedrisk\u0101 transporta r\u012bta mar\u0161ruts uz Al\u016bksnes pils\u0113tas izgl\u012bt\u012bbas iest\u0101d\u0113m<\/strong><\/span><\/p>\n<p>&nbsp;<\/p>\n<table style=\"width: 37.9335%;\">\n<tbody>\n<tr>\n<td style=\"width: 85.9917%;\" colspan=\"8\" width=\"181\">\n<p><strong>6696\/05<\/strong><\/p>\n<\/td>\n<\/tr>\n<tr>\n<td style=\"width: 85.9917%;\" colspan=\"8\" width=\"181\">\n<p><strong>01.09 \u2013 11.06<\/strong><\/p>\n<\/td>\n<\/tr>\n<tr>\n<td style=\"width: 14.7702%; background-color: #4cc7e6;\" width=\"24\">\n<p>P<\/p>\n<\/td>\n<td style=\"width: 12.949%; background-color: #4cc7e6;\" colspan=\"2\" width=\"25\">\n<p>O<\/p>\n<\/td>\n<td style=\"width: 13.9616%; background-color: #4cc7e6;\" width=\"24\">\n<p>T<\/p>\n<\/td>\n<td style=\"width: 15.5788%; background-color: #4cc7e6;\" width=\"24\">\n<p>C<\/p>\n<\/td>\n<td style=\"width: 15.1329%; background-color: #4cc7e6;\" width=\"31\">\n<p>P<\/p>\n<\/td>\n<td style=\"width: 12.5767%;\" width=\"23\">\n<p>S<\/p>\n<\/td>\n<td style=\"width: 1.02249%;\" width=\"30\">\n<p>Sv<\/p>\n<\/td>\n<\/tr>\n<tr>\n<td style=\"width: 17.4656%;\" colspan=\"2\" width=\"31\">\n<p>1<\/p>\n<\/td>\n<td style=\"width: 54.9269%;\" colspan=\"4\" width=\"98\">\n<p>Al\u016bksnes AO<\/p>\n<\/td>\n<td style=\"width: 13.5992%;\" colspan=\"2\" width=\"53\">\n<p>07:00<\/p>\n<\/td>\n<\/tr>\n<tr>\n<td style=\"width: 17.4656%;\" colspan=\"2\" width=\"31\">\n<p>2<\/p>\n<\/td>\n<td style=\"width: 54.9269%;\" colspan=\"4\" width=\"98\">\n<p>Karit\u0101ni<\/p>\n<\/td>\n<td style=\"width: 13.5992%;\" colspan=\"2\" width=\"53\">\n<p>07:09<\/p>\n<\/td>\n<\/tr>\n<tr>\n<td style=\"width: 17.4656%;\" colspan=\"2\" width=\"31\">\n<p>3<\/p>\n<\/td>\n<td style=\"width: 54.9269%;\" colspan=\"4\" width=\"98\">\n<p>Naglas<\/p>\n<\/td>\n<td style=\"width: 13.5992%;\" colspan=\"2\" width=\"53\">\n<p>07:12<\/p>\n<\/td>\n<\/tr>\n<tr>\n<td style=\"width: 17.4656%;\" colspan=\"2\" width=\"31\">\n<p>4<\/p>\n<\/td>\n<td style=\"width: 54.9269%;\" colspan=\"4\" width=\"98\">\n<p>Maliena<\/p>\n<\/td>\n<td style=\"width: 13.5992%;\" colspan=\"2\" width=\"53\">\n<p>07:16<\/p>\n<\/td>\n<\/tr>\n<tr>\n<td style=\"width: 17.4656%;\" colspan=\"2\" width=\"31\">\n<p>5<\/p>\n<\/td>\n<td style=\"width: 54.9269%;\" colspan=\"4\" width=\"98\">\n<p>M\u0101lupe<\/p>\n<\/td>\n<td style=\"width: 13.5992%;\" colspan=\"2\" width=\"53\">\n<p>07:24<\/p>\n<\/td>\n<\/tr>\n<tr>\n<td style=\"width: 17.4656%;\" colspan=\"2\" width=\"31\">\n<p>6<\/p>\n<\/td>\n<td style=\"width: 54.9269%;\" colspan=\"4\" width=\"98\">\n<p>\u0136\u016bderi<\/p>\n<\/td>\n<td style=\"width: 13.5992%;\" colspan=\"2\" width=\"53\">\n<p>07:28<\/p>\n<\/td>\n<\/tr>\n<tr>\n<td style=\"width: 17.4656%;\" colspan=\"2\" width=\"31\">\n<p>7<\/p>\n<\/td>\n<td style=\"width: 54.9269%;\" colspan=\"4\" width=\"98\">\n<p>Jaunstricki<\/p>\n<\/td>\n<td style=\"width: 13.5992%;\" colspan=\"2\" width=\"53\">\n<p>07:30<\/p>\n<\/td>\n<\/tr>\n<tr>\n<td style=\"width: 17.4656%;\" colspan=\"2\" width=\"31\">\n<p>8<\/p>\n<\/td>\n<td style=\"width: 54.9269%;\" colspan=\"4\" width=\"98\">\n<p>Sebe\u017enieki<\/p>\n<\/td>\n<td style=\"width: 13.5992%;\" colspan=\"2\" width=\"53\">\n<p>07:35<\/p>\n<\/td>\n<\/tr>\n<tr>\n<td style=\"width: 17.4656%;\" colspan=\"2\" width=\"31\">\n<p>9<\/p>\n<\/td>\n<td style=\"width: 54.9269%;\" colspan=\"4\" width=\"98\">\n<p><strong>Jaunanna<\/strong><\/p>\n<\/td>\n<td style=\"width: 13.5992%;\" colspan=\"2\" width=\"53\">\n<p><strong>07:47<\/strong><\/p>\n<\/td>\n<\/tr>\n<tr>\n<td style=\"width: 17.4656%;\" colspan=\"2\" width=\"31\">\n<p>10<\/p>\n<\/td>\n<td style=\"width: 54.9269%;\" colspan=\"4\" width=\"98\">\n<p>Griba\u017eas<\/p>\n<\/td>\n<td style=\"width: 13.5992%;\" colspan=\"2\" width=\"53\">\n<p>07:54<\/p>\n<\/td>\n<\/tr>\n<tr>\n<td style=\"width: 17.4656%;\" colspan=\"2\" width=\"31\">\n<p>11<\/p>\n<\/td>\n<td style=\"width: 54.9269%;\" colspan=\"4\" width=\"98\">\n<p>Vecanna<\/p>\n<\/td>\n<td style=\"width: 13.5992%;\" colspan=\"2\" width=\"53\">\n<p>07:58<\/p>\n<\/td>\n<\/tr>\n<tr>\n<td style=\"width: 17.4656%;\" colspan=\"2\" width=\"31\">\n<p>12<\/p>\n<\/td>\n<td style=\"width: 54.9269%;\" colspan=\"4\" width=\"98\">\n<p>Teikas<\/p>\n<\/td>\n<td style=\"width: 13.5992%;\" colspan=\"2\" width=\"53\">\n<p>08:02<\/p>\n<\/td>\n<\/tr>\n<tr>\n<td style=\"width: 17.4656%;\" colspan=\"2\" width=\"31\">\n<p>13<\/p>\n<\/td>\n<td style=\"width: 54.9269%;\" colspan=\"4\" width=\"98\">\n<p>Dudas<\/p>\n<\/td>\n<td style=\"width: 13.5992%;\" colspan=\"2\" width=\"53\">\n<p>08:08<\/p>\n<\/td>\n<\/tr>\n<tr>\n<td style=\"width: 17.4656%;\" colspan=\"2\" width=\"31\">\n<p>14<\/p>\n<\/td>\n<td style=\"width: 54.9269%;\" colspan=\"4\" width=\"98\">\n<p>Maizes kombin\u0101ts<\/p>\n<\/td>\n<td style=\"width: 13.5992%;\" colspan=\"2\" width=\"53\">\n<p>08:10<\/p>\n<\/td>\n<\/tr>\n<tr>\n<td style=\"width: 17.4656%;\" colspan=\"2\" width=\"31\">\n<p>15<\/p>\n<\/td>\n<td style=\"width: 54.9269%;\" colspan=\"4\" width=\"98\">\n<p>Vidusskola<\/p>\n<\/td>\n<td style=\"width: 13.5992%;\" colspan=\"2\" width=\"53\">\n<p>08:13<\/p>\n<\/td>\n<\/tr>\n<tr>\n<td style=\"width: 17.4656%;\" colspan=\"2\" width=\"31\">\n<p>16<\/p>\n<\/td>\n<td style=\"width: 54.9269%;\" colspan=\"4\" width=\"98\">\n<p>Tirgus<\/p>\n<\/td>\n<td style=\"width: 13.5992%;\" colspan=\"2\" width=\"53\">\n<p>08:15<\/p>\n<\/td>\n<\/tr>\n<tr>\n<td style=\"width: 17.4656%;\" colspan=\"2\" width=\"31\">\n<p>17<\/p>\n<\/td>\n<td style=\"width: 54.9269%;\" colspan=\"4\" width=\"98\">\n<p>Maz\u0101 skola<\/p>\n<\/td>\n<td style=\"width: 13.5992%;\" colspan=\"2\" width=\"53\">\n<p>08:17<\/p>\n<\/td>\n<\/tr>\n<tr>\n<td style=\"width: 17.4656%;\" colspan=\"2\" width=\"31\">\n<p>18<\/p>\n<\/td>\n<td style=\"width: 54.9269%;\" colspan=\"4\" width=\"98\">\n<p>Al\u016bksnes \u0123imn\u0101zija<\/p>\n<\/td>\n<td style=\"width: 13.5992%;\" colspan=\"2\" width=\"53\">\n<p>08:18<\/p>\n<\/td>\n<\/tr>\n<tr>\n<td style=\"width: 17.4656%;\" colspan=\"2\" width=\"31\">\n<p>19<\/p>\n<\/td>\n<td style=\"width: 54.9269%;\" colspan=\"4\" width=\"98\">\n<p>Al\u016bksnes AO<\/p>\n<\/td>\n<td style=\"width: 13.5992%;\" colspan=\"2\" width=\"53\">\n<p>08:20<\/p>\n<\/td>\n<\/tr>\n<\/tbody>\n<\/table>\n<p>&nbsp;<\/p>\n<p><span style=\"font-size: 12pt;\"><strong>Sabiedrisk\u0101 transporta vakara mar\u0161ruts no Al\u016bksnes pils\u0113tas izgl\u012bt\u012bbas iest\u0101d\u0113m<\/strong><\/span><\/p>\n<table style=\"width: 37.7289%;\">\n<tbody>\n<tr>\n<td style=\"width: 85.9916%;\" colspan=\"8\" width=\"181\">\n<p><strong>5444\/03<\/strong><\/p>\n<\/td>\n<\/tr>\n<tr>\n<td style=\"width: 85.9916%;\" colspan=\"8\" width=\"181\">\n<p><strong>01.09 \u2013 11.06<\/strong><\/p>\n<\/td>\n<\/tr>\n<tr>\n<td style=\"width: 14.7804%; background-color: #4cc7e6;\" width=\"24\">\n<p>P<\/p>\n<\/td>\n<td style=\"width: 13.4603%; background-color: #4cc7e6;\" colspan=\"2\" width=\"25\">\n<p>O<\/p>\n<\/td>\n<td style=\"width: 14.5094%; background-color: #4cc7e6;\" width=\"24\">\n<p>T<\/p>\n<\/td>\n<td style=\"width: 14.5094%; background-color: #4cc7e6;\" width=\"24\">\n<p>C<\/p>\n<\/td>\n<td style=\"width: 15.1329%; background-color: #4cc7e6;\" width=\"31\">\n<p>P<\/p>\n<\/td>\n<td style=\"width: 12.5767%;\" width=\"23\">\n<p>S<\/p>\n<\/td>\n<td style=\"width: 1.02249%;\" width=\"30\">\n<p>Sv<\/p>\n<\/td>\n<\/tr>\n<tr>\n<td style=\"width: 20.4499%;\" colspan=\"2\" width=\"31\">\n<p>1<\/p>\n<\/td>\n<td style=\"width: 51.9426%;\" colspan=\"4\" width=\"98\">\n<p>Al\u016bksnes AO<\/p>\n<\/td>\n<td style=\"width: 13.5992%;\" colspan=\"2\" width=\"53\">\n<p>17:40<\/p>\n<\/td>\n<\/tr>\n<tr>\n<td style=\"width: 20.4499%;\" colspan=\"2\" width=\"31\">\n<p>2<\/p>\n<\/td>\n<td style=\"width: 51.9426%;\" colspan=\"4\" width=\"98\">\n<p>Al\u016bksnes \u0123imn\u0101zija<\/p>\n<\/td>\n<td style=\"width: 13.5992%;\" colspan=\"2\" width=\"53\">\n<p>17:43<\/p>\n<\/td>\n<\/tr>\n<tr>\n<td style=\"width: 20.4499%;\" colspan=\"2\" width=\"31\">\n<p>3<\/p>\n<\/td>\n<td style=\"width: 51.9426%;\" colspan=\"4\" width=\"98\">\n<p>Maz\u0101 skola<\/p>\n<\/td>\n<td style=\"width: 13.5992%;\" colspan=\"2\" width=\"53\">\n<p>17:44<\/p>\n<\/td>\n<\/tr>\n<tr>\n<td style=\"width: 20.4499%;\" colspan=\"2\" width=\"31\">\n<p>4<\/p>\n<\/td>\n<td style=\"width: 51.9426%;\" colspan=\"4\" width=\"98\">\n<p>Tirgus<\/p>\n<\/td>\n<td style=\"width: 13.5992%;\" colspan=\"2\" width=\"53\">\n<p>17:46<\/p>\n<\/td>\n<\/tr>\n<tr>\n<td style=\"width: 20.4499%;\" colspan=\"2\" width=\"31\">\n<p>5<\/p>\n<\/td>\n<td style=\"width: 51.9426%;\" colspan=\"4\" width=\"98\">\n<p>Vidusskola<\/p>\n<\/td>\n<td style=\"width: 13.5992%;\" colspan=\"2\" width=\"53\">\n<p>17:48<\/p>\n<\/td>\n<\/tr>\n<tr>\n<td style=\"width: 20.4499%;\" colspan=\"2\" width=\"31\">\n<p>6<\/p>\n<\/td>\n<td style=\"width: 51.9426%;\" colspan=\"4\" width=\"98\">\n<p>Maizes kombin\u0101ts<\/p>\n<\/td>\n<td style=\"width: 13.5992%;\" colspan=\"2\" width=\"53\">\n<p>17:53<\/p>\n<\/td>\n<\/tr>\n<tr>\n<td style=\"width: 20.4499%;\" colspan=\"2\" width=\"31\">\n<p>7<\/p>\n<\/td>\n<td style=\"width: 51.9426%;\" colspan=\"4\" width=\"98\">\n<p>Dudas<\/p>\n<\/td>\n<td style=\"width: 13.5992%;\" colspan=\"2\" width=\"53\">\n<p>17:55<\/p>\n<\/td>\n<\/tr>\n<tr>\n<td style=\"width: 20.4499%;\" colspan=\"2\" width=\"31\">\n<p>8<\/p>\n<\/td>\n<td style=\"width: 51.9426%;\" colspan=\"4\" width=\"98\">\n<p>Teikas<\/p>\n<\/td>\n<td style=\"width: 13.5992%;\" colspan=\"2\" width=\"53\">\n<p>17:59<\/p>\n<\/td>\n<\/tr>\n<tr>\n<td style=\"width: 20.4499%;\" colspan=\"2\" width=\"31\">\n<p>9<\/p>\n<\/td>\n<td style=\"width: 51.9426%;\" colspan=\"4\" width=\"98\">\n<p>Kadilas<\/p>\n<\/td>\n<td style=\"width: 13.5992%;\" colspan=\"2\" width=\"53\">\n<p>18:01<\/p>\n<\/td>\n<\/tr>\n<tr>\n<td style=\"width: 20.4499%;\" colspan=\"2\" width=\"31\">\n<p>10<\/p>\n<\/td>\n<td style=\"width: 51.9426%;\" colspan=\"4\" width=\"98\">\n<p>Vecanna<\/p>\n<\/td>\n<td style=\"width: 13.5992%;\" colspan=\"2\" width=\"53\">\n<p>18:03<\/p>\n<\/td>\n<\/tr>\n<tr>\n<td style=\"width: 20.4499%;\" colspan=\"2\" width=\"31\">\n<p>11<\/p>\n<\/td>\n<td style=\"width: 51.9426%;\" colspan=\"4\" width=\"98\">\n<p>Anna<\/p>\n<\/td>\n<td style=\"width: 13.5992%;\" colspan=\"2\" width=\"53\">\n<p>18:06<\/p>\n<\/td>\n<\/tr>\n<tr>\n<td style=\"width: 20.4499%;\" colspan=\"2\" width=\"31\">\n<p>12<\/p>\n<\/td>\n<td style=\"width: 51.9426%;\" colspan=\"4\" width=\"98\">\n<p>Griba\u017eas<\/p>\n<\/td>\n<td style=\"width: 13.5992%;\" colspan=\"2\" width=\"53\">\n<p>18:12<\/p>\n<\/td>\n<\/tr>\n<tr>\n<td style=\"width: 20.4499%;\" colspan=\"2\" width=\"31\">\n<p>13<\/p>\n<\/td>\n<td style=\"width: 51.9426%;\" colspan=\"4\" width=\"98\">\n<p><strong>Jaunanna<\/strong><\/p>\n<\/td>\n<td style=\"width: 13.5992%;\" colspan=\"2\" width=\"53\">\n<p><strong>18:20<\/strong><\/p>\n<\/td>\n<\/tr>\n<tr>\n<td style=\"width: 20.4499%;\" colspan=\"2\" width=\"31\">\n<p>14<\/p>\n<\/td>\n<td style=\"width: 51.9426%;\" colspan=\"4\" width=\"98\">\n<p>Griba\u017eas<\/p>\n<\/td>\n<td style=\"width: 13.5992%;\" colspan=\"2\" width=\"53\">\n<p>18:28<\/p>\n<\/td>\n<\/tr>\n<tr>\n<td style=\"width: 20.4499%;\" colspan=\"2\" width=\"31\">\n<p>15<\/p>\n<\/td>\n<td style=\"width: 51.9426%;\" colspan=\"4\" width=\"98\">\n<p>Vecanna<\/p>\n<\/td>\n<td style=\"width: 13.5992%;\" colspan=\"2\" width=\"53\">\n<p>18:31<\/p>\n<\/td>\n<\/tr>\n<tr>\n<td style=\"width: 20.4499%;\" colspan=\"2\" width=\"31\">\n<p>16<\/p>\n<\/td>\n<td style=\"width: 51.9426%;\" colspan=\"4\" width=\"98\">\n<p>Kadilas<\/p>\n<\/td>\n<td style=\"width: 13.5992%;\" colspan=\"2\" width=\"53\">\n<p>18:33<\/p>\n<\/td>\n<\/tr>\n<tr>\n<td style=\"width: 20.4499%;\" colspan=\"2\" width=\"31\">\n<p>17<\/p>\n<\/td>\n<td style=\"width: 51.9426%;\" colspan=\"4\" width=\"98\">\n<p>Teikas<\/p>\n<\/td>\n<td style=\"width: 13.5992%;\" colspan=\"2\" width=\"53\">\n<p>18:35<\/p>\n<\/td>\n<\/tr>\n<tr>\n<td style=\"width: 20.4499%;\" colspan=\"2\" width=\"31\">\n<p>18<\/p>\n<\/td>\n<td style=\"width: 51.9426%;\" colspan=\"4\" width=\"98\">\n<p>Dudas<\/p>\n<\/td>\n<td style=\"width: 13.5992%;\" colspan=\"2\" width=\"53\">\n<p>18:39<\/p>\n<\/td>\n<\/tr>\n<tr>\n<td style=\"width: 20.4499%;\" colspan=\"2\" width=\"31\">\n<p>19<\/p>\n<\/td>\n<td style=\"width: 51.9426%;\" colspan=\"4\" width=\"98\">\n<p>Maizes kombin\u0101ts<\/p>\n<\/td>\n<td style=\"width: 13.5992%;\" colspan=\"2\" width=\"53\">\n<p>18:41<\/p>\n<\/td>\n<\/tr>\n<tr>\n<td style=\"width: 20.4499%;\" colspan=\"2\" width=\"31\">\n<p>20<\/p>\n<\/td>\n<td style=\"width: 51.9426%;\" colspan=\"4\" width=\"98\">\n<p>Al\u016bksnes AO<\/p>\n<\/td>\n<td style=\"width: 13.5992%;\" colspan=\"2\" width=\"53\">\n<p>18:45<\/p>\n<\/td>\n<\/tr>\n<\/tbody>\n<\/table>\n<p>&nbsp;<\/p>\n<p>&nbsp;<\/p>\n","protected":false},"excerpt":{"rendered":"<p>Jaunannas pagasta pirmsskolas oblig\u0101t\u0101 izgl\u012bt\u012bbas vecuma, visp\u0101r\u0113j\u0101s pamatizgl\u012bt\u012bbas un visp\u0101r\u0113j\u0101s vid\u0113j\u0101s izgl\u012bt\u012bbas iest\u0101\u017eu izgl\u012btojamo nok\u013c\u016b\u0161ana no pa\u0161vald\u012bbas teritorij\u0101 eso\u0161as dz\u012bvesvietas uz izgl\u012bt\u012bbas iest\u0101di un atpaka\u013c dz\u012bvesviet\u0101 tiks nodro\u0161in\u0101ta ar pa\u0161vald\u012bbas un sabiedrisko transportu. R\u012bta mar\u0161ruta kopgarums 52.0 km (Pasakas, Jaunannas&#8230;<br \/><a class=\"read-more-button\" href=\"https:\/\/aluksne.lv\/index.php\/izglitiba\/skolenu-parvadajumu-marsruti\/jaunannas-pagasts\/\">Las\u012bt visu<\/a><\/p>\n","protected":false},"author":1,"featured_media":0,"parent":30600,"menu_order":0,"comment_status":"closed","ping_status":"closed","template":"","meta":{"_crdt_document":"","_monsterinsights_skip_tracking":false,"_monsterinsights_sitenote_active":false,"_monsterinsights_sitenote_note":"","_monsterinsights_sitenote_category":0,"footnotes":"","_links_to":"","_links_to_target":""},"class_list":["post-35237","page","type-page","status-publish","hentry"],"_links":{"self":[{"href":"https:\/\/aluksne.lv\/index.php\/wp-json\/wp\/v2\/pages\/35237","targetHints":{"allow":["GET"]}}],"collection":[{"href":"https:\/\/aluksne.lv\/index.php\/wp-json\/wp\/v2\/pages"}],"about":[{"href":"https:\/\/aluksne.lv\/index.php\/wp-json\/wp\/v2\/types\/page"}],"author":[{"embeddable":true,"href":"https:\/\/aluksne.lv\/index.php\/wp-json\/wp\/v2\/users\/1"}],"replies":[{"embeddable":true,"href":"https:\/\/aluksne.lv\/index.php\/wp-json\/wp\/v2\/comments?post=35237"}],"version-history":[{"count":0,"href":"https:\/\/aluksne.lv\/index.php\/wp-json\/wp\/v2\/pages\/35237\/revisions"}],"up":[{"embeddable":true,"href":"https:\/\/aluksne.lv\/index.php\/wp-json\/wp\/v2\/pages\/30600"}],"wp:attachment":[{"href":"https:\/\/aluksne.lv\/index.php\/wp-json\/wp\/v2\/media?parent=35237"}],"curies":[{"name":"wp","href":"https:\/\/api.w.org\/{rel}","templated":true}]}}