{"id":35239,"date":"2022-09-01T10:03:27","date_gmt":"2022-09-01T07:03:27","guid":{"rendered":"https:\/\/aluksne.lv\/?page_id=35239"},"modified":"2023-08-22T15:24:07","modified_gmt":"2023-08-22T12:24:07","slug":"jaunlaicenes-pagasts","status":"publish","type":"page","link":"https:\/\/aluksne.lv\/index.php\/izglitiba\/skolenu-parvadajumu-marsruti\/jaunlaicenes-pagasts\/","title":{"rendered":"Jaunlaicenes pagasts"},"content":{"rendered":"<p>&nbsp;<\/p>\n<p>Jaunlaicenes pagasta pirmsskolas oblig\u0101t\u0101 izgl\u012bt\u012bbas vecuma, visp\u0101r\u0113j\u0101s pamatizgl\u012bt\u012bbas un visp\u0101r\u0113j\u0101s vid\u0113j\u0101s izgl\u012bt\u012bbas iest\u0101\u017eu izgl\u012btojamo nok\u013c\u016b\u0161ana no pa\u0161vald\u012bbas teritorij\u0101 eso\u0161as dz\u012bvesvietas uz izgl\u012bt\u012bbas iest\u0101di un atpaka\u013c dz\u012bvesviet\u0101 tiks nodro\u0161in\u0101ta ar <strong>sabiedrisko transportu. <\/strong><\/p>\n<p><strong>\u00a0<br \/>\n<\/strong><strong>Izmai\u0146as sabiedrisk\u0101 transporta mar\u0161rut\u0101 Nr.6707<\/strong> \u201c<strong>Al\u016bksne-Korneti-Jaunlaicene-Korneti-Al\u016bksne\u201d (izpildes laika mai\u0146a):<\/strong><\/p>\n<table width=\"682\">\n<tbody>\n<tr>\n<td colspan=\"6\" width=\"572\">\n<p>Autobusu kust\u012bbas saraksts re\u0123ion\u0101l\u0101s noz\u012bmes mar\u0161rut\u0101<\/p>\n<\/td>\n<td colspan=\"2\" width=\"110\">\n<p>6707<\/p>\n<\/td>\n<\/tr>\n<tr>\n<td colspan=\"6\" width=\"572\">\n<p>Al\u016bksne-Korneti-Jaunlaicene-Korneti-Al\u016bksne<\/p>\n<\/td>\n<td colspan=\"2\" width=\"110\">\n<p>11<\/p>\n<\/td>\n<\/tr>\n<tr>\n<td colspan=\"6\" width=\"572\">\n<p>(mar\u0161ruta nosaukums)<\/p>\n<\/td>\n<td colspan=\"2\" width=\"110\">\n<p>(reisa nr.)<\/p>\n<\/td>\n<\/tr>\n<tr>\n<td width=\"56\">\n<p>Nr.p.k.<\/p>\n<\/td>\n<td width=\"60\">\n<p>Pieturu kods<\/p>\n<\/td>\n<td width=\"213\">\n<p>Pieturvieta<\/p>\n<\/td>\n<td width=\"80\">\n<p>Att\u0101lums no mar\u0161ruta s\u0101kuma (km)<\/p>\n<\/td>\n<td width=\"80\">\n<p>Att\u0101lums l\u012bdz n\u0101ko\u0161ai pieturai (km)<\/p>\n<\/td>\n<td width=\"85\">\n<p>Brauk\u0161anas laiks l\u012bdz n\u0101ko\u0161ai pieturai (min)<\/p>\n<\/td>\n<td width=\"59\">\n<p>Pien\u0101k<\/p>\n<\/td>\n<td width=\"51\">\n<p>Atiet<\/p>\n<\/td>\n<\/tr>\n<tr>\n<td width=\"56\">\n<p>1<\/p>\n<\/td>\n<td width=\"60\">\n<p>7038<\/p>\n<\/td>\n<td width=\"213\">\n<p>Al\u016bksnes AO<\/p>\n<\/td>\n<td width=\"80\">\n<p>&nbsp;<\/p>\n<\/td>\n<td width=\"80\">\n<p>4.4<\/p>\n<\/td>\n<td width=\"85\">\n<p>5<\/p>\n<\/td>\n<td width=\"59\">\n<p>&nbsp;<\/p>\n<\/td>\n<td width=\"51\">\n<p>06:15<\/p>\n<\/td>\n<\/tr>\n<tr>\n<td width=\"56\">\n<p>2<\/p>\n<\/td>\n<td width=\"60\">\n<p>7129<\/p>\n<\/td>\n<td width=\"213\">\n<p>Vengerski<\/p>\n<\/td>\n<td width=\"80\">\n<p>4.4<\/p>\n<\/td>\n<td width=\"80\">\n<p>4.5<\/p>\n<\/td>\n<td width=\"85\">\n<p>10<\/p>\n<\/td>\n<td width=\"59\">\n<p>&nbsp;<\/p>\n<\/td>\n<td width=\"51\">\n<p>06:20<\/p>\n<\/td>\n<\/tr>\n<tr>\n<td width=\"56\">\n<p>3<\/p>\n<\/td>\n<td width=\"60\">\n<p>7780<\/p>\n<\/td>\n<td width=\"213\">\n<p>M\u0101ri\u0146kalns<\/p>\n<\/td>\n<td width=\"80\">\n<p>8.9<\/p>\n<\/td>\n<td width=\"80\">\n<p>8.8<\/p>\n<\/td>\n<td width=\"85\">\n<p>15<\/p>\n<\/td>\n<td width=\"59\">\n<p>&nbsp;<\/p>\n<\/td>\n<td width=\"51\">\n<p>06:30<\/p>\n<\/td>\n<\/tr>\n<tr>\n<td width=\"56\">\n<p>4<\/p>\n<\/td>\n<td width=\"60\">\n<p>1831<\/p>\n<\/td>\n<td width=\"213\">\n<p>Ziemeri<\/p>\n<\/td>\n<td width=\"80\">\n<p>17.7<\/p>\n<\/td>\n<td width=\"80\">\n<p>5.7<\/p>\n<\/td>\n<td width=\"85\">\n<p>12<\/p>\n<\/td>\n<td width=\"59\">\n<p>&nbsp;<\/p>\n<\/td>\n<td width=\"51\">\n<p>06:45<\/p>\n<\/td>\n<\/tr>\n<tr>\n<td width=\"56\">\n<p>5<\/p>\n<\/td>\n<td width=\"60\">\n<p>1525<\/p>\n<\/td>\n<td width=\"213\">\n<p>Al\u016bksnes pagrieziens<\/p>\n<\/td>\n<td width=\"80\">\n<p>23.4<\/p>\n<\/td>\n<td width=\"80\">\n<p>3.9<\/p>\n<\/td>\n<td width=\"85\">\n<p>8<\/p>\n<\/td>\n<td width=\"59\">\n<p>&nbsp;<\/p>\n<\/td>\n<td width=\"51\">\n<p>06:57<\/p>\n<\/td>\n<\/tr>\n<tr>\n<td width=\"56\">\n<p>6<\/p>\n<\/td>\n<td width=\"60\">\n<p>164<\/p>\n<\/td>\n<td width=\"213\">\n<p>B\u0101rdaskrogs<\/p>\n<\/td>\n<td width=\"80\">\n<p>27.3<\/p>\n<\/td>\n<td width=\"80\">\n<p>2.3<\/p>\n<\/td>\n<td width=\"85\">\n<p>5<\/p>\n<\/td>\n<td width=\"59\">\n<p>&nbsp;<\/p>\n<\/td>\n<td width=\"51\">\n<p>07:05<\/p>\n<\/td>\n<\/tr>\n<tr>\n<td width=\"56\">\n<p>7<\/p>\n<\/td>\n<td width=\"60\">\n<p>1795<\/p>\n<\/td>\n<td width=\"213\">\n<p>Korneti<\/p>\n<\/td>\n<td width=\"80\">\n<p>29.6<\/p>\n<\/td>\n<td width=\"80\">\n<p>2.3<\/p>\n<\/td>\n<td width=\"85\">\n<p>5<\/p>\n<\/td>\n<td width=\"59\">\n<p>&nbsp;<\/p>\n<\/td>\n<td width=\"51\">\n<p>07:10<\/p>\n<\/td>\n<\/tr>\n<tr>\n<td width=\"56\">\n<p>8<\/p>\n<\/td>\n<td width=\"60\">\n<p>1524<\/p>\n<\/td>\n<td width=\"213\">\n<p>B\u0101rdaskrogs<\/p>\n<\/td>\n<td width=\"80\">\n<p>31.9<\/p>\n<\/td>\n<td width=\"80\">\n<p>3.8<\/p>\n<\/td>\n<td width=\"85\">\n<p>6<\/p>\n<\/td>\n<td width=\"59\">\n<p>&nbsp;<\/p>\n<\/td>\n<td width=\"51\">\n<p>07:15<\/p>\n<\/td>\n<\/tr>\n<tr>\n<td width=\"56\">\n<p>9<\/p>\n<\/td>\n<td width=\"60\">\n<p>1522<\/p>\n<\/td>\n<td width=\"213\">\n<p>Apukalns<\/p>\n<\/td>\n<td width=\"80\">\n<p>35.7<\/p>\n<\/td>\n<td width=\"80\">\n<p>2.8<\/p>\n<\/td>\n<td width=\"85\">\n<p>5<\/p>\n<\/td>\n<td width=\"59\">\n<p>&nbsp;<\/p>\n<\/td>\n<td width=\"51\">\n<p>07:21<\/p>\n<\/td>\n<\/tr>\n<tr>\n<td width=\"56\">\n<p>10<\/p>\n<\/td>\n<td width=\"60\">\n<p>7118<\/p>\n<\/td>\n<td width=\"213\">\n<p>Jaunlaicenes pagrieziens<\/p>\n<\/td>\n<td width=\"80\">\n<p>38.5<\/p>\n<\/td>\n<td width=\"80\">\n<p>2.5<\/p>\n<\/td>\n<td width=\"85\">\n<p>4<\/p>\n<\/td>\n<td width=\"59\">\n<p>&nbsp;<\/p>\n<\/td>\n<td width=\"51\">\n<p>07:26<\/p>\n<\/td>\n<\/tr>\n<tr>\n<td width=\"56\">\n<p>11<\/p>\n<\/td>\n<td width=\"60\">\n<p>7117<\/p>\n<\/td>\n<td width=\"213\">\n<p>Jaunlaicene<\/p>\n<\/td>\n<td width=\"80\">\n<p>41<\/p>\n<\/td>\n<td width=\"80\">\n<p>4.8<\/p>\n<\/td>\n<td width=\"85\">\n<p>13<\/p>\n<\/td>\n<td width=\"59\">\n<p>&nbsp;<\/p>\n<\/td>\n<td width=\"51\">\n<p>07:30<\/p>\n<\/td>\n<\/tr>\n<tr>\n<td width=\"56\">\n<p>12<\/p>\n<\/td>\n<td width=\"60\">\n<p>1808<\/p>\n<\/td>\n<td width=\"213\">\n<p>B\u0113rzi\u0146i<\/p>\n<\/td>\n<td width=\"80\">\n<p>45.8<\/p>\n<\/td>\n<td width=\"80\">\n<p>3.8<\/p>\n<\/td>\n<td width=\"85\">\n<p>7<\/p>\n<\/td>\n<td width=\"59\">\n<p>&nbsp;<\/p>\n<\/td>\n<td width=\"51\">\n<p>07:43<\/p>\n<\/td>\n<\/tr>\n<tr>\n<td width=\"56\">\n<p>13<\/p>\n<\/td>\n<td width=\"60\">\n<p>7780<\/p>\n<\/td>\n<td width=\"213\">\n<p>M\u0101ri\u0146kalns<\/p>\n<\/td>\n<td width=\"80\">\n<p>49.6<\/p>\n<\/td>\n<td width=\"80\">\n<p>8.7<\/p>\n<\/td>\n<td width=\"85\">\n<p>13<\/p>\n<\/td>\n<td width=\"59\">\n<p>&nbsp;<\/p>\n<\/td>\n<td width=\"51\">\n<p>07:50<\/p>\n<\/td>\n<\/tr>\n<tr>\n<td width=\"56\">\n<p>14<\/p>\n<\/td>\n<td width=\"60\">\n<p>276<\/p>\n<\/td>\n<td width=\"213\">\n<p>Al\u016bksnes \u0123imn\u0101zija<\/p>\n<\/td>\n<td width=\"80\">\n<p>58.3<\/p>\n<\/td>\n<td width=\"80\">\n<p>0.4<\/p>\n<\/td>\n<td width=\"85\">\n<p>1<\/p>\n<\/td>\n<td width=\"59\">\n<p>&nbsp;<\/p>\n<\/td>\n<td width=\"51\">\n<p>08:03<\/p>\n<\/td>\n<\/tr>\n<tr>\n<td width=\"56\">\n<p>15<\/p>\n<\/td>\n<td width=\"60\">\n<p>9447<\/p>\n<\/td>\n<td width=\"213\">\n<p>Maz\u0101 skola<\/p>\n<\/td>\n<td width=\"80\">\n<p>58.7<\/p>\n<\/td>\n<td width=\"80\">\n<p>0.7<\/p>\n<\/td>\n<td width=\"85\">\n<p>3<\/p>\n<\/td>\n<td width=\"59\">\n<p>&nbsp;<\/p>\n<\/td>\n<td width=\"51\">\n<p>08:04<\/p>\n<\/td>\n<\/tr>\n<tr>\n<td width=\"56\">\n<p>16<\/p>\n<\/td>\n<td width=\"60\">\n<p>7038<\/p>\n<\/td>\n<td width=\"213\">\n<p>Al\u016bksnes AO<\/p>\n<\/td>\n<td width=\"80\">\n<p>59.4<\/p>\n<\/td>\n<td width=\"80\">\n<p>1.2<\/p>\n<\/td>\n<td width=\"85\">\n<p>4<\/p>\n<\/td>\n<td width=\"59\">\n<p>&nbsp;<\/p>\n<\/td>\n<td width=\"51\">\n<p>08:07<\/p>\n<\/td>\n<\/tr>\n<tr>\n<td width=\"56\">\n<p>17<\/p>\n<\/td>\n<td width=\"60\">\n<p>718<\/p>\n<\/td>\n<td width=\"213\">\n<p>Vidusskola<\/p>\n<\/td>\n<td width=\"80\">\n<p>60.6<\/p>\n<\/td>\n<td width=\"80\">\n<p>1.8<\/p>\n<\/td>\n<td width=\"85\">\n<p>4<\/p>\n<\/td>\n<td width=\"59\">\n<p>&nbsp;<\/p>\n<\/td>\n<td width=\"51\">\n<p>08:11<\/p>\n<\/td>\n<\/tr>\n<tr>\n<td width=\"56\">\n<p>18<\/p>\n<\/td>\n<td width=\"60\">\n<p>7038<\/p>\n<\/td>\n<td width=\"213\">\n<p>Al\u016bksnes AO<\/p>\n<\/td>\n<td width=\"80\">\n<p>62.4<\/p>\n<\/td>\n<td width=\"80\">\n<p>0<\/p>\n<\/td>\n<td width=\"85\">\n<p>&nbsp;<\/p>\n<\/td>\n<td width=\"59\">\n<p>08:15<\/p>\n<\/td>\n<td width=\"51\">\n<p>&nbsp;<\/p>\n<\/td>\n<\/tr>\n<tr>\n<td colspan=\"3\" rowspan=\"2\" width=\"328\">\n<p>&nbsp;<\/p>\n<\/td>\n<td colspan=\"3\" width=\"244\">\n<p>Reisa izpildes dienas<\/p>\n<\/td>\n<td colspan=\"2\" width=\"110\">\n<p>1 2 3 4 5 &#8211; &#8211;<\/p>\n<\/td>\n<\/tr>\n<tr>\n<td colspan=\"5\" width=\"353\">\n<p>Reiss Al\u016bksne-Ziemeri-Korneti-Jaunlaicene-Al\u016bksne kurs\u0113 01.09 &#8211; 11.06,<\/p>\n<\/td>\n<\/tr>\n<\/tbody>\n<\/table>\n<p>&nbsp;<\/p>\n<table width=\"555\">\n<tbody>\n<tr>\n<td colspan=\"6\" width=\"448\">\n<p>Autobusu kust\u012bbas saraksts viet\u0113j\u0101s noz\u012bmes mar\u0161rut\u0101<\/p>\n<\/td>\n<td colspan=\"2\" width=\"107\">\n<p>6695<\/p>\n<\/td>\n<\/tr>\n<tr>\n<td colspan=\"6\" width=\"448\">\n<p>Al\u016bksne-M\u0101ri\u0146kalns-Jaunlaicene<\/p>\n<\/td>\n<td colspan=\"2\" width=\"107\">\n<p>11<\/p>\n<\/td>\n<\/tr>\n<tr>\n<td colspan=\"6\" width=\"448\">\n<p>(mar\u0161ruta nosaukums)<\/p>\n<\/td>\n<td colspan=\"2\" width=\"107\">\n<p>(reisa nr.)<\/p>\n<\/td>\n<\/tr>\n<tr>\n<td width=\"54\">\n<p>Nr.p.k.<\/p>\n<\/td>\n<td width=\"58\">\n<p>Pieturu kods<\/p>\n<\/td>\n<td width=\"99\">\n<p>Pieturvieta<\/p>\n<\/td>\n<td width=\"77\">\n<p>Att\u0101lums no mar\u0161ruta s\u0101kuma (km)<\/p>\n<\/td>\n<td width=\"77\">\n<p>Att\u0101lums l\u012bdz n\u0101ko\u0161ai pieturai (km)<\/p>\n<\/td>\n<td width=\"82\">\n<p>Brauk\u0161anas laiks l\u012bdz n\u0101ko\u0161ai pieturai (min)<\/p>\n<\/td>\n<td width=\"57\">\n<p>Pien\u0101k<\/p>\n<\/td>\n<td width=\"49\">\n<p>Atiet<\/p>\n<\/td>\n<\/tr>\n<tr>\n<td width=\"54\">\n<p>1<\/p>\n<\/td>\n<td width=\"58\">\n<p>7038<\/p>\n<\/td>\n<td width=\"99\">\n<p>Al\u016bksnes AO<\/p>\n<\/td>\n<td width=\"77\">\n<p>&nbsp;<\/p>\n<\/td>\n<td width=\"77\">\n<p>4.4<\/p>\n<\/td>\n<td width=\"82\">\n<p>10<\/p>\n<\/td>\n<td width=\"57\">\n<p>&nbsp;<\/p>\n<\/td>\n<td width=\"49\">\n<p>15:05<\/p>\n<\/td>\n<\/tr>\n<tr>\n<td width=\"54\">\n<p>2<\/p>\n<\/td>\n<td width=\"58\">\n<p>7129<\/p>\n<\/td>\n<td width=\"99\">\n<p>Vengerski<\/p>\n<\/td>\n<td width=\"77\">\n<p>4.4<\/p>\n<\/td>\n<td width=\"77\">\n<p>4.5<\/p>\n<\/td>\n<td width=\"82\">\n<p>10<\/p>\n<\/td>\n<td width=\"57\">\n<p>&nbsp;<\/p>\n<\/td>\n<td width=\"49\">\n<p>15:15<\/p>\n<\/td>\n<\/tr>\n<tr>\n<td width=\"54\">\n<p>3<\/p>\n<\/td>\n<td width=\"58\">\n<p>7780<\/p>\n<\/td>\n<td width=\"99\">\n<p>M\u0101ri\u0146kalns<\/p>\n<\/td>\n<td width=\"77\">\n<p>8.9<\/p>\n<\/td>\n<td width=\"77\">\n<p>3.8<\/p>\n<\/td>\n<td width=\"82\">\n<p>7<\/p>\n<\/td>\n<td width=\"57\">\n<p>&nbsp;<\/p>\n<\/td>\n<td width=\"49\">\n<p>15:25<\/p>\n<\/td>\n<\/tr>\n<tr>\n<td width=\"54\">\n<p>4<\/p>\n<\/td>\n<td width=\"58\">\n<p>1808<\/p>\n<\/td>\n<td width=\"99\">\n<p>B\u0113rzi\u0146i<\/p>\n<\/td>\n<td width=\"77\">\n<p>12.7<\/p>\n<\/td>\n<td width=\"77\">\n<p>4.8<\/p>\n<\/td>\n<td width=\"82\">\n<p>8<\/p>\n<\/td>\n<td width=\"57\">\n<p>&nbsp;<\/p>\n<\/td>\n<td width=\"49\">\n<p>15:32<\/p>\n<\/td>\n<\/tr>\n<tr>\n<td width=\"54\">\n<p>5<\/p>\n<\/td>\n<td width=\"58\">\n<p>7117<\/p>\n<\/td>\n<td width=\"99\">\n<p>Jaunlaicene<\/p>\n<\/td>\n<td width=\"77\">\n<p>17.5<\/p>\n<\/td>\n<td width=\"77\">\n<p>0<\/p>\n<\/td>\n<td width=\"82\">\n<p>&nbsp;<\/p>\n<\/td>\n<td width=\"57\">\n<p>15:40<\/p>\n<\/td>\n<td width=\"49\">\n<p>&nbsp;<\/p>\n<\/td>\n<\/tr>\n<tr>\n<td colspan=\"3\" width=\"211\">\n<p>&nbsp;<\/p>\n<\/td>\n<td colspan=\"3\" width=\"237\">\n<p>Reisa izpildes dienas<\/p>\n<\/td>\n<td colspan=\"2\" width=\"107\">\n<p>1 2 3 4 5 6 7<\/p>\n<\/td>\n<\/tr>\n<\/tbody>\n<\/table>\n<p>&nbsp;<\/p>\n<p>&nbsp;<\/p>\n<table width=\"663\">\n<tbody>\n<tr>\n<td colspan=\"6\" width=\"556\">\n<p>Autobusu kust\u012bbas saraksts viet\u0113j\u0101s noz\u012bmes mar\u0161rut\u0101<\/p>\n<\/td>\n<td colspan=\"2\" width=\"107\">\n<p>6707<\/p>\n<\/td>\n<\/tr>\n<tr>\n<td colspan=\"6\" width=\"556\">\n<p>Al\u016bksne-Korneti-Jaunlaicene-Korneti-Al\u016bksne<\/p>\n<\/td>\n<td colspan=\"2\" width=\"107\">\n<p>16<\/p>\n<\/td>\n<\/tr>\n<tr>\n<td colspan=\"6\" width=\"556\">\n<p>(mar\u0161ruta nosaukums)<\/p>\n<\/td>\n<td colspan=\"2\" width=\"107\">\n<p>(reisa nr.)<\/p>\n<\/td>\n<\/tr>\n<tr>\n<td width=\"54\">\n<p>Nr.p.k.<\/p>\n<\/td>\n<td width=\"58\">\n<p>Pieturu kods<\/p>\n<\/td>\n<td width=\"207\">\n<p>Pieturvieta<\/p>\n<\/td>\n<td width=\"77\">\n<p>Att\u0101lums no mar\u0161ruta s\u0101kuma (km)<\/p>\n<\/td>\n<td width=\"77\">\n<p>Att\u0101lums l\u012bdz n\u0101ko\u0161ai pieturai (km)<\/p>\n<\/td>\n<td width=\"82\">\n<p>Brauk\u0161anas laiks l\u012bdz n\u0101ko\u0161ai pieturai (min)<\/p>\n<\/td>\n<td width=\"57\">\n<p>Pien\u0101k<\/p>\n<\/td>\n<td width=\"49\">\n<p>Atiet<\/p>\n<\/td>\n<\/tr>\n<tr>\n<td width=\"54\">\n<p>1<\/p>\n<\/td>\n<td width=\"58\">\n<p>7038<\/p>\n<\/td>\n<td width=\"207\">\n<p>Al\u016bksnes AO<\/p>\n<\/td>\n<td width=\"77\">\n<p>&nbsp;<\/p>\n<\/td>\n<td width=\"77\">\n<p>1.8<\/p>\n<\/td>\n<td width=\"82\">\n<p>3<\/p>\n<\/td>\n<td width=\"57\">\n<p>&nbsp;<\/p>\n<\/td>\n<td width=\"49\">\n<p>15:35<\/p>\n<\/td>\n<\/tr>\n<tr>\n<td width=\"54\">\n<p>2<\/p>\n<\/td>\n<td width=\"58\">\n<p>718<\/p>\n<\/td>\n<td width=\"207\">\n<p>Vidusskola<\/p>\n<\/td>\n<td width=\"77\">\n<p>1.8<\/p>\n<\/td>\n<td width=\"77\">\n<p>1.2<\/p>\n<\/td>\n<td width=\"82\">\n<p>2<\/p>\n<\/td>\n<td width=\"57\">\n<p>&nbsp;<\/p>\n<\/td>\n<td width=\"49\">\n<p>15:38<\/p>\n<\/td>\n<\/tr>\n<tr>\n<td width=\"54\">\n<p>3<\/p>\n<\/td>\n<td width=\"58\">\n<p>7038<\/p>\n<\/td>\n<td width=\"207\">\n<p>Al\u016bksnes AO<\/p>\n<\/td>\n<td width=\"77\">\n<p>3<\/p>\n<\/td>\n<td width=\"77\">\n<p>0.7<\/p>\n<\/td>\n<td width=\"82\">\n<p>2<\/p>\n<\/td>\n<td width=\"57\">\n<p>&nbsp;<\/p>\n<\/td>\n<td width=\"49\">\n<p>15:40<\/p>\n<\/td>\n<\/tr>\n<tr>\n<td width=\"54\">\n<p>4<\/p>\n<\/td>\n<td width=\"58\">\n<p>9447<\/p>\n<\/td>\n<td width=\"207\">\n<p>Maz\u0101 skola<\/p>\n<\/td>\n<td width=\"77\">\n<p>3.7<\/p>\n<\/td>\n<td width=\"77\">\n<p>0.4<\/p>\n<\/td>\n<td width=\"82\">\n<p>1<\/p>\n<\/td>\n<td width=\"57\">\n<p>&nbsp;<\/p>\n<\/td>\n<td width=\"49\">\n<p>15:42<\/p>\n<\/td>\n<\/tr>\n<tr>\n<td width=\"54\">\n<p>5<\/p>\n<\/td>\n<td width=\"58\">\n<p>276<\/p>\n<\/td>\n<td width=\"207\">\n<p>Al\u016bksnes \u0123imn\u0101zija<\/p>\n<\/td>\n<td width=\"77\">\n<p>4.1<\/p>\n<\/td>\n<td width=\"77\">\n<p>8.7<\/p>\n<\/td>\n<td width=\"82\">\n<p>17<\/p>\n<\/td>\n<td width=\"57\">\n<p>&nbsp;<\/p>\n<\/td>\n<td width=\"49\">\n<p>15:43<\/p>\n<\/td>\n<\/tr>\n<tr>\n<td width=\"54\">\n<p>6<\/p>\n<\/td>\n<td width=\"58\">\n<p>7780<\/p>\n<\/td>\n<td width=\"207\">\n<p>M\u0101ri\u0146kalns<\/p>\n<\/td>\n<td width=\"77\">\n<p>12.8<\/p>\n<\/td>\n<td width=\"77\">\n<p>3.8<\/p>\n<\/td>\n<td width=\"82\">\n<p>7<\/p>\n<\/td>\n<td width=\"57\">\n<p>&nbsp;<\/p>\n<\/td>\n<td width=\"49\">\n<p>16:00<\/p>\n<\/td>\n<\/tr>\n<tr>\n<td width=\"54\">\n<p>7<\/p>\n<\/td>\n<td width=\"58\">\n<p>1808<\/p>\n<\/td>\n<td width=\"207\">\n<p>B\u0113rzi\u0146i<\/p>\n<\/td>\n<td width=\"77\">\n<p>16.6<\/p>\n<\/td>\n<td width=\"77\">\n<p>4.8<\/p>\n<\/td>\n<td width=\"82\">\n<p>8<\/p>\n<\/td>\n<td width=\"57\">\n<p>&nbsp;<\/p>\n<\/td>\n<td width=\"49\">\n<p>16:07<\/p>\n<\/td>\n<\/tr>\n<tr>\n<td width=\"54\">\n<p>8<\/p>\n<\/td>\n<td width=\"58\">\n<p>7117<\/p>\n<\/td>\n<td width=\"207\">\n<p>Jaunlaicene<\/p>\n<\/td>\n<td width=\"77\">\n<p>21.4<\/p>\n<\/td>\n<td width=\"77\">\n<p>2.5<\/p>\n<\/td>\n<td width=\"82\">\n<p>4<\/p>\n<\/td>\n<td width=\"57\">\n<p>&nbsp;<\/p>\n<\/td>\n<td width=\"49\">\n<p>16:15<\/p>\n<\/td>\n<\/tr>\n<tr>\n<td width=\"54\">\n<p>9<\/p>\n<\/td>\n<td width=\"58\">\n<p>7118<\/p>\n<\/td>\n<td width=\"207\">\n<p>Jaunlaicenes pagrieziens<\/p>\n<\/td>\n<td width=\"77\">\n<p>23.9<\/p>\n<\/td>\n<td width=\"77\">\n<p>2.8<\/p>\n<\/td>\n<td width=\"82\">\n<p>5<\/p>\n<\/td>\n<td width=\"57\">\n<p>&nbsp;<\/p>\n<\/td>\n<td width=\"49\">\n<p>16:19<\/p>\n<\/td>\n<\/tr>\n<tr>\n<td width=\"54\">\n<p>10<\/p>\n<\/td>\n<td width=\"58\">\n<p>1522<\/p>\n<\/td>\n<td width=\"207\">\n<p>Apukalns<\/p>\n<\/td>\n<td width=\"77\">\n<p>26.7<\/p>\n<\/td>\n<td width=\"77\">\n<p>3.8<\/p>\n<\/td>\n<td width=\"82\">\n<p>6<\/p>\n<\/td>\n<td width=\"57\">\n<p>&nbsp;<\/p>\n<\/td>\n<td width=\"49\">\n<p>16:24<\/p>\n<\/td>\n<\/tr>\n<tr>\n<td width=\"54\">\n<p>11<\/p>\n<\/td>\n<td width=\"58\">\n<p>164<\/p>\n<\/td>\n<td width=\"207\">\n<p>B\u0101rdaskrogs<\/p>\n<\/td>\n<td width=\"77\">\n<p>30.5<\/p>\n<\/td>\n<td width=\"77\">\n<p>2.3<\/p>\n<\/td>\n<td width=\"82\">\n<p>4<\/p>\n<\/td>\n<td width=\"57\">\n<p>&nbsp;<\/p>\n<\/td>\n<td width=\"49\">\n<p>16:30<\/p>\n<\/td>\n<\/tr>\n<tr>\n<td width=\"54\">\n<p>12<\/p>\n<\/td>\n<td width=\"58\">\n<p>1795<\/p>\n<\/td>\n<td width=\"207\">\n<p>Korneti<\/p>\n<\/td>\n<td width=\"77\">\n<p>32.8<\/p>\n<\/td>\n<td width=\"77\">\n<p>2.3<\/p>\n<\/td>\n<td width=\"82\">\n<p>4<\/p>\n<\/td>\n<td width=\"57\">\n<p>&nbsp;<\/p>\n<\/td>\n<td width=\"49\">\n<p>16:34<\/p>\n<\/td>\n<\/tr>\n<tr>\n<td width=\"54\">\n<p>13<\/p>\n<\/td>\n<td width=\"58\">\n<p>1524<\/p>\n<\/td>\n<td width=\"207\">\n<p>B\u0101rdaskrogs<\/p>\n<\/td>\n<td width=\"77\">\n<p>35.1<\/p>\n<\/td>\n<td width=\"77\">\n<p>3.9<\/p>\n<\/td>\n<td width=\"82\">\n<p>7<\/p>\n<\/td>\n<td width=\"57\">\n<p>&nbsp;<\/p>\n<\/td>\n<td width=\"49\">\n<p>16:38<\/p>\n<\/td>\n<\/tr>\n<tr>\n<td width=\"54\">\n<p>14<\/p>\n<\/td>\n<td width=\"58\">\n<p>1525<\/p>\n<\/td>\n<td width=\"207\">\n<p>Al\u016bksnes pagrieziens<\/p>\n<\/td>\n<td width=\"77\">\n<p>39<\/p>\n<\/td>\n<td width=\"77\">\n<p>5.7<\/p>\n<\/td>\n<td width=\"82\">\n<p>10<\/p>\n<\/td>\n<td width=\"57\">\n<p>&nbsp;<\/p>\n<\/td>\n<td width=\"49\">\n<p>16:45<\/p>\n<\/td>\n<\/tr>\n<tr>\n<td width=\"54\">\n<p>15<\/p>\n<\/td>\n<td width=\"58\">\n<p>1831<\/p>\n<\/td>\n<td width=\"207\">\n<p>Ziemeri<\/p>\n<\/td>\n<td width=\"77\">\n<p>44.7<\/p>\n<\/td>\n<td width=\"77\">\n<p>8.8<\/p>\n<\/td>\n<td width=\"82\">\n<p>10<\/p>\n<\/td>\n<td width=\"57\">\n<p>&nbsp;<\/p>\n<\/td>\n<td width=\"49\">\n<p>16:55<\/p>\n<\/td>\n<\/tr>\n<tr>\n<td width=\"54\">\n<p>16<\/p>\n<\/td>\n<td width=\"58\">\n<p>7780<\/p>\n<\/td>\n<td width=\"207\">\n<p>M\u0101ri\u0146kalns<\/p>\n<\/td>\n<td width=\"77\">\n<p>53.5<\/p>\n<\/td>\n<td width=\"77\">\n<p>4.5<\/p>\n<\/td>\n<td width=\"82\">\n<p>5<\/p>\n<\/td>\n<td width=\"57\">\n<p>&nbsp;<\/p>\n<\/td>\n<td width=\"49\">\n<p>17:05<\/p>\n<\/td>\n<\/tr>\n<tr>\n<td width=\"54\">\n<p>17<\/p>\n<\/td>\n<td width=\"58\">\n<p>7129<\/p>\n<\/td>\n<td width=\"207\">\n<p>Vengerski<\/p>\n<\/td>\n<td width=\"77\">\n<p>58<\/p>\n<\/td>\n<td width=\"77\">\n<p>4.4<\/p>\n<\/td>\n<td width=\"82\">\n<p>5<\/p>\n<\/td>\n<td width=\"57\">\n<p>&nbsp;<\/p>\n<\/td>\n<td width=\"49\">\n<p>17:10<\/p>\n<\/td>\n<\/tr>\n<tr>\n<td width=\"54\">\n<p>18<\/p>\n<\/td>\n<td width=\"58\">\n<p>7038<\/p>\n<\/td>\n<td width=\"207\">\n<p>Al\u016bksnes AO<\/p>\n<\/td>\n<td width=\"77\">\n<p>62.4<\/p>\n<\/td>\n<td width=\"77\">\n<p>0<\/p>\n<\/td>\n<td width=\"82\">\n<p>&nbsp;<\/p>\n<\/td>\n<td width=\"57\">\n<p>17:15<\/p>\n<\/td>\n<td width=\"49\">\n<p>&nbsp;<\/p>\n<\/td>\n<\/tr>\n<tr>\n<td colspan=\"3\" rowspan=\"2\" width=\"319\">\n<p>&nbsp;<\/p>\n<\/td>\n<td colspan=\"3\" width=\"237\">\n<p>Reisa izpildes dienas<\/p>\n<\/td>\n<td colspan=\"2\" width=\"107\">\n<p>1 2 3 4 5 &#8211; &#8211;<\/p>\n<\/td>\n<\/tr>\n<tr>\n<td colspan=\"5\" width=\"343\">\n<p>Reiss Al\u016bksne-Jaunlaicene-Korneti-Ziemeri-Al\u016bksne kurs\u0113 01.09 &#8211; 11.06,<\/p>\n<\/td>\n<\/tr>\n<\/tbody>\n<\/table>\n<p>&nbsp;<\/p>\n","protected":false},"excerpt":{"rendered":"<p>&nbsp; Jaunlaicenes pagasta pirmsskolas oblig\u0101t\u0101 izgl\u012bt\u012bbas vecuma, visp\u0101r\u0113j\u0101s pamatizgl\u012bt\u012bbas un visp\u0101r\u0113j\u0101s vid\u0113j\u0101s izgl\u012bt\u012bbas iest\u0101\u017eu izgl\u012btojamo nok\u013c\u016b\u0161ana no pa\u0161vald\u012bbas teritorij\u0101 eso\u0161as dz\u012bvesvietas uz izgl\u012bt\u012bbas iest\u0101di un atpaka\u013c dz\u012bvesviet\u0101 tiks nodro\u0161in\u0101ta ar sabiedrisko transportu. \u00a0 Izmai\u0146as sabiedrisk\u0101 transporta mar\u0161rut\u0101 Nr.6707 \u201cAl\u016bksne-Korneti-Jaunlaicene-Korneti-Al\u016bksne\u201d (izpildes&#8230;<br \/><a class=\"read-more-button\" href=\"https:\/\/aluksne.lv\/index.php\/izglitiba\/skolenu-parvadajumu-marsruti\/jaunlaicenes-pagasts\/\">Las\u012bt visu<\/a><\/p>\n","protected":false},"author":1,"featured_media":0,"parent":30600,"menu_order":0,"comment_status":"closed","ping_status":"closed","template":"","meta":{"_crdt_document":"","_monsterinsights_skip_tracking":false,"_monsterinsights_sitenote_active":false,"_monsterinsights_sitenote_note":"","_monsterinsights_sitenote_category":0,"footnotes":"","_links_to":"","_links_to_target":""},"class_list":["post-35239","page","type-page","status-publish","hentry"],"_links":{"self":[{"href":"https:\/\/aluksne.lv\/index.php\/wp-json\/wp\/v2\/pages\/35239","targetHints":{"allow":["GET"]}}],"collection":[{"href":"https:\/\/aluksne.lv\/index.php\/wp-json\/wp\/v2\/pages"}],"about":[{"href":"https:\/\/aluksne.lv\/index.php\/wp-json\/wp\/v2\/types\/page"}],"author":[{"embeddable":true,"href":"https:\/\/aluksne.lv\/index.php\/wp-json\/wp\/v2\/users\/1"}],"replies":[{"embeddable":true,"href":"https:\/\/aluksne.lv\/index.php\/wp-json\/wp\/v2\/comments?post=35239"}],"version-history":[{"count":0,"href":"https:\/\/aluksne.lv\/index.php\/wp-json\/wp\/v2\/pages\/35239\/revisions"}],"up":[{"embeddable":true,"href":"https:\/\/aluksne.lv\/index.php\/wp-json\/wp\/v2\/pages\/30600"}],"wp:attachment":[{"href":"https:\/\/aluksne.lv\/index.php\/wp-json\/wp\/v2\/media?parent=35239"}],"curies":[{"name":"wp","href":"https:\/\/api.w.org\/{rel}","templated":true}]}}