{"id":35241,"date":"2022-09-01T10:04:35","date_gmt":"2022-09-01T07:04:35","guid":{"rendered":"https:\/\/aluksne.lv\/?page_id=35241"},"modified":"2023-08-21T12:55:24","modified_gmt":"2023-08-21T09:55:24","slug":"kalncempju-pagasts","status":"publish","type":"page","link":"https:\/\/aluksne.lv\/index.php\/izglitiba\/skolenu-parvadajumu-marsruti\/kalncempju-pagasts\/","title":{"rendered":"Kalncempju pagasts"},"content":{"rendered":"<p>&nbsp;<\/p>\n<p><span style=\"font-size: 12pt;\">Kalncempju pagasta pirmsskolas oblig\u0101t\u0101 izgl\u012bt\u012bbas vecuma, visp\u0101r\u0113j\u0101s pamatizgl\u012bt\u012bbas un visp\u0101r\u0113j\u0101s vid\u0113j\u0101s izgl\u012bt\u012bbas iest\u0101\u017eu izgl\u012btojamo nok\u013c\u016b\u0161ana no pa\u0161vald\u012bbas teritorij\u0101 eso\u0161as dz\u012bvesvietas uz izgl\u012bt\u012bbas iest\u0101di un atpaka\u013c dz\u012bvesviet\u0101 tiks nodro\u0161in\u0101ta ar <\/span><strong><span style=\"font-size: 12pt;\">pa\u0161vald\u012bbas un sabiedrisko transportu.<\/span> <\/strong><\/p>\n<h3 style=\"text-align: center;\"><strong>Pa\u0161vald\u012bbas transports tiks nodro\u0161in\u0101ts mar\u0161rutos<\/strong>:<strong>\u00a0<\/strong><\/h3>\n<table width=\"567\">\n<tbody>\n<tr>\n<td colspan=\"3\" width=\"434\">\n<p><strong>Mar\u0161ruta apraksts<\/strong><\/p>\n<\/td>\n<td width=\"132\">\n<p><strong>Reisa <\/strong><\/p>\n<\/td>\n<\/tr>\n<tr>\n<td width=\"151\">\n<p><strong>Pieturas <\/strong><\/p>\n<p><strong>nosaukums<\/strong><\/p>\n<\/td>\n<td width=\"170\">\n<p><strong>Piez\u012bmes<\/strong><\/p>\n<\/td>\n<td width=\"113\">\n<p><strong>Pien\u0101k\u0161anas un atie\u0161anas laiks<\/strong><\/p>\n<\/td>\n<td width=\"132\">\n<p><strong>izpildes dienas<\/strong><\/p>\n<\/td>\n<\/tr>\n<tr>\n<td colspan=\"3\" width=\"434\">\n<p><strong>R\u012bta mar\u0161ruts<\/strong><\/p>\n<\/td>\n<td width=\"132\">\n<p>&nbsp;<\/p>\n<\/td>\n<\/tr>\n<tr>\n<td width=\"151\">\n<p>Cempji 2, Kalncempju pagasts<\/p>\n<\/td>\n<td width=\"170\">\n<p>uzs\u0101k reisu<\/p>\n<\/td>\n<td width=\"113\">\n<p>07:20<\/p>\n<\/td>\n<td width=\"132\">\n<p>Katru darba dienu<\/p>\n<\/td>\n<\/tr>\n<tr>\n<td width=\"151\">\n<p>P\u016bzupi 4,5 km<\/p>\n<\/td>\n<td width=\"170\">\n<p>&nbsp;<\/p>\n<\/td>\n<td width=\"113\">\n<p>07:30<\/p>\n<\/td>\n<td width=\"132\">\n<p>Katru darba dienu<\/p>\n<\/td>\n<\/tr>\n<tr>\n<td width=\"151\">\n<p>Kalncempji 4,9 km<\/p>\n<\/td>\n<td width=\"170\">\n<p>&nbsp;<\/p>\n<\/td>\n<td width=\"113\">\n<p>07:40<\/p>\n<\/td>\n<td width=\"132\">\n<p>Katru darba dienu<\/p>\n<\/td>\n<\/tr>\n<tr>\n<td width=\"151\">\n<p>Kantorkrogs, Annas pagasts 8.1 km<\/p>\n<\/td>\n<td width=\"170\">\n<p>&nbsp;<\/p>\n<\/td>\n<td width=\"113\">\n<p>07:50<\/p>\n<\/td>\n<td width=\"132\">\n<p>Katru darba dienu<\/p>\n<\/td>\n<\/tr>\n<tr>\n<td width=\"151\">\n<p>Ezerkalni, \u00a0Annas pagasts 4.2 km<\/p>\n<\/td>\n<td width=\"170\">\n<p>&nbsp;<\/p>\n<\/td>\n<td width=\"113\">\n<p>07:55<\/p>\n<\/td>\n<td width=\"132\">\n<p>Katru darba dienu<\/p>\n<\/td>\n<\/tr>\n<tr>\n<td width=\"151\">\n<p>Al\u016bksnes pils\u0113tas izgl\u012bt\u012bbas iest\u0101des 6.9 km<\/p>\n<\/td>\n<td width=\"170\">\n<p>&nbsp;<\/p>\n<\/td>\n<td width=\"113\">\n<p>08.10-08.20<\/p>\n<\/td>\n<td width=\"132\">\n<p>Katru darba dienu<\/p>\n<\/td>\n<\/tr>\n<tr>\n<td width=\"151\">\n<p>Cempji 2, Kalncempju pagasts 22.0 km<\/p>\n<\/td>\n<td width=\"170\">\n<p>beidz reisu<\/p>\n<\/td>\n<td width=\"113\">\n<p>08.50<\/p>\n<\/td>\n<td width=\"132\">\n<p>Katru darba dienu<\/p>\n<\/td>\n<\/tr>\n<\/tbody>\n<\/table>\n<p>&nbsp;<\/p>\n<table width=\"567\">\n<tbody>\n<tr>\n<td colspan=\"3\" width=\"434\">\n<p><strong>Mar\u0161ruta apraksts<\/strong><\/p>\n<\/td>\n<td width=\"132\">\n<p><strong>Reisa <\/strong><\/p>\n<\/td>\n<\/tr>\n<tr>\n<td width=\"151\">\n<p><strong>Pieturas <\/strong><\/p>\n<p><strong>nosaukums<\/strong><\/p>\n<\/td>\n<td width=\"170\">\n<p><strong>Piez\u012bmes<\/strong><\/p>\n<\/td>\n<td width=\"113\">\n<p><strong>Pien\u0101k\u0161anas un atie\u0161anas laiks<\/strong><\/p>\n<\/td>\n<td width=\"132\">\n<p><strong>izpildes dienas<\/strong><\/p>\n<\/td>\n<\/tr>\n<tr>\n<td colspan=\"3\" width=\"434\">\n<p><strong>Vakara mar\u0161ruts<\/strong><\/p>\n<\/td>\n<td width=\"132\">\n<p>&nbsp;<\/p>\n<\/td>\n<\/tr>\n<tr>\n<td width=\"151\">\n<p>Cempji 2, Kalncempju pagasts<\/p>\n<\/td>\n<td width=\"170\">\n<p>uzs\u0101k reisu<\/p>\n<\/td>\n<td width=\"113\">\n<p>15:00<\/p>\n<\/td>\n<td width=\"132\">\n<p>Katru darba dienu<\/p>\n<\/td>\n<\/tr>\n<tr>\n<td width=\"151\">\n<p>Al\u016bksnes pils\u0113tas izgl\u012bt\u012bbas iest\u0101des 22.0 km<\/p>\n<\/td>\n<td width=\"170\">\n<p>Notiek skol\u0113nu iek\u0101p\u0161ana<\/p>\n<\/td>\n<td width=\"113\">\n<p>&nbsp;<\/p>\n<p>15:30-15:45<\/p>\n<p>&nbsp;<\/p>\n<\/td>\n<td width=\"132\">\n<p>Katru darba dienu<\/p>\n<\/td>\n<\/tr>\n<tr>\n<td width=\"151\">\n<p>Ezerkalni,\u00a0 Annas pagasts 6.9 km<\/p>\n<\/td>\n<td width=\"170\">\n<p>&nbsp;<\/p>\n<\/td>\n<td width=\"113\">\n<p>16:00<\/p>\n<\/td>\n<td width=\"132\">\n<p>Katru darba dienu<\/p>\n<\/td>\n<\/tr>\n<tr>\n<td width=\"151\">\n<p>Kantorkrogs, Annas pagasts 4.2 km<\/p>\n<\/td>\n<td width=\"170\">\n<p>&nbsp;<\/p>\n<\/td>\n<td width=\"113\">\n<p>16:05<\/p>\n<\/td>\n<td width=\"132\">\n<p>Katru darba dienu<\/p>\n<\/td>\n<\/tr>\n<tr>\n<td width=\"151\">\n<p>Kalncempji 8.1 km<\/p>\n<\/td>\n<td width=\"170\">\n<p>&nbsp;<\/p>\n<\/td>\n<td width=\"113\">\n<p>16:15<\/p>\n<\/td>\n<td width=\"132\">\n<p>Katru darba dienu<\/p>\n<\/td>\n<\/tr>\n<tr>\n<td width=\"151\">\n<p>P\u016bzupi 4,9 km<\/p>\n<\/td>\n<td width=\"170\">\n<p>&nbsp;<\/p>\n<\/td>\n<td width=\"113\">\n<p>16:25<\/p>\n<\/td>\n<td width=\"132\">\n<p>Katru darba dienu<\/p>\n<\/td>\n<\/tr>\n<tr>\n<td width=\"151\">\n<p>Cempji 2, \u00a0Kalncempju pagasts 4,5 km<\/p>\n<\/td>\n<td width=\"170\">\n<p>beidz reisu<\/p>\n<\/td>\n<td width=\"113\">\n<p>16.35<\/p>\n<\/td>\n<td width=\"132\">\n<p>Katru darba dienu<\/p>\n<\/td>\n<\/tr>\n<\/tbody>\n<\/table>\n<h3 style=\"text-align: center;\"><strong>Sabiedrisk\u0101 transporta r\u012bta mar\u0161ruts uz Al\u016bksnes pils\u0113tas izgl\u012bt\u012bbas iest\u0101d\u0113m (kust\u012bbu sarakst\u0101 papildus iek\u013cautas pieturas pie skol\u0101m):<\/strong><\/h3>\n<table width=\"615\">\n<tbody>\n<tr>\n<td colspan=\"6\" width=\"508\">\n<p>Autobusu kust\u012bbas saraksts viet\u0113j\u0101s noz\u012bmes mar\u0161rut\u0101<\/p>\n<\/td>\n<td colspan=\"2\" width=\"107\">\n<p>5194<\/p>\n<\/td>\n<\/tr>\n<tr>\n<td colspan=\"6\" width=\"508\">\n<p>Al\u016bksne-Kalncempji<\/p>\n<\/td>\n<td colspan=\"2\" width=\"107\">\n<p>34<\/p>\n<\/td>\n<\/tr>\n<tr>\n<td colspan=\"6\" width=\"508\">\n<p>(mar\u0161ruta nosaukums)<\/p>\n<\/td>\n<td colspan=\"2\" width=\"107\">\n<p>(reisa nr.)<\/p>\n<\/td>\n<\/tr>\n<tr>\n<td width=\"55\">\n<p>Nr.p.k.<\/p>\n<\/td>\n<td width=\"58\">\n<p>Pieturu kods<\/p>\n<\/td>\n<td width=\"157\">\n<p>Pieturvieta<\/p>\n<\/td>\n<td width=\"78\">\n<p>Att\u0101lums no mar\u0161ruta s\u0101kuma (km)<\/p>\n<\/td>\n<td width=\"78\">\n<p>Att\u0101lums l\u012bdz n\u0101ko\u0161ai pieturai (km)<\/p>\n<\/td>\n<td width=\"83\">\n<p>Brauk\u0161anas laiks l\u012bdz n\u0101ko\u0161ai pieturai (min)<\/p>\n<\/td>\n<td width=\"58\">\n<p>Pien\u0101k<\/p>\n<\/td>\n<td width=\"50\">\n<p>Atiet<\/p>\n<\/td>\n<\/tr>\n<tr>\n<td width=\"55\">\n<p>1<\/p>\n<\/td>\n<td width=\"58\">\n<p>1967<\/p>\n<\/td>\n<td width=\"157\">\n<p>Kalncempji<\/p>\n<\/td>\n<td width=\"78\">\n<p>&nbsp;<\/p>\n<\/td>\n<td width=\"78\">\n<p>1<\/p>\n<\/td>\n<td width=\"83\">\n<p>2<\/p>\n<\/td>\n<td width=\"58\">\n<p>&nbsp;<\/p>\n<\/td>\n<td width=\"50\">\n<p>07:16<\/p>\n<\/td>\n<\/tr>\n<tr>\n<td width=\"55\">\n<p>2<\/p>\n<\/td>\n<td width=\"58\">\n<p>2990<\/p>\n<\/td>\n<td width=\"157\">\n<p>Ermi\u0137i<\/p>\n<\/td>\n<td width=\"78\">\n<p>1<\/p>\n<\/td>\n<td width=\"78\">\n<p>2.1<\/p>\n<\/td>\n<td width=\"83\">\n<p>4<\/p>\n<\/td>\n<td width=\"58\">\n<p>&nbsp;<\/p>\n<\/td>\n<td width=\"50\">\n<p>07:18<\/p>\n<\/td>\n<\/tr>\n<tr>\n<td width=\"55\">\n<p>3<\/p>\n<\/td>\n<td width=\"58\">\n<p>1894<\/p>\n<\/td>\n<td width=\"157\">\n<p>Ate<\/p>\n<\/td>\n<td width=\"78\">\n<p>3.1<\/p>\n<\/td>\n<td width=\"78\">\n<p>1.2<\/p>\n<\/td>\n<td width=\"83\">\n<p>2<\/p>\n<\/td>\n<td width=\"58\">\n<p>&nbsp;<\/p>\n<\/td>\n<td width=\"50\">\n<p>07:22<\/p>\n<\/td>\n<\/tr>\n<tr>\n<td width=\"55\">\n<p>4<\/p>\n<\/td>\n<td width=\"58\">\n<p>4353<\/p>\n<\/td>\n<td width=\"157\">\n<p>Sudrabi<\/p>\n<\/td>\n<td width=\"78\">\n<p>4.3<\/p>\n<\/td>\n<td width=\"78\">\n<p>1.9<\/p>\n<\/td>\n<td width=\"83\">\n<p>3<\/p>\n<\/td>\n<td width=\"58\">\n<p>&nbsp;<\/p>\n<\/td>\n<td width=\"50\">\n<p>07:24<\/p>\n<\/td>\n<\/tr>\n<tr>\n<td width=\"55\">\n<p>5<\/p>\n<\/td>\n<td width=\"58\">\n<p>7778<\/p>\n<\/td>\n<td width=\"157\">\n<p>Sauleskalns<\/p>\n<\/td>\n<td width=\"78\">\n<p>6.2<\/p>\n<\/td>\n<td width=\"78\">\n<p>1.5<\/p>\n<\/td>\n<td width=\"83\">\n<p>2<\/p>\n<\/td>\n<td width=\"58\">\n<p>&nbsp;<\/p>\n<\/td>\n<td width=\"50\">\n<p>07:27<\/p>\n<\/td>\n<\/tr>\n<tr>\n<td width=\"55\">\n<p>6<\/p>\n<\/td>\n<td width=\"58\">\n<p>2734<\/p>\n<\/td>\n<td width=\"157\">\n<p>R\u016bpnieki<\/p>\n<\/td>\n<td width=\"78\">\n<p>7.7<\/p>\n<\/td>\n<td width=\"78\">\n<p>2.1<\/p>\n<\/td>\n<td width=\"83\">\n<p>4<\/p>\n<\/td>\n<td width=\"58\">\n<p>&nbsp;<\/p>\n<\/td>\n<td width=\"50\">\n<p>07:29<\/p>\n<\/td>\n<\/tr>\n<tr>\n<td width=\"55\">\n<p>7<\/p>\n<\/td>\n<td width=\"58\">\n<p>1962<\/p>\n<\/td>\n<td width=\"157\">\n<p>Anna<\/p>\n<\/td>\n<td width=\"78\">\n<p>9.8<\/p>\n<\/td>\n<td width=\"78\">\n<p>2.9<\/p>\n<\/td>\n<td width=\"83\">\n<p>3<\/p>\n<\/td>\n<td width=\"58\">\n<p>&nbsp;<\/p>\n<\/td>\n<td width=\"50\">\n<p>07:33<\/p>\n<\/td>\n<\/tr>\n<tr>\n<td width=\"55\">\n<p>8<\/p>\n<\/td>\n<td width=\"58\">\n<p>1698<\/p>\n<\/td>\n<td width=\"157\">\n<p>Vecanna<\/p>\n<\/td>\n<td width=\"78\">\n<p>12.7<\/p>\n<\/td>\n<td width=\"78\">\n<p>0.9<\/p>\n<\/td>\n<td width=\"83\">\n<p>2<\/p>\n<\/td>\n<td width=\"58\">\n<p>&nbsp;<\/p>\n<\/td>\n<td width=\"50\">\n<p>07:36<\/p>\n<\/td>\n<\/tr>\n<tr>\n<td width=\"55\">\n<p>9<\/p>\n<\/td>\n<td width=\"58\">\n<p>1699<\/p>\n<\/td>\n<td width=\"157\">\n<p>Kadilas<\/p>\n<\/td>\n<td width=\"78\">\n<p>13.6<\/p>\n<\/td>\n<td width=\"78\">\n<p>1.4<\/p>\n<\/td>\n<td width=\"83\">\n<p>2<\/p>\n<\/td>\n<td width=\"58\">\n<p>&nbsp;<\/p>\n<\/td>\n<td width=\"50\">\n<p>07:38<\/p>\n<\/td>\n<\/tr>\n<tr>\n<td width=\"55\">\n<p>10<\/p>\n<\/td>\n<td width=\"58\">\n<p>1700<\/p>\n<\/td>\n<td width=\"157\">\n<p>Teikas<\/p>\n<\/td>\n<td width=\"78\">\n<p>15<\/p>\n<\/td>\n<td width=\"78\">\n<p>3<\/p>\n<\/td>\n<td width=\"83\">\n<p>4<\/p>\n<\/td>\n<td width=\"58\">\n<p>&nbsp;<\/p>\n<\/td>\n<td width=\"50\">\n<p>07:40<\/p>\n<\/td>\n<\/tr>\n<tr>\n<td width=\"55\">\n<p>11<\/p>\n<\/td>\n<td width=\"58\">\n<p>7775<\/p>\n<\/td>\n<td width=\"157\">\n<p>Dudas<\/p>\n<\/td>\n<td width=\"78\">\n<p>18<\/p>\n<\/td>\n<td width=\"78\">\n<p>1.6<\/p>\n<\/td>\n<td width=\"83\">\n<p>3<\/p>\n<\/td>\n<td width=\"58\">\n<p>&nbsp;<\/p>\n<\/td>\n<td width=\"50\">\n<p>07:44<\/p>\n<\/td>\n<\/tr>\n<tr>\n<td width=\"55\">\n<p>12<\/p>\n<\/td>\n<td width=\"58\">\n<p>9445<\/p>\n<\/td>\n<td width=\"157\">\n<p>Maizes kombin\u0101ts<\/p>\n<\/td>\n<td width=\"78\">\n<p>19.6<\/p>\n<\/td>\n<td width=\"78\">\n<p>2.3<\/p>\n<\/td>\n<td width=\"83\">\n<p>3<\/p>\n<\/td>\n<td width=\"58\">\n<p>&nbsp;<\/p>\n<\/td>\n<td width=\"50\">\n<p>07:47<\/p>\n<\/td>\n<\/tr>\n<tr>\n<td width=\"55\">\n<p>13<\/p>\n<\/td>\n<td width=\"58\">\n<p>7038<\/p>\n<\/td>\n<td width=\"157\">\n<p>Al\u016bksnes AO<\/p>\n<\/td>\n<td width=\"78\">\n<p>21.9<\/p>\n<\/td>\n<td width=\"78\">\n<p>1.2<\/p>\n<\/td>\n<td width=\"83\">\n<p>3<\/p>\n<\/td>\n<td width=\"58\">\n<p>&nbsp;<\/p>\n<\/td>\n<td width=\"50\">\n<p>07:50<\/p>\n<\/td>\n<\/tr>\n<tr>\n<td width=\"55\">\n<p>14<\/p>\n<\/td>\n<td width=\"58\">\n<p>276<\/p>\n<\/td>\n<td width=\"157\">\n<p>Al\u016bksnes \u0123imn\u0101zija<\/p>\n<\/td>\n<td width=\"78\">\n<p>23.1<\/p>\n<\/td>\n<td width=\"78\">\n<p>0.4<\/p>\n<\/td>\n<td width=\"83\">\n<p>1<\/p>\n<\/td>\n<td width=\"58\">\n<p>&nbsp;<\/p>\n<\/td>\n<td width=\"50\">\n<p>07:53<\/p>\n<\/td>\n<\/tr>\n<tr>\n<td width=\"55\">\n<p>15<\/p>\n<\/td>\n<td width=\"58\">\n<p>9447<\/p>\n<\/td>\n<td width=\"157\">\n<p>Maz\u0101 skola<\/p>\n<\/td>\n<td width=\"78\">\n<p>23.5<\/p>\n<\/td>\n<td width=\"78\">\n<p>1.4<\/p>\n<\/td>\n<td width=\"83\">\n<p>3<\/p>\n<\/td>\n<td width=\"58\">\n<p>&nbsp;<\/p>\n<\/td>\n<td width=\"50\">\n<p>07:54<\/p>\n<\/td>\n<\/tr>\n<tr>\n<td width=\"55\">\n<p>16<\/p>\n<\/td>\n<td width=\"58\">\n<p>718<\/p>\n<\/td>\n<td width=\"157\">\n<p>Vidusskola<\/p>\n<\/td>\n<td width=\"78\">\n<p>24.9<\/p>\n<\/td>\n<td width=\"78\">\n<p>1.8<\/p>\n<\/td>\n<td width=\"83\">\n<p>4<\/p>\n<\/td>\n<td width=\"58\">\n<p>&nbsp;<\/p>\n<\/td>\n<td width=\"50\">\n<p>07:57<\/p>\n<\/td>\n<\/tr>\n<tr>\n<td width=\"55\">\n<p>17<\/p>\n<\/td>\n<td width=\"58\">\n<p>7038<\/p>\n<\/td>\n<td width=\"157\">\n<p>Al\u016bksnes AO<\/p>\n<\/td>\n<td width=\"78\">\n<p>26.7<\/p>\n<\/td>\n<td width=\"78\">\n<p>0<\/p>\n<\/td>\n<td width=\"83\">\n<p>&nbsp;<\/p>\n<\/td>\n<td width=\"58\">\n<p>08:01<\/p>\n<\/td>\n<td width=\"50\">\n<p>&nbsp;<\/p>\n<\/td>\n<\/tr>\n<tr>\n<td colspan=\"3\" rowspan=\"2\" width=\"270\">\n<p>&nbsp;<\/p>\n<\/td>\n<td colspan=\"3\" width=\"238\">\n<p>Reisa izpildes dienas<\/p>\n<\/td>\n<td colspan=\"2\" width=\"107\">\n<p>1 2 3 4 5 &#8211; &#8211;<\/p>\n<\/td>\n<\/tr>\n<tr>\n<td colspan=\"5\" width=\"345\">\n<p>Reiss Kalncempji-Anna-Al\u016bksne kurs\u0113 01.09 &#8211; 11.06,<\/p>\n<\/td>\n<\/tr>\n<\/tbody>\n<\/table>\n<p>&nbsp;<\/p>\n<h3 style=\"text-align: center;\"><strong>Sabiedrisk\u0101 transporta vakara mar\u0161ruts uz Al\u016bksnes pils\u0113tas izgl\u012bt\u012bbas iest\u0101d\u0113m (kust\u012bbu sarakst\u0101 papildus iek\u013cautas pieturas pie skol\u0101m):<\/strong><\/h3>\n<table width=\"627\">\n<tbody>\n<tr>\n<td colspan=\"6\" width=\"518\">\n<p>Autobusu kust\u012bbas saraksts viet\u0113j\u0101s noz\u012bmes mar\u0161rut\u0101<\/p>\n<\/td>\n<td colspan=\"2\" width=\"109\">\n<p>5194<\/p>\n<\/td>\n<\/tr>\n<tr>\n<td colspan=\"6\" width=\"518\">\n<p>Al\u016bksne-Kalncempji<\/p>\n<\/td>\n<td colspan=\"2\" width=\"109\">\n<p>23<\/p>\n<\/td>\n<\/tr>\n<tr>\n<td colspan=\"6\" width=\"518\">\n<p>(mar\u0161ruta nosaukums)<\/p>\n<\/td>\n<td colspan=\"2\" width=\"109\">\n<p>(reisa nr.)<\/p>\n<\/td>\n<\/tr>\n<tr>\n<td width=\"56\">\n<p>Nr.p.k.<\/p>\n<\/td>\n<td width=\"60\">\n<p>Pieturu kods<\/p>\n<\/td>\n<td width=\"160\">\n<p>Pieturvieta<\/p>\n<\/td>\n<td width=\"79\">\n<p>Att\u0101lums no mar\u0161ruta s\u0101kuma (km)<\/p>\n<\/td>\n<td width=\"79\">\n<p>Att\u0101lums l\u012bdz n\u0101ko\u0161ai pieturai (km)<\/p>\n<\/td>\n<td width=\"84\">\n<p>Brauk\u0161anas laiks l\u012bdz n\u0101ko\u0161ai pieturai (min)<\/p>\n<\/td>\n<td width=\"59\">\n<p>Pien\u0101k<\/p>\n<\/td>\n<td width=\"51\">\n<p>Atiet<\/p>\n<\/td>\n<\/tr>\n<tr>\n<td width=\"56\">\n<p>1<\/p>\n<\/td>\n<td width=\"60\">\n<p>7038<\/p>\n<\/td>\n<td width=\"160\">\n<p>Al\u016bksnes AO<\/p>\n<\/td>\n<td width=\"79\">\n<p>&nbsp;<\/p>\n<\/td>\n<td width=\"79\">\n<p>1.2<\/p>\n<\/td>\n<td width=\"84\">\n<p>3<\/p>\n<\/td>\n<td width=\"59\">\n<p>&nbsp;<\/p>\n<\/td>\n<td width=\"51\">\n<p>15:50<\/p>\n<\/td>\n<\/tr>\n<tr>\n<td width=\"56\">\n<p>2<\/p>\n<\/td>\n<td width=\"60\">\n<p>276<\/p>\n<\/td>\n<td width=\"160\">\n<p>Al\u016bksnes \u0123imn\u0101zija<\/p>\n<\/td>\n<td width=\"79\">\n<p>1.2<\/p>\n<\/td>\n<td width=\"79\">\n<p>0.4<\/p>\n<\/td>\n<td width=\"84\">\n<p>1<\/p>\n<\/td>\n<td width=\"59\">\n<p>&nbsp;<\/p>\n<\/td>\n<td width=\"51\">\n<p>15:53<\/p>\n<\/td>\n<\/tr>\n<tr>\n<td width=\"56\">\n<p>3<\/p>\n<\/td>\n<td width=\"60\">\n<p>9447<\/p>\n<\/td>\n<td width=\"160\">\n<p>Maz\u0101 skola<\/p>\n<\/td>\n<td width=\"79\">\n<p>1.6<\/p>\n<\/td>\n<td width=\"79\">\n<p>1.4<\/p>\n<\/td>\n<td width=\"84\">\n<p>3<\/p>\n<\/td>\n<td width=\"59\">\n<p>&nbsp;<\/p>\n<\/td>\n<td width=\"51\">\n<p>15:54<\/p>\n<\/td>\n<\/tr>\n<tr>\n<td width=\"56\">\n<p>4<\/p>\n<\/td>\n<td width=\"60\">\n<p>718<\/p>\n<\/td>\n<td width=\"160\">\n<p>Vidusskola<\/p>\n<\/td>\n<td width=\"79\">\n<p>3<\/p>\n<\/td>\n<td width=\"79\">\n<p>1.8<\/p>\n<\/td>\n<td width=\"84\">\n<p>3<\/p>\n<\/td>\n<td width=\"59\">\n<p>&nbsp;<\/p>\n<\/td>\n<td width=\"51\">\n<p>15:57<\/p>\n<\/td>\n<\/tr>\n<tr>\n<td width=\"56\">\n<p>5<\/p>\n<\/td>\n<td width=\"60\">\n<p>7038<\/p>\n<\/td>\n<td width=\"160\">\n<p>Al\u016bksnes AO<\/p>\n<\/td>\n<td width=\"79\">\n<p>4.8<\/p>\n<\/td>\n<td width=\"79\">\n<p>2.3<\/p>\n<\/td>\n<td width=\"84\">\n<p>3<\/p>\n<\/td>\n<td width=\"59\">\n<p>&nbsp;<\/p>\n<\/td>\n<td width=\"51\">\n<p>16:00<\/p>\n<\/td>\n<\/tr>\n<tr>\n<td width=\"56\">\n<p>6<\/p>\n<\/td>\n<td width=\"60\">\n<p>9445<\/p>\n<\/td>\n<td width=\"160\">\n<p>Maizes kombin\u0101ts<\/p>\n<\/td>\n<td width=\"79\">\n<p>7.1<\/p>\n<\/td>\n<td width=\"79\">\n<p>1.6<\/p>\n<\/td>\n<td width=\"84\">\n<p>3<\/p>\n<\/td>\n<td width=\"59\">\n<p>&nbsp;<\/p>\n<\/td>\n<td width=\"51\">\n<p>16:03<\/p>\n<\/td>\n<\/tr>\n<tr>\n<td width=\"56\">\n<p>7<\/p>\n<\/td>\n<td width=\"60\">\n<p>7775<\/p>\n<\/td>\n<td width=\"160\">\n<p>Dudas<\/p>\n<\/td>\n<td width=\"79\">\n<p>8.7<\/p>\n<\/td>\n<td width=\"79\">\n<p>3.1<\/p>\n<\/td>\n<td width=\"84\">\n<p>4<\/p>\n<\/td>\n<td width=\"59\">\n<p>&nbsp;<\/p>\n<\/td>\n<td width=\"51\">\n<p>16:06<\/p>\n<\/td>\n<\/tr>\n<tr>\n<td width=\"56\">\n<p>8<\/p>\n<\/td>\n<td width=\"60\">\n<p>1700<\/p>\n<\/td>\n<td width=\"160\">\n<p>Teikas<\/p>\n<\/td>\n<td width=\"79\">\n<p>11.8<\/p>\n<\/td>\n<td width=\"79\">\n<p>1.2<\/p>\n<\/td>\n<td width=\"84\">\n<p>2<\/p>\n<\/td>\n<td width=\"59\">\n<p>&nbsp;<\/p>\n<\/td>\n<td width=\"51\">\n<p>16:10<\/p>\n<\/td>\n<\/tr>\n<tr>\n<td width=\"56\">\n<p>9<\/p>\n<\/td>\n<td width=\"60\">\n<p>1699<\/p>\n<\/td>\n<td width=\"160\">\n<p>Kadilas<\/p>\n<\/td>\n<td width=\"79\">\n<p>13<\/p>\n<\/td>\n<td width=\"79\">\n<p>1<\/p>\n<\/td>\n<td width=\"84\">\n<p>2<\/p>\n<\/td>\n<td width=\"59\">\n<p>&nbsp;<\/p>\n<\/td>\n<td width=\"51\">\n<p>16:12<\/p>\n<\/td>\n<\/tr>\n<tr>\n<td width=\"56\">\n<p>10<\/p>\n<\/td>\n<td width=\"60\">\n<p>1698<\/p>\n<\/td>\n<td width=\"160\">\n<p>Vecanna<\/p>\n<\/td>\n<td width=\"79\">\n<p>14<\/p>\n<\/td>\n<td width=\"79\">\n<p>2.9<\/p>\n<\/td>\n<td width=\"84\">\n<p>3<\/p>\n<\/td>\n<td width=\"59\">\n<p>&nbsp;<\/p>\n<\/td>\n<td width=\"51\">\n<p>16:14<\/p>\n<\/td>\n<\/tr>\n<tr>\n<td width=\"56\">\n<p>11<\/p>\n<\/td>\n<td width=\"60\">\n<p>1962<\/p>\n<\/td>\n<td width=\"160\">\n<p>Anna<\/p>\n<\/td>\n<td width=\"79\">\n<p>16.9<\/p>\n<\/td>\n<td width=\"79\">\n<p>2.1<\/p>\n<\/td>\n<td width=\"84\">\n<p>3<\/p>\n<\/td>\n<td width=\"59\">\n<p>&nbsp;<\/p>\n<\/td>\n<td width=\"51\">\n<p>16:17<\/p>\n<\/td>\n<\/tr>\n<tr>\n<td width=\"56\">\n<p>12<\/p>\n<\/td>\n<td width=\"60\">\n<p>2734<\/p>\n<\/td>\n<td width=\"160\">\n<p>R\u016bpnieki<\/p>\n<\/td>\n<td width=\"79\">\n<p>19<\/p>\n<\/td>\n<td width=\"79\">\n<p>1.5<\/p>\n<\/td>\n<td width=\"84\">\n<p>3<\/p>\n<\/td>\n<td width=\"59\">\n<p>&nbsp;<\/p>\n<\/td>\n<td width=\"51\">\n<p>16:20<\/p>\n<\/td>\n<\/tr>\n<tr>\n<td width=\"56\">\n<p>13<\/p>\n<\/td>\n<td width=\"60\">\n<p>7778<\/p>\n<\/td>\n<td width=\"160\">\n<p>Sauleskalns<\/p>\n<\/td>\n<td width=\"79\">\n<p>20.5<\/p>\n<\/td>\n<td width=\"79\">\n<p>1.7<\/p>\n<\/td>\n<td width=\"84\">\n<p>3<\/p>\n<\/td>\n<td width=\"59\">\n<p>&nbsp;<\/p>\n<\/td>\n<td width=\"51\">\n<p>16:23<\/p>\n<\/td>\n<\/tr>\n<tr>\n<td width=\"56\">\n<p>14<\/p>\n<\/td>\n<td width=\"60\">\n<p>4353<\/p>\n<\/td>\n<td width=\"160\">\n<p>Sudrabi<\/p>\n<\/td>\n<td width=\"79\">\n<p>22.2<\/p>\n<\/td>\n<td width=\"79\">\n<p>1.3<\/p>\n<\/td>\n<td width=\"84\">\n<p>2<\/p>\n<\/td>\n<td width=\"59\">\n<p>&nbsp;<\/p>\n<\/td>\n<td width=\"51\">\n<p>16:26<\/p>\n<\/td>\n<\/tr>\n<tr>\n<td width=\"56\">\n<p>15<\/p>\n<\/td>\n<td width=\"60\">\n<p>1894<\/p>\n<\/td>\n<td width=\"160\">\n<p>Ate<\/p>\n<\/td>\n<td width=\"79\">\n<p>23.5<\/p>\n<\/td>\n<td width=\"79\">\n<p>2.1<\/p>\n<\/td>\n<td width=\"84\">\n<p>3<\/p>\n<\/td>\n<td width=\"59\">\n<p>&nbsp;<\/p>\n<\/td>\n<td width=\"51\">\n<p>16:28<\/p>\n<\/td>\n<\/tr>\n<tr>\n<td width=\"56\">\n<p>16<\/p>\n<\/td>\n<td width=\"60\">\n<p>2990<\/p>\n<\/td>\n<td width=\"160\">\n<p>Ermi\u0137i<\/p>\n<\/td>\n<td width=\"79\">\n<p>25.6<\/p>\n<\/td>\n<td width=\"79\">\n<p>1.1<\/p>\n<\/td>\n<td width=\"84\">\n<p>3<\/p>\n<\/td>\n<td width=\"59\">\n<p>&nbsp;<\/p>\n<\/td>\n<td width=\"51\">\n<p>16:31<\/p>\n<\/td>\n<\/tr>\n<tr>\n<td width=\"56\">\n<p>17<\/p>\n<\/td>\n<td width=\"60\">\n<p>1967<\/p>\n<\/td>\n<td width=\"160\">\n<p>Kalncempji<\/p>\n<\/td>\n<td width=\"79\">\n<p>26.7<\/p>\n<\/td>\n<td width=\"79\">\n<p>0<\/p>\n<\/td>\n<td width=\"84\">\n<p>&nbsp;<\/p>\n<\/td>\n<td width=\"59\">\n<p>16:34<\/p>\n<\/td>\n<td width=\"51\">\n<p>&nbsp;<\/p>\n<\/td>\n<\/tr>\n<tr>\n<td colspan=\"3\" rowspan=\"2\" width=\"275\">\n<p>&nbsp;<\/p>\n<\/td>\n<td colspan=\"3\" width=\"243\">\n<p>Reisa izpildes dienas<\/p>\n<\/td>\n<td colspan=\"2\" width=\"109\">\n<p>1 2 3 4 5 &#8211; &#8211;<\/p>\n<\/td>\n<\/tr>\n<tr>\n<td colspan=\"5\" width=\"352\">\n<p>Reiss Al\u016bksne-Anna-Kalncempji kurs\u0113 01.09 &#8211; 11.06,<\/p>\n<\/td>\n<\/tr>\n<\/tbody>\n<\/table>\n<p>&nbsp;<\/p>\n","protected":false},"excerpt":{"rendered":"<p>&nbsp; Kalncempju pagasta pirmsskolas oblig\u0101t\u0101 izgl\u012bt\u012bbas vecuma, visp\u0101r\u0113j\u0101s pamatizgl\u012bt\u012bbas un visp\u0101r\u0113j\u0101s vid\u0113j\u0101s izgl\u012bt\u012bbas iest\u0101\u017eu izgl\u012btojamo nok\u013c\u016b\u0161ana no pa\u0161vald\u012bbas teritorij\u0101 eso\u0161as dz\u012bvesvietas uz izgl\u012bt\u012bbas iest\u0101di un atpaka\u013c dz\u012bvesviet\u0101 tiks nodro\u0161in\u0101ta ar pa\u0161vald\u012bbas un sabiedrisko transportu. Pa\u0161vald\u012bbas transports tiks nodro\u0161in\u0101ts mar\u0161rutos:\u00a0 Mar\u0161ruta&#8230;<br \/><a class=\"read-more-button\" href=\"https:\/\/aluksne.lv\/index.php\/izglitiba\/skolenu-parvadajumu-marsruti\/kalncempju-pagasts\/\">Las\u012bt visu<\/a><\/p>\n","protected":false},"author":1,"featured_media":0,"parent":30600,"menu_order":0,"comment_status":"closed","ping_status":"closed","template":"","meta":{"_crdt_document":"","_monsterinsights_skip_tracking":false,"_monsterinsights_sitenote_active":false,"_monsterinsights_sitenote_note":"","_monsterinsights_sitenote_category":0,"footnotes":"","_links_to":"","_links_to_target":""},"class_list":["post-35241","page","type-page","status-publish","hentry"],"_links":{"self":[{"href":"https:\/\/aluksne.lv\/index.php\/wp-json\/wp\/v2\/pages\/35241","targetHints":{"allow":["GET"]}}],"collection":[{"href":"https:\/\/aluksne.lv\/index.php\/wp-json\/wp\/v2\/pages"}],"about":[{"href":"https:\/\/aluksne.lv\/index.php\/wp-json\/wp\/v2\/types\/page"}],"author":[{"embeddable":true,"href":"https:\/\/aluksne.lv\/index.php\/wp-json\/wp\/v2\/users\/1"}],"replies":[{"embeddable":true,"href":"https:\/\/aluksne.lv\/index.php\/wp-json\/wp\/v2\/comments?post=35241"}],"version-history":[{"count":0,"href":"https:\/\/aluksne.lv\/index.php\/wp-json\/wp\/v2\/pages\/35241\/revisions"}],"up":[{"embeddable":true,"href":"https:\/\/aluksne.lv\/index.php\/wp-json\/wp\/v2\/pages\/30600"}],"wp:attachment":[{"href":"https:\/\/aluksne.lv\/index.php\/wp-json\/wp\/v2\/media?parent=35241"}],"curies":[{"name":"wp","href":"https:\/\/api.w.org\/{rel}","templated":true}]}}