{"id":354,"date":"2016-03-15T06:31:11","date_gmt":"2016-03-15T06:31:11","guid":{"rendered":"http:\/\/aluksne.lv\/jauna1\/?page_id=354"},"modified":"2026-01-30T19:59:46","modified_gmt":"2026-01-30T17:59:46","slug":"ipasumi","status":"publish","type":"page","link":"https:\/\/aluksne.lv\/index.php\/pasvaldiba\/ipasumi\/","title":{"rendered":"\u012apa\u0161umi"},"content":{"rendered":"<div id=\"pl-354\"  class=\"panel-layout\" ><div id=\"pg-354-0\"  class=\"panel-grid panel-no-style\" ><div id=\"pgc-354-0-0\"  class=\"panel-grid-cell\" ><div id=\"panel-354-0-0-0\" class=\"so-panel widget widget_sow-editor panel-first-child panel-last-child\" data-index=\"0\" ><div\n\t\t\t\n\t\t\tclass=\"so-widget-sow-editor so-widget-sow-editor-base\"\n\t\t\t\n\t\t>\n<div class=\"siteorigin-widget-tinymce textwidget\">\n\t<p>&nbsp;<\/p>\n<table class=\"hoverTable\" style=\"border-collapse: collapse; width: 100%;\">\n<tbody>\n<tr>\n<td style=\"width: 50%;\"><a href=\"https:\/\/aluksne.lv\/index.php\/pasvaldiba\/ipasumi\/informacija-par-pasvaldibas-ipasumiem\/\"><strong>Inform\u0101cija par pa\u0161vald\u012bbas \u012bpa\u0161umiem<\/strong><\/a><\/td>\n<td style=\"width: 50%;\"><a href=\"https:\/\/aluksne.lv\/index.php\/pasvaldiba\/ipasumi\/informacija-par-nomatiem-un-iznomatiem-nekustamiem-ipasumiem\/\">Inform\u0101cija par nom\u0101tiem un iznom\u0101tiem nekustamiem \u012bpa\u0161umiem<\/a><\/td>\n<\/tr>\n<tr>\n<td style=\"font-size: 14pt;\"><a href=\"http:\/\/aluksne.lv\/index.php\/pasvaldiba\/ipasumi\/iznomajamo-un-atsavinamo-nekustamo-ipasumu-saraksts\/\">Inform\u0101cija par iznom\u0101jamiem un atsavin\u0101miem pa\u0161vald\u012bbas nekustamajiem \u012bpa\u0161umiem<\/a><\/td>\n<td style=\"font-size: 14pt;\"><a href=\"https:\/\/aluksne.lv\/index.php\/pasvaldiba\/ipasumi\/medibu-tiesibu-nomai-nododamie-zemes-gabali\/\"><strong>Med\u012bbu ties\u012bbu nomai nododamie zemes gabali<\/strong><\/a><\/td>\n<\/tr>\n<tr>\n<td style=\"width: 50%;\"><a href=\"https:\/\/aluksne.lv\/index.php\/pasvaldiba\/ipasumi\/pasvaldibai-piederoso-neizireto-dzivojamo-telpu-saraksts\/\">Pa\u0161vald\u012bbai piedero\u0161o neiz\u012br\u0113to dz\u012bvojamo telpu saraksts<\/a><\/td>\n<td style=\"width: 50%;\"><a href=\"https:\/\/aluksne.lv\/index.php\/pasvaldiba\/ipasumi\/pazinojumi\/\">Pazi\u0146ojumi<\/a><\/td>\n<\/tr>\n<tr>\n<td style=\"width: 50%;\"><a href=\"https:\/\/aluksne.lv\/wp-content\/uploads\/2024\/11\/305_Noteikumi_irnieku_ieguldijumu_kompensesana.pdf\">Noteikumi par \u012brnieku veikto ieguld\u012bjumu kompens\u0113\u0161anu Al\u016bksnes novada pa\u0161vald\u012bbas dz\u012bvojamaj\u0101s telp\u0101s<\/a> (.pdf)<\/td>\n<td style=\"width: 50%;\"><a href=\"https:\/\/aluksne.lv\/wp-content\/uploads\/2024\/04\/5_Kartiba_atsavinasanas_process.pdf\">K\u0101rt\u012bba, k\u0101d\u0101 tiek organiz\u0113ts Al\u016bksnes novada pa\u0161vald\u012bbas mantas iznom\u0101\u0161ana un atsavin\u0101\u0161anas process<\/a> (.pdf)<\/td>\n<\/tr>\n<tr>\n<td style=\"width: 50%;\"><a href=\"https:\/\/aluksne.lv\/index.php\/pasvaldiba\/ipasumi\/atsavinamu-pasvaldibas-dzivojamo-telpu-grupu-saraksts\/\">Atsavin\u0101mu pa\u0161vald\u012bbas dz\u012bvojamo telpu saraksts<\/a><\/td>\n<\/tr>\n<\/tbody>\n<\/table>\n<div id=\"widus1\"><\/div>\n<div>\n<h3 style=\"text-align: center;\"><strong>Visp\u0101r\u0113ja inform\u0101cija par \u012bpa\u0161umiem<\/strong><\/h3>\n<p>&nbsp;<\/p>\n<p>Zemesgr\u0101mat\u0101s ieraksta nekustamus \u012bpa\u0161umus un nostiprina ar tiem saist\u012bt\u0101s ties\u012bbas. Zemesgr\u0101matas ir visiem pieejamas, un to ierakstiem ir publiska ticam\u012bba. Atbilsto\u0161i Zemesgr\u0101matu likuma 1.pantam nekustamo \u012bpa\u0161umu ierakst\u012b\u0161ana un lietu ties\u012bbu nostiprin\u0101\u0161ana ir oblig\u0101ta. Attiec\u012bgi inform\u0101cija par nekustamajiem \u012bpa\u0161umiem ir pieejama Valsts vienotaj\u0101 datoriz\u0113taj\u0101 zemesgr\u0101mat\u0101 (pieejama <a href=\"https:\/\/www.zemesgramata.lv\/\">https:\/\/www.zemesgramata.lv\/<\/a>).<\/p>\n<p>Inform\u0101cija par nekustamajiem \u012bpa\u0161umiem, to objektiem, zemes vien\u012bbas da\u013c\u0101m un to \u012bpa\u0161niekiem, tiesiskajiem vald\u012bt\u0101jiem, lietot\u0101jiem ir pieejama Nekustam\u0101 \u012bpa\u0161uma valsts kadastra inform\u0101cijas sist\u0113m\u0101 (pieejama <a href=\"https:\/\/www.kadastrs.lv\/\">https:\/\/www.kadastrs.lv\/<\/a>).<\/p>\n<p>Inform\u0101cija par publisku personu nekustamo \u012bpa\u0161umu un kustam\u0101s mantas atsavin\u0101\u0161anas vai iznom\u0101\u0161anas elektroniskaj\u0101m izsol\u0113m pieejama Elektronisko izso\u013cu vietn\u0113 <a href=\"https:\/\/izsoles.ta.gov.lv\/\">https:\/\/izsoles.ta.gov.lv\/<\/a>.<\/p>\n<p>Inform\u0101cija par Al\u016bksnes novada pa\u0161vald\u012bbas \u012bpa\u0161umu atsavin\u0101\u0161anas izsol\u0113m un to rezult\u0101tiem pieejama \u0161eit: <a href=\"https:\/\/aluksne.lv\/index.php\/pasvaldiba\/izsoles\/\">https:\/\/aluksne.lv\/index.php\/pasvaldiba\/izsoles\/<\/a><\/p>\n<p>Jaut\u0101jumu gad\u012bjum\u0101 par Al\u016bksnes novada pa\u0161vald\u012bbas \u012bpa\u0161umu atsavin\u0101\u0161anu vai iznom\u0101\u0161anu, l\u016bdzam sazin\u0101ties ar pa\u0161vald\u012bbas izpilddirektoru Ingu Berkuli, t\u0101lrunis 28686707, e-pasts ingus.berkulis@aluksne.lv vai Centr\u0101l\u0101s administr\u0101cijas Att\u012bst\u012bbas noda\u013cas vad\u012bt\u0101ju Inesi Z\u012bmeli-Jauni\u0146u, t\u0101lrunis 26463917, e-pasts inese.zimele@aluksne.lv; izso\u013cu gad\u012bjum\u0101 - ar konkr\u0113t\u0101s izsoles dokument\u0101cij\u0101 nor\u0101d\u012bto kontaktpersonu.<\/p>\n<\/div>\n<\/div>\n<\/div><\/div><\/div><div id=\"pgc-354-0-1\"  class=\"panel-grid-cell\" >\t\t<style type=\"text\/css\">\n\t\t\t#accordeconck1 { margin:0;padding:0; }\n#accordeconck1 .accordeonck_desc { display:block; }\n#accordeconck1 li.accordeonck { list-style: none;overflow: hidden; margin: 0;}\n#accordeconck1 ul[class^=\"content\"] { margin:0;padding:0;width:auto; }\n#accordeconck1 li.accordeonck > span { position: relative; display: block; }\n#accordeconck1 li.accordeonck.parent > span { padding-right: 20px;}\n#accordeconck1 li.parent > span span.toggler_icon { position: absolute; cursor: pointer; display: block; height: 100%; z-index: 10;right:0; background: url(https:\/\/aluksne.lv\/wp-content\/plugins\/accordeon-menu-ck\/images\/plus.png) center center no-repeat !important;width: 20px;}\n#accordeconck1 li.parent.open > span span.toggler_icon { right:0; background: url(https:\/\/aluksne.lv\/wp-content\/plugins\/accordeon-menu-ck\/images\/minus.png) center center no-repeat !important;}\n#accordeconck1 li.accordeonck.level2 > span { }\n#accordeconck1 li.level3 li.accordeonck > span { }\n#accordeconck1 a.accordeonck { display: block;text-decoration: none; }\n#accordeconck1 a.accordeonck:hover { text-decoration: none; }\n#accordeconck1 li.parent > span a { display: block;outline: none; }\n#accordeconck1 li.parent.open > span a {  }\n#accordeconck1 li.level2.parent > span span.toggler_icon { right:0;display: block;outline: none;background: url(https:\/\/aluksne.lv\/wp-content\/plugins\/accordeon-menu-ck\/images\/plus.png) center center no-repeat !important; }\n#accordeconck1 li.level2.parent.open > span span.toggler_icon { background: url(https:\/\/aluksne.lv\/wp-content\/plugins\/accordeon-menu-ck\/images\/minus.png) center center no-repeat !important; }\n#accordeconck1 li.level2 li.accordeonck.parent > span span.toggler_icon { right:0;display: block;outline: none;background: url(https:\/\/aluksne.lv\/wp-content\/plugins\/accordeon-menu-ck\/images\/plus.png) center center no-repeat !important; }\n#accordeconck1 li.level2 li.accordeonck.open.parent > span span.toggler_icon { background: url(https:\/\/aluksne.lv\/wp-content\/plugins\/accordeon-menu-ck\/images\/minus.png) center center no-repeat !important; }\n#accordeconck1  {\n\tbackground: #86C2DB;\n\tbackground-size: auto;\tbackground-image: -o-linear-gradient(center top,#86C2DB, #86C2DB 100%);\n\tbackground-image: -webkit-gradient(linear, left top, left bottom,from(#86C2DB), color-stop(100%, #86C2DB));\n\tbackground-image: -moz-linear-gradient(center top,#86C2DB, #86C2DB 100%);\n\tbackground-image: linear-gradient(to bottom,#86C2DB, #86C2DB 100%);\n\tborder-top: none;\n\tborder-bottom: none;\n\tborder-left: none;\n\tborder-right: none;\n\tpadding-top: 5px;\n\tpadding-right: 5px;\n\tpadding-bottom: 5px;\n\tpadding-left: 5px;\n\tfont-family: ;\n}\n\n#accordeconck1  a {\n\tfont-family: ;\n}\n\n#accordeconck1 li.level1 > span a {\n\tcolor: #FFFFFF;\n\tpadding-top: 5px;\n\tpadding-right: 5px;\n\tpadding-bottom: 5px;\n\tpadding-left: 5px;\n\tfont-size: 15px;\n}\n\n#accordeconck1 li.level1 > span a a {\n\tcolor: #FFFFFF;\n\tfont-size: 15px;\n}\n\n#accordeconck1 li.level1 > span .accordeonck_desc {\n\tfont-size: 10px;\n}\n\n#accordeconck1 li.level1 > span .accordeonck_desc a {\n\tfont-size: 10px;\n}\n\n#accordeconck1 li.level1:hover > span a {\n\tcolor: #000000;\n}\n\n#accordeconck1 li.level1:hover > span a a {\n\tcolor: #000000;\n}\n\n#accordeconck1 li.level1 > ul {\n\tbackground-size: auto;\tfont-family: ;\n}\n\n#accordeconck1 li.level1 > ul a {\n\tfont-family: ;\n}\n\n#accordeconck1 li.level2 > span a {\n\tcolor: #636363;\n\tpadding-top: 5px;\n\tpadding-bottom: 5px;\n\tpadding-left: 15px;\n}\n\n#accordeconck1 li.level2 > span a a {\n\tcolor: #636363;\n}\n\n#accordeconck1 li.level2:hover > span a {\n\tcolor: #000000;\n}\n\n#accordeconck1 li.level2:hover > span a a {\n\tcolor: #000000;\n}\n\n#accordeconck1 li.level2 ul[class^=\"content\"] {\n\tbackground-size: auto;\tfont-family: ;\n}\n\n#accordeconck1 li.level2 ul[class^=\"content\"] a {\n\tfont-family: ;\n}\n\n#accordeconck1 li.level2 li.accordeonck > span a {\n\tcolor: #636363;\n\tpadding-top: 2px;\n\tpadding-bottom: 2px;\n\tpadding-left: 20px;\n}\n\n#accordeconck1 li.level2 li.accordeonck > span a a {\n\tcolor: #636363;\n}\n\n#accordeconck1 li.level2 li.accordeonck:hover > span a {\n\tcolor: #000000;\n}\n\n#accordeconck1 li.level2 li.accordeonck:hover > span a a {\n\tcolor: #000000;\n}\t\t<\/style>\n\t\t<div id=\"panel-354-0-1-0\" class=\"so-panel widget widget_accordeon-menu-ck panel-first-child panel-last-child\" data-index=\"1\" ><ul id=\"accordeconck1\" class=\"menu\"><li id=\"menu-item-2360\" class=\"menu-item menu-item-type-post_type menu-item-object-page accordeonck menu-item-2360 level1\"><span class=\"accordeonck_outer \"><a href=\"https:\/\/aluksne.lv\/index.php\/pasvaldiba\/par-aluksnes-novada-domes-darbu\/\" class=\"accordeonck\">Par Al\u016bksnes novada domes darbu<\/a><\/span><\/li>\n<li id=\"menu-item-2361\" class=\"menu-item menu-item-type-post_type menu-item-object-page accordeonck menu-item-2361 level1\"><span class=\"accordeonck_outer \"><a href=\"https:\/\/aluksne.lv\/index.php\/pasvaldiba\/dokumenti\/\" class=\"accordeonck\">Dokumenti<\/a><\/span><\/li>\n<li id=\"menu-item-2362\" class=\"menu-item menu-item-type-post_type menu-item-object-page accordeonck menu-item-2362 level1\"><span class=\"accordeonck_outer \"><a href=\"https:\/\/aluksne.lv\/index.php\/pasvaldiba\/ipasumi\/\" class=\"accordeonck\">\u012apa\u0161umi<\/a><\/span><\/li>\n<li id=\"menu-item-2363\" class=\"menu-item menu-item-type-post_type menu-item-object-page accordeonck menu-item-2363 level1\"><span class=\"accordeonck_outer \"><a href=\"https:\/\/aluksne.lv\/index.php\/pasvaldiba\/iepirkumi\/\" class=\"accordeonck\">Iepirkumi<\/a><\/span><\/li>\n<li id=\"menu-item-2364\" class=\"menu-item menu-item-type-post_type menu-item-object-page accordeonck menu-item-2364 level1\"><span class=\"accordeonck_outer \"><a href=\"https:\/\/aluksne.lv\/index.php\/pasvaldiba\/kontakti\/\" class=\"accordeonck\">Kontakti<\/a><\/span><\/li>\n<li id=\"menu-item-2365\" class=\"menu-item menu-item-type-post_type menu-item-object-page accordeonck menu-item-2365 level1\"><span class=\"accordeonck_outer \"><a href=\"https:\/\/aluksne.lv\/index.php\/pasvaldiba\/budzets\/\" class=\"accordeonck\">Bud\u017eets<\/a><\/span><\/li>\n<li id=\"menu-item-2367\" class=\"menu-item menu-item-type-post_type menu-item-object-page accordeonck menu-item-2367 level1\"><span class=\"accordeonck_outer \"><a href=\"https:\/\/aluksne.lv\/index.php\/pasvaldiba\/pakalpojumi\/\" class=\"accordeonck\">Pakalpojumi<\/a><\/span><\/li>\n<li id=\"menu-item-2368\" class=\"menu-item menu-item-type-post_type menu-item-object-page accordeonck menu-item-2368 level1\"><span class=\"accordeonck_outer \"><a href=\"https:\/\/aluksne.lv\/index.php\/pasvaldiba\/izsoles\/\" class=\"accordeonck\">Izsoles<\/a><\/span><\/li>\n<li id=\"menu-item-2369\" class=\"menu-item menu-item-type-post_type menu-item-object-page accordeonck menu-item-2369 level1\"><span class=\"accordeonck_outer \"><a href=\"https:\/\/aluksne.lv\/index.php\/pasvaldiba\/kapitalsabiedribas\/\" class=\"accordeonck\">Kapit\u0101l sabiedr\u012bbas<\/a><\/span><\/li>\n<li id=\"menu-item-2370\" class=\"menu-item menu-item-type-post_type menu-item-object-page accordeonck menu-item-2370 level1\"><span class=\"accordeonck_outer \"><a href=\"https:\/\/aluksne.lv\/index.php\/pasvaldiba\/komisijas\/\" class=\"accordeonck\">Komisijas<\/a><\/span><\/li>\n<li id=\"menu-item-2372\" class=\"menu-item menu-item-type-post_type menu-item-object-page accordeonck menu-item-2372 level1\"><span class=\"accordeonck_outer \"><a href=\"https:\/\/aluksne.lv\/index.php\/pasvaldiba\/socialas-un-citas-iestades\/\" class=\"accordeonck\">Soci\u0101l\u0101s un citas iest\u0101des<\/a><\/span><\/li>\n<li id=\"menu-item-2373\" class=\"menu-item menu-item-type-post_type menu-item-object-page accordeonck menu-item-2373 level1\"><span class=\"accordeonck_outer \"><a href=\"https:\/\/aluksne.lv\/index.php\/pasvaldiba\/buvvalde\/\" class=\"accordeonck\">B\u016bvvalde<\/a><\/span><\/li>\n<li id=\"menu-item-2374\" class=\"menu-item menu-item-type-post_type menu-item-object-page accordeonck menu-item-2374 level1\"><span class=\"accordeonck_outer \"><a href=\"https:\/\/aluksne.lv\/index.php\/pasvaldiba\/kontakti\/pagastu-parvaldes\/\" class=\"accordeonck\">Al\u016bksnes novada pagastu apvien\u012bbas p\u0101rvalde<\/a><\/span><\/li>\n<li id=\"menu-item-2375\" class=\"menu-item menu-item-type-post_type menu-item-object-page accordeonck menu-item-2375 level1\"><span class=\"accordeonck_outer \"><a href=\"https:\/\/aluksne.lv\/index.php\/pasvaldiba\/pasvaldibas-struktura\/\" class=\"accordeonck\">Pa\u0161vald\u012bbas strukt\u016bra<\/a><\/span><\/li>\n<li id=\"menu-item-2376\" class=\"menu-item menu-item-type-post_type menu-item-object-page accordeonck menu-item-2376 level1\"><span class=\"accordeonck_outer \"><a href=\"https:\/\/aluksne.lv\/index.php\/3461-2\/vakances-novada\/\" class=\"accordeonck\">Vakances pa\u0161vald\u012bb\u0101<\/a><\/span><\/li>\n<li id=\"menu-item-2377\" class=\"menu-item menu-item-type-post_type menu-item-object-page accordeonck menu-item-2377 level1\"><span class=\"accordeonck_outer \"><a href=\"https:\/\/aluksne.lv\/index.php\/pasvaldiba\/aluksnes-novada-vestis\/\" class=\"accordeonck\">Al\u016bksnes Novada V\u0113stis<\/a><\/span><\/li>\n<li id=\"menu-item-15833\" class=\"menu-item menu-item-type-post_type menu-item-object-page accordeonck menu-item-15833 level1\"><span class=\"accordeonck_outer \"><a href=\"https:\/\/aluksne.lv\/index.php\/pasvaldiba\/asenizatoru-registrs\/\" class=\"accordeonck\">Asenizatoru re\u0123istrs<\/a><\/span><\/li>\n<\/ul>\t\t<script type=\"text\/javascript\"> <!--\n\t\t\n\t\t\tjQuery(document).ready(function(){\n\t\t\t\tjQuery('#accordeconck1').accordeonmenuck({eventtype : 'click',transition : 'linear',showactive : '1',showactivesubmenu : '0',duree : 500});\n\t\t\t}); \t\t\/\/--> <\/script>\n\t\t<\/div><\/div><\/div><\/div>","protected":false},"excerpt":{"rendered":"<p>&nbsp; Inform\u0101cija par pa\u0161vald\u012bbas \u012bpa\u0161umiem Inform\u0101cija par nom\u0101tiem un iznom\u0101tiem nekustamiem \u012bpa\u0161umiem Inform\u0101cija par iznom\u0101jamiem un atsavin\u0101miem pa\u0161vald\u012bbas nekustamajiem \u012bpa\u0161umiem Med\u012bbu ties\u012bbu nomai nododamie zemes gabali Pa\u0161vald\u012bbai piedero\u0161o neiz\u012br\u0113to dz\u012bvojamo telpu saraksts Pazi\u0146ojumi Noteikumi par \u012brnieku veikto ieguld\u012bjumu kompens\u0113\u0161anu Al\u016bksnes&#8230;<br \/><a class=\"read-more-button\" href=\"https:\/\/aluksne.lv\/index.php\/pasvaldiba\/ipasumi\/\">Las\u012bt visu<\/a><\/p>\n","protected":false},"author":1,"featured_media":0,"parent":6,"menu_order":0,"comment_status":"closed","ping_status":"closed","template":"","meta":{"_crdt_document":"","_monsterinsights_skip_tracking":false,"_monsterinsights_sitenote_active":false,"_monsterinsights_sitenote_note":"","_monsterinsights_sitenote_category":0,"footnotes":"","_links_to":"","_links_to_target":""},"class_list":["post-354","page","type-page","status-publish","hentry"],"_links":{"self":[{"href":"https:\/\/aluksne.lv\/index.php\/wp-json\/wp\/v2\/pages\/354","targetHints":{"allow":["GET"]}}],"collection":[{"href":"https:\/\/aluksne.lv\/index.php\/wp-json\/wp\/v2\/pages"}],"about":[{"href":"https:\/\/aluksne.lv\/index.php\/wp-json\/wp\/v2\/types\/page"}],"author":[{"embeddable":true,"href":"https:\/\/aluksne.lv\/index.php\/wp-json\/wp\/v2\/users\/1"}],"replies":[{"embeddable":true,"href":"https:\/\/aluksne.lv\/index.php\/wp-json\/wp\/v2\/comments?post=354"}],"version-history":[{"count":1,"href":"https:\/\/aluksne.lv\/index.php\/wp-json\/wp\/v2\/pages\/354\/revisions"}],"predecessor-version":[{"id":60323,"href":"https:\/\/aluksne.lv\/index.php\/wp-json\/wp\/v2\/pages\/354\/revisions\/60323"}],"up":[{"embeddable":true,"href":"https:\/\/aluksne.lv\/index.php\/wp-json\/wp\/v2\/pages\/6"}],"wp:attachment":[{"href":"https:\/\/aluksne.lv\/index.php\/wp-json\/wp\/v2\/media?parent=354"}],"curies":[{"name":"wp","href":"https:\/\/api.w.org\/{rel}","templated":true}]}}