{"id":356,"date":"2016-03-15T06:31:35","date_gmt":"2016-03-15T06:31:35","guid":{"rendered":"http:\/\/aluksne.lv\/jauna1\/?page_id=356"},"modified":"2026-02-05T09:32:09","modified_gmt":"2026-02-05T07:32:09","slug":"iepirkumi","status":"publish","type":"page","link":"https:\/\/aluksne.lv\/index.php\/pasvaldiba\/iepirkumi\/","title":{"rendered":"Iepirkumi"},"content":{"rendered":"<p style=\"text-align: left;\"><strong>2019. gada 1. janv\u0101r\u012b ir st\u0101ju\u0161ies sp\u0113k\u0101 groz\u012bjumi Publisko iepirkumu likum\u0101, paredzot, ka turpm\u0101k pas\u016bt\u012bt\u0101jiem visa inform\u0101cija par iepirkumiem, <\/strong><strong>kas veido pirc\u0113ja profilu, ir j\u0101izvieto tikai Elektronisko iepirkumu sist\u0113m\u0101. <\/strong><strong>Inform\u0101ciju par pa\u0161vald\u012bbas aktu\u0101lajiem iepirkumiem l\u016bdzam skat\u012bt \u2013 <a href=\"https:\/\/www.eis.gov.lv\/EKEIS\/Supplier\/Organizer\/837\" target=\"new\" rel=\"noopener noreferrer\">www.eis.gov.lv<\/a>.<\/strong><\/p>\n<table class=\"hoverTable\">\n<tbody>\n<tr>\n<td><a href=\"index.php\/pasvaldiba\/iepirkumi\/cenu-aptauja\/\">Cenu aptauja<\/a><\/td>\n<\/tr>\n<\/tbody>\n<\/table>\n<p>&nbsp;<\/p>\n<p style=\"text-align: center;\">\u00a0<\/p>\n","protected":false},"excerpt":{"rendered":"<p>2019. gada 1. janv\u0101r\u012b ir st\u0101ju\u0161ies sp\u0113k\u0101 groz\u012bjumi Publisko iepirkumu likum\u0101, paredzot, ka turpm\u0101k pas\u016bt\u012bt\u0101jiem visa inform\u0101cija par iepirkumiem, kas veido pirc\u0113ja profilu, ir j\u0101izvieto tikai Elektronisko iepirkumu sist\u0113m\u0101. Inform\u0101ciju par pa\u0161vald\u012bbas aktu\u0101lajiem iepirkumiem l\u016bdzam skat\u012bt \u2013 www.eis.gov.lv. Cenu aptauja&#8230;<br \/><a class=\"read-more-button\" href=\"https:\/\/aluksne.lv\/index.php\/pasvaldiba\/iepirkumi\/\">Las\u012bt visu<\/a><\/p>\n","protected":false},"author":1,"featured_media":0,"parent":6,"menu_order":0,"comment_status":"closed","ping_status":"closed","template":"","meta":{"_crdt_document":"","_monsterinsights_skip_tracking":false,"_monsterinsights_sitenote_active":false,"_monsterinsights_sitenote_note":"","_monsterinsights_sitenote_category":0,"footnotes":"","_links_to":"","_links_to_target":""},"class_list":["post-356","page","type-page","status-publish","hentry"],"_links":{"self":[{"href":"https:\/\/aluksne.lv\/index.php\/wp-json\/wp\/v2\/pages\/356","targetHints":{"allow":["GET"]}}],"collection":[{"href":"https:\/\/aluksne.lv\/index.php\/wp-json\/wp\/v2\/pages"}],"about":[{"href":"https:\/\/aluksne.lv\/index.php\/wp-json\/wp\/v2\/types\/page"}],"author":[{"embeddable":true,"href":"https:\/\/aluksne.lv\/index.php\/wp-json\/wp\/v2\/users\/1"}],"replies":[{"embeddable":true,"href":"https:\/\/aluksne.lv\/index.php\/wp-json\/wp\/v2\/comments?post=356"}],"version-history":[{"count":2,"href":"https:\/\/aluksne.lv\/index.php\/wp-json\/wp\/v2\/pages\/356\/revisions"}],"predecessor-version":[{"id":60457,"href":"https:\/\/aluksne.lv\/index.php\/wp-json\/wp\/v2\/pages\/356\/revisions\/60457"}],"up":[{"embeddable":true,"href":"https:\/\/aluksne.lv\/index.php\/wp-json\/wp\/v2\/pages\/6"}],"wp:attachment":[{"href":"https:\/\/aluksne.lv\/index.php\/wp-json\/wp\/v2\/media?parent=356"}],"curies":[{"name":"wp","href":"https:\/\/api.w.org\/{rel}","templated":true}]}}