{"id":358,"date":"2016-03-15T06:32:03","date_gmt":"2016-03-15T06:32:03","guid":{"rendered":"http:\/\/aluksne.lv\/jauna1\/?page_id=358"},"modified":"2017-12-27T08:05:41","modified_gmt":"2017-12-27T08:05:41","slug":"projekti","status":"publish","type":"page","link":"https:\/\/aluksne.lv\/index.php\/pasvaldiba\/projekti\/","title":{"rendered":"Projekti"},"content":{"rendered":"<h2><a href=\"http:\/\/aluksne.lv\/projekti\/visi\/projekti.php\" target=\"_blank\" rel=\"noopener\">Realiz\u0101cij\u0101 eso\u0161ie projekti<\/a><\/h2>\n","protected":false},"excerpt":{"rendered":"<p>Realiz\u0101cij\u0101 eso\u0161ie projekti<\/p>\n","protected":false},"author":1,"featured_media":0,"parent":6,"menu_order":0,"comment_status":"closed","ping_status":"closed","template":"","meta":{"_crdt_document":"","_monsterinsights_skip_tracking":false,"_monsterinsights_sitenote_active":false,"_monsterinsights_sitenote_note":"","_monsterinsights_sitenote_category":0,"footnotes":"","_links_to":"","_links_to_target":""},"class_list":["post-358","page","type-page","status-publish","hentry"],"_links":{"self":[{"href":"https:\/\/aluksne.lv\/index.php\/wp-json\/wp\/v2\/pages\/358","targetHints":{"allow":["GET"]}}],"collection":[{"href":"https:\/\/aluksne.lv\/index.php\/wp-json\/wp\/v2\/pages"}],"about":[{"href":"https:\/\/aluksne.lv\/index.php\/wp-json\/wp\/v2\/types\/page"}],"author":[{"embeddable":true,"href":"https:\/\/aluksne.lv\/index.php\/wp-json\/wp\/v2\/users\/1"}],"replies":[{"embeddable":true,"href":"https:\/\/aluksne.lv\/index.php\/wp-json\/wp\/v2\/comments?post=358"}],"version-history":[{"count":0,"href":"https:\/\/aluksne.lv\/index.php\/wp-json\/wp\/v2\/pages\/358\/revisions"}],"up":[{"embeddable":true,"href":"https:\/\/aluksne.lv\/index.php\/wp-json\/wp\/v2\/pages\/6"}],"wp:attachment":[{"href":"https:\/\/aluksne.lv\/index.php\/wp-json\/wp\/v2\/media?parent=358"}],"curies":[{"name":"wp","href":"https:\/\/api.w.org\/{rel}","templated":true}]}}