{"id":36100,"date":"2022-10-19T08:12:31","date_gmt":"2022-10-19T05:12:31","guid":{"rendered":"https:\/\/aluksne.lv\/?page_id=36100"},"modified":"2022-10-19T08:12:59","modified_gmt":"2022-10-19T05:12:59","slug":"notika-lokalplanojuma-malienas-ielai-4-publiskas-apspriesanas-sanaksme","status":"publish","type":"page","link":"https:\/\/aluksne.lv\/index.php\/notika-lokalplanojuma-malienas-ielai-4-publiskas-apspriesanas-sanaksme\/","title":{"rendered":"Notika lok\u0101lpl\u0101nojuma Malienas ielai 4 publisk\u0101s apsprie\u0161anas san\u0101ksme"},"content":{"rendered":"<p><strong><a href=\"https:\/\/aluksne.lv\/wp-content\/uploads\/2022\/10\/WhatsApp-Image-2022-10-18-at-17.58.26-1.jpeg\"><img loading=\"lazy\" decoding=\"async\" class=\" wp-image-36101 alignright\" src=\"https:\/\/aluksne.lv\/wp-content\/uploads\/2022\/10\/WhatsApp-Image-2022-10-18-at-17.58.26-1-1024x768.jpeg\" alt=\"Notika lok\u0101lpl\u0101nojuma Malienas ielai 4 publisk\u0101s apsprie\u0161anas san\u0101ksme\" width=\"673\" height=\"505\" data-id=\"36101\" srcset=\"https:\/\/aluksne.lv\/wp-content\/uploads\/2022\/10\/WhatsApp-Image-2022-10-18-at-17.58.26-1-1024x768.jpeg 1024w, https:\/\/aluksne.lv\/wp-content\/uploads\/2022\/10\/WhatsApp-Image-2022-10-18-at-17.58.26-1-300x225.jpeg 300w, https:\/\/aluksne.lv\/wp-content\/uploads\/2022\/10\/WhatsApp-Image-2022-10-18-at-17.58.26-1-768x576.jpeg 768w, https:\/\/aluksne.lv\/wp-content\/uploads\/2022\/10\/WhatsApp-Image-2022-10-18-at-17.58.26-1-1536x1152.jpeg 1536w, https:\/\/aluksne.lv\/wp-content\/uploads\/2022\/10\/WhatsApp-Image-2022-10-18-at-17.58.26-1-1170x878.jpeg 1170w, https:\/\/aluksne.lv\/wp-content\/uploads\/2022\/10\/WhatsApp-Image-2022-10-18-at-17.58.26-1-800x600.jpeg 800w, https:\/\/aluksne.lv\/wp-content\/uploads\/2022\/10\/WhatsApp-Image-2022-10-18-at-17.58.26-1.jpeg 1600w\" sizes=\"auto, (max-width: 673px) 100vw, 673px\" \/><\/a>Otrdien, 18. oktobr\u012b, notika lok\u0101lpl\u0101nojuma nekustamajam \u012bpa\u0161umam Malienas iel\u0101 4, Al\u016bksn\u0113, 1. redakcijas publisk\u0101s apsprie\u0161anas san\u0101ksme, kur\u0101 t\u0101s dal\u012bbnieki tika iepaz\u012bstin\u0101ti ar izstr\u0101d\u0101to lok\u0101lpl\u0101nojumu.<\/strong><\/p>\n<p>Lok\u0101lpl\u0101nojums paredz groz\u012bt Al\u016bksnes novada Teritorijas pl\u0101nojumu 2015.-2027. gadam, lai min\u0113taj\u0101 \u012bpa\u0161um\u0101 main\u012btu teritorijas funkcion\u0101lo zon\u0113jumu no publisk\u0101s apb\u016bves uz savrupm\u0101ju apb\u016bves teritoriju, jo zemesgabal\u0101 pl\u0101nots celt savrupm\u0101ju ar pal\u012bg\u0113k\u0101m.<\/p>\n<p>Lok\u0101lpl\u0101nojuma 1. redakcijas apsprie\u0161ana notiek v\u0113l l\u012bdz 6. novembrim (ieskaitot). \u0160aj\u0101 termi\u0146\u0101 var iesniegt ar\u012b rakstiskus priek\u0161likumus pa\u0161vald\u012bbai vai \u0123eotelpisk\u0101s pl\u0101no\u0161anas port\u0101l\u0101 <a href=\"https:\/\/www.geolatvija.lv\/?fbclid=IwAR2rlcSqoJoEjNVrqBKye8MHDh9-aR1Oo6oo71XWmyX7gGnns1EvhB732Mw\">www.geolatvija.lv<\/a> sada\u013c\u0101 Teritorijas att\u012bst\u012bbas pl\u0101no\u0161ana.<\/p>\n<p>Ar lok\u0101lpl\u0101nojuma dokumentiem var iepaz\u012bties pa\u0161vald\u012bbas t\u012bmek\u013cvietn\u0113 <a href=\"https:\/\/l.facebook.com\/l.php?u=https%3A%2F%2Fwww.aluksne.lv%2F%3Ffbclid%3DIwAR1YZHFlW_fWVZAHKsf85nUcfOz8Jx89gNDWBdfIQ5IX0OwA0qd92-qgTYo&amp;h=AT0rPTeitYpHcaxu8DS5GOUZvbK3WFAHze8UgCu9BH-sRnMvsz8EQut5rvETxbJchFwx3GoeiC1rEaPxFqtb-_m_sf5EH8XXkr1Ox6rExXVdSMYaqM3J4ExRHwY7cBpuDw&amp;__tn__=-UK-R&amp;c%5b0%5d=AT3hqtfL4MfQwy4lXTrEOnx3eWrlppxL5biZ6o0GzX7dwEm6CgKsaeDpfdL7Dq09o9GhjX3NjpMkIXaLRXZd2YzpIDwcs1Q1C2DOYWY4aY2PFvQ0edZ1K4XgqkiYL6z1PEumo-zsbqvRfBzkO0Pf-Awdsa57ng\">www.aluksne.lv<\/a> sada\u013c\u0101 Sabiedr\u012bba\/Sabiedr\u012bbas l\u012bdzdal\u012bba\/Aktu\u0101l\u0101s apsprie\u0161anas: <a href=\"https:\/\/aluksne.lv\/index.php\/sabiedriba\/sabiedribas-lidzdaliba\/aktualas-sabiedriskas-apspriesanas\/?fbclid=IwAR1CRMyni8wnpTzeTGBuQaeEAaS9oDXjgrUrKxkdt9dULGHkXJK3BwoiDwo\">https:\/\/aluksne.lv\/&#8230;\/aktualas-sabiedriskas-apspriesanas\/<\/a><\/p>\n","protected":false},"excerpt":{"rendered":"<p>Otrdien, 18. oktobr\u012b, notika lok\u0101lpl\u0101nojuma nekustamajam \u012bpa\u0161umam Malienas iel\u0101 4, Al\u016bksn\u0113, 1. redakcijas publisk\u0101s apsprie\u0161anas san\u0101ksme, kur\u0101 t\u0101s dal\u012bbnieki tika iepaz\u012bstin\u0101ti ar izstr\u0101d\u0101to lok\u0101lpl\u0101nojumu. Lok\u0101lpl\u0101nojums paredz groz\u012bt Al\u016bksnes novada Teritorijas pl\u0101nojumu 2015.-2027. gadam, lai min\u0113taj\u0101 \u012bpa\u0161um\u0101 main\u012btu teritorijas funkcion\u0101lo zon\u0113jumu&#8230;<br \/><a class=\"read-more-button\" href=\"https:\/\/aluksne.lv\/index.php\/notika-lokalplanojuma-malienas-ielai-4-publiskas-apspriesanas-sanaksme\/\">Las\u012bt visu<\/a><\/p>\n","protected":false},"author":1,"featured_media":36102,"parent":0,"menu_order":0,"comment_status":"closed","ping_status":"closed","template":"","meta":{"_crdt_document":"","_monsterinsights_skip_tracking":false,"_monsterinsights_sitenote_active":false,"_monsterinsights_sitenote_note":"","_monsterinsights_sitenote_category":0,"footnotes":"","_links_to":"","_links_to_target":""},"class_list":["post-36100","page","type-page","status-publish","has-post-thumbnail","hentry"],"_links":{"self":[{"href":"https:\/\/aluksne.lv\/index.php\/wp-json\/wp\/v2\/pages\/36100","targetHints":{"allow":["GET"]}}],"collection":[{"href":"https:\/\/aluksne.lv\/index.php\/wp-json\/wp\/v2\/pages"}],"about":[{"href":"https:\/\/aluksne.lv\/index.php\/wp-json\/wp\/v2\/types\/page"}],"author":[{"embeddable":true,"href":"https:\/\/aluksne.lv\/index.php\/wp-json\/wp\/v2\/users\/1"}],"replies":[{"embeddable":true,"href":"https:\/\/aluksne.lv\/index.php\/wp-json\/wp\/v2\/comments?post=36100"}],"version-history":[{"count":0,"href":"https:\/\/aluksne.lv\/index.php\/wp-json\/wp\/v2\/pages\/36100\/revisions"}],"wp:featuredmedia":[{"embeddable":true,"href":"https:\/\/aluksne.lv\/index.php\/wp-json\/wp\/v2\/media\/36102"}],"wp:attachment":[{"href":"https:\/\/aluksne.lv\/index.php\/wp-json\/wp\/v2\/media?parent=36100"}],"curies":[{"name":"wp","href":"https:\/\/api.w.org\/{rel}","templated":true}]}}