{"id":368,"date":"2016-03-15T06:36:45","date_gmt":"2016-03-15T06:36:45","guid":{"rendered":"http:\/\/aluksne.lv\/jauna1\/?page_id=368"},"modified":"2026-04-10T15:34:48","modified_gmt":"2026-04-10T12:34:48","slug":"aluksnes-kulturas-centrs","status":"publish","type":"page","link":"https:\/\/aluksne.lv\/index.php\/kultura\/aluksnes-kulturas-centrs\/","title":{"rendered":"Al\u016bksnes novada Kult\u016bras centrs"},"content":{"rendered":"<div id=\"pl-368\"  class=\"panel-layout\" ><div id=\"pg-368-0\"  class=\"panel-grid panel-no-style\" ><div id=\"pgc-368-0-0\"  class=\"panel-grid-cell\" ><div id=\"panel-368-0-0-0\" class=\"so-panel widget widget_sow-editor panel-first-child panel-last-child\" data-index=\"0\" ><div\n\t\t\t\n\t\t\tclass=\"so-widget-sow-editor so-widget-sow-editor-base\"\n\t\t\t\n\t\t>\n<div class=\"siteorigin-widget-tinymce textwidget\">\n\t<p><img loading=\"lazy\" decoding=\"async\" class=\"alignright wp-image-1476\" src=\"http:\/\/aluksne.lv\/jauna1\/wp-content\/uploads\/2017\/12\/LA9_2544.jpg\" alt=\"Al\u016bksnes Kult\u016bras Centra \u0113ka\" width=\"439\" height=\"275\" data-id=\"1476\" srcset=\"https:\/\/aluksne.lv\/wp-content\/uploads\/2017\/12\/LA9_2544.jpg 3040w, https:\/\/aluksne.lv\/wp-content\/uploads\/2017\/12\/LA9_2544-300x188.jpg 300w, https:\/\/aluksne.lv\/wp-content\/uploads\/2017\/12\/LA9_2544-768x482.jpg 768w, https:\/\/aluksne.lv\/wp-content\/uploads\/2017\/12\/LA9_2544-1024x643.jpg 1024w, https:\/\/aluksne.lv\/wp-content\/uploads\/2017\/12\/LA9_2544-1170x735.jpg 1170w, https:\/\/aluksne.lv\/wp-content\/uploads\/2017\/12\/LA9_2544-24x15.jpg 24w, https:\/\/aluksne.lv\/wp-content\/uploads\/2017\/12\/LA9_2544-36x23.jpg 36w, https:\/\/aluksne.lv\/wp-content\/uploads\/2017\/12\/LA9_2544-48x30.jpg 48w\" sizes=\"auto, (max-width: 439px) 100vw, 439px\" \/><\/p>\n<p><span style=\"font-size: 12pt;\"><strong>Al\u016bksnes novada Kult\u016bras centrs<\/strong><\/span><br \/>\n<span style=\"font-size: 12pt;\">Br\u016b\u017ea iel\u0101 7<\/span><br \/>\n<span style=\"font-size: 12pt;\">Al\u016bksn\u0113, Al\u016bksnes novad\u0101, LV 4301<\/span><br \/>\n<span style=\"font-size: 12pt;\">Soci\u0101lajos t\u012bklos:\u00a0<a href=\"https:\/\/www.facebook.com\/AluksnesKC\/?fref=ts\">https:\/\/www.facebook.com\/AluksnesKC\/?fref=ts<\/a><br \/>\nT\u012bmek\u013cvietne: <a href=\"https:\/\/akc.lv\/\">https:\/\/akc.lv\/<\/a><br \/>\neAdrese: _DEFAULT@40900006566<\/span><\/p>\n<hr \/>\n<p><span style=\"font-size: 12pt;\"><strong>Direktore<\/strong>: Sanita B\u0112RZI\u0145A<\/span><br \/>\n<span style=\"font-size: 12pt;\">T\u0101lrunis: 64322105 vai 26590320<\/span><br \/>\n<span style=\"font-size: 12pt;\">E-pasts:\u00a0<a href=\"mailto:sanita.berzina@aluksne.lv\">sanita.berzina@aluksne.lv<\/a><\/span><\/p>\n<hr \/>\n<p><span style=\"font-size: 12pt;\"><strong>Direktora vietniece kult\u016bras darba vad\u012bb\u0101<\/strong>: Sanita EGL\u012aTE<\/span><br \/>\n<span style=\"font-size: 12pt;\">T\u0101lrunis: 26335234<\/span><br \/>\n<span style=\"font-size: 12pt;\">E-pasts:\u00a0<a href=\"mailto:sanita.eglite@aluksne.lv\">sanita.eglite@aluksne.lv<\/a><\/span><\/p>\n<hr \/>\n<p><span style=\"font-size: 12pt;\"><strong>Galven\u0101 speci\u0101liste kult\u016bras darb\u0101<\/strong>: Valda ZELTI\u0145A<\/span><br \/>\n<span style=\"font-size: 12pt;\">T\u0101lrunis: 26601466<\/span><br \/>\n<span style=\"font-size: 12pt;\">E-pasts:\u00a0<a href=\"mailto:valda.zeltina@aluksne.lv\">valda.zeltina@aluksne.lv<\/a><\/span><\/p>\n<hr \/>\n<p><span style=\"font-size: 12pt;\"><strong>Sabiedrisko attiec\u012bbu speci\u0101liste<\/strong>: Iveta BALT\u0100-VANAGA<\/span><br \/>\n<span style=\"font-size: 12pt;\">T\u0101lrunis: 26402122<\/span><br \/>\n<span style=\"font-size: 12pt;\">E-pasts: <a href=\"mailto:iveta.balta-vanaga@aluksne.lv\">iveta.balta-vanaga@aluksne.lv<\/a><\/span><\/p>\n<hr \/>\n<p><span style=\"font-size: 12pt;\"><strong>Kult\u016bras darba speci\u0101listi:<\/strong><\/span><\/p>\n<p><span style=\"font-size: 12pt;\">Sniedze ZVIRGZDA (Ziemera pagasta teritorija)<br \/>\n<\/span><span style=\"font-size: 12pt;\">T\u0101lrunis: 26413370<\/span><br \/>\n<span style=\"font-size: 12pt;\">E- pasts: <a href=\"mailto:sniedze.zvirgzda@aluksne.lv\">sniedze.zvirgzda@aluksne.lv\u00a0<\/a><\/span><\/p>\n<p><span style=\"font-size: 12pt;\">Sanita SILIROVA (Al\u016bksnes novada bibliot\u0113kas strukt\u016brvien\u012bbas \"M\u0101rkalnes bibliot\u0113ka\" vad\u012bt\u0101ja)<\/span><br \/>\n<span style=\"font-size: 12pt;\">T\u0101lrunis: 25662273<\/span><br \/>\n<span style=\"font-size: 12pt;\">E-pasts: <a href=\"mailto:sanita.silirova@aluksne.lv\">sanita.silirova@aluksne.lv<\/a><br \/>\n<\/span><\/p>\n<p><span style=\"font-size: 12pt;\">Iveta ZVEJNIECE (Malienas un M\u0101lupes pagastu teritorija)<\/span><br \/>\n<span style=\"font-size: 12pt;\">T\u0101lrunis: 26585594<\/span><br \/>\n<span style=\"font-size: 12pt;\">E-pasts:\u00a0<a href=\"mailto:iveta.zvejniece@aluksne.lv\">iveta.zvejniece@aluksne.lv<\/a><\/span><\/p>\n<div>\n<p><span style=\"font-size: 12pt;\">M\u0101ra SV\u0100RUPE (Jaunlaicenes pagasta teritorija)<\/span><br \/>\n<span style=\"font-size: 12pt;\">T\u0101lrunis: 26411417<\/span><br \/>\n<span style=\"font-size: 12pt;\">E- pasts: <a href=\"mailto:sniedze.zvirgzda@aluksne.lv\">mara.svarupe@aluksne.lv\u00a0<\/a><\/span><\/p>\n<p><span style=\"font-size: 12pt;\">Lolita \u0160ADURSKA (Veclaicenes pagasta teritorija)<\/span><br \/>\n<span style=\"font-size: 12pt;\">T\u0101lrunis: 26633547<\/span><br \/>\n<span style=\"font-size: 12pt;\">E- pasts: <a href=\"mailto:lolita.sadurska@aluksne.lv\u00a0\">lolita.sadurska@aluksne.lv\u00a0<\/a><\/span><\/p>\n<p><span style=\"font-size: 12pt;\">Elita JANSONE (Annas, Jaunannas pagastu teritorija)<\/span><br \/>\n<span style=\"font-size: 12pt;\">T\u0101lrunis: 28366016<\/span><br \/>\n<span style=\"font-size: 12pt;\">E-pasts:\u00a0<a href=\"mailto:elita.jansone@aluksne.lv\">elita.jansone@aluksne.lv<\/a><\/span><\/p>\n<\/div>\n<p><span style=\"font-size: 12pt;\">L\u012bva LEIMANE (Al\u016bksnes pils\u0113tas teritorija)<\/span><br \/>\n<span style=\"font-size: 12pt;\">T\u0101lrunis: 29418718<\/span><br \/>\n<span style=\"font-size: 12pt;\">E-pasts: <a href=\"mailto:kulturascentrs@aluksne.lv\">kulturascentrs@aluksne.lv<\/a>; <a href=\"mailto:liva.leimane@aluksne.lv\">liva.leimane@aluksne.lv<\/a><\/span><\/p>\n<p><span style=\"font-size: 12pt;\">Gunita PALEJA (Zelti\u0146u pagasta teritorija)<\/span><br \/>\n<span style=\"font-size: 12pt;\">T\u0101lrunis: 29492284<\/span><br \/>\n<span style=\"font-size: 12pt;\">E-pasts:\u00a0<a href=\"mailto:gunita.paleja@aluksne.lv\">gunita.paleja@aluksne.lv<\/a><\/span><\/p>\n<p><span style=\"font-size: 12pt;\">Marina RAMANE (Alsvi\u0137u un Ilzenes pagastu teritorija)<\/span><br \/>\n<span style=\"font-size: 12pt;\">T\u0101lrunis: 28330421<\/span><br \/>\n<span style=\"font-size: 12pt;\">E-pasts:\u00a0<a href=\"mailto:marina.ramane@aluksne.lv\">marina.ramane@aluksne.lv<\/a><\/span><\/p>\n<p><span style=\"font-size: 12pt;\">Tatjana MELL\u012aTE (Jaunal\u016bksnes un Pededzes pagastu teritorija)<\/span><br \/>\n<span style=\"font-size: 12pt;\">T\u0101lrunis: 29176039<\/span><br \/>\n<span style=\"font-size: 12pt;\">E-pasts: <a href=\"mailto:tatja.a.mellite@aluksne.lv\">tatjana.mellite@aluksne.lv<\/a><\/span><\/p>\n<p><span style=\"font-size: 12pt;\">Liepnas pagasta teritorija<\/span><br \/>\n<span style=\"font-size: 12pt;\">Jaut\u0101jumu gad\u012bjum\u0101 sazin\u0101ties pa t\u0101lruni: 26520312<br \/>\n<\/span><\/p>\n<hr \/>\n<h2 class=\"p1\" style=\"text-align: center;\"><span class=\"s1\" style=\"color: #800000;\">Aktu\u0101l\u0101 inform\u0101cija par Al\u016bksnes Kult\u016bras centra pas\u0101kumiem un kases darba laiku<\/span><\/h2>\n<p>&nbsp;<\/p>\n<div class=\"\">\n<p><span style=\"font-size: 12pt;\">Al\u016bksnes Kult\u016bras centra kases darba laiks:<br \/>\n<\/span><span style=\"font-size: 12pt;\">Otrdiena - piektdiena 8:00 \u2013 16:00<br \/>\n<\/span><span style=\"font-size: 12pt;\">Sestdiena 10:00 \u2013 14:00<br \/>\n<\/span><span style=\"font-size: 12pt;\">T\u0101lrunis uzzi\u0146\u0101m 64322833, 27334489<br \/>\n<\/span><span style=\"font-size: 12pt;\">Kase atv\u0113rta stundu pirms pas\u0101kuma.<\/span><\/p>\n<\/div>\n<hr \/>\n<p><strong>PAPILDU uzsaukums Al\u016bksnes novada pa\u0161vald\u012bbas konkursam kult\u016bras projektu realiz\u0113\u0161anai 2025. gad\u0101! <\/strong>| <a href=\"https:\/\/aluksne.lv\/wp-content\/uploads\/2025\/05\/Nolikums_projekti_2025-1.docx\">NOLIKUMS<\/a><\/p>\n<p><strong>AL\u016aKSNES NOVADA PA\u0160VALD\u012aBAS KONKURSS <\/strong><strong>KULT\u016aRAS PROJEKTU REALIZ\u0112\u0160ANAI 2025. GAD\u0100 <\/strong>I <a href=\"https:\/\/aluksne.lv\/wp-content\/uploads\/2025\/03\/Nolikums-1.docx\">NOLIKUMS<\/a> I <a href=\"https:\/\/aluksne.lv\/wp-content\/uploads\/2025\/03\/Pieteikuma_veidlapa_AKC.docx\">PIETEIKUMA VEIDLAPA<\/a> I <a href=\"https:\/\/aluksne.lv\/wp-content\/uploads\/2025\/03\/Lidzdarbibas_ligums.docx\">L\u012aDZDARB\u012aBAS L\u012aGUMS<\/a> I <a href=\"https:\/\/aluksne.lv\/wp-content\/uploads\/2025\/03\/Atskaite.docx\">ATSKAITE<\/a> | <a href=\"https:\/\/aluksne.lv\/wp-content\/uploads\/2025\/05\/rezultati.pdf\">REZULT\u0100TI<\/a><\/p>\n<hr \/>\n<p><strong><span style=\"font-size: 12pt;\"><a href=\"http:\/\/aluksne.lv\/index.php\/aluksnes-kulturas-centra-pasakumi\/\">Al\u016bksnes novada Kult\u016bras centra pas\u0101kumi<\/a><\/span><\/strong><\/p>\n<p><strong><span style=\"font-size: 12pt;\"><a href=\"https:\/\/aluksne.lv\/index.php\/kultura\/aluksnes-kulturas-centrs\/aluksnes-kulturas-centra-tautas-kolektivi\/\">Al\u016bksnes novada Kult\u016bras centra Tautas kolekt\u012bvi<\/a><\/span><\/strong><\/p>\n<p><strong><span style=\"font-size: 12pt;\"><a href=\"https:\/\/aluksne.lv\/wp-content\/uploads\/2023\/08\/125-2.pdf\">Par Al\u016bksnes novada Kult\u016bras centra maksas pakalpojumiem<\/a><\/span><\/strong><\/p>\n<p><strong><span style=\"font-size: 12pt;\"><a href=\"https:\/\/aluksne.lv\/wp-content\/uploads\/2023\/09\/Telpu_noma_AKC.pdf\">Par Al\u016bksnes novada Kult\u016bras centra telpu un invent\u0101ra nomas maksu<\/a><\/span><\/strong><\/p>\n<p><strong><span style=\"font-size: 12pt;\"><a href=\"https:\/\/aluksne.lv\/wp-content\/uploads\/2025\/06\/91_Tautas_namu_maksa-2.docx\">Al\u016bksnes novada Kult\u016bras centra pas\u0101kumu nori\u0161u telpu nomas maksas pakalpojumu cenr\u0101dis<\/a><\/span><\/strong><\/p>\n<p><strong><span style=\"font-size: 12pt;\"><a href=\"http:\/\/www.aluksne.lv\/iestades\/akc\/AluksnesKC_telpu_piedavajums.pdf\">Al\u016bksnes Kult\u016bras centra telpu pied\u0101v\u0101jums<\/a><\/span><\/strong><\/p>\n<p><strong><span style=\"font-size: 12pt;\"><a href=\"https:\/\/www.facebook.com\/pg\/AluksnesKC\/photos\/\" target=\"_blank\" rel=\"noopener noreferrer\">Al\u016bksnes novada Kult\u016bras centra foto galerija<\/a><\/span><\/strong><\/p>\n<p><strong><span style=\"font-size: 12pt;\"><a href=\"https:\/\/aluksne.lv\/wp-content\/uploads\/2023\/03\/458_ANKC_attistibas_plans-2023.-2027.docx\">Att\u012bst\u012bbas pl\u0101ns 2023. - 2027.<\/a><\/span><\/strong><\/p>\n<table class=\"pienem\" border=\"0\">\n<tbody>\n<tr>\n<td class=\"tabula_forma_augsa\" valign=\"top\" width=\"159\"><strong>Kult\u016bras pas\u0101kumu norises vietas novad\u0101<\/strong><\/td>\n<td class=\"tabula_forma_augsa\" valign=\"top\" width=\"189\"><strong>Adrese<\/strong><\/td>\n<\/tr>\n<tr>\n<td valign=\"top\">Al\u016bksnes Kult\u016bras centrs<\/td>\n<td valign=\"top\">Br\u016b\u017ea iela 7, Al\u016bksne, Al\u016bksnes novads, LV-4301<\/td>\n<\/tr>\n<tr>\n<td valign=\"top\">Alsvi\u0137u kult\u016bras nams<\/td>\n<td valign=\"top\">Kult\u016bras nams, Alsvi\u0137i, Al\u016bksnes novads, LV-4333<\/td>\n<\/tr>\n<tr>\n<td>Annas kult\u016bras nams<\/td>\n<td>Tautas nams, Anna, Annas pagasts, Al\u016bksnes novads, LV-4341<\/td>\n<\/tr>\n<tr>\n<td>Ilzenes SKIM \"Dailes\"<\/td>\n<td>\"Dailes\", Jaunzemi, Ilzenes pagasts, Al\u016bksnes novads, LV-4344<\/td>\n<\/tr>\n<tr>\n<td valign=\"top\">Kolber\u0123a tautas nams<\/td>\n<td valign=\"top\">\u201eD\u0101lderi\u201d, Kolber\u0123is, Jaunal\u016bksnes pagasts, Al\u016bksnes novads, LV-4350<\/td>\n<\/tr>\n<tr>\n<td valign=\"top\">Jaunannas tautas nams<\/td>\n<td valign=\"top\">\u201eZ\u012bles\u201d, Jaunannas pagasts, Al\u016bksnes novads, LV-4340<\/td>\n<\/tr>\n<tr>\n<td>Jaunlaicenes tautas nams<\/td>\n<td>\"L\u012bgot\u0146i\", Jaunlaicene, Jaunlaicenes pagasts, Al\u016bksnes novads, LV-4336<\/td>\n<\/tr>\n<tr>\n<td valign=\"top\">Liepnas tautas nams<\/td>\n<td valign=\"top\">''Birz\u012btes'', Liepna, Liepnas pagasts, Al\u016bksnes novads, LV-4354<\/td>\n<\/tr>\n<tr>\n<td>Malienas tautas nams<\/td>\n<td>\"Brenci\", Brenci, Malienas pagasts, Al\u016bksnes novads, LV-4359<\/td>\n<\/tr>\n<tr>\n<td valign=\"top\">M\u0101lupes Saieta nams<\/td>\n<td valign=\"top\">\u201eAustri\u0146i\u201d, M\u0101lupes pagasts, Al\u016bksnes novads, LV-4358<\/td>\n<\/tr>\n<tr>\n<td>M\u0101rkalnes tautas nams<\/td>\n<td>\"Pagastm\u0101ja\", M\u0101rkalne, M\u0101rkalnes pagasts, Al\u016bksnes novads, LV-4351<\/td>\n<\/tr>\n<tr>\n<td valign=\"top\">M\u0101ri\u0146kalna tautas nams<\/td>\n<td valign=\"top\">\u201eL\u012bksmes\u201d, M\u0101ri\u0146kalns, Ziemera pagasts, Al\u016bksnes novads LV-4332<\/td>\n<\/tr>\n<tr>\n<td valign=\"top\">Pededzes tautas nams<\/td>\n<td valign=\"top\">\u201eKrustceles\u201d, Pededzes pagasts, Al\u016bksnes novads, LV-4352<\/td>\n<\/tr>\n<tr>\n<td valign=\"top\">Veclaicenes tautas nams<\/td>\n<td valign=\"top\">\u201eVai\u0146a\u0123i\u201d, Veclaicenes pagasts, Al\u016bksnes novads, LV-4335<\/td>\n<\/tr>\n<tr>\n<td valign=\"top\">Zelti\u0146u tautas nams<\/td>\n<td valign=\"top\">\u201ePagastm\u0101ja\u201d, Zelti\u0146u pagasts, Al\u016bksnes novads, LV-4345<\/td>\n<\/tr>\n<\/tbody>\n<\/table>\n<p><span style=\"font-size: 12pt;\">\u00a0<\/span><\/p>\n<\/div>\n<\/div><\/div><\/div><div id=\"pgc-368-0-1\"  class=\"panel-grid-cell\" >\t\t<style type=\"text\/css\">\n\t\t\t#accordeconck1 { margin:0;padding:0; }\n#accordeconck1 .accordeonck_desc { display:block; }\n#accordeconck1 li.accordeonck { list-style: none;overflow: hidden; margin: 0;}\n#accordeconck1 ul[class^=\"content\"] { margin:0;padding:0;width:auto; }\n#accordeconck1 li.accordeonck > span { position: relative; display: block; }\n#accordeconck1 li.accordeonck.parent > span { padding-right: 20px;}\n#accordeconck1 li.parent > span span.toggler_icon { position: absolute; cursor: pointer; display: block; height: 100%; z-index: 10;right:0; background: url(https:\/\/aluksne.lv\/wp-content\/plugins\/accordeon-menu-ck\/images\/plus.png) center center no-repeat !important;width: 20px;}\n#accordeconck1 li.parent.open > span span.toggler_icon { right:0; background: url(https:\/\/aluksne.lv\/wp-content\/plugins\/accordeon-menu-ck\/images\/minus.png) center center no-repeat !important;}\n#accordeconck1 li.accordeonck.level2 > span { }\n#accordeconck1 li.level3 li.accordeonck > span { }\n#accordeconck1 a.accordeonck { display: block;text-decoration: none; }\n#accordeconck1 a.accordeonck:hover { text-decoration: none; }\n#accordeconck1 li.parent > span a { display: block;outline: none; }\n#accordeconck1 li.parent.open > span a {  }\n#accordeconck1 li.level2.parent > span span.toggler_icon { right:0;display: block;outline: none;background: url(https:\/\/aluksne.lv\/wp-content\/plugins\/accordeon-menu-ck\/images\/plus.png) center center no-repeat !important; }\n#accordeconck1 li.level2.parent.open > span span.toggler_icon { background: url(https:\/\/aluksne.lv\/wp-content\/plugins\/accordeon-menu-ck\/images\/minus.png) center center no-repeat !important; }\n#accordeconck1 li.level2 li.accordeonck.parent > span span.toggler_icon { right:0;display: block;outline: none;background: url(https:\/\/aluksne.lv\/wp-content\/plugins\/accordeon-menu-ck\/images\/plus.png) center center no-repeat !important; }\n#accordeconck1 li.level2 li.accordeonck.open.parent > span span.toggler_icon { background: url(https:\/\/aluksne.lv\/wp-content\/plugins\/accordeon-menu-ck\/images\/minus.png) center center no-repeat !important; }\n#accordeconck1  {\n\tbackground: #86C2DB;\n\tbackground-size: auto;\tbackground-image: -o-linear-gradient(center top,#86C2DB, #86C2DB 100%);\n\tbackground-image: -webkit-gradient(linear, left top, left bottom,from(#86C2DB), color-stop(100%, #86C2DB));\n\tbackground-image: -moz-linear-gradient(center top,#86C2DB, #86C2DB 100%);\n\tbackground-image: linear-gradient(to bottom,#86C2DB, #86C2DB 100%);\n\tborder-top: none;\n\tborder-bottom: none;\n\tborder-left: none;\n\tborder-right: none;\n\tpadding-top: 5px;\n\tpadding-right: 5px;\n\tpadding-bottom: 5px;\n\tpadding-left: 5px;\n\tfont-family: ;\n}\n\n#accordeconck1  a {\n\tfont-family: ;\n}\n\n#accordeconck1 li.level1 > span a {\n\tcolor: #FFFFFF;\n\tpadding-top: 5px;\n\tpadding-right: 5px;\n\tpadding-bottom: 5px;\n\tpadding-left: 5px;\n\tfont-size: 15px;\n}\n\n#accordeconck1 li.level1 > span a a {\n\tcolor: #FFFFFF;\n\tfont-size: 15px;\n}\n\n#accordeconck1 li.level1 > span .accordeonck_desc {\n\tfont-size: 10px;\n}\n\n#accordeconck1 li.level1 > span .accordeonck_desc a {\n\tfont-size: 10px;\n}\n\n#accordeconck1 li.level1:hover > span a {\n\tcolor: #000000;\n}\n\n#accordeconck1 li.level1:hover > span a a {\n\tcolor: #000000;\n}\n\n#accordeconck1 li.level1 > ul {\n\tbackground-size: auto;\tfont-family: ;\n}\n\n#accordeconck1 li.level1 > ul a {\n\tfont-family: ;\n}\n\n#accordeconck1 li.level2 > span a {\n\tcolor: #636363;\n\tpadding-top: 5px;\n\tpadding-bottom: 5px;\n\tpadding-left: 15px;\n}\n\n#accordeconck1 li.level2 > span a a {\n\tcolor: #636363;\n}\n\n#accordeconck1 li.level2:hover > span a {\n\tcolor: #000000;\n}\n\n#accordeconck1 li.level2:hover > span a a {\n\tcolor: #000000;\n}\n\n#accordeconck1 li.level2 ul[class^=\"content\"] {\n\tbackground-size: auto;\tfont-family: ;\n}\n\n#accordeconck1 li.level2 ul[class^=\"content\"] a {\n\tfont-family: ;\n}\n\n#accordeconck1 li.level2 li.accordeonck > span a {\n\tcolor: #636363;\n\tpadding-top: 2px;\n\tpadding-bottom: 2px;\n\tpadding-left: 20px;\n}\n\n#accordeconck1 li.level2 li.accordeonck > span a a {\n\tcolor: #636363;\n}\n\n#accordeconck1 li.level2 li.accordeonck:hover > span a {\n\tcolor: #000000;\n}\n\n#accordeconck1 li.level2 li.accordeonck:hover > span a a {\n\tcolor: #000000;\n}\t\t<\/style>\n\t\t<div id=\"panel-368-0-1-0\" class=\"so-panel widget widget_accordeon-menu-ck panel-first-child panel-last-child\" data-index=\"1\" ><ul id=\"accordeconck1\" class=\"menu\"><li id=\"menu-item-2257\" class=\"menu-item menu-item-type-post_type menu-item-object-page accordeonck menu-item-2257 level1\"><span class=\"accordeonck_outer \"><a href=\"https:\/\/aluksne.lv\/index.php\/kultura\/aluksnes-kulturas-centrs\/\" class=\"accordeonck\">Al\u016bksnes novada Kult\u016bras centrs<\/a><\/span><\/li>\n<li id=\"menu-item-2259\" class=\"menu-item menu-item-type-post_type menu-item-object-page accordeonck menu-item-2259 level1\"><span class=\"accordeonck_outer \"><a href=\"https:\/\/aluksne.lv\/index.php\/kultura\/bibliotekas\/\" class=\"accordeonck\">Al\u016bksnes novada bibliot\u0113ka<\/a><\/span><\/li>\n<li id=\"menu-item-846\" class=\"menu-item menu-item-type-post_type menu-item-object-page accordeonck menu-item-846 level1\"><span class=\"accordeonck_outer \"><a href=\"https:\/\/aluksne.lv\/index.php\/kultura\/muzeji\/\" class=\"accordeonck\">Al\u016bksnes novada muzejs<\/a><\/span><\/li>\n<li id=\"menu-item-2260\" class=\"menu-item menu-item-type-post_type menu-item-object-page accordeonck menu-item-2260 level1\"><span class=\"accordeonck_outer \"><a href=\"https:\/\/aluksne.lv\/index.php\/kultura\/gada-lielakie-kulturas-pasakumi\/\" class=\"accordeonck\">Al\u016bksnes novada noz\u012bm\u012bg\u0101kie pas\u0101kumi 2026. gad\u0101<\/a><\/span><\/li>\n<li id=\"menu-item-2261\" class=\"menu-item menu-item-type-post_type menu-item-object-page accordeonck menu-item-2261 level1\"><span class=\"accordeonck_outer \"><a href=\"https:\/\/aluksne.lv\/index.php\/kultura\/kulturas-pasakumu-menesa-plans\/\" class=\"accordeonck\">Kult\u016bras pas\u0101kumu m\u0113ne\u0161a pl\u0101ns<\/a><\/span><\/li>\n<\/ul>\t\t<script type=\"text\/javascript\"> <!--\n\t\t\n\t\t\tjQuery(document).ready(function(){\n\t\t\t\tjQuery('#accordeconck1').accordeonmenuck({eventtype : 'click',transition : 'linear',showactive : '1',showactivesubmenu : '0',duree : 500});\n\t\t\t}); \t\t\/\/--> <\/script>\n\t\t<\/div><\/div><\/div><\/div>","protected":false},"excerpt":{"rendered":"<p>Al\u016bksnes novada Kult\u016bras centrs Br\u016b\u017ea iel\u0101 7 Al\u016bksn\u0113, Al\u016bksnes novad\u0101, LV 4301 Soci\u0101lajos t\u012bklos:\u00a0https:\/\/www.facebook.com\/AluksnesKC\/?fref=ts T\u012bmek\u013cvietne: https:\/\/akc.lv\/ eAdrese: _DEFAULT@40900006566 Direktore: Sanita B\u0112RZI\u0145A T\u0101lrunis: 64322105 vai 26590320 E-pasts:\u00a0sanita.berzina@aluksne.lv Direktora vietniece kult\u016bras darba vad\u012bb\u0101: Sanita EGL\u012aTE T\u0101lrunis: 26335234 E-pasts:\u00a0sanita.eglite@aluksne.lv Galven\u0101 speci\u0101liste kult\u016bras darb\u0101:&#8230;<br \/><a class=\"read-more-button\" href=\"https:\/\/aluksne.lv\/index.php\/kultura\/aluksnes-kulturas-centrs\/\">Las\u012bt visu<\/a><\/p>\n","protected":false},"author":1,"featured_media":0,"parent":8,"menu_order":0,"comment_status":"closed","ping_status":"closed","template":"","meta":{"_crdt_document":"","_monsterinsights_skip_tracking":false,"_monsterinsights_sitenote_active":false,"_monsterinsights_sitenote_note":"","_monsterinsights_sitenote_category":0,"footnotes":"","_links_to":"","_links_to_target":""},"class_list":["post-368","page","type-page","status-publish","hentry"],"_links":{"self":[{"href":"https:\/\/aluksne.lv\/index.php\/wp-json\/wp\/v2\/pages\/368","targetHints":{"allow":["GET"]}}],"collection":[{"href":"https:\/\/aluksne.lv\/index.php\/wp-json\/wp\/v2\/pages"}],"about":[{"href":"https:\/\/aluksne.lv\/index.php\/wp-json\/wp\/v2\/types\/page"}],"author":[{"embeddable":true,"href":"https:\/\/aluksne.lv\/index.php\/wp-json\/wp\/v2\/users\/1"}],"replies":[{"embeddable":true,"href":"https:\/\/aluksne.lv\/index.php\/wp-json\/wp\/v2\/comments?post=368"}],"version-history":[{"count":5,"href":"https:\/\/aluksne.lv\/index.php\/wp-json\/wp\/v2\/pages\/368\/revisions"}],"predecessor-version":[{"id":61995,"href":"https:\/\/aluksne.lv\/index.php\/wp-json\/wp\/v2\/pages\/368\/revisions\/61995"}],"up":[{"embeddable":true,"href":"https:\/\/aluksne.lv\/index.php\/wp-json\/wp\/v2\/pages\/8"}],"wp:attachment":[{"href":"https:\/\/aluksne.lv\/index.php\/wp-json\/wp\/v2\/media?parent=368"}],"curies":[{"name":"wp","href":"https:\/\/api.w.org\/{rel}","templated":true}]}}