{"id":37928,"date":"2023-01-12T14:09:05","date_gmt":"2023-01-12T12:09:05","guid":{"rendered":"https:\/\/aluksne.lv\/?page_id=37928"},"modified":"2026-04-07T08:24:56","modified_gmt":"2026-04-07T05:24:56","slug":"remigracija","status":"publish","type":"page","link":"https:\/\/aluksne.lv\/index.php\/sabiedriba\/remigracija\/","title":{"rendered":"Remigr\u0101cija"},"content":{"rendered":"<div id=\"pl-37928\"  class=\"panel-layout\"><div id=\"pg-37928-0\"  class=\"panel-grid panel-no-style\"><div id=\"pgc-37928-0-0\"  class=\"panel-grid-cell\"><div id=\"panel-37928-0-0-0\" class=\"so-panel widget widget_sow-editor panel-first-child\" data-index=\"0\"><div\n\t\t\t\n\t\t\tclass=\"so-widget-sow-editor so-widget-sow-editor-base\"><h3 class=\"widget-title\">Visp\u0101r\u012bga inform\u0101cija<\/h3>\n<div class=\"siteorigin-widget-tinymce textwidget\">\n\t<p>Lai uzs\u0101ktu m\u0113r\u0137tiec\u012bgu darbu remigr\u0101cijas veicin\u0101\u0161anai, 2018.\u00a0gad\u0101 Vides aizsardz\u012bbas un re\u0123ion\u0101l\u0101s att\u012bst\u012bbas ministrija (VARAM) ir izveidojusi piecu re\u0123ion\u0101lo remigr\u0101cijas koordinatoru t\u012bklu, nodro\u0161inot vienu re\u0123ion\u0101lo koordinatoru katr\u0101 pl\u0101no\u0161anas re\u0123ion\u0101.\u00a0<strong>Koordinatori pal\u012bdz tautie\u0161iem atgriezties m\u0101j\u0101s, bet pa\u0161vald\u012bb\u0101m \u2013 atg\u016bt savus iedz\u012bvot\u0101jus.<\/strong><\/p>\n<p>Ikvienam interesentam ir iesp\u0113ja bez maksas sa\u0146emt re\u0123ion\u0101l\u0101 koordinatora konsult\u0101ciju par sev aktu\u0101liem jaut\u0101jumiem, kas saist\u012bti ar atgrie\u0161anos Latvij\u0101 konkr\u0113t\u0101 re\u0123ion\u0101. Koordinators vienlaikus ir atbalsta persona, kas pal\u012bdz \u0101rvalst\u012bs eso\u0161ajiem tautie\u0161iem att\u0101lin\u0101ti izv\u0113rt\u0113t priek\u0161roc\u012bbas p\u0101rdom\u0101tam l\u0113mumam, k\u0101 ar\u012b sagatavoties, lai veiksm\u012bgi atgrieztos Latvij\u0101.<\/p>\n<p>Katram remigrantam ir individu\u0101las vajadz\u012bbas un apst\u0101k\u013ci, kas j\u0101\u0146em v\u0113r\u0101, t\u0101d\u0113j\u0101di sazi\u0146as gait\u0101 tiek apzin\u0101ti visi interes\u0113jo\u0161ie jaut\u0101jumi, uz kuriem koordinators Latvij\u0101 pal\u012bdz rast atbildes, nepiecie\u0161am\u012bbas gad\u012bjum\u0101 sadarbojoties ar\u012b ar pa\u0161vald\u012bbas un valsts iest\u0101d\u0113m.<\/p>\n<p>Kop\u0161 2018. gada marta ar\u012b Al\u016bksnes novads akt\u012bvi iesaist\u0101s remigr\u0101cijas projekt\u0101, ar m\u0113r\u0137i sniegt informat\u012bvu atbalstu, lai veicin\u0101tu novadnieku un tautie\u0161u atgrie\u0161anos Latvij\u0101 un Al\u016bksnes novad\u0101.<\/p>\n<p><b><u>Par dz\u012bvesvietas, darba, izgl\u012bt\u012bbas vai jebkuriem citiem jaut\u0101jumiem, kas saist\u012bti ar atgrie\u0161anos Latvij\u0101 vai dz\u012bves uzs\u0101k\u0161anu Al\u016bksnes novad\u0101, aicin\u0101m sazin\u0101ties ar Al\u016bksnes novada pa\u0161vald\u012bbas Centr\u0101l\u0101s administr\u0101cijas sabiedrisko attiec\u012bbu speci\u0101listi L\u0101smu \u0112veli, e-pasts lasma.evele@aluksne.lv.<\/u><\/b><\/p>\n<p><strong>Remigr\u0101cijas koordinators Vidzem\u0113 un papildu inform\u0101cijai:\u00a0<\/strong>Inga Mad\u017eule, remigr\u0101cijas koordinatore Vidzemes pl\u0101no\u0161anas re\u0123ion\u0101, t\u0101lr. +371 29374285,\u00a0<a href=\"mailto:remigracija@vidzeme.lv\">remigracija@vidzeme.lv<\/a>.<\/p>\n<\/div>\n<\/div><\/div><div id=\"panel-37928-0-0-1\" class=\"so-panel widget widget_sow-accordion\" data-index=\"1\"><div\n\t\t\t\n\t\t\tclass=\"so-widget-sow-accordion so-widget-sow-accordion-default-843d91d1b19f-37928\"><div>\n\t<div class=\"sow-accordion\">\n\t\t\t<div class=\"sow-accordion-panel\n\t\t\t\t\t\"\n\t\t\t\tdata-anchor-id=\"noderiga-informacija\">\n\t\t\t\t\t<div class=\"sow-accordion-panel-header-container\" role=\"heading\" aria-level=\"2\">\n\t\t\t\t\t<div class=\"sow-accordion-panel-header\" tabindex=\"0\" role=\"button\" id=\"accordion-label-noder%c4%abga-inform%c4%81cija\" aria-controls=\"accordion-content-noder%c4%abga-inform%c4%81cija\" aria-expanded=\"false\">\n\t\t\t\t\t\t<div class=\"sow-accordion-title sow-accordion-title-icon-left\">\n\t\t\t\t\t\t\t\t\t\t\t\t\t\tNoder\u012bga inform\u0101cija\t\t\t\t\t\t\t\t\t\t\t\t\t<\/div>\n\t\t\t\t\t\t<div class=\"sow-accordion-open-close-button\">\n\t\t\t\t\t\t\t<div class=\"sow-accordion-open-button\">\n\t\t\t\t\t\t\t\t<span class=\"sow-icon-ionicons\" data-sow-icon=\"&#xf218;\"\n\t\t \n\t\taria-hidden=\"true\"><\/span>\t\t\t\t\t\t\t<\/div>\n\t\t\t\t\t\t\t<div class=\"sow-accordion-close-button\">\n\t\t\t\t\t\t\t\t<span class=\"sow-icon-ionicons\" data-sow-icon=\"&#xf209;\"\n\t\t \n\t\taria-hidden=\"true\"><\/span>\t\t\t\t\t\t\t<\/div>\n\t\t\t\t\t\t<\/div>\n\t\t\t\t\t<\/div>\n\t\t\t\t<\/div>\n\n\t\t\t<div\n\t\t\t\tclass=\"sow-accordion-panel-content\"\n\t\t\t\trole=\"region\"\n\t\t\t\taria-labelledby=\"accordion-label-noder%c4%abga-inform%c4%81cija\"\n\t\t\t\tid=\"accordion-content-noder%c4%abga-inform%c4%81cija\"\n\t\t\t\tstyle=\"display: none;\">\n\t\t\t\t<div class=\"sow-accordion-panel-border\">\n\t\t\t\t\t<p><strong><em><img loading=\"lazy\" decoding=\"async\" class=\"wp-image-61876 alignright\" src=\"https:\/\/aluksne.lv\/wp-content\/uploads\/2026\/04\/Programma-Remigracija-un-izglitiba-2026_17aprilis.jpg\" alt=\"Programma\" width=\"758\" height=\"981\" srcset=\"https:\/\/aluksne.lv\/wp-content\/uploads\/2026\/04\/Programma-Remigracija-un-izglitiba-2026_17aprilis.jpg 1785w, https:\/\/aluksne.lv\/wp-content\/uploads\/2026\/04\/Programma-Remigracija-un-izglitiba-2026_17aprilis-464x600.jpg 464w, https:\/\/aluksne.lv\/wp-content\/uploads\/2026\/04\/Programma-Remigracija-un-izglitiba-2026_17aprilis-791x1024.jpg 791w, https:\/\/aluksne.lv\/wp-content\/uploads\/2026\/04\/Programma-Remigracija-un-izglitiba-2026_17aprilis-768x994.jpg 768w, https:\/\/aluksne.lv\/wp-content\/uploads\/2026\/04\/Programma-Remigracija-un-izglitiba-2026_17aprilis-1187x1536.jpg 1187w, https:\/\/aluksne.lv\/wp-content\/uploads\/2026\/04\/Programma-Remigracija-un-izglitiba-2026_17aprilis-1583x2048.jpg 1583w, https:\/\/aluksne.lv\/wp-content\/uploads\/2026\/04\/Programma-Remigracija-un-izglitiba-2026_17aprilis-1170x1514.jpg 1170w\" sizes=\"auto, (max-width: 758px) 100vw, 758px\" \/>2026. gada 17. apr\u012bl\u012b Ungurpils SAL\u0100 norisin\u0101sies forums \u201cRemigr\u0101cija un izgl\u012bt\u012bba 2026\u201d,<\/em><\/strong> pulc\u0113jot izgl\u012bt\u012bbas nozares p\u0101rst\u0101vjus, politikas veidot\u0101jus, diasporas p\u0101rst\u0101vjus, skolot\u0101jus un vec\u0101kus, lai kop\u012bgi diskut\u0113tu par izgl\u012bt\u012bbas lomu remigr\u0101cijas veicin\u0101\u0161an\u0101.<\/p>\n<p>&nbsp;<\/p>\n<p>Izgl\u012bt\u012bba ir viens no b\u016btisk\u0101kajiem faktoriem, kas ietekm\u0113 \u0123ime\u0146u l\u0113mumu atgriezties Latvij\u0101. Forums kalpos k\u0101 platforma pieredzes apmai\u0146ai un praktisku risin\u0101jumu mekl\u0113\u0161anai, \u012bpa\u0161u uzman\u012bbu piev\u0113r\u0161ot tam, k\u0101 Latvijas izgl\u012bt\u012bbas sist\u0113ma var lab\u0101k atbalst\u012bt remigr\u0113jo\u0161\u0101s \u0123imenes.<\/p>\n<p>Foruma programm\u0101 paredz\u0113tas Izgl\u012bt\u012bbas un \u0100rlietu ministriju p\u0101rst\u0101vju uzst\u0101\u0161an\u0101s, k\u0101 ar\u012b skolot\u0101ju un vec\u0101ku pieredzes st\u0101sti. Tiks prezent\u0113ts p\u0113t\u012bjums \u201cRemigrantu b\u0113rni: sav\u0113jie cit\u0101d\u0101 pieredz\u0113\u201d, kas sniedz ieskatu remigr\u0113jo\u0161o \u0123ime\u0146u izaicin\u0101jumos izgl\u012bt\u012bbas sist\u0113m\u0101.<\/p>\n<p>Dal\u012bbnieki piedal\u012bsies darba grupu diskusij\u0101s par b\u016btiskiem jaut\u0101jumiem \u2013 atgrie\u0161anos skol\u0101, diasporas un Latvijas sadarb\u012bbu izgl\u012bt\u012bb\u0101, k\u0101 ar\u012b \u0123ime\u0146u izv\u0113l\u0113m par atgrie\u0161anos Latvij\u0101. Diskusiju rezult\u0101ti tiks apkopoti un prezent\u0113ti, veicinot konkr\u0113tu priek\u0161likumu izstr\u0101di.<\/p>\n<p>Programm\u0101 iek\u013cauti ar\u012b praktisku risin\u0101jumu piem\u0113ri \u2013 izgl\u012bt\u012bbas inov\u0101ciju st\u0101sti no uz\u0146\u0113m\u0113ju pieredzes, k\u0101 ar\u012b iniciat\u012bva \u201cStudijas Latvij\u0101 diasporas latvie\u0161iem\u201d, kas stiprina Latvijas augstskolu sadarb\u012bbu ar diasporas jaunie\u0161iem.<\/p>\n<p>Foruma nosl\u0113gum\u0101 notiks pane\u013cdiskusija \u201cVai Latvijas izgl\u012bt\u012bbas sist\u0113ma \u0161obr\u012bd ir gatava remigr\u0101cijai un kas v\u0113l ir j\u0101maina?\u201d, kur\u0101 tiks mekl\u0113tas atbildes uz aktu\u0101l\u0101kajiem izaicin\u0101jumiem un n\u0101kotnes att\u012bst\u012bbas virzieniem.<\/p>\n<p><strong>Pas\u0101kums notiks 17. apr\u012bl\u012b no plkst. 9.00 l\u012bdz 16.00 Ungurpils bibliot\u0113k\u0101 \"SALA\", Liepu iel\u0101 3, Alojas pagast\u0101<\/strong>.<\/p>\n<p>Dal\u012bbai forum\u0101 aicin\u0101ti <strong>pieteikties visi interesenti l\u012bdz 10. apr\u012blim<\/strong>, aizpildot pieteikuma anketu: <a href=\"https:\/\/forms.gle\/zPCQrpZuvcaewscy6\" target=\"_blank\" rel=\"noopener\">https:\/\/forms.gle\/zPCQrpZuvcaewscy6<\/a><\/p>\n<p>&nbsp;<\/p>\n<p>Par iniciat\u012bvu: Forums \u201cRemigr\u0101cija kl\u0101tien\u0113 un att\u0101lin\u0101ti\u201d ir da\u013ca no pla\u0161\u0101kas iniciat\u012bvas, kas v\u0113rsta uz remigr\u0101cijas veicin\u0101\u0161anu un diasporas<\/p>\n<hr \/>\n<h2 style=\"text-align: center;\"><strong>Remigr\u0101cijas uz\u0146\u0113m\u0113ju forums 2026<\/strong><\/h2>\n<p class=\"v1isselectedend\"><a href=\"https:\/\/aluksne.lv\/wp-content\/uploads\/2026\/01\/uznemeju.forums.jpeg\"><img loading=\"lazy\" decoding=\"async\" class=\"size-large wp-image-60032 alignright\" src=\"https:\/\/aluksne.lv\/wp-content\/uploads\/2026\/01\/uznemeju.forums-1024x724.jpeg\" alt=\"Remigr\u0101cijas uz\u0146\u0113m\u0113ju forums 2026\" width=\"734\" height=\"519\" srcset=\"https:\/\/aluksne.lv\/wp-content\/uploads\/2026\/01\/uznemeju.forums-1024x724.jpeg 1024w, https:\/\/aluksne.lv\/wp-content\/uploads\/2026\/01\/uznemeju.forums-800x566.jpeg 800w, https:\/\/aluksne.lv\/wp-content\/uploads\/2026\/01\/uznemeju.forums-768x543.jpeg 768w, https:\/\/aluksne.lv\/wp-content\/uploads\/2026\/01\/uznemeju.forums-1536x1086.jpeg 1536w, https:\/\/aluksne.lv\/wp-content\/uploads\/2026\/01\/uznemeju.forums-1170x827.jpeg 1170w, https:\/\/aluksne.lv\/wp-content\/uploads\/2026\/01\/uznemeju.forums.jpeg 1600w\" sizes=\"auto, (max-width: 734px) 100vw, 734px\" \/><\/a>13. febru\u0101r\u012b Ungurpil\u012b notiks <strong>Remigr\u0101cijas uz\u0146\u0113m\u0113ju forums 2026<\/strong>, kas pulc\u0113s Vidzemes uz\u0146\u0113m\u0113jus, diasporas profesion\u0101\u013cus un remigrantus ar vienu m\u0113r\u0137i \u2013\u00a0<strong>rad\u012bt re\u0101las sadarb\u012bbas un izmantot pasaules latvie\u0161u pieredzi Vidzemes att\u012bst\u012bbai<\/strong>.<\/p>\n<p class=\"v1isselectedend\"><strong>Vieta:<\/strong>\u00a0bibliot\u0113ka SALA, Liepu iela 3, Ungurpils<br \/>\n<strong>Laiks:<\/strong>\u00a010.00\u201316.00<\/p>\n<p class=\"v1isselectedend\">\u0160is neb\u016bs form\u0101ls pas\u0101kums ar teor\u0113tisk\u0101m prezent\u0101cij\u0101m. Forums veidots k\u0101\u00a0<strong>praktiska platforma<\/strong>, kur:<\/p>\n<p class=\"v1isselectedend\">\u2022 tiek god\u012bgi run\u0101ts par sadarb\u012bbu ar Skandin\u0101vijas, V\u0101cijas, It\u0101lijas, Amerikas un citiem tirgiem;<br \/>\n\u2022 dal\u012bta\u00a0<strong>re\u0101la pieredze par eksportu, biznesa \u0113tiku un \u201cnerakst\u012btajiem likumiem\u201d<\/strong>;<br \/>\n\u2022 viet\u0113jie uz\u0146\u0113m\u0113ji uzzina,\u00a0<strong>k\u0101di atbalsta instrumenti b\u016bs pieejami 2026. gad\u0101<\/strong>;<br \/>\n\u2022 diaspora un remigranti dal\u0101s pieredz\u0113 par dz\u012bvi un uz\u0146\u0113m\u0113jdarb\u012bbu starp div\u0101m valst\u012bm;<br \/>\n\u2022 tiek veidoti tie\u0161i kontakti un sadarb\u012bbas iesp\u0113jas.<\/p>\n<p class=\"v1isselectedend\"><strong>Forums \u012bpa\u0161i noder\u0113s:<\/strong><br \/>\n\u2013 Vidzemes uz\u0146\u0113m\u0113jiem, kuri mekl\u0113 sadarb\u012bbas partnerus, darbiniekus vai eksporta iesp\u0113jas;<br \/>\n\u2013 latvie\u0161u profesion\u0101\u013ciem \u0101rzem\u0113s, kuri apsver sadarb\u012bbu ar Latviju;<br \/>\n\u2013 remigrantiem un vi\u0146u \u0123imen\u0113m, kas v\u0113las izprast praktiskos atgrie\u0161an\u0101s aspektus.<\/p>\n<p class=\"v1isselectedend\">Forum\u0101 tiks apl\u016bkotas ar\u012b t\u0101das nozares k\u0101\u00a0<strong>ra\u017eo\u0161ana, b\u016bvniec\u012bba, viesm\u012bl\u012bba, izgl\u012bt\u012bba un sports<\/strong>, ar fokusu uz praktisku pieredzi un konkr\u0113tiem risin\u0101jumiem.<\/p>\n<p class=\"v1isselectedend\">\u00a0<strong>Detaliz\u0113ta foruma programma tiks public\u0113ta 20. janv\u0101r\u012b.<\/strong><br \/>\n<strong>Pieteik\u0161an\u0101s dal\u012bbai jau ir atv\u0113rta:<\/strong><\/p>\n<p class=\"v1isselectedend\"><strong>Re\u0123istr\u0101cija: <a href=\"https:\/\/forms.gle\/Vw9APA92kxCvtsHz8\" target=\"_blank\" rel=\"noopener\">\u0160EIT<\/a><\/strong><\/p>\n<p>Ja Jums ir interese par starptautisku sadarb\u012bbu, eksportu vai ilgtsp\u0113j\u012bgu uz\u0146\u0113m\u0113jdarb\u012bbu Vidzem\u0113, \u0161is forums b\u016bs v\u0113rt\u012bga tik\u0161an\u0101s vieta.<\/p>\n<hr \/>\n<h2 style=\"text-align: center;\">Rudens ien\u0101k Vidzem\u0113 ar kr\u0101\u0161\u0146\u0101m kr\u0101s\u0101m un aicina doties piedz\u012bvojumos \u2013 \u0161oreiz uz Al\u016bksni!<\/h2>\n<p>&nbsp;<\/p>\n<p><strong>Sv\u0113tdien, 12. oktobr\u012b, aicin\u0101m remigrantus, vi\u0146u \u0123imenes un visus interesentus uz draudz\u012bgu un akt\u012bvu dienu \u201cManas m\u0101jas Vidzem\u0113\u201d p\u0101rg\u0101jien\u0101<\/strong>, kas sola gan jaunas zin\u0101\u0161anas par skaisto Vidzemes p\u0113rli \u2013 Al\u016bksni, gan sirsn\u012bgas sarunas un kop\u0101 b\u016b\u0161anu.<a href=\"https:\/\/aluksne.lv\/wp-content\/uploads\/2025\/10\/Tiklosanas-pecpusdiena-remigrantiem-MANAS-MAJAS-VIDZEME-Aluksne-12_10_2025-1.png\"><img loading=\"lazy\" decoding=\"async\" class=\"alignright wp-image-58096 size-medium\" src=\"https:\/\/aluksne.lv\/wp-content\/uploads\/2025\/10\/Tiklosanas-pecpusdiena-remigrantiem-MANAS-MAJAS-VIDZEME-Aluksne-12_10_2025-1-800x450.png\" alt=\"\" width=\"800\" height=\"450\" srcset=\"https:\/\/aluksne.lv\/wp-content\/uploads\/2025\/10\/Tiklosanas-pecpusdiena-remigrantiem-MANAS-MAJAS-VIDZEME-Aluksne-12_10_2025-1-800x450.png 800w, https:\/\/aluksne.lv\/wp-content\/uploads\/2025\/10\/Tiklosanas-pecpusdiena-remigrantiem-MANAS-MAJAS-VIDZEME-Aluksne-12_10_2025-1-1024x576.png 1024w, https:\/\/aluksne.lv\/wp-content\/uploads\/2025\/10\/Tiklosanas-pecpusdiena-remigrantiem-MANAS-MAJAS-VIDZEME-Aluksne-12_10_2025-1-768x432.png 768w, https:\/\/aluksne.lv\/wp-content\/uploads\/2025\/10\/Tiklosanas-pecpusdiena-remigrantiem-MANAS-MAJAS-VIDZEME-Aluksne-12_10_2025-1-1536x864.png 1536w, https:\/\/aluksne.lv\/wp-content\/uploads\/2025\/10\/Tiklosanas-pecpusdiena-remigrantiem-MANAS-MAJAS-VIDZEME-Aluksne-12_10_2025-1-1170x658.png 1170w, https:\/\/aluksne.lv\/wp-content\/uploads\/2025\/10\/Tiklosanas-pecpusdiena-remigrantiem-MANAS-MAJAS-VIDZEME-Aluksne-12_10_2025-1.png 1920w\" sizes=\"auto, (max-width: 800px) 100vw, 800px\" \/><\/a><\/p>\n<p>P\u0101rg\u0101jiens s\u0101ksies pulksten 11.30 pie Al\u016bksnes t\u016brisma inform\u0101cijas centra (Oj\u0101ra V\u0101cie\u0161a iela 1, Al\u016bksne). Auto iesp\u0113jams \u0113rti novietot blakus st\u0101vlaukum\u0101.<\/p>\n<p>Dienas \u012bpa\u0161ais piedz\u012bvojums \u2013 izbrauciens ar vilcieni\u0146u \u201cSever\u012bns\u201d, kas priec\u0113s gan lielus, gan mazus. Vilcieni\u0146\u0161 izbrauc plkst. 12.00, un 40 min\u016b\u0161u laik\u0101 b\u016bs iesp\u0113ja iepaz\u012bt pils\u0113tu no cita skatupunkta. Bi\u013cetes var ieg\u0101d\u0101ties uz vietas \u2013 pieaugu\u0161ajiem 6 EUR, skol\u0113niem 3 EUR, bet pa\u0161iem maz\u0101kajiem \u2013 pirmskolas vecuma b\u0113rniem \u2013 brauciens ir bez maksas.<\/p>\n<p>P\u0113c atgrie\u0161an\u0101s pie t\u016brisma centra ap plkst. 12.40 kop\u0101 dosimies iepaz\u012bt Al\u016bksni zelta rudens noska\u0146\u0101. P\u0101rg\u0101jiena mar\u0161ruts tiks izv\u0113l\u0113ts, \u0146emot v\u0113r\u0101 dal\u012bbnieku v\u0113lmes un sp\u0113jas \u2013 iesp\u0113jams gan doties pa \u201cLielo loku\u201d ap Al\u016bksni, gan baud\u012bt Mui\u017eas parka pastaigu vai doties pa Ezertaku Temp\u013cakalna pussal\u0101. Mar\u0161rutu var\u0113s piel\u0101got, lai ikviens justos \u0113rti.<\/p>\n<p>Ap plkst. 15.00 aicin\u0101m uz kop\u012bgu pikniku Al\u016bksnes Pilssal\u0101 \u2013 te b\u016bs gan ugunskura vieta, gan b\u0113rnu sp\u0113\u013cu laukums.<\/p>\n<p>Pas\u0101kums ar grozi\u0146iem \u2013 katrs var pa\u0146emt l\u012bdzi ko gar\u0161\u012bgu baud\u012b\u0161anai kop\u0101!<\/p>\n<p>Dienas nosl\u0113gums ap plkst. 17.00. K\u0101 ierasts, l\u012bdzi aizved\u012bsim jaunus iespaidus, draudz\u012bbas un idejas n\u0101kotnei.<\/p>\n<p>Gaid\u012bts ikviens, kur\u0161 v\u0113las ieg\u016bt jaunus kontaktus, labi pavad\u012bt laiku un pal\u012bdz\u0113t remigrantiem atkal iejusties Latvij\u0101!<\/p>\n<p>Pievienojies draudz\u012bgai kop\u0101 b\u016b\u0161anai, g\u016bsti iedvesmu un iepaz\u012bsti Al\u016bksni ruden\u012b!<\/p>\n<p>Seko l\u012bdzi inform\u0101cijai Vidzemes pl\u0101no\u0161anas re\u0123iona t\u012bmek\u013ca vietn\u0113 un \u201cVidzeme aicina\u201d soci\u0101lo t\u012bklu profilos \u2013 tur uzzin\u0101si ar\u012b par cit\u0101m aktivit\u0101t\u0113m un n\u0101kamajiem \u201cManas m\u0101jas Vidzem\u0113\u201d pas\u0101kumiem.<\/p>\n<hr \/>\n<h2 style=\"text-align: center;\"><strong>Vidzemes pl\u0101no\u0161anas re\u0123ions izveido interakt\u012bvo karti remigrantiem savstarp\u0113jo saik\u0146u veido\u0161anai<\/strong><\/h2>\n<p><img loading=\"lazy\" decoding=\"async\" class=\"alignright size-medium wp-image-49786\" src=\"https:\/\/aluksne.lv\/wp-content\/uploads\/2024\/06\/Bez-nosaukuma-800x495.png\" alt=\"Latvijas karte\" width=\"800\" height=\"495\" srcset=\"https:\/\/aluksne.lv\/wp-content\/uploads\/2024\/06\/Bez-nosaukuma-800x495.png 800w, https:\/\/aluksne.lv\/wp-content\/uploads\/2024\/06\/Bez-nosaukuma-1024x633.png 1024w, https:\/\/aluksne.lv\/wp-content\/uploads\/2024\/06\/Bez-nosaukuma-768x475.png 768w, https:\/\/aluksne.lv\/wp-content\/uploads\/2024\/06\/Bez-nosaukuma-1170x723.png 1170w, https:\/\/aluksne.lv\/wp-content\/uploads\/2024\/06\/Bez-nosaukuma.png 1331w\" sizes=\"auto, (max-width: 800px) 100vw, 800px\" \/>Lai rad\u012btu iesp\u0113ju visiem remigrantiem kontakt\u0113ties un iepaz\u012bties, Vidzemes pl\u0101no\u0161anas re\u0123ions izveidojis jaunu platformu \u2013 interakt\u012bvo karti. \u0160\u012b karte \u013caus atbrauc\u0113jiem, aizpildot \u012bsu anketu, redz\u0113t citus atbrauc\u0113jus sav\u0101 tuvum\u0101. T\u0101d\u0113j\u0101di remigranti var\u0113s sazin\u0101ties ar saviem novadniekiem, iesp\u0113jamiem kaimi\u0146iem, par kuriem iepriek\u0161 nav zin\u0101ju\u0161i, tuv\u0101k iepaz\u012bties, aprun\u0101ties un veidot jaunas draudz\u012bbas.<\/p><\/div><\/div><\/div><\/div><\/div><\/div><\/div><\/div><\/div><\/div><p> <a href=\"https:\/\/aluksne.lv\/index.php\/sabiedriba\/remigracija\/#more-37928\" class=\"more-link\">Read More<\/a><\/p>","protected":false},"excerpt":{"rendered":"<p>Lai uzs\u0101ktu m\u0113r\u0137tiec\u012bgu darbu remigr\u0101cijas veicin\u0101\u0161anai, 2018.\u00a0gad\u0101 Vides aizsardz\u012bbas un re\u0123ion\u0101l\u0101s att\u012bst\u012bbas ministrija (VARAM) ir izveidojusi piecu re\u0123ion\u0101lo remigr\u0101cijas koordinatoru t\u012bklu, nodro\u0161inot vienu re\u0123ion\u0101lo koordinatoru katr\u0101 pl\u0101no\u0161anas re\u0123ion\u0101.\u00a0Koordinatori pal\u012bdz tautie\u0161iem atgriezties m\u0101j\u0101s, bet pa\u0161vald\u012bb\u0101m \u2013 atg\u016bt savus iedz\u012bvot\u0101jus. Ikvienam interesentam&#8230;<br \/><a class=\"read-more-button\" href=\"https:\/\/aluksne.lv\/index.php\/sabiedriba\/remigracija\/\">Las\u012bt visu<\/a><\/p>\n","protected":false},"author":1,"featured_media":0,"parent":69,"menu_order":0,"comment_status":"closed","ping_status":"closed","template":"","meta":{"_crdt_document":"","_monsterinsights_skip_tracking":false,"_monsterinsights_sitenote_active":false,"_monsterinsights_sitenote_note":"","_monsterinsights_sitenote_category":0,"footnotes":"","_links_to":"","_links_to_target":""},"class_list":["post-37928","page","type-page","status-publish","hentry"],"_links":{"self":[{"href":"https:\/\/aluksne.lv\/index.php\/wp-json\/wp\/v2\/pages\/37928","targetHints":{"allow":["GET"]}}],"collection":[{"href":"https:\/\/aluksne.lv\/index.php\/wp-json\/wp\/v2\/pages"}],"about":[{"href":"https:\/\/aluksne.lv\/index.php\/wp-json\/wp\/v2\/types\/page"}],"author":[{"embeddable":true,"href":"https:\/\/aluksne.lv\/index.php\/wp-json\/wp\/v2\/users\/1"}],"replies":[{"embeddable":true,"href":"https:\/\/aluksne.lv\/index.php\/wp-json\/wp\/v2\/comments?post=37928"}],"version-history":[{"count":3,"href":"https:\/\/aluksne.lv\/index.php\/wp-json\/wp\/v2\/pages\/37928\/revisions"}],"predecessor-version":[{"id":61878,"href":"https:\/\/aluksne.lv\/index.php\/wp-json\/wp\/v2\/pages\/37928\/revisions\/61878"}],"up":[{"embeddable":true,"href":"https:\/\/aluksne.lv\/index.php\/wp-json\/wp\/v2\/pages\/69"}],"wp:attachment":[{"href":"https:\/\/aluksne.lv\/index.php\/wp-json\/wp\/v2\/media?parent=37928"}],"curies":[{"name":"wp","href":"https:\/\/api.w.org\/{rel}","templated":true}]}}