{"id":3799,"date":"2018-02-12T06:28:26","date_gmt":"2018-02-12T06:28:26","guid":{"rendered":"http:\/\/aluksne.lv\/?page_id=3799"},"modified":"2021-03-23T13:16:38","modified_gmt":"2021-03-23T11:16:38","slug":"partika-2","status":"publish","type":"page","link":"https:\/\/aluksne.lv\/index.php\/uznemejdarbiba\/informacija-par-uznemejiem\/partika-2\/","title":{"rendered":"P\u0101rtika"},"content":{"rendered":"<div id=\"pl-3799\"  class=\"panel-layout\" ><div id=\"pg-3799-0\"  class=\"panel-grid panel-no-style\" ><div id=\"pgc-3799-0-0\"  class=\"panel-grid-cell\" ><div id=\"panel-3799-0-0-0\" class=\"so-panel widget widget_sow-editor panel-first-child panel-last-child\" data-index=\"0\" ><div\n\t\t\t\n\t\t\tclass=\"so-widget-sow-editor so-widget-sow-editor-base\"\n\t\t\t\n\t\t>\n<div class=\"siteorigin-widget-tinymce textwidget\">\n\t<div style=\"overflow-x: auto;\">\n<table class=\"pienem\">\n<tbody>\n<tr>\n<td><strong>ZS \u201cIGAUN\u012a\u0160I\u201d<\/strong><\/p>\n<p>Adrese: ''Igaun\u012b\u0161i'', Jaunal\u016bksnes pagasts, Al\u016bksnes novads<\/p>\n<p>T.: 25409955<\/p>\n<p>E-pasts: <a href=\"mailto:igaunisuoga@inbox.lv\">igaunisuoga@inbox.lv<\/a><\/p>\n<p>Soci\u0101lie t\u012bkli: Facebook - Igaun\u012b\u0161u oga<\/p>\n<p>Preces\/pakalpojumi: zemenes, zeme\u0146u st\u0101di, zeme\u0146u degust\u0101cija, smilts\u0113rk\u0161\u0137i, bites, bi\u0161u dz\u012bve, medus<\/p>\n<\/td>\n<td colspan=\"2\" width=\"239\">\u00a0<a href=\"http:\/\/aluksne.lv\/wp-content\/uploads\/2018\/02\/zemenes_baneris.png\"><img loading=\"lazy\" decoding=\"async\" class=\"alignnone size-medium wp-image-3826\" src=\"http:\/\/aluksne.lv\/wp-content\/uploads\/2018\/02\/zemenes_baneris-300x201.png\" alt=\"\" width=\"300\" height=\"201\" data-id=\"3826\" srcset=\"https:\/\/aluksne.lv\/wp-content\/uploads\/2018\/02\/zemenes_baneris-300x201.png 300w, https:\/\/aluksne.lv\/wp-content\/uploads\/2018\/02\/zemenes_baneris-768x515.png 768w, https:\/\/aluksne.lv\/wp-content\/uploads\/2018\/02\/zemenes_baneris-1024x687.png 1024w, https:\/\/aluksne.lv\/wp-content\/uploads\/2018\/02\/zemenes_baneris-320x213.png 320w, https:\/\/aluksne.lv\/wp-content\/uploads\/2018\/02\/zemenes_baneris-1170x785.png 1170w, https:\/\/aluksne.lv\/wp-content\/uploads\/2018\/02\/zemenes_baneris-24x16.png 24w, https:\/\/aluksne.lv\/wp-content\/uploads\/2018\/02\/zemenes_baneris-36x24.png 36w, https:\/\/aluksne.lv\/wp-content\/uploads\/2018\/02\/zemenes_baneris-48x32.png 48w, https:\/\/aluksne.lv\/wp-content\/uploads\/2018\/02\/zemenes_baneris-272x182.png 272w\" sizes=\"auto, (max-width: 300px) 100vw, 300px\" \/><\/a><\/td>\n<\/tr>\n<tr>\n<td><strong>ZS \u201cSALTUPJI<\/strong>\u201d<\/p>\n<p>T. +371 29249234<\/p>\n<p>e-pasts: <a href=\"mailto:raiviscekuls@inbox.lv\">raiviscekuls@inbox.lv<\/a><\/p>\n<p>Preces\/pakalpojumi: konditorejas izstr\u0101d\u0101jumi<\/p>\n<\/td>\n<td colspan=\"2\" width=\"239\"><\/td>\n<\/tr>\n<tr>\n<td width=\"331\"><strong>ZS \u201cLAZDI\u0145AS\u201d<\/strong><\/p>\n<p>Adrese: Veclaicenes pagasts, Al\u016bksnes novads<\/p>\n<p>e-pasts: <a href=\"mailto:lasma.mail@inbox.lv\">lasma.mail@inbox.lv<\/a><\/p>\n<p>Preces\/pakalpojumi: siera gatavo\u0161anas demonstr\u0101cija un apm\u0101c\u012bba, degust\u0101cija<\/p>\n<\/td>\n<td colspan=\"2\" width=\"239\"><\/td>\n<\/tr>\n<tr>\n<td width=\"331\"><strong>Santa MELECE<\/strong><\/p>\n<p>Adrese: \"Jaunzvirgzdi\u0146i\", Ilzenes pagasts, Al\u016bksnes novads<\/p>\n<p>T. +371 26368966<\/p>\n<p>e-pasts: <a href=\"mailto:santamelece@inbox.lv\">santamelece@inbox.lv<\/a> <a href=\"http:\/\/www.pirtsbaudas.lv\">www.pirtsbaudas.lv<\/a><\/p>\n<p>Preces\/pakalpojumi: t\u0113jas, s\u012brupi<\/p>\n<\/td>\n<td colspan=\"2\" width=\"239\"><\/td>\n<\/tr>\n<tr>\n<td width=\"331\"><strong>Egils \u0100BOLKALNS<\/strong><\/p>\n<p>T. +371 26144379<\/p>\n<p>+371 26578346<\/p>\n<p>e-pasts: <a href=\"mailto:dinamei@inbox.lv\">dinamei@inbox.lv<\/a><\/p>\n<p>Preces\/pakalpojumi: ga\u013cas izstr\u0101d\u0101jumi, \u017e\u0101v\u0113jumi<\/p>\n<\/td>\n<td colspan=\"2\" width=\"239\"><\/td>\n<\/tr>\n<tr>\n<td width=\"331\"><strong>ZS \u201cPAIPALAS<\/strong>\u201d<\/p>\n<p>T. +371 29166807<\/p>\n<p>e-pasts: <a href=\"mailto:viola.kaparsmite@llkc.lv\">viola.kaparsmite@llkc.lv<\/a><\/p>\n<p>Preces\/pakalpojumi: gar\u0161vielas<\/p>\n<\/td>\n<td colspan=\"2\" width=\"239\"><\/td>\n<\/tr>\n<tr>\n<td width=\"331\"><strong>ZS \u201cZIEME\u013bI\u201d<\/strong><\/p>\n<p>T. +371 27843550<\/p>\n<p>Preces\/pakalpojumi: t\u0113jas<\/p>\n<\/td>\n<td colspan=\"2\" width=\"239\"><\/td>\n<\/tr>\n<tr>\n<td width=\"331\"><strong>Anna AVOTI\u0145A<\/strong><\/p>\n<p>T. +371 29480610<\/p>\n<p>e-pasts: <a href=\"mailto:avotinaanna@inbox.lv\">avotinaanna@inbox.lv<\/a><\/p>\n<p>Preces\/pakalpojumi: ogu suk\u0101des, iev\u0101r\u012bjumi, saldumu ra\u017eo\u0161ana<\/p>\n<\/td>\n<td colspan=\"2\" width=\"239\"><\/td>\n<\/tr>\n<tr>\n<td width=\"331\"><strong>ZS \u201cTERE\u0160KI \u2013 9\u201d<\/strong><\/p>\n<p>T. +371 28737484<\/p>\n<p>+371 26384907<\/p>\n<p>e-pasts: <a href=\"mailto:edgarsbrilts@inbox.lv\">edgarsbrilts@inbox.lv<\/a><\/p>\n<p>Preces\/pakalpojumi: d\u0101rze\u0146i, (k\u0101posti, burk\u0101ni, kartupe\u013ci)<\/p>\n<\/td>\n<td colspan=\"2\" width=\"239\"><\/td>\n<\/tr>\n<tr>\n<td width=\"331\"><strong>Gunta SPRJADENKOVA<\/strong><\/p>\n<p>T. +371 28625072<\/p>\n<p>Preces\/pakalpojumi: smilts\u0113rk\u0161\u0137u sula, e\u013c\u013ca, zeme\u0146u iev\u0101r\u012bjums, sula<\/p>\n<\/td>\n<td colspan=\"2\" width=\"239\"><\/td>\n<\/tr>\n<tr>\n<td width=\"331\"><strong>SIA VALRITO<\/strong><\/p>\n<p>T. +371 26458203<\/p>\n<p>e-pasts: <a href=\"mailto:valrito@inbox.lv\">valrito@inbox.lv<\/a><\/p>\n<p>Preces\/pakalpojumi: k\u016bpin\u0101jumi, ga\u013cas izstr\u0101d\u0101jumi, kulin\u0101rija, konditoreja<\/p>\n<\/td>\n<td colspan=\"2\" width=\"239\"><\/td>\n<\/tr>\n<tr>\n<td width=\"331\"><strong>Violeta K\u013bAVI\u0145A <\/strong><\/p>\n<p>T. +371 20232692<\/p>\n<p>+371 26232039<\/p>\n<p>e-pasts: <a href=\"mailto:violeta.klavina@aluksne.lv\">violeta.klavina@aluksne.lv<\/a><\/p>\n<p>Preces\/pakalpojumi: gar\u0161vielas<\/p>\n<\/td>\n<td colspan=\"2\" width=\"239\"><\/td>\n<\/tr>\n<tr>\n<td width=\"331\"><strong>Ir\u0113na GASPARE<\/strong><\/p>\n<p>Adrese: \u201cPumpuri\u201d, Jaunannas pagasts, Al\u016bksnes novads<\/p>\n<p>T. +371 29497924<\/p>\n<p>Preces\/pakalpojumi: \u017e\u0101v\u0113tas ga\u013cas izstr\u0101d\u0101jumi<\/p>\n<\/td>\n<td width=\"236\"><\/td>\n<td width=\"2\"><\/td>\n<\/tr>\n<tr>\n<td width=\"331\"><strong>ZS \u201cV\u0112JI\u0145I\u201d <\/strong><\/p>\n<p>Adrese: \u201cV\u0113ji\u0146i\u201d, Strauti\u0146u pagasts, Al\u016bksnes novads<\/p>\n<p>T. +371 29421985<\/p>\n<p>e-pasts: <a href=\"mailto:antrai@inbox.lv\">antrai@inbox.lv<\/a><\/p>\n<p>Preces\/pakalpojumi: da\u017e\u0101das ogas, s\u012brupi, sulas, d\u0101rze\u0146i audz\u0113ti biolo\u0123iskaj\u0101 saimniec\u012bb\u0101<\/p>\n<\/td>\n<td width=\"236\"><\/td>\n<td width=\"2\"><\/td>\n<\/tr>\n<tr>\n<td width=\"331\"><strong>ZS \u201cAUZI\u0145AS\u201d<\/strong><\/p>\n<p>Adrese: \u201cAuzi\u0146as\u201d, Alsvi\u0137u pagasts, Al\u016bksnes novads<\/p>\n<p>T. +371 28329721<\/p>\n<p>+371 28382146<\/p>\n<p>e-pasts: <a href=\"mailto:zsauzinas@inbox.lv\">zsauzinas@inbox.lv<\/a><\/p>\n<p>Preces\/pakalpojumi: d\u0101rze\u0146u audz\u0113\u0161anas un p\u0101rstr\u0101de, suk\u0101des, m\u0101rti\u0146rozes, grieztie ziedi<\/p>\n<\/td>\n<td width=\"236\"><\/td>\n<td width=\"2\"><\/td>\n<\/tr>\n<tr>\n<td width=\"331\"><strong>SIA \u201cD\u016aMAKAS\u201d<\/strong><\/p>\n<p>Adrese: \u201cV\u0113rdi\u0146i\u201d, Alsvi\u0137u pagasts, Al\u016bksnes novads<\/p>\n<p>T. +371 22005076<\/p>\n<p>Preces\/pakalpojumi: ga\u013cas p\u0101rstr\u0101de, p\u0101rtika<\/p>\n<\/td>\n<td width=\"236\"><\/td>\n<td width=\"2\"><\/td>\n<\/tr>\n<tr>\n<td width=\"331\"><strong>ZS \u201cSLI\u0160I\u0145I<\/strong>\u201d<\/p>\n<p>T. +371 29159030, +371 29379957<\/p>\n<p>Preces\/pakalpojumi: ga\u013cas un ga\u013cas produktu mazumtirdzniec\u012bba specializ\u0113tajos veikalos<\/p>\n<\/td>\n<td width=\"236\"><\/td>\n<td width=\"2\"><\/td>\n<\/tr>\n<tr>\n<td width=\"331\"><strong>SIA \u201cM\u016aSU MAIZNIEKS\u201d <\/strong><\/p>\n<p>Adrese: Kolber\u0123is, Jaunal\u016bksnes pagasts, Al\u016bksnes novads<\/p>\n<p>T. +371 26151008<\/p>\n<p>e-pasts: <a href=\"mailto:arminst@inbox.lv\">arminst@inbox.lv<\/a><\/p>\n<p>Preces\/pakalpojumi: maizes cep\u0161ana, p\u0101rdo\u0161ana, kafejn\u012bca<\/p>\n<\/td>\n<td width=\"236\"><\/td>\n<td width=\"2\"><\/td>\n<\/tr>\n<tr>\n<td width=\"331\"><strong>Arvis \u0160teiners<\/strong><\/p>\n<p>T. +371 29335344<\/p>\n<p>e-pasts: <a href=\"mailto:arvis.steiners@gmail.com\">arvis.steiners@gmail.com<\/a><\/p>\n<p>Preces\/pakalpojumi: \u0101boli<\/p>\n<\/td>\n<td width=\"236\"><\/td>\n<td width=\"2\"><\/td>\n<\/tr>\n<tr>\n<td width=\"331\"><strong>Ansis LOGINS<\/strong><\/p>\n<p>T. +371 29335387<\/p>\n<p>e-pasts: <a href=\"mailto:ansio77@inbox.lv\">ansio77@inbox.lv<\/a><\/p>\n<p>Preces\/pakalpojumi: bi\u0161kop\u012bba, medus, t\u0113jas<\/p>\n<\/td>\n<td width=\"236\"><\/td>\n<td width=\"2\"><\/td>\n<\/tr>\n<tr>\n<td width=\"331\"><strong>\u201cJAUNNIEDRU SVAIGDOBE\u201d <\/strong><\/p>\n<p>T. +371 29399118<\/p>\n<p>Preces\/pakalpojumi: svaigi tom\u0101ti, gur\u0137i, zemenes<\/p>\n<\/td>\n<td width=\"236\"><\/td>\n<td width=\"2\"><\/td>\n<\/tr>\n<tr>\n<td width=\"331\"><strong>ZS \u201cPOLIE\u0160I\u201d <\/strong><\/p>\n<p>T. +371 29275461<\/p>\n<p>Preces\/pakalpojumi: biolo\u0123iski audz\u0113ti d\u0101rze\u0146i<\/p>\n<\/td>\n<td width=\"236\"><\/td>\n<td width=\"2\"><\/td>\n<\/tr>\n<tr>\n<td width=\"331\"><strong>P\/S \u201cMELDERPU\u013b\u0136I\u201d <\/strong><\/p>\n<p>T. +371 29147078<\/p>\n<p>Preces\/pakalpojumi: kazas siers<\/p>\n<\/td>\n<td width=\"236\"><\/td>\n<td width=\"2\"><\/td>\n<\/tr>\n<tr>\n<td width=\"331\"><strong>ZS \u201cL\u012aGAS\u201d <\/strong><\/p>\n<p>T. +371 29619931<\/p>\n<p>Preces\/pakalpojumi: kazas siers<\/p>\n<\/td>\n<td width=\"236\"><\/td>\n<td width=\"2\"><\/td>\n<\/tr>\n<tr>\n<td width=\"331\"><strong>\u201cZELTA PAVEDIENS\u201d<\/strong><\/p>\n<p>T. +371 26176847<\/p>\n<p>e-pasts: <a href=\"mailto:edvins.svars@inbox.lv\">edvins.svars@inbox.lv<\/a><\/p>\n<p>Preces\/pakalpojumi: ezermalas viskijs, m\u0101jas saldumi, rokdarbu meistarklases, amatnieku ra\u017eojumi<\/p>\n<\/td>\n<td width=\"236\"><\/td>\n<td width=\"2\"><\/td>\n<\/tr>\n<tr>\n<td width=\"331\"><strong>SIA \u201cLARISEL\u201d<\/strong><\/p>\n<p>T. +371 29497924<\/p>\n<p>e-pasts: <a href=\"mailto:larisel@inbox.lv\">larisel@inbox.lv<\/a><\/p>\n<p>Preces\/pakalpojumi: k\u016bpin\u0101jumi<\/p>\n<\/td>\n<td width=\"236\"><\/td>\n<td width=\"2\"><\/td>\n<\/tr>\n<tr>\n<td width=\"331\"><strong>ZS \u201cMAURI\u0145I\u201d<\/strong><\/p>\n<p>Adrese: \u201cMauri\u0146i\u201d, Veclaicenes pagasts, Al\u016bksnes novads<\/p>\n<p>T. +371 29488925<\/p>\n<p>e-pasts: <a href=\"mailto:gunita.virka@inbox.lv\">gunita.virka@inbox.lv<\/a><\/p>\n<p>Preces\/pakalpojumi: t\u0113jas, gar\u0161augu mais\u012bjumi<\/p>\n<\/td>\n<td width=\"236\"><\/td>\n<td width=\"2\"><\/td>\n<\/tr>\n<tr>\n<td width=\"331\"><strong>SIA \u201cAL\u016aKSNES PUTNU FERMA\u201d<\/strong><\/p>\n<p>Adrese: \u201cPutni\u201d, Ziemera pagasts, Al\u016bksnes novads<\/p>\n<p>T. +371 20017455<\/p>\n<p>Preces\/pakalpojumi: olas<\/p>\n<\/td>\n<td width=\"236\"><\/td>\n<td width=\"2\"><\/td>\n<\/tr>\n<tr>\n<td width=\"331\"><strong>SIA \u201cALTA S\u201d<\/strong><\/p>\n<p>Adrese: Pils iela, Al\u016bksne, Al\u016bksnes novads<\/p>\n<p>T. +371 6438105<\/p>\n<p>Preces\/pakalpojumi: maizes cep\u0161ana, konditoreja, mazumtirdzniec\u012bba<\/p>\n<\/td>\n<td width=\"236\"><\/td>\n<td width=\"2\"><\/td>\n<\/tr>\n<tr>\n<td width=\"331\"><strong>ZS \u201eBRIEDI\u0145I\u201d<\/strong><\/p>\n<p>Adrese: \"Lu\u0146\u0137i\", Malienas pagasts, Al\u016bksnes novads<\/p>\n<p>e-pasts: <a href=\"mailto:ritmabriedina@inbox.lv\">ritmabriedina@inbox.lv<\/a><\/p>\n<p>Preces\/pakalpojumi: piena lopkop\u012bba<\/p>\n<\/td>\n<td width=\"236\"><\/td>\n<td width=\"2\"><\/td>\n<\/tr>\n<tr>\n<td width=\"331\"><strong>ZS \u201eDAMBJUP\u012aTES<\/strong>\u201d<\/p>\n<p>Adrese: \"Me\u017ev\u012bni\", Malienas pagasts, Al\u016bksnes novads<\/p>\n<p>T. +371 26479892<\/p>\n<p>e-pasts: <a href=\"mailto:cinglere@inbox.lv\">cinglere@inbox.lv<\/a><\/p>\n<p>Preces\/pakalpojumi: piena lopkop\u012bba<\/p>\n<\/td>\n<td width=\"236\"><\/td>\n<td width=\"2\"><\/td>\n<\/tr>\n<tr>\n<td width=\"331\"><strong>SIA \u201cFAPS\u201d<\/strong><\/p>\n<p>T. +371 29207492<\/p>\n<p>Preces\/pakalpojumi: \u201cZ\u012bleja\u201d \u2013 ozolz\u012b\u013cu kafijas dz\u0113riens, zivjaudz\u0113tava<\/p>\n<\/td>\n<td width=\"236\"><\/td>\n<td width=\"2\"><\/td>\n<\/tr>\n<tr>\n<td width=\"331\"><strong>Al\u016bksnes rajona V.Matu\u013ca individu\u0101lais uz\u0146\u0113mums \"VALBEN\"\u00a0\u00a0\u00a0\u00a0\u00a0\u00a0 <\/strong><\/p>\n<p>T. +371 64344637<\/p>\n<p>Preces\/pakalpojumi: citu koku un kr\u016bmu aug\u013cu un riekstu audz\u0113\u0161ana<\/p>\n<\/td>\n<td width=\"236\"><\/td>\n<td width=\"2\"><\/td>\n<\/tr>\n<tr>\n<td width=\"331\"><strong>SIA \u201cGMS\u201d<\/strong><\/p>\n<p>Adrese: \u201cL\u016bdi\u0137i -1\u201d, Ziemera pagasts, Al\u016bksnes novads<\/p>\n<p>T. +371 29289686<\/p>\n<p>Preces\/pakalpojumi: ga\u013cas liellopu audz\u0113\u0161ana, savva\u013cas dz\u012bvnieki, brie\u017eu d\u0101rzs, zivsaimniec\u012bba, mak\u0161\u0137er\u0113\u0161ana, tirdzniec\u012bba<\/p>\n<\/td>\n<td width=\"236\"><\/td>\n<td width=\"2\"><\/td>\n<\/tr>\n<tr>\n<td width=\"331\"><strong>SIA \u201cBSK SERVISS\u201d<\/strong><\/p>\n<p>Adrese: \u201cDruvi\u0146a\u201d, \u0160\u013cukums, Ziemera pagasts, Al\u016bksnes novads<\/p>\n<p>T. +371 29289686<\/p>\n<p>Preces\/pakalpojumi: ga\u013cas liellopu audz\u0113\u0161ana, p\u0101rstr\u0101de<\/p>\n<\/td>\n<td width=\"236\"><\/td>\n<td width=\"2\"><\/td>\n<\/tr>\n<tr>\n<td width=\"331\"><strong>SIA \u201c\u0136IKU\u017dAVA\u201d<\/strong><\/p>\n<p>+371 25135062<\/p>\n<p>Preces\/pakalpojumi: aitu un kazu audz\u0113tava, degust\u0101cijas<\/p>\n<\/td>\n<td width=\"236\"><\/td>\n<td width=\"2\"><\/td>\n<\/tr>\n<\/tbody>\n<\/table>\n<\/div>\n<\/div>\n<\/div><\/div><\/div><div id=\"pgc-3799-0-1\"  class=\"panel-grid-cell\" >\t\t<style type=\"text\/css\">\n\t\t\t#accordeconck1 { margin:0;padding:0; }\n#accordeconck1 .accordeonck_desc { display:block; }\n#accordeconck1 li.accordeonck { list-style: none;overflow: hidden; margin: 0;}\n#accordeconck1 ul[class^=\"content\"] { margin:0;padding:0;width:auto; }\n#accordeconck1 li.accordeonck > span { position: relative; display: block; }\n#accordeconck1 li.accordeonck.parent > span { padding-right: 20px;}\n#accordeconck1 li.parent > span span.toggler_icon { position: absolute; cursor: pointer; display: block; height: 100%; z-index: 10;right:0; background: url(https:\/\/aluksne.lv\/wp-content\/plugins\/accordeon-menu-ck\/images\/plus.png) center center no-repeat !important;width: 20px;}\n#accordeconck1 li.parent.open > span span.toggler_icon { right:0; background: url(https:\/\/aluksne.lv\/wp-content\/plugins\/accordeon-menu-ck\/images\/minus.png) center center no-repeat !important;}\n#accordeconck1 li.accordeonck.level2 > span { }\n#accordeconck1 li.level3 li.accordeonck > span { }\n#accordeconck1 a.accordeonck { display: block;text-decoration: none; }\n#accordeconck1 a.accordeonck:hover { text-decoration: none; }\n#accordeconck1 li.parent > span a { display: block;outline: none; }\n#accordeconck1 li.parent.open > span a {  }\n#accordeconck1 li.level2.parent > span span.toggler_icon { right:0;display: block;outline: none;background: url(https:\/\/aluksne.lv\/wp-content\/plugins\/accordeon-menu-ck\/images\/plus.png) center center no-repeat !important; }\n#accordeconck1 li.level2.parent.open > span span.toggler_icon { background: url(https:\/\/aluksne.lv\/wp-content\/plugins\/accordeon-menu-ck\/images\/minus.png) center center no-repeat !important; }\n#accordeconck1 li.level2 li.accordeonck.parent > span span.toggler_icon { right:0;display: block;outline: none;background: url(https:\/\/aluksne.lv\/wp-content\/plugins\/accordeon-menu-ck\/images\/plus.png) center center no-repeat !important; }\n#accordeconck1 li.level2 li.accordeonck.open.parent > span span.toggler_icon { background: url(https:\/\/aluksne.lv\/wp-content\/plugins\/accordeon-menu-ck\/images\/minus.png) center center no-repeat !important; }\n#accordeconck1  {\n\tbackground: #86C2DB;\n\tbackground-size: auto;\tbackground-image: -o-linear-gradient(center top,#86C2DB, #86C2DB 100%);\n\tbackground-image: -webkit-gradient(linear, left top, left bottom,from(#86C2DB), color-stop(100%, #86C2DB));\n\tbackground-image: -moz-linear-gradient(center top,#86C2DB, #86C2DB 100%);\n\tbackground-image: linear-gradient(to bottom,#86C2DB, #86C2DB 100%);\n\tborder-top: none;\n\tborder-bottom: none;\n\tborder-left: none;\n\tborder-right: none;\n\tpadding-top: 5px;\n\tpadding-right: 5px;\n\tpadding-bottom: 5px;\n\tpadding-left: 5px;\n\tfont-family: ;\n}\n\n#accordeconck1  a {\n\tfont-family: ;\n}\n\n#accordeconck1 li.level1 > span a {\n\tcolor: #FFFFFF;\n\tpadding-top: 5px;\n\tpadding-right: 5px;\n\tpadding-bottom: 5px;\n\tpadding-left: 5px;\n\tfont-size: 15px;\n}\n\n#accordeconck1 li.level1 > span a a {\n\tcolor: #FFFFFF;\n\tfont-size: 15px;\n}\n\n#accordeconck1 li.level1 > span .accordeonck_desc {\n\tfont-size: 10px;\n}\n\n#accordeconck1 li.level1 > span .accordeonck_desc a {\n\tfont-size: 10px;\n}\n\n#accordeconck1 li.level1:hover > span a {\n\tcolor: #000000;\n}\n\n#accordeconck1 li.level1:hover > span a a {\n\tcolor: #000000;\n}\n\n#accordeconck1 li.level1 > ul {\n\tbackground-size: auto;\tfont-family: ;\n}\n\n#accordeconck1 li.level1 > ul a {\n\tfont-family: ;\n}\n\n#accordeconck1 li.level2 > span a {\n\tcolor: #636363;\n\tpadding-top: 5px;\n\tpadding-bottom: 5px;\n\tpadding-left: 15px;\n}\n\n#accordeconck1 li.level2 > span a a {\n\tcolor: #636363;\n}\n\n#accordeconck1 li.level2:hover > span a {\n\tcolor: #000000;\n}\n\n#accordeconck1 li.level2:hover > span a a {\n\tcolor: #000000;\n}\n\n#accordeconck1 li.level2 ul[class^=\"content\"] {\n\tbackground-size: auto;\tfont-family: ;\n}\n\n#accordeconck1 li.level2 ul[class^=\"content\"] a {\n\tfont-family: ;\n}\n\n#accordeconck1 li.level2 li.accordeonck > span a {\n\tcolor: #636363;\n\tpadding-top: 2px;\n\tpadding-bottom: 2px;\n\tpadding-left: 20px;\n}\n\n#accordeconck1 li.level2 li.accordeonck > span a a {\n\tcolor: #636363;\n}\n\n#accordeconck1 li.level2 li.accordeonck:hover > span a {\n\tcolor: #000000;\n}\n\n#accordeconck1 li.level2 li.accordeonck:hover > span a a {\n\tcolor: #000000;\n}\t\t<\/style>\n\t\t<div id=\"panel-3799-0-1-0\" class=\"so-panel widget widget_accordeon-menu-ck panel-first-child panel-last-child\" data-index=\"1\" ><ul id=\"accordeconck1\" class=\"menu\"><li id=\"menu-item-3330\" class=\"menu-item menu-item-type-post_type menu-item-object-page accordeonck menu-item-3330 level1\"><span class=\"accordeonck_outer \"><a href=\"https:\/\/aluksne.lv\/index.php\/uznemejdarbiba\/informacija-par-uznemejiem\/apdrosinasana\/\" class=\"accordeonck\">Apdro\u0161in\u0101\u0161ana<\/a><\/span><\/li>\n<li id=\"menu-item-1789\" class=\"menu-item menu-item-type-post_type menu-item-object-page accordeonck menu-item-1789 level1\"><span class=\"accordeonck_outer \"><a href=\"https:\/\/aluksne.lv\/index.php\/uznemejdarbiba\/informacija-par-uznemejiem\/celtnieciba\/\" class=\"accordeonck\">Celtniec\u012bba, energopakalpojumi<\/a><\/span><\/li>\n<li id=\"menu-item-3346\" class=\"menu-item menu-item-type-post_type menu-item-object-page accordeonck menu-item-3346 level1\"><span class=\"accordeonck_outer \"><a href=\"https:\/\/aluksne.lv\/index.php\/uznemejdarbiba\/informacija-par-uznemejiem\/dizains\/\" class=\"accordeonck\">Dizains<\/a><\/span><\/li>\n<li id=\"menu-item-3118\" class=\"menu-item menu-item-type-post_type menu-item-object-page accordeonck menu-item-3118 level1\"><span class=\"accordeonck_outer \"><a href=\"https:\/\/aluksne.lv\/index.php\/uznemejdarbiba\/edinasanas-pakalpojumi\/\" class=\"accordeonck\">\u0112din\u0101\u0161anas pakalpojumi<\/a><\/span><\/li>\n<li id=\"menu-item-3818\" class=\"menu-item menu-item-type-post_type menu-item-object-page accordeonck menu-item-3818 level1\"><span class=\"accordeonck_outer \"><a href=\"https:\/\/aluksne.lv\/index.php\/uznemejdarbiba\/informacija-par-uznemejiem\/galdnieciba\/\" class=\"accordeonck\">Galdniec\u012bba<\/a><\/span><\/li>\n<li id=\"menu-item-1791\" class=\"menu-item menu-item-type-post_type menu-item-object-page accordeonck menu-item-1791 level1\"><span class=\"accordeonck_outer \"><a href=\"https:\/\/aluksne.lv\/index.php\/uznemejdarbiba\/informacija-par-uznemejiem\/izglitibas-pakalpojumi\/\" class=\"accordeonck\">Izgl\u012bt\u012bbas pakalpojumi<\/a><\/span><\/li>\n<li id=\"menu-item-1787\" class=\"menu-item menu-item-type-post_type menu-item-object-page accordeonck menu-item-1787 level1\"><span class=\"accordeonck_outer \"><a href=\"https:\/\/aluksne.lv\/index.php\/uznemejdarbiba\/informacija-par-uznemejiem\/kokapstrade\/\" class=\"accordeonck\">Kokapstr\u0101de<\/a><\/span><\/li>\n<li id=\"menu-item-1786\" class=\"menu-item menu-item-type-post_type menu-item-object-page accordeonck menu-item-1786 level1\"><span class=\"accordeonck_outer \"><a href=\"https:\/\/aluksne.lv\/index.php\/uznemejdarbiba\/informacija-par-uznemejiem\/lauksaimnieciba\/\" class=\"accordeonck\">Lauksaimniec\u012bba<\/a><\/span><\/li>\n<li id=\"menu-item-1794\" class=\"menu-item menu-item-type-post_type menu-item-object-page accordeonck menu-item-1794 level1\"><span class=\"accordeonck_outer \"><a href=\"https:\/\/aluksne.lv\/index.php\/uznemejdarbiba\/informacija-par-uznemejiem\/majrazotaji\/\" class=\"accordeonck\">M\u0101jra\u017eot\u0101ji<\/a><\/span><\/li>\n<li id=\"menu-item-3842\" class=\"menu-item menu-item-type-post_type menu-item-object-page accordeonck menu-item-3842 level1\"><span class=\"accordeonck_outer \"><a href=\"https:\/\/aluksne.lv\/index.php\/uznemejdarbiba\/informacija-par-uznemejiem\/3834-2\/\" class=\"accordeonck\">Met\u0101lapstr\u0101de<\/a><\/span><\/li>\n<li id=\"menu-item-3205\" class=\"menu-item menu-item-type-post_type menu-item-object-page accordeonck menu-item-3205 level1\"><span class=\"accordeonck_outer \"><a href=\"https:\/\/aluksne.lv\/index.php\/uznemejdarbiba\/informacija-par-uznemejiem\/naktsmitnes\/\" class=\"accordeonck\">Naktsm\u012btnes<\/a><\/span><\/li>\n<li id=\"menu-item-3809\" class=\"menu-item menu-item-type-post_type menu-item-object-page accordeonck menu-item-3809 level1\"><span class=\"accordeonck_outer \"><a href=\"https:\/\/aluksne.lv\/index.php\/uznemejdarbiba\/informacija-par-uznemejiem\/partika-2\/\" class=\"accordeonck\">P\u0101rtika<\/a><\/span><\/li>\n<li id=\"menu-item-1788\" class=\"menu-item menu-item-type-post_type menu-item-object-page accordeonck menu-item-1788 level1\"><span class=\"accordeonck_outer \"><a href=\"https:\/\/aluksne.lv\/index.php\/uznemejdarbiba\/informacija-par-uznemejiem\/transports-parvadajumi\/\" class=\"accordeonck\">Transports, p\u0101rvad\u0101jumi<\/a><\/span><\/li>\n<li id=\"menu-item-1793\" class=\"menu-item menu-item-type-post_type menu-item-object-page accordeonck menu-item-1793 level1\"><span class=\"accordeonck_outer \"><a href=\"https:\/\/aluksne.lv\/index.php\/uznemejdarbiba\/informacija-par-uznemejiem\/tirdznieciba\/\" class=\"accordeonck\">Tirdzniec\u012bba<\/a><\/span><\/li>\n<li id=\"menu-item-1792\" class=\"menu-item menu-item-type-post_type menu-item-object-page accordeonck menu-item-1792 level1\"><span class=\"accordeonck_outer \"><a href=\"https:\/\/aluksne.lv\/index.php\/uznemejdarbiba\/informacija-par-uznemejiem\/veseliba-un-skaistumkopsana\/\" class=\"accordeonck\">Vesel\u012bba un skaistumkop\u0161ana<\/a><\/span><\/li>\n<li id=\"menu-item-1795\" class=\"menu-item menu-item-type-post_type menu-item-object-page accordeonck menu-item-1795 level1\"><span class=\"accordeonck_outer \"><a href=\"https:\/\/aluksne.lv\/index.php\/uznemejdarbiba\/informacija-par-uznemejiem\/citi\/\" class=\"accordeonck\">Citi<\/a><\/span><\/li>\n<\/ul>\t\t<script type=\"text\/javascript\"> <!--\n\t\t\n\t\t\tjQuery(document).ready(function(){\n\t\t\t\tjQuery('#accordeconck1').accordeonmenuck({eventtype : 'click',transition : 'linear',showactive : '1',showactivesubmenu : '0',duree : 500});\n\t\t\t}); \t\t\/\/--> <\/script>\n\t\t<\/div><\/div><\/div><\/div>","protected":false},"excerpt":{"rendered":"<p>ZS \u201cIGAUN\u012a\u0160I\u201d Adrese: &#8221;Igaun\u012b\u0161i&#8221;, Jaunal\u016bksnes pagasts, Al\u016bksnes novads T.: 25409955 E-pasts: igaunisuoga@inbox.lv Soci\u0101lie t\u012bkli: Facebook &#8211; Igaun\u012b\u0161u oga Preces\/pakalpojumi: zemenes, zeme\u0146u st\u0101di, zeme\u0146u degust\u0101cija, smilts\u0113rk\u0161\u0137i, bites, bi\u0161u dz\u012bve, medus \u00a0 ZS \u201cSALTUPJI\u201d T. +371 29249234 e-pasts: raiviscekuls@inbox.lv Preces\/pakalpojumi: konditorejas izstr\u0101d\u0101jumi&#8230;<br \/><a class=\"read-more-button\" href=\"https:\/\/aluksne.lv\/index.php\/uznemejdarbiba\/informacija-par-uznemejiem\/partika-2\/\">Las\u012bt visu<\/a><\/p>\n","protected":false},"author":1,"featured_media":0,"parent":471,"menu_order":0,"comment_status":"closed","ping_status":"closed","template":"","meta":{"_crdt_document":"","_monsterinsights_skip_tracking":false,"_monsterinsights_sitenote_active":false,"_monsterinsights_sitenote_note":"","_monsterinsights_sitenote_category":0,"footnotes":"","_links_to":"","_links_to_target":""},"class_list":["post-3799","page","type-page","status-publish","hentry"],"_links":{"self":[{"href":"https:\/\/aluksne.lv\/index.php\/wp-json\/wp\/v2\/pages\/3799","targetHints":{"allow":["GET"]}}],"collection":[{"href":"https:\/\/aluksne.lv\/index.php\/wp-json\/wp\/v2\/pages"}],"about":[{"href":"https:\/\/aluksne.lv\/index.php\/wp-json\/wp\/v2\/types\/page"}],"author":[{"embeddable":true,"href":"https:\/\/aluksne.lv\/index.php\/wp-json\/wp\/v2\/users\/1"}],"replies":[{"embeddable":true,"href":"https:\/\/aluksne.lv\/index.php\/wp-json\/wp\/v2\/comments?post=3799"}],"version-history":[{"count":0,"href":"https:\/\/aluksne.lv\/index.php\/wp-json\/wp\/v2\/pages\/3799\/revisions"}],"up":[{"embeddable":true,"href":"https:\/\/aluksne.lv\/index.php\/wp-json\/wp\/v2\/pages\/471"}],"wp:attachment":[{"href":"https:\/\/aluksne.lv\/index.php\/wp-json\/wp\/v2\/media?parent=3799"}],"curies":[{"name":"wp","href":"https:\/\/api.w.org\/{rel}","templated":true}]}}