{"id":3810,"date":"2018-02-12T06:40:41","date_gmt":"2018-02-12T06:40:41","guid":{"rendered":"http:\/\/aluksne.lv\/?page_id=3810"},"modified":"2019-10-04T14:30:23","modified_gmt":"2019-10-04T11:30:23","slug":"galdnieciba","status":"publish","type":"page","link":"https:\/\/aluksne.lv\/index.php\/uznemejdarbiba\/informacija-par-uznemejiem\/galdnieciba\/","title":{"rendered":"Galdniec\u012bba"},"content":{"rendered":"<div id=\"pl-3810\"  class=\"panel-layout\" ><div id=\"pg-3810-0\"  class=\"panel-grid panel-no-style\" ><div id=\"pgc-3810-0-0\"  class=\"panel-grid-cell\" ><div id=\"panel-3810-0-0-0\" class=\"so-panel widget widget_sow-editor panel-first-child panel-last-child\" data-index=\"0\" ><div\n\t\t\t\n\t\t\tclass=\"so-widget-sow-editor so-widget-sow-editor-base\"\n\t\t\t\n\t\t>\n<div class=\"siteorigin-widget-tinymce textwidget\">\n\t<div style=\"overflow-x:auto;\">\n<table class=\"pienem\">\n<tbody>\n<tr>\n<td width=\"314\">\n<p><strong>Harijs Stradi\u0146\u0161<\/strong><\/p>\n<p>Adrese: Gulbenes iela 2c, Al\u016bksne, Al\u016bksnes novads<\/p>\n<p>T: +371 26477705<\/p>\n<p>+371 64321052<\/p>\n<p><a href=\"mailto:info@stradinsh.com\">info@stradinsh.com<\/a><\/p>\n<p>M\u0101jas lapa: <a href=\"http:\/\/www.stradinsh.com\/\">http:\/\/www.stradinsh.com\/<\/a><\/p>\n<p>Preces\/pakalpojumi: dabiska koka formu apstr\u0101des meistars, sadarbojas ar koku dabas elementu m\u0113be\u013cu un aksesu\u0101ru rad\u012b\u0161an\u0101, izmantojot to p\u0113c iesp\u0113jas piln\u012bgi (zari, saknes, defekti, efekti)<\/p>\n<\/td>\n<td width=\"296\">\u00a0<\/td>\n<\/tr>\n<tr>\n<td width=\"314\">\n<p><strong>J\u0101nis Zelti\u0146\u0161<\/strong><\/p>\n<p>T.: +371 26567614<\/p>\n<p>E-pasts: <a href=\"mailto:chz2088@inbox.lv\">chz2088@inbox.lv<\/a><\/p>\n<p>Preces\/pakalpojumi: mas\u012bvkoka m\u0113be\u013cu izgatavo\u0161ana, individu\u0101lie projekti un pas\u016bt\u012bjumi<\/p>\n<\/td>\n<td width=\"296\">\u00a0<a href=\"http:\/\/aluksne.lv\/wp-content\/uploads\/2018\/02\/image001.jpg\"><img loading=\"lazy\" decoding=\"async\" class=\" wp-image-3811 alignleft\" src=\"http:\/\/aluksne.lv\/wp-content\/uploads\/2018\/02\/image001.jpg\" alt=\"\" width=\"186\" height=\"186\" data-id=\"3811\" srcset=\"https:\/\/aluksne.lv\/wp-content\/uploads\/2018\/02\/image001.jpg 229w, https:\/\/aluksne.lv\/wp-content\/uploads\/2018\/02\/image001-150x150.jpg 150w, https:\/\/aluksne.lv\/wp-content\/uploads\/2018\/02\/image001-60x60.jpg 60w, https:\/\/aluksne.lv\/wp-content\/uploads\/2018\/02\/image001-24x24.jpg 24w, https:\/\/aluksne.lv\/wp-content\/uploads\/2018\/02\/image001-36x36.jpg 36w, https:\/\/aluksne.lv\/wp-content\/uploads\/2018\/02\/image001-48x48.jpg 48w\" sizes=\"auto, (max-width: 186px) 100vw, 186px\" \/><\/a><\/td>\n<\/tr>\n<tr>\n<td width=\"314\">\n<p><strong>\u201cLatWood Artisians\u201d<\/strong><\/p>\n<p>Raimonds Lapacinskis<\/p>\n<p>T.: +371 29226447<\/p>\n<p>E-pasts: <a href=\"mailto:latwoodart@gmail.com\">latwoodart@gmail.com<\/a><\/p>\n<p>Preces\/pakalpojumi: koka dekori un izstr\u0101d\u0101jumi m\u0101jai un interjeram<\/p>\n<\/td>\n<td width=\"296\">\u00a0<a href=\"http:\/\/aluksne.lv\/wp-content\/uploads\/2018\/02\/image002.jpg\"><img loading=\"lazy\" decoding=\"async\" class=\"alignnone size-full wp-image-3812\" src=\"http:\/\/aluksne.lv\/wp-content\/uploads\/2018\/02\/image002.jpg\" alt=\"\" width=\"187\" height=\"187\" data-id=\"3812\" srcset=\"https:\/\/aluksne.lv\/wp-content\/uploads\/2018\/02\/image002.jpg 187w, https:\/\/aluksne.lv\/wp-content\/uploads\/2018\/02\/image002-150x150.jpg 150w, https:\/\/aluksne.lv\/wp-content\/uploads\/2018\/02\/image002-60x60.jpg 60w, https:\/\/aluksne.lv\/wp-content\/uploads\/2018\/02\/image002-24x24.jpg 24w, https:\/\/aluksne.lv\/wp-content\/uploads\/2018\/02\/image002-36x36.jpg 36w, https:\/\/aluksne.lv\/wp-content\/uploads\/2018\/02\/image002-48x48.jpg 48w\" sizes=\"auto, (max-width: 187px) 100vw, 187px\" \/><\/a><\/td>\n<\/tr>\n<tr>\n<td width=\"314\">\n<p><strong>SIA \u201cWood Studio\u201d<\/strong><\/p>\n<p>T.: +371 26573674<\/p>\n<p>E-pasts: <a href=\"mailto:woodstudio.kristaps@inbox.lv\">woodstudio.kristaps@inbox.lv<\/a><\/p>\n<p>Preces\/pakalpojumi: koka izstr\u0101d\u0101jumi, apbalvojumi, rota\u013clietas, dekori, l\u0101zergrav\u0113\u0161anas darbi, individu\u0101lie risin\u0101jumi<\/p>\n<\/td>\n<td width=\"296\">\u00a0<a href=\"http:\/\/aluksne.lv\/wp-content\/uploads\/2018\/02\/image003.jpg\"><img loading=\"lazy\" decoding=\"async\" class=\"alignnone  wp-image-3813\" src=\"http:\/\/aluksne.lv\/wp-content\/uploads\/2018\/02\/image003.jpg\" alt=\"\" width=\"189\" height=\"124\" data-id=\"3813\" srcset=\"https:\/\/aluksne.lv\/wp-content\/uploads\/2018\/02\/image003.jpg 282w, https:\/\/aluksne.lv\/wp-content\/uploads\/2018\/02\/image003-24x16.jpg 24w, https:\/\/aluksne.lv\/wp-content\/uploads\/2018\/02\/image003-36x24.jpg 36w, https:\/\/aluksne.lv\/wp-content\/uploads\/2018\/02\/image003-48x32.jpg 48w\" sizes=\"auto, (max-width: 189px) 100vw, 189px\" \/><\/a><\/td>\n<\/tr>\n<tr>\n<td width=\"314\">\n<p><strong>Toms Sedlenieks<\/strong><\/p>\n<p>T. +371 29470663<\/p>\n<p>e-pasts: <a href=\"mailto:toms31toms@inbox.lv\">toms31toms@inbox.lv<\/a><\/p>\n<p>Preces\/pakalpojumi: galdniec\u012bbas pakalpojumi, individu\u0101lie projekti un pas\u016bt\u012bjumi<\/p>\n<\/td>\n<td width=\"296\">\u00a0<\/td>\n<\/tr>\n<tr>\n<td width=\"314\">\n<p><strong>SIA \"JM GRUPA\"<\/strong><\/p>\n<p>T.: +371 64321186<\/p>\n<p>+371 26449080<\/p>\n<p>E-pasts: <a href=\"mailto:jmgrupa@inbox.lv\">jmgrupa@inbox.lv<\/a><\/p>\n<p>M\u0101jaslapa: <a href=\"http:\/\/new.jmgrupa.lv\/lv\/galvena\/kontakti.html\">http:\/\/new.jmgrupa.lv\/lv\/galvena\/kontakti.html<\/a><\/p>\n<p>Preces\/pakalpojumi: celtniec\u012bbas kokmateri\u0101lu ra\u017eo\u0161ana, da\u017e\u0101du veidu iek\u0161st\u016brl\u012bstu, \u0101rst\u016brl\u012bstu, segl\u012bstu, k\u0101 ar\u012b ap\u0161uves d\u0113\u013cu iek\u0161darbiem un \u0101rdarbiem izgatavo\u0161ana. Sortiment\u0101 ar\u012b gr\u012bdas d\u0113\u013ci<\/p>\n<p><strong>\u00a0<\/strong><\/p>\n<\/td>\n<td width=\"296\">\u00a0<a href=\"http:\/\/aluksne.lv\/wp-content\/uploads\/2018\/02\/image004.jpg\"><img loading=\"lazy\" decoding=\"async\" class=\"alignnone size-full wp-image-3814\" src=\"http:\/\/aluksne.lv\/wp-content\/uploads\/2018\/02\/image004.jpg\" alt=\"\" width=\"169\" height=\"123\" data-id=\"3814\" srcset=\"https:\/\/aluksne.lv\/wp-content\/uploads\/2018\/02\/image004.jpg 169w, https:\/\/aluksne.lv\/wp-content\/uploads\/2018\/02\/image004-138x100.jpg 138w, https:\/\/aluksne.lv\/wp-content\/uploads\/2018\/02\/image004-24x17.jpg 24w, https:\/\/aluksne.lv\/wp-content\/uploads\/2018\/02\/image004-36x26.jpg 36w, https:\/\/aluksne.lv\/wp-content\/uploads\/2018\/02\/image004-48x35.jpg 48w\" sizes=\"auto, (max-width: 169px) 100vw, 169px\" \/><\/a><\/td>\n<\/tr>\n<tr>\n<td width=\"314\">\n<p><strong>SIA \u201cM\u0101rcis C\u201d<\/strong><\/p>\n<p>T. +371 26377560<\/p>\n<p>Preces\/pakalpojumi: galdniec\u012bba<\/p>\n<\/td>\n<td width=\"296\">\u00a0<\/td>\n<\/tr>\n<tr>\n<td width=\"314\">\n<p><strong>SIA \u201cRAM un J\u201d<\/strong><\/p>\n<p>e-pasts: <a href=\"mailto:raivis261@inbox.lv\">raivis261@inbox.lv<\/a><\/p>\n<p>Preces\/pakalpojumi: galdniec\u012bba<\/p>\n<p><strong>\u00a0<\/strong><\/p>\n<\/td>\n<td width=\"296\">\u00a0<\/td>\n<\/tr>\n<tr>\n<td width=\"314\">\n<p><strong>\u201cMad Axe Skills\u201d<\/strong><\/p>\n<p>T. +371 28337036<\/p>\n<p><a href=\"mailto:roberts.korulis@gmail.com\">roberts.korulis@gmail.com<\/a><\/p>\n<p>Preces\/pakalpojumi: galdniec\u012bba, koka restaur\u0101cija, cepures ar koka nagu<\/p>\n<\/td>\n<td width=\"296\">\u00a0<\/td>\n<\/tr>\n<tr>\n<td width=\"314\">\n<p><strong>SIA LAK meistara \"M\u016brnieka galdniec\u012bba\"<\/strong><\/p>\n<p>+371 29107587<\/p>\n<p>Preces\/pakalpojumi: namdaru un galdniec\u012bbas izstr\u0101d\u0101jumu ra\u017eo\u0161ana<\/p>\n<p><a href=\"mailto:andrismurnieks@inbox.lv\">andrismurnieks@inbox.lv<\/a><\/p>\n<\/td>\n<td width=\"296\">\u00a0<\/td>\n<\/tr>\n<tr>\n<td width=\"314\">\n<p><strong>SIA \"RP Koka projekti\"<\/strong><\/p>\n<p>+371 26156703<\/p>\n<p>Preces\/pakalpojumi: galdnieku darbi<\/p>\n<\/td>\n<td width=\"296\">\u00a0<\/td>\n<\/tr>\n<tr>\n<td width=\"314\">\n<p><strong>SIA \"DAVV\"\u00a0\u00a0\u00a0\u00a0\u00a0\u00a0\u00a0\u00a0\u00a0\u00a0\u00a0\u00a0\u00a0\u00a0\u00a0\u00a0\u00a0\u00a0\u00a0\u00a0\u00a0\u00a0\u00a0 <\/strong><\/p>\n<p>+371 65768286<\/p>\n<p>+371 29404833<\/p>\n<p>Preces\/pakalpojumi: namdaru un galdniec\u012bbas izstr\u0101d\u0101jumu ra\u017eo\u0161ana<\/p>\n<\/td>\n<td width=\"296\">\u00a0<\/td>\n<\/tr>\n<tr>\n<td width=\"314\">\n<p><strong>Normunds Fel\u0161s\u00a0\u00a0\u00a0\u00a0\u00a0\u00a0\u00a0\u00a0 <\/strong><\/p>\n<p>+371 28367121<\/p>\n<p><a href=\"mailto:normunds.felss@inbox.lv\">normunds.felss@inbox.lv<\/a><\/p>\n<p>Preces\/pakalpojumi: rok\u0101m darin\u0101tu koka m\u0113be\u013cu, rota\u013clietu un dizaina elementu ra\u017eo\u0161ana<\/p>\n<\/td>\n<td width=\"296\">\u00a0<\/td>\n<\/tr>\n<tr>\n<td width=\"314\">\n<p><strong>Individu\u0101lais komersants \"JURIS L\u012aDUMNIEKS\"\u00a0\u00a0\u00a0\u00a0\u00a0\u00a0 <\/strong><\/p>\n<p>Preces\/pakalpojumi: namdaru un galdniec\u012bbas izstr\u0101d\u0101jumu ra\u017eo\u0161ana<\/p>\n<\/td>\n<td width=\"296\">\u00a0<\/td>\n<\/tr>\n<tr>\n<td width=\"314\">\n<p><strong>SIA \"LIGNOS\"<\/strong><\/p>\n<p>+371 29440053<\/p>\n<p>Preces\/pakalpojumi: galdniec\u012bba, m\u0113beles<\/p>\n<\/td>\n<td width=\"296\">\u00a0<\/td>\n<\/tr>\n<\/tbody>\n<\/table>\n<\/div>\n<\/div>\n<\/div><\/div><\/div><div id=\"pgc-3810-0-1\"  class=\"panel-grid-cell\" >\t\t<style type=\"text\/css\">\n\t\t\t#accordeconck1 { margin:0;padding:0; }\n#accordeconck1 .accordeonck_desc { display:block; }\n#accordeconck1 li.accordeonck { list-style: none;overflow: hidden; margin: 0;}\n#accordeconck1 ul[class^=\"content\"] { margin:0;padding:0;width:auto; }\n#accordeconck1 li.accordeonck > span { position: relative; display: block; }\n#accordeconck1 li.accordeonck.parent > span { padding-right: 20px;}\n#accordeconck1 li.parent > span span.toggler_icon { position: absolute; cursor: pointer; display: block; height: 100%; z-index: 10;right:0; background: url(https:\/\/aluksne.lv\/wp-content\/plugins\/accordeon-menu-ck\/images\/plus.png) center center no-repeat !important;width: 20px;}\n#accordeconck1 li.parent.open > span span.toggler_icon { right:0; background: url(https:\/\/aluksne.lv\/wp-content\/plugins\/accordeon-menu-ck\/images\/minus.png) center center no-repeat !important;}\n#accordeconck1 li.accordeonck.level2 > span { }\n#accordeconck1 li.level3 li.accordeonck > span { }\n#accordeconck1 a.accordeonck { display: block;text-decoration: none; }\n#accordeconck1 a.accordeonck:hover { text-decoration: none; }\n#accordeconck1 li.parent > span a { display: block;outline: none; }\n#accordeconck1 li.parent.open > span a {  }\n#accordeconck1 li.level2.parent > span span.toggler_icon { right:0;display: block;outline: none;background: url(https:\/\/aluksne.lv\/wp-content\/plugins\/accordeon-menu-ck\/images\/plus.png) center center no-repeat !important; }\n#accordeconck1 li.level2.parent.open > span span.toggler_icon { background: url(https:\/\/aluksne.lv\/wp-content\/plugins\/accordeon-menu-ck\/images\/minus.png) center center no-repeat !important; }\n#accordeconck1 li.level2 li.accordeonck.parent > span span.toggler_icon { right:0;display: block;outline: none;background: url(https:\/\/aluksne.lv\/wp-content\/plugins\/accordeon-menu-ck\/images\/plus.png) center center no-repeat !important; }\n#accordeconck1 li.level2 li.accordeonck.open.parent > span span.toggler_icon { background: url(https:\/\/aluksne.lv\/wp-content\/plugins\/accordeon-menu-ck\/images\/minus.png) center center no-repeat !important; }\n#accordeconck1  {\n\tbackground: #86C2DB;\n\tbackground-size: auto;\tbackground-image: -o-linear-gradient(center top,#86C2DB, #86C2DB 100%);\n\tbackground-image: -webkit-gradient(linear, left top, left bottom,from(#86C2DB), color-stop(100%, #86C2DB));\n\tbackground-image: -moz-linear-gradient(center top,#86C2DB, #86C2DB 100%);\n\tbackground-image: linear-gradient(to bottom,#86C2DB, #86C2DB 100%);\n\tborder-top: none;\n\tborder-bottom: none;\n\tborder-left: none;\n\tborder-right: none;\n\tpadding-top: 5px;\n\tpadding-right: 5px;\n\tpadding-bottom: 5px;\n\tpadding-left: 5px;\n\tfont-family: ;\n}\n\n#accordeconck1  a {\n\tfont-family: ;\n}\n\n#accordeconck1 li.level1 > span a {\n\tcolor: #FFFFFF;\n\tpadding-top: 5px;\n\tpadding-right: 5px;\n\tpadding-bottom: 5px;\n\tpadding-left: 5px;\n\tfont-size: 15px;\n}\n\n#accordeconck1 li.level1 > span a a {\n\tcolor: #FFFFFF;\n\tfont-size: 15px;\n}\n\n#accordeconck1 li.level1 > span .accordeonck_desc {\n\tfont-size: 10px;\n}\n\n#accordeconck1 li.level1 > span .accordeonck_desc a {\n\tfont-size: 10px;\n}\n\n#accordeconck1 li.level1:hover > span a {\n\tcolor: #000000;\n}\n\n#accordeconck1 li.level1:hover > span a a {\n\tcolor: #000000;\n}\n\n#accordeconck1 li.level1 > ul {\n\tbackground-size: auto;\tfont-family: ;\n}\n\n#accordeconck1 li.level1 > ul a {\n\tfont-family: ;\n}\n\n#accordeconck1 li.level2 > span a {\n\tcolor: #636363;\n\tpadding-top: 5px;\n\tpadding-bottom: 5px;\n\tpadding-left: 15px;\n}\n\n#accordeconck1 li.level2 > span a a {\n\tcolor: #636363;\n}\n\n#accordeconck1 li.level2:hover > span a {\n\tcolor: #000000;\n}\n\n#accordeconck1 li.level2:hover > span a a {\n\tcolor: #000000;\n}\n\n#accordeconck1 li.level2 ul[class^=\"content\"] {\n\tbackground-size: auto;\tfont-family: ;\n}\n\n#accordeconck1 li.level2 ul[class^=\"content\"] a {\n\tfont-family: ;\n}\n\n#accordeconck1 li.level2 li.accordeonck > span a {\n\tcolor: #636363;\n\tpadding-top: 2px;\n\tpadding-bottom: 2px;\n\tpadding-left: 20px;\n}\n\n#accordeconck1 li.level2 li.accordeonck > span a a {\n\tcolor: #636363;\n}\n\n#accordeconck1 li.level2 li.accordeonck:hover > span a {\n\tcolor: #000000;\n}\n\n#accordeconck1 li.level2 li.accordeonck:hover > span a a {\n\tcolor: #000000;\n}\t\t<\/style>\n\t\t<div id=\"panel-3810-0-1-0\" class=\"so-panel widget widget_accordeon-menu-ck panel-first-child panel-last-child\" data-index=\"1\" ><ul id=\"accordeconck1\" class=\"menu\"><li id=\"menu-item-3330\" class=\"menu-item menu-item-type-post_type menu-item-object-page accordeonck menu-item-3330 level1\"><span class=\"accordeonck_outer \"><a href=\"https:\/\/aluksne.lv\/index.php\/uznemejdarbiba\/informacija-par-uznemejiem\/apdrosinasana\/\" class=\"accordeonck\">Apdro\u0161in\u0101\u0161ana<\/a><\/span><\/li>\n<li id=\"menu-item-1789\" class=\"menu-item menu-item-type-post_type menu-item-object-page accordeonck menu-item-1789 level1\"><span class=\"accordeonck_outer \"><a href=\"https:\/\/aluksne.lv\/index.php\/uznemejdarbiba\/informacija-par-uznemejiem\/celtnieciba\/\" class=\"accordeonck\">Celtniec\u012bba, energopakalpojumi<\/a><\/span><\/li>\n<li id=\"menu-item-3346\" class=\"menu-item menu-item-type-post_type menu-item-object-page accordeonck menu-item-3346 level1\"><span class=\"accordeonck_outer \"><a href=\"https:\/\/aluksne.lv\/index.php\/uznemejdarbiba\/informacija-par-uznemejiem\/dizains\/\" class=\"accordeonck\">Dizains<\/a><\/span><\/li>\n<li id=\"menu-item-3118\" class=\"menu-item menu-item-type-post_type menu-item-object-page accordeonck menu-item-3118 level1\"><span class=\"accordeonck_outer \"><a href=\"https:\/\/aluksne.lv\/index.php\/uznemejdarbiba\/edinasanas-pakalpojumi\/\" class=\"accordeonck\">\u0112din\u0101\u0161anas pakalpojumi<\/a><\/span><\/li>\n<li id=\"menu-item-3818\" class=\"menu-item menu-item-type-post_type menu-item-object-page accordeonck menu-item-3818 level1\"><span class=\"accordeonck_outer \"><a href=\"https:\/\/aluksne.lv\/index.php\/uznemejdarbiba\/informacija-par-uznemejiem\/galdnieciba\/\" class=\"accordeonck\">Galdniec\u012bba<\/a><\/span><\/li>\n<li id=\"menu-item-1791\" class=\"menu-item menu-item-type-post_type menu-item-object-page accordeonck menu-item-1791 level1\"><span class=\"accordeonck_outer \"><a href=\"https:\/\/aluksne.lv\/index.php\/uznemejdarbiba\/informacija-par-uznemejiem\/izglitibas-pakalpojumi\/\" class=\"accordeonck\">Izgl\u012bt\u012bbas pakalpojumi<\/a><\/span><\/li>\n<li id=\"menu-item-1787\" class=\"menu-item menu-item-type-post_type menu-item-object-page accordeonck menu-item-1787 level1\"><span class=\"accordeonck_outer \"><a href=\"https:\/\/aluksne.lv\/index.php\/uznemejdarbiba\/informacija-par-uznemejiem\/kokapstrade\/\" class=\"accordeonck\">Kokapstr\u0101de<\/a><\/span><\/li>\n<li id=\"menu-item-1786\" class=\"menu-item menu-item-type-post_type menu-item-object-page accordeonck menu-item-1786 level1\"><span class=\"accordeonck_outer \"><a href=\"https:\/\/aluksne.lv\/index.php\/uznemejdarbiba\/informacija-par-uznemejiem\/lauksaimnieciba\/\" class=\"accordeonck\">Lauksaimniec\u012bba<\/a><\/span><\/li>\n<li id=\"menu-item-1794\" class=\"menu-item menu-item-type-post_type menu-item-object-page accordeonck menu-item-1794 level1\"><span class=\"accordeonck_outer \"><a href=\"https:\/\/aluksne.lv\/index.php\/uznemejdarbiba\/informacija-par-uznemejiem\/majrazotaji\/\" class=\"accordeonck\">M\u0101jra\u017eot\u0101ji<\/a><\/span><\/li>\n<li id=\"menu-item-3842\" class=\"menu-item menu-item-type-post_type menu-item-object-page accordeonck menu-item-3842 level1\"><span class=\"accordeonck_outer \"><a href=\"https:\/\/aluksne.lv\/index.php\/uznemejdarbiba\/informacija-par-uznemejiem\/3834-2\/\" class=\"accordeonck\">Met\u0101lapstr\u0101de<\/a><\/span><\/li>\n<li id=\"menu-item-3205\" class=\"menu-item menu-item-type-post_type menu-item-object-page accordeonck menu-item-3205 level1\"><span class=\"accordeonck_outer \"><a href=\"https:\/\/aluksne.lv\/index.php\/uznemejdarbiba\/informacija-par-uznemejiem\/naktsmitnes\/\" class=\"accordeonck\">Naktsm\u012btnes<\/a><\/span><\/li>\n<li id=\"menu-item-3809\" class=\"menu-item menu-item-type-post_type menu-item-object-page accordeonck menu-item-3809 level1\"><span class=\"accordeonck_outer \"><a href=\"https:\/\/aluksne.lv\/index.php\/uznemejdarbiba\/informacija-par-uznemejiem\/partika-2\/\" class=\"accordeonck\">P\u0101rtika<\/a><\/span><\/li>\n<li id=\"menu-item-1788\" class=\"menu-item menu-item-type-post_type menu-item-object-page accordeonck menu-item-1788 level1\"><span class=\"accordeonck_outer \"><a href=\"https:\/\/aluksne.lv\/index.php\/uznemejdarbiba\/informacija-par-uznemejiem\/transports-parvadajumi\/\" class=\"accordeonck\">Transports, p\u0101rvad\u0101jumi<\/a><\/span><\/li>\n<li id=\"menu-item-1793\" class=\"menu-item menu-item-type-post_type menu-item-object-page accordeonck menu-item-1793 level1\"><span class=\"accordeonck_outer \"><a href=\"https:\/\/aluksne.lv\/index.php\/uznemejdarbiba\/informacija-par-uznemejiem\/tirdznieciba\/\" class=\"accordeonck\">Tirdzniec\u012bba<\/a><\/span><\/li>\n<li id=\"menu-item-1792\" class=\"menu-item menu-item-type-post_type menu-item-object-page accordeonck menu-item-1792 level1\"><span class=\"accordeonck_outer \"><a href=\"https:\/\/aluksne.lv\/index.php\/uznemejdarbiba\/informacija-par-uznemejiem\/veseliba-un-skaistumkopsana\/\" class=\"accordeonck\">Vesel\u012bba un skaistumkop\u0161ana<\/a><\/span><\/li>\n<li id=\"menu-item-1795\" class=\"menu-item menu-item-type-post_type menu-item-object-page accordeonck menu-item-1795 level1\"><span class=\"accordeonck_outer \"><a href=\"https:\/\/aluksne.lv\/index.php\/uznemejdarbiba\/informacija-par-uznemejiem\/citi\/\" class=\"accordeonck\">Citi<\/a><\/span><\/li>\n<\/ul>\t\t<script type=\"text\/javascript\"> <!--\n\t\t\n\t\t\tjQuery(document).ready(function(){\n\t\t\t\tjQuery('#accordeconck1').accordeonmenuck({eventtype : 'click',transition : 'linear',showactive : '1',showactivesubmenu : '0',duree : 500});\n\t\t\t}); \t\t\/\/--> <\/script>\n\t\t<\/div><\/div><\/div><\/div>","protected":false},"excerpt":{"rendered":"<p>Harijs Stradi\u0146\u0161 Adrese: Gulbenes iela 2c, Al\u016bksne, Al\u016bksnes novads T: +371 26477705 +371 64321052 info@stradinsh.com M\u0101jas lapa: http:\/\/www.stradinsh.com\/ Preces\/pakalpojumi: dabiska koka formu apstr\u0101des meistars, sadarbojas ar koku dabas elementu m\u0113be\u013cu un aksesu\u0101ru rad\u012b\u0161an\u0101, izmantojot to p\u0113c iesp\u0113jas piln\u012bgi (zari, saknes,&#8230;<br \/><a class=\"read-more-button\" href=\"https:\/\/aluksne.lv\/index.php\/uznemejdarbiba\/informacija-par-uznemejiem\/galdnieciba\/\">Las\u012bt visu<\/a><\/p>\n","protected":false},"author":1,"featured_media":0,"parent":471,"menu_order":0,"comment_status":"closed","ping_status":"closed","template":"","meta":{"_crdt_document":"","_monsterinsights_skip_tracking":false,"_monsterinsights_sitenote_active":false,"_monsterinsights_sitenote_note":"","_monsterinsights_sitenote_category":0,"footnotes":"","_links_to":"","_links_to_target":""},"class_list":["post-3810","page","type-page","status-publish","hentry"],"_links":{"self":[{"href":"https:\/\/aluksne.lv\/index.php\/wp-json\/wp\/v2\/pages\/3810","targetHints":{"allow":["GET"]}}],"collection":[{"href":"https:\/\/aluksne.lv\/index.php\/wp-json\/wp\/v2\/pages"}],"about":[{"href":"https:\/\/aluksne.lv\/index.php\/wp-json\/wp\/v2\/types\/page"}],"author":[{"embeddable":true,"href":"https:\/\/aluksne.lv\/index.php\/wp-json\/wp\/v2\/users\/1"}],"replies":[{"embeddable":true,"href":"https:\/\/aluksne.lv\/index.php\/wp-json\/wp\/v2\/comments?post=3810"}],"version-history":[{"count":0,"href":"https:\/\/aluksne.lv\/index.php\/wp-json\/wp\/v2\/pages\/3810\/revisions"}],"up":[{"embeddable":true,"href":"https:\/\/aluksne.lv\/index.php\/wp-json\/wp\/v2\/pages\/471"}],"wp:attachment":[{"href":"https:\/\/aluksne.lv\/index.php\/wp-json\/wp\/v2\/media?parent=3810"}],"curies":[{"name":"wp","href":"https:\/\/api.w.org\/{rel}","templated":true}]}}