{"id":383,"date":"2016-03-15T06:43:54","date_gmt":"2016-03-15T06:43:54","guid":{"rendered":"http:\/\/aluksne.lv\/jauna1\/?page_id=383"},"modified":"2024-06-26T12:25:55","modified_gmt":"2024-06-26T09:25:55","slug":"pakalpojumi","status":"publish","type":"page","link":"https:\/\/aluksne.lv\/index.php\/pasvaldiba\/pakalpojumi\/","title":{"rendered":"Pakalpojumi"},"content":{"rendered":"<div id=\"pl-383\"  class=\"panel-layout\" ><div id=\"pg-383-0\"  class=\"panel-grid panel-no-style\" ><div id=\"pgc-383-0-0\"  class=\"panel-grid-cell\" ><div id=\"panel-383-0-0-0\" class=\"so-panel widget widget_sow-editor panel-first-child panel-last-child\" data-index=\"0\" ><div\n\t\t\t\n\t\t\tclass=\"so-widget-sow-editor so-widget-sow-editor-base\"\n\t\t\t\n\t\t>\n<div class=\"siteorigin-widget-tinymce textwidget\">\n\t<p>Al\u016bksnes novada pa\u0161vald\u012bbas pakalpojumi sak\u0101rtoti pa nozar\u0113m ar sait\u0113m uz attiec\u012bg\u0101 pakalpojuma aprakstu vienotaj\u0101 valsts un pa\u0161vald\u012bbu pakalpojumu port\u0101l\u0101 www.latvija.gov.lv.<\/p>\n<table class=\"hoverTable\">\n<tbody>\n<tr>\n<td width=\"33%\"><a href=\"https:\/\/aluksne.lv\/index.php\/pasvaldiba\/klientu-apkalposanas-centri\/\"><strong>KLIENTU APKALPO\u0160ANAS CENTRI<\/strong><\/a><\/td>\n<td width=\"33%\"><a href=\"https:\/\/aluksne.lv\/index.php\/pasvaldiba\/pakalpojumi\/atkritumu-apsaimniekosana\/\"><strong>ATKRITUMU APSAIMNIEKO\u0160ANA<\/strong><\/a><\/td>\n<td width=\"33%\"><a href=\"https:\/\/aluksne.lv\/index.php\/pasvaldiba\/pakalpojumi\/buvnieciba\/\"><strong>B\u016aVNIEC\u012aBA<\/strong><\/a><\/td>\n<\/tr>\n<tr>\n<td width=\"33%\"><a href=\"https:\/\/aluksne.lv\/index.php\/pasvaldiba\/pakalpojumi\/dzivesvietas-deklaresana\/\">DZ\u012aVESVIETAS\u00a0 DEKLAR\u0112\u0160ANA<\/a><\/td>\n<td width=\"33%\"><a href=\"https:\/\/aluksne.lv\/index.php\/pasvaldiba\/pakalpojumi\/dzivesvieta\/\">DZ\u012aVESVIETA<\/a><\/td>\n<td width=\"33%\"><a href=\"https:\/\/aluksne.lv\/index.php\/pasvaldiba\/pakalpojumi\/gimene\/\">\u0122IMENE<\/a><\/td>\n<\/tr>\n<tr>\n<td width=\"33%\"><a href=\"https:\/\/aluksne.lv\/index.php\/pasvaldiba\/pakalpojumi\/izglitiba\/\">IZGL\u012aT\u012aBA<\/a><\/td>\n<td width=\"33%\"><a href=\"https:\/\/aluksne.lv\/index.php\/pasvaldiba\/pakalpojumi\/kapsetu-darbiba\/\">KAPS\u0112TU\u00a0 DARB\u012aBA<\/a><\/td>\n<td width=\"33%\"><a href=\"https:\/\/aluksne.lv\/index.php\/pasvaldiba\/pakalpojumi\/komunalie-pakalpojumi\/\">KOMUN\u0100LIE\u00a0 PAKALPOJUMI<\/a><\/td>\n<\/tr>\n<tr>\n<td width=\"33%\"><a href=\"https:\/\/aluksne.lv\/index.php\/pasvaldiba\/pakalpojumi\/kultura-sports\/\">KULT\u016aRA, SPORTS<\/a><\/td>\n<td width=\"33%\"><a href=\"https:\/\/aluksne.lv\/index.php\/pasvaldiba\/pakalpojumi\/nekustamais-ipasums\/\">NEKUSTAMAIS\u00a0 \u012aPA\u0160UMS<\/a><\/td>\n<td width=\"33%\"><a href=\"https:\/\/aluksne.lv\/index.php\/pasvaldiba\/pakalpojumi\/nekustama-ipasuma-nodoklis\/\">NEKUSTAM\u0100 \u012aPA\u0160UMA NODOKLIS<\/a><\/td>\n<\/tr>\n<tr>\n<td width=\"33%\"><a href=\"https:\/\/aluksne.lv\/index.php\/pasvaldiba\/pakalpojumi\/pasvaldibas-atlaujas\/\">PA\u0160VALD\u012aBAS\u00a0 AT\u013bAUJAS, LICENCES<\/a><\/td>\n<td width=\"33%\"><a href=\"https:\/\/aluksne.lv\/index.php\/pasvaldiba\/pakalpojumi\/publisku-pasakumu-organizesana\/\">PUBLISKU PAS\u0100KUMU ORGANIZ\u0112\u0160ANA<\/a><\/td>\n<td width=\"33%\"><a href=\"https:\/\/aluksne.lv\/index.php\/pasvaldiba\/pakalpojumi\/sazina-ar-pasvaldibu\/\">SAZI\u0145A\u00a0 AR\u00a0 PA\u0160VALD\u012aBU<\/a><\/td>\n<\/tr>\n<tr>\n<td width=\"33%\"><a href=\"https:\/\/aluksne.lv\/index.php\/pasvaldiba\/pakalpojumi\/zivsaimnieciba-udens-resursu-apsaimniekosana\/\"><strong>ZIVSAIMNIEC\u012aBA, \u016aDENS RESURSU APSAIMNIEKO\u0160ANA<\/strong><\/a><\/td>\n<td width=\"33%\"><a href=\"https:\/\/aluksne.lv\/index.php\/pasvaldiba\/pakalpojumi\/veidlapas\/\"><strong>VEIDLAPAS<\/strong><\/a><\/td>\n<\/tr>\n<\/tbody>\n<\/table>\n<\/div>\n<\/div><\/div><\/div><div id=\"pgc-383-0-1\"  class=\"panel-grid-cell\" >\t\t<style type=\"text\/css\">\n\t\t\t#accordeconck1 { margin:0;padding:0; }\n#accordeconck1 .accordeonck_desc { display:block; }\n#accordeconck1 li.accordeonck { list-style: none;overflow: hidden; margin: 0;}\n#accordeconck1 ul[class^=\"content\"] { margin:0;padding:0;width:auto; }\n#accordeconck1 li.accordeonck > span { position: relative; display: block; }\n#accordeconck1 li.accordeonck.parent > span { padding-right: 20px;}\n#accordeconck1 li.parent > span span.toggler_icon { position: absolute; cursor: pointer; display: block; height: 100%; z-index: 10;right:0; background: url(https:\/\/aluksne.lv\/wp-content\/plugins\/accordeon-menu-ck\/images\/plus.png) center center no-repeat !important;width: 20px;}\n#accordeconck1 li.parent.open > span span.toggler_icon { right:0; background: url(https:\/\/aluksne.lv\/wp-content\/plugins\/accordeon-menu-ck\/images\/minus.png) center center no-repeat !important;}\n#accordeconck1 li.accordeonck.level2 > span { }\n#accordeconck1 li.level3 li.accordeonck > span { }\n#accordeconck1 a.accordeonck { display: block;text-decoration: none; }\n#accordeconck1 a.accordeonck:hover { text-decoration: none; }\n#accordeconck1 li.parent > span a { display: block;outline: none; }\n#accordeconck1 li.parent.open > span a {  }\n#accordeconck1 li.level2.parent > span span.toggler_icon { right:0;display: block;outline: none;background: url(https:\/\/aluksne.lv\/wp-content\/plugins\/accordeon-menu-ck\/images\/plus.png) center center no-repeat !important; }\n#accordeconck1 li.level2.parent.open > span span.toggler_icon { background: url(https:\/\/aluksne.lv\/wp-content\/plugins\/accordeon-menu-ck\/images\/minus.png) center center no-repeat !important; }\n#accordeconck1 li.level2 li.accordeonck.parent > span span.toggler_icon { right:0;display: block;outline: none;background: url(https:\/\/aluksne.lv\/wp-content\/plugins\/accordeon-menu-ck\/images\/plus.png) center center no-repeat !important; }\n#accordeconck1 li.level2 li.accordeonck.open.parent > span span.toggler_icon { background: url(https:\/\/aluksne.lv\/wp-content\/plugins\/accordeon-menu-ck\/images\/minus.png) center center no-repeat !important; }\n#accordeconck1  {\n\tbackground: #86C2DB;\n\tbackground-size: auto;\tbackground-image: -o-linear-gradient(center top,#86C2DB, #86C2DB 100%);\n\tbackground-image: -webkit-gradient(linear, left top, left bottom,from(#86C2DB), color-stop(100%, #86C2DB));\n\tbackground-image: -moz-linear-gradient(center top,#86C2DB, #86C2DB 100%);\n\tbackground-image: linear-gradient(to bottom,#86C2DB, #86C2DB 100%);\n\tborder-top: none;\n\tborder-bottom: none;\n\tborder-left: none;\n\tborder-right: none;\n\tpadding-top: 5px;\n\tpadding-right: 5px;\n\tpadding-bottom: 5px;\n\tpadding-left: 5px;\n\tfont-family: ;\n}\n\n#accordeconck1  a {\n\tfont-family: ;\n}\n\n#accordeconck1 li.level1 > span a {\n\tcolor: #FFFFFF;\n\tpadding-top: 5px;\n\tpadding-right: 5px;\n\tpadding-bottom: 5px;\n\tpadding-left: 5px;\n\tfont-size: 15px;\n}\n\n#accordeconck1 li.level1 > span a a {\n\tcolor: #FFFFFF;\n\tfont-size: 15px;\n}\n\n#accordeconck1 li.level1 > span .accordeonck_desc {\n\tfont-size: 10px;\n}\n\n#accordeconck1 li.level1 > span .accordeonck_desc a {\n\tfont-size: 10px;\n}\n\n#accordeconck1 li.level1:hover > span a {\n\tcolor: #000000;\n}\n\n#accordeconck1 li.level1:hover > span a a {\n\tcolor: #000000;\n}\n\n#accordeconck1 li.level1 > ul {\n\tbackground-size: auto;\tfont-family: ;\n}\n\n#accordeconck1 li.level1 > ul a {\n\tfont-family: ;\n}\n\n#accordeconck1 li.level2 > span a {\n\tcolor: #636363;\n\tpadding-top: 5px;\n\tpadding-bottom: 5px;\n\tpadding-left: 15px;\n}\n\n#accordeconck1 li.level2 > span a a {\n\tcolor: #636363;\n}\n\n#accordeconck1 li.level2:hover > span a {\n\tcolor: #000000;\n}\n\n#accordeconck1 li.level2:hover > span a a {\n\tcolor: #000000;\n}\n\n#accordeconck1 li.level2 ul[class^=\"content\"] {\n\tbackground-size: auto;\tfont-family: ;\n}\n\n#accordeconck1 li.level2 ul[class^=\"content\"] a {\n\tfont-family: ;\n}\n\n#accordeconck1 li.level2 li.accordeonck > span a {\n\tcolor: #636363;\n\tpadding-top: 2px;\n\tpadding-bottom: 2px;\n\tpadding-left: 20px;\n}\n\n#accordeconck1 li.level2 li.accordeonck > span a a {\n\tcolor: #636363;\n}\n\n#accordeconck1 li.level2 li.accordeonck:hover > span a {\n\tcolor: #000000;\n}\n\n#accordeconck1 li.level2 li.accordeonck:hover > span a a {\n\tcolor: #000000;\n}\t\t<\/style>\n\t\t<div id=\"panel-383-0-1-0\" class=\"so-panel widget widget_accordeon-menu-ck panel-first-child panel-last-child\" data-index=\"1\" ><ul id=\"accordeconck1\" class=\"menu\"><li id=\"menu-item-2360\" class=\"menu-item menu-item-type-post_type menu-item-object-page accordeonck menu-item-2360 level1\"><span class=\"accordeonck_outer \"><a href=\"https:\/\/aluksne.lv\/index.php\/pasvaldiba\/par-aluksnes-novada-domes-darbu\/\" class=\"accordeonck\">Par Al\u016bksnes novada domes darbu<\/a><\/span><\/li>\n<li id=\"menu-item-2361\" class=\"menu-item menu-item-type-post_type menu-item-object-page accordeonck menu-item-2361 level1\"><span class=\"accordeonck_outer \"><a href=\"https:\/\/aluksne.lv\/index.php\/pasvaldiba\/dokumenti\/\" class=\"accordeonck\">Dokumenti<\/a><\/span><\/li>\n<li id=\"menu-item-2362\" class=\"menu-item menu-item-type-post_type menu-item-object-page accordeonck menu-item-2362 level1\"><span class=\"accordeonck_outer \"><a href=\"https:\/\/aluksne.lv\/index.php\/pasvaldiba\/ipasumi\/\" class=\"accordeonck\">\u012apa\u0161umi<\/a><\/span><\/li>\n<li id=\"menu-item-2363\" class=\"menu-item menu-item-type-post_type menu-item-object-page accordeonck menu-item-2363 level1\"><span class=\"accordeonck_outer \"><a href=\"https:\/\/aluksne.lv\/index.php\/pasvaldiba\/iepirkumi\/\" class=\"accordeonck\">Iepirkumi<\/a><\/span><\/li>\n<li id=\"menu-item-2364\" class=\"menu-item menu-item-type-post_type menu-item-object-page accordeonck menu-item-2364 level1\"><span class=\"accordeonck_outer \"><a href=\"https:\/\/aluksne.lv\/index.php\/pasvaldiba\/kontakti\/\" class=\"accordeonck\">Kontakti<\/a><\/span><\/li>\n<li id=\"menu-item-2365\" class=\"menu-item menu-item-type-post_type menu-item-object-page accordeonck menu-item-2365 level1\"><span class=\"accordeonck_outer \"><a href=\"https:\/\/aluksne.lv\/index.php\/pasvaldiba\/budzets\/\" class=\"accordeonck\">Bud\u017eets<\/a><\/span><\/li>\n<li id=\"menu-item-2367\" class=\"menu-item menu-item-type-post_type menu-item-object-page accordeonck menu-item-2367 level1\"><span class=\"accordeonck_outer \"><a href=\"https:\/\/aluksne.lv\/index.php\/pasvaldiba\/pakalpojumi\/\" class=\"accordeonck\">Pakalpojumi<\/a><\/span><\/li>\n<li id=\"menu-item-2368\" class=\"menu-item menu-item-type-post_type menu-item-object-page accordeonck menu-item-2368 level1\"><span class=\"accordeonck_outer \"><a href=\"https:\/\/aluksne.lv\/index.php\/pasvaldiba\/izsoles\/\" class=\"accordeonck\">Izsoles<\/a><\/span><\/li>\n<li id=\"menu-item-2369\" class=\"menu-item menu-item-type-post_type menu-item-object-page accordeonck menu-item-2369 level1\"><span class=\"accordeonck_outer \"><a href=\"https:\/\/aluksne.lv\/index.php\/pasvaldiba\/kapitalsabiedribas\/\" class=\"accordeonck\">Kapit\u0101l sabiedr\u012bbas<\/a><\/span><\/li>\n<li id=\"menu-item-2370\" class=\"menu-item menu-item-type-post_type menu-item-object-page accordeonck menu-item-2370 level1\"><span class=\"accordeonck_outer \"><a href=\"https:\/\/aluksne.lv\/index.php\/pasvaldiba\/komisijas\/\" class=\"accordeonck\">Komisijas<\/a><\/span><\/li>\n<li id=\"menu-item-2372\" class=\"menu-item menu-item-type-post_type menu-item-object-page accordeonck menu-item-2372 level1\"><span class=\"accordeonck_outer \"><a href=\"https:\/\/aluksne.lv\/index.php\/pasvaldiba\/socialas-un-citas-iestades\/\" class=\"accordeonck\">Soci\u0101l\u0101s un citas iest\u0101des<\/a><\/span><\/li>\n<li id=\"menu-item-2373\" class=\"menu-item menu-item-type-post_type menu-item-object-page accordeonck menu-item-2373 level1\"><span class=\"accordeonck_outer \"><a href=\"https:\/\/aluksne.lv\/index.php\/pasvaldiba\/buvvalde\/\" class=\"accordeonck\">B\u016bvvalde<\/a><\/span><\/li>\n<li id=\"menu-item-2374\" class=\"menu-item menu-item-type-post_type menu-item-object-page accordeonck menu-item-2374 level1\"><span class=\"accordeonck_outer \"><a href=\"https:\/\/aluksne.lv\/index.php\/pasvaldiba\/kontakti\/pagastu-parvaldes\/\" class=\"accordeonck\">Al\u016bksnes novada pagastu apvien\u012bbas p\u0101rvalde<\/a><\/span><\/li>\n<li id=\"menu-item-2375\" class=\"menu-item menu-item-type-post_type menu-item-object-page accordeonck menu-item-2375 level1\"><span class=\"accordeonck_outer \"><a href=\"https:\/\/aluksne.lv\/index.php\/pasvaldiba\/pasvaldibas-struktura\/\" class=\"accordeonck\">Pa\u0161vald\u012bbas strukt\u016bra<\/a><\/span><\/li>\n<li id=\"menu-item-2376\" class=\"menu-item menu-item-type-post_type menu-item-object-page accordeonck menu-item-2376 level1\"><span class=\"accordeonck_outer \"><a href=\"https:\/\/aluksne.lv\/index.php\/3461-2\/vakances-novada\/\" class=\"accordeonck\">Vakances pa\u0161vald\u012bb\u0101<\/a><\/span><\/li>\n<li id=\"menu-item-2377\" class=\"menu-item menu-item-type-post_type menu-item-object-page accordeonck menu-item-2377 level1\"><span class=\"accordeonck_outer \"><a href=\"https:\/\/aluksne.lv\/index.php\/pasvaldiba\/aluksnes-novada-vestis\/\" class=\"accordeonck\">Al\u016bksnes Novada V\u0113stis<\/a><\/span><\/li>\n<li id=\"menu-item-15833\" class=\"menu-item menu-item-type-post_type menu-item-object-page accordeonck menu-item-15833 level1\"><span class=\"accordeonck_outer \"><a href=\"https:\/\/aluksne.lv\/index.php\/pasvaldiba\/asenizatoru-registrs\/\" class=\"accordeonck\">Asenizatoru re\u0123istrs<\/a><\/span><\/li>\n<\/ul>\t\t<script type=\"text\/javascript\"> <!--\n\t\t\n\t\t\tjQuery(document).ready(function(){\n\t\t\t\tjQuery('#accordeconck1').accordeonmenuck({eventtype : 'click',transition : 'linear',showactive : '1',showactivesubmenu : '0',duree : 500});\n\t\t\t}); \t\t\/\/--> <\/script>\n\t\t<\/div><\/div><\/div><\/div>","protected":false},"excerpt":{"rendered":"<p>Al\u016bksnes novada pa\u0161vald\u012bbas pakalpojumi sak\u0101rtoti pa nozar\u0113m ar sait\u0113m uz attiec\u012bg\u0101 pakalpojuma aprakstu vienotaj\u0101 valsts un pa\u0161vald\u012bbu pakalpojumu port\u0101l\u0101 www.latvija.gov.lv. KLIENTU APKALPO\u0160ANAS CENTRI ATKRITUMU APSAIMNIEKO\u0160ANA B\u016aVNIEC\u012aBA DZ\u012aVESVIETAS\u00a0 DEKLAR\u0112\u0160ANA DZ\u012aVESVIETA \u0122IMENE IZGL\u012aT\u012aBA KAPS\u0112TU\u00a0 DARB\u012aBA KOMUN\u0100LIE\u00a0 PAKALPOJUMI KULT\u016aRA, SPORTS NEKUSTAMAIS\u00a0 \u012aPA\u0160UMS NEKUSTAM\u0100&#8230;<br \/><a class=\"read-more-button\" href=\"https:\/\/aluksne.lv\/index.php\/pasvaldiba\/pakalpojumi\/\">Las\u012bt visu<\/a><\/p>\n","protected":false},"author":1,"featured_media":0,"parent":6,"menu_order":0,"comment_status":"closed","ping_status":"closed","template":"","meta":{"_crdt_document":"","_monsterinsights_skip_tracking":false,"_monsterinsights_sitenote_active":false,"_monsterinsights_sitenote_note":"","_monsterinsights_sitenote_category":0,"footnotes":"","_links_to":"","_links_to_target":""},"class_list":["post-383","page","type-page","status-publish","hentry"],"_links":{"self":[{"href":"https:\/\/aluksne.lv\/index.php\/wp-json\/wp\/v2\/pages\/383","targetHints":{"allow":["GET"]}}],"collection":[{"href":"https:\/\/aluksne.lv\/index.php\/wp-json\/wp\/v2\/pages"}],"about":[{"href":"https:\/\/aluksne.lv\/index.php\/wp-json\/wp\/v2\/types\/page"}],"author":[{"embeddable":true,"href":"https:\/\/aluksne.lv\/index.php\/wp-json\/wp\/v2\/users\/1"}],"replies":[{"embeddable":true,"href":"https:\/\/aluksne.lv\/index.php\/wp-json\/wp\/v2\/comments?post=383"}],"version-history":[{"count":0,"href":"https:\/\/aluksne.lv\/index.php\/wp-json\/wp\/v2\/pages\/383\/revisions"}],"up":[{"embeddable":true,"href":"https:\/\/aluksne.lv\/index.php\/wp-json\/wp\/v2\/pages\/6"}],"wp:attachment":[{"href":"https:\/\/aluksne.lv\/index.php\/wp-json\/wp\/v2\/media?parent=383"}],"curies":[{"name":"wp","href":"https:\/\/api.w.org\/{rel}","templated":true}]}}