{"id":38473,"date":"2023-02-02T10:49:45","date_gmt":"2023-02-02T08:49:45","guid":{"rendered":"https:\/\/aluksne.lv\/?page_id=38473"},"modified":"2026-03-30T08:34:13","modified_gmt":"2026-03-30T05:34:13","slug":"saistoso-noteikumu-projektu-apspriesana","status":"publish","type":"page","link":"https:\/\/aluksne.lv\/index.php\/sabiedriba\/sabiedribas-lidzdaliba\/saistoso-noteikumu-projektu-apspriesana\/","title":{"rendered":"Viedok\u013ca izteik\u0161ana par saisto\u0161o noteikumu projektiem"},"content":{"rendered":"<p>&nbsp;<\/p>\n<table class=\"pienem\" style=\"width: 100%; height: 82px;\">\n<tbody>\n<tr style=\"height: 10px;\">\n<td style=\"height: 10px; width: 49.8163%;\" width=\"302\">\n<p><span style=\"font-size: 14pt;\"><strong>Saisto\u0161o noteikumu projekts<\/strong><\/span><\/p>\n<\/td>\n<td style=\"height: 10px; width: 49.8163%;\" width=\"302\">\n<p><span style=\"font-size: 14pt;\"><strong>Termi\u0146\u0161 viedok\u013ca izteik\u0161anai<\/strong><\/span><\/p>\n<\/td>\n<\/tr>\n<tr style=\"height: 72px;\">\n<td style=\"width: 49.8163%; text-align: left; height: 72px;\"><a href=\"https:\/\/aluksne.lv\/wp-content\/uploads\/2026\/03\/SN_Grozijumi_socialas-palidzibas-pabalsti.docx\">\u201cGroz\u012bjumi Al\u016bksnes novada pa\u0161vald\u012bbas domes 2021. gada 29. apr\u012b\u013ca saisto\u0161ajos noteikumos Nr. 11\/2021 \u201cPar soci\u0101l\u0101s pal\u012bdz\u012bbas pabalstiem Al\u016bksnes novad\u0101\u201d\u201d<\/a><\/td>\n<td style=\"width: 49.8163%; height: 72px;\">30.03.2026. \u2013 13.04.2026.<\/td>\n<\/tr>\n<\/tbody>\n<\/table>\n<p>&nbsp;<\/p>\n<p><span style=\"font-size: 12pt;\"><strong>Savu viedokli par saisto\u0161o noteikumu projektiem J\u016bs varat izteikt br\u012bv\u0101 form\u0101 vai izmantojot sagatavot\u0101s anketas:<\/strong><\/span><\/p>\n<p><strong><a href=\"https:\/\/aluksne.lv\/wp-content\/uploads\/2023\/02\/iesniegums-sn-sabiedribas-viedoklis_aluksne.pdf\">Iesnieguma veidlapa viedok\u013ca izteik\u0161anai par saisto\u0161o noteikumu projektu (parakst\u012b\u0161anai ar elektronisko parakstu) (.pdf)<\/a><\/strong><\/p>\n<p><a href=\"https:\/\/aluksne.lv\/wp-content\/uploads\/2023\/02\/iesnieguma-veidlapa_viedoklis_sn-izstrade_aluksne.docx\"><strong>Iesnieguma veidlapa viedok\u013ca izteik\u0161anai par saisto\u0161o noteikumu projektu (.docx)<\/strong><\/a><\/p>\n<p>&nbsp;<\/p>\n<p><strong>Viedokli par saisto\u0161o noteikumu projektu izzi\u0146otaj\u0101 termi\u0146\u0101 J\u016bs varat iesniegt k\u0101d\u0101 no \u0161iem veidiem:<\/strong><\/p>\n<ul>\n<li>elektroniski iesniedzot iesniegumu <a href=\"https:\/\/latvija.gov.lv\/KDV\/Write\/NewMessage?address=_DEFAULT@90000018622\">pa\u0161vald\u012bbas e-adres\u0113\u00a0<\/a><\/li>\n<li>elektroniski parakst\u012btu iesniegumu nos\u016btot uz e-pasta adresi <a href=\"mailto:priekslikumi@aluksne.lv\">priekslikumi@aluksne.lv<\/a><\/li>\n<li>nos\u016btot pa pastu Al\u016bksnes novada pa\u0161vald\u012bbai, D\u0101rza iel\u0101 11, Al\u016bksn\u0113, Al\u016bksnes novad\u0101, LV-4301 (pasta z\u012bmogam uz aploksnes j\u0101sakr\u012bt ar attiec\u012bgo saisto\u0161o noteikumu projekta viedok\u013cu izteik\u0161anai izsludin\u0101t\u0101 termi\u0146a p\u0113d\u0113jo dienu)<\/li>\n<li>pa\u0161roc\u012bgi parakst\u012btu iesniegumu nog\u0101d\u0101jot person\u012bgi vai aizpildot pa\u0161vald\u012bbas klientu apkalpo\u0161anas centros Al\u016bksnes novada pa\u0161vald\u012bbas administrat\u012bvaj\u0101 \u0113k\u0101 D\u0101rza iel\u0101 11, Al\u016bksn\u0113, Al\u016bksnes novad\u0101, vai pagastu bibliot\u0113k\u0101s <a href=\"https:\/\/aluksne.lv\/index.php\/pasvaldiba\/klientu-apkalposanas-centri\/\">to darba laik\u0101<\/a>.<\/li>\n<\/ul>\n<p>&nbsp;<\/p>\n<p>Pa\u0161vald\u012bbu likuma 46. panta tre\u0161\u0101 da\u013ca nosaka, ka saisto\u0161o noteikumu projekts un tam pievienotais paskaidrojuma raksts tiek public\u0113ts pa\u0161vald\u012bbas ofici\u0101laj\u0101 t\u012bmek\u013cvietn\u0113 sabiedr\u012bbas viedok\u013ca noskaidro\u0161anai, paredzot termi\u0146u, kas nav maz\u0101ks par div\u0101m ned\u0113\u013c\u0101m.<\/p>\n<p>Sa\u0146emtos viedok\u013cus par saisto\u0161o noteikumu projektu pa\u0161vald\u012bba apkopo un atspogu\u013co \u0161o noteikumu projekta paskaidrojuma rakst\u0101, virzot t\u0101l\u0101k izskat\u012b\u0161anai pa\u0161vald\u012bbas domes komitej\u0101s un domes s\u0113d\u0113.<\/p>\n<p>\u0160o k\u0101rt\u012bbu nepiem\u0113ro saisto\u0161o noteikumu projektam par pa\u0161vald\u012bbas bud\u017eetu un \u0161o noteikumu projektam teritorijas pl\u0101no\u0161anas jom\u0101.<\/p>\n<p>&nbsp;<\/p>\n","protected":false},"excerpt":{"rendered":"<p>&nbsp; Saisto\u0161o noteikumu projekts Termi\u0146\u0161 viedok\u013ca izteik\u0161anai \u201cGroz\u012bjumi Al\u016bksnes novada pa\u0161vald\u012bbas domes 2021. gada 29. apr\u012b\u013ca saisto\u0161ajos noteikumos Nr. 11\/2021 \u201cPar soci\u0101l\u0101s pal\u012bdz\u012bbas pabalstiem Al\u016bksnes novad\u0101\u201d\u201d 30.03.2026. \u2013 13.04.2026. &nbsp; Savu viedokli par saisto\u0161o noteikumu projektiem J\u016bs varat izteikt br\u012bv\u0101&#8230;<br \/><a class=\"read-more-button\" href=\"https:\/\/aluksne.lv\/index.php\/sabiedriba\/sabiedribas-lidzdaliba\/saistoso-noteikumu-projektu-apspriesana\/\">Las\u012bt visu<\/a><\/p>\n","protected":false},"author":1,"featured_media":0,"parent":429,"menu_order":0,"comment_status":"closed","ping_status":"closed","template":"","meta":{"_crdt_document":"","_monsterinsights_skip_tracking":false,"_monsterinsights_sitenote_active":false,"_monsterinsights_sitenote_note":"","_monsterinsights_sitenote_category":0,"footnotes":"","_links_to":"","_links_to_target":""},"class_list":["post-38473","page","type-page","status-publish","hentry"],"_links":{"self":[{"href":"https:\/\/aluksne.lv\/index.php\/wp-json\/wp\/v2\/pages\/38473","targetHints":{"allow":["GET"]}}],"collection":[{"href":"https:\/\/aluksne.lv\/index.php\/wp-json\/wp\/v2\/pages"}],"about":[{"href":"https:\/\/aluksne.lv\/index.php\/wp-json\/wp\/v2\/types\/page"}],"author":[{"embeddable":true,"href":"https:\/\/aluksne.lv\/index.php\/wp-json\/wp\/v2\/users\/1"}],"replies":[{"embeddable":true,"href":"https:\/\/aluksne.lv\/index.php\/wp-json\/wp\/v2\/comments?post=38473"}],"version-history":[{"count":9,"href":"https:\/\/aluksne.lv\/index.php\/wp-json\/wp\/v2\/pages\/38473\/revisions"}],"predecessor-version":[{"id":61691,"href":"https:\/\/aluksne.lv\/index.php\/wp-json\/wp\/v2\/pages\/38473\/revisions\/61691"}],"up":[{"embeddable":true,"href":"https:\/\/aluksne.lv\/index.php\/wp-json\/wp\/v2\/pages\/429"}],"wp:attachment":[{"href":"https:\/\/aluksne.lv\/index.php\/wp-json\/wp\/v2\/media?parent=38473"}],"curies":[{"name":"wp","href":"https:\/\/api.w.org\/{rel}","templated":true}]}}