{"id":3855,"date":"2018-02-12T13:25:12","date_gmt":"2018-02-12T13:25:12","guid":{"rendered":"http:\/\/aluksne.lv\/?page_id=3855"},"modified":"2026-03-23T17:22:25","modified_gmt":"2026-03-23T15:22:25","slug":"nekustama-ipasuma-nodoklis","status":"publish","type":"page","link":"https:\/\/aluksne.lv\/index.php\/pasvaldiba\/dokumenti\/nekustama-ipasuma-nodoklis\/","title":{"rendered":"Nekustam\u0101 \u012bpa\u0161uma nodoklis"},"content":{"rendered":"<div id=\"pl-3855\"  class=\"panel-layout\" ><div id=\"pg-3855-0\"  class=\"panel-grid panel-no-style\" ><div id=\"pgc-3855-0-0\"  class=\"panel-grid-cell\" ><div id=\"panel-3855-0-0-0\" class=\"so-panel widget widget_sow-editor panel-first-child panel-last-child\" data-index=\"0\" ><div\n\t\t\t\n\t\t\tclass=\"so-widget-sow-editor so-widget-sow-editor-base\"\n\t\t\t\n\t\t>\n<div class=\"siteorigin-widget-tinymce textwidget\">\n\t<h2><strong>Inform\u0101cija par nekustam\u0101 \u012bpa\u0161uma nodok\u013ca par\u0101da dz\u0113\u0161anu<\/strong><\/h2>\n<p>&nbsp;<\/p>\n<p align=\"center\">Likuma \u201ePar nodok\u013ciem un nodev\u0101m\u201d 25.panta tre\u0161\u0101 da\u013ca nosaka, ka pa\u0161vald\u012bbu bud\u017eetos ieskait\u0101m\u0101 nekustam\u0101 \u012bpa\u0161uma nodok\u013ca par\u0101dus, k\u0101 ar\u012b ar tiem saist\u012bt\u0101s nokav\u0113juma naudas un soda naudas \u0161\u0101 panta pirmaj\u0101 da\u013c\u0101 noteiktajos gad\u012bjumos dz\u0113\u0161 attiec\u012bg\u0101s pa\u0161vald\u012bbas. Saska\u0146\u0101 ar \u0161\u012b panta pirm\u0101s da\u013cas zem\u0101k uzskait\u012btiem punktiem valsts bud\u017eet\u0101 piln\u012bgi vai da\u013c\u0113ji ieskait\u0101mo nodok\u013cu par\u0101dus, k\u0101 ar\u012b nokav\u0113juma naudas un soda naudas dz\u0113\u0161 \u0161\u0101dos gad\u012bjumos:<br \/>\n- fiziskajai personai - nodok\u013cu maks\u0101t\u0101jam - vi\u0146a n\u0101ves gad\u012bjum\u0101, ja nav iesp\u0113jams no mantiniekiem piedz\u012bt nodok\u013cu par\u0101dus, k\u0101 ar\u012b ar tiem saist\u012bt\u0101s soda naudas, nokav\u0113juma naudas;<br \/>\n- nodok\u013cu maks\u0101t\u0101jam attiec\u012bb\u0101 uz bezstr\u012bda k\u0101rt\u012bb\u0101 piedzenamiem nokav\u0113tiem nodok\u013cu maks\u0101jumiem - ja l\u0113mums par nokav\u0113to nodok\u013cu maks\u0101jumu piedzi\u0146u ir zaud\u0113jis sp\u0113ku saska\u0146\u0101 ar \u0161\u0101 likuma 26.panta dev\u012bt\u0101s da\u013cas 4.punktu;<br \/>\n- nodok\u013cu maks\u0101t\u0101jam - \u0161\u0101 likuma 26.panta 6.1 da\u013c\u0101 paredz\u0113taj\u0101 gad\u012bjum\u0101 (nokav\u0113to nodok\u013cu maks\u0101jumu piedzi\u0146u, iz\u0146emot muitas nodokli un citus l\u012bdzv\u0113rt\u012bgus maks\u0101jumus, neuzs\u0101k, ja piedzenam\u0101 par\u0101da kopsumma nav liel\u0101ka par 15 EUR), ja triju gadu laik\u0101 no maks\u0101juma termi\u0146a iest\u0101\u0161an\u0101s nav pie\u0146emts l\u0113mums par nokav\u0113to nodok\u013cu maks\u0101jumu piedzi\u0146u;<br \/>\n-\u00a0 individu\u0101lajam (\u0123imenes) uz\u0146\u0113mumam (ar\u012b zemnieku vai zvejnieku saimniec\u012bbai) - dibin\u0101t\u0101ja (\u012bpa\u0161nieka) n\u0101ves gad\u012bjum\u0101, ja nav iesp\u0113jams no mantiniekiem piedz\u012bt nodok\u013cu par\u0101dus, k\u0101 ar\u012b soda naudas un nokav\u0113juma naudas;<br \/>\n-\u00a0\u00a0 nodok\u013cu maks\u0101t\u0101jam - ja nodok\u013cu maks\u0101t\u0101js normat\u012bvajos aktos paredz\u0113tajos gad\u012bjumos ir izsl\u0113gts no Uz\u0146\u0113mumu re\u0123istra re\u0123istriem un, ja to paredz Komerclikums, iest\u0101jas kreditoru pras\u012bjumu ties\u012bbu noilgums.<\/p>\n<p>Saska\u0146\u0101 ar likuma \u201ePar nodok\u013ciem un nodev\u0101m\u201d 25.panta ceturto da\u013cu, Valsts ie\u0146\u0113mumu dienests vai attiec\u012bg\u0101s pa\u0161vald\u012bbas reizi ceturksn\u012b public\u0113 sav\u0101 m\u0101jaslap\u0101 internet\u0101 inform\u0101ciju par nodok\u013cu par\u0101du dz\u0113\u0161anu, ja normat\u012bvajos aktos nav noteikts cit\u0101di.<\/p>\n<p><a href=\"https:\/\/aluksne.lv\/wp-content\/uploads\/2019\/10\/Piedzi\u0146as-dokumenti.xlsx\">Piedzi\u0146as dokumenti par nekustam\u0101 \u012bpa\u0161uma nodokli<\/a><\/p>\n<p><a href=\"https:\/\/aluksne.lv\/wp-content\/uploads\/2024\/01\/Lemums_1-32_24_1.pdf\">L\u0113mums par nekustam\u0101 \u012bpa\u0161uma nodok\u013ca pamatpar\u0101da un nokav\u0113juma naudas dz\u0113\u0161anu<\/a><\/p>\n<p><a href=\"https:\/\/aluksne.lv\/wp-content\/uploads\/2025\/12\/Lemums_21.pdf\">Al\u016bksnes novada domes 25.11.2025. l\u0113mums Nr.21 \"Par nekustam\u0101 \u012bpa\u0161uma nodok\u013ca par\u0101da un nokav\u0113juma naudas dz\u0113\u0161anu\"<\/a><\/p>\n<p><a href=\"https:\/\/aluksne.lv\/wp-content\/uploads\/2025\/12\/Lemums_23.pdf\">Al\u016bksnes novada domes 02.12.2025. l\u0113mums Nr. 23 \"Par nekustam\u0101 \u012bpa\u0161uma nodok\u013ca pamatpar\u0101da un nokav\u0113juma naudas dz\u0113\u0161anu\"<\/a><\/p>\n<p><a href=\"https:\/\/aluksne.lv\/wp-content\/uploads\/2023\/12\/doc04518320231228142646.pdf\">Inform\u0101cija par nekustam\u0101 \u012bpa\u0161uma nodok\u013ca par\u0101da dz\u0113\u0161anu 2023<\/a><\/p>\n<hr \/>\n<h2 style=\"text-align: left;\"><strong>Inform\u0101cija par nekustam\u0101 \u012bpa\u0161uma nodok\u013ca maks\u0101\u0161anas pazi\u0146ojumu<\/strong><\/h2>\n<p>&nbsp;<\/p>\n<p><strong>Pamatojoties uz likuma \"Par nekustam\u0101 \u012bpa\u0161uma nodokli\" 6.panta\u00a0 pirmo prim 6 da\u013cu: Ja nodok\u013ca maks\u0101t\u0101js nav deklar\u0113jis dz\u012bvesvietu likum\u0101 noteiktaj\u0101 k\u0101rt\u012bb\u0101 un nav pazi\u0146ojis nodok\u013cu administr\u0101cijai adresi, kur\u0101 vi\u0146\u0161 ir sasniedzams, tad pazi\u0146ojumu par administrat\u012bviem aktiem saist\u012bb\u0101 ar nekustam\u0101 \u012bpa\u0161uma nodokli, kas izdoti p\u0113c taks\u0101cijas gada 15. febru\u0101ra, pa\u0161vald\u012bba izvieto sav\u0101 t\u012bmek\u013cvietn\u0113, nor\u0101dot vietu, kur\u0101 nodok\u013cu maks\u0101t\u0101js ar to var iepaz\u012bties.<\/strong><\/p>\n<p><strong>Personas ar maks\u0101\u0161anas pazi\u0146ojumu par nekustam\u0101 \u012bpa\u0161uma nodokli 2022. gadam var iepaz\u012bties pie Al\u016bksnes novada pa\u0161vald\u012bbas nekustam\u0101 \u012bpa\u0161uma nodok\u013ca administratoriem pa t\u0101lruni 25778897, vai elektroniski uz e-pastiem: inara.kapulinska@aluksne.lv vai marite.jaudzema@aluksne.lv vai Al\u016bksnes novada Valsts un pa\u0161vald\u012bbas vienotaj\u0101 klientu apkalpo\u0161anas centr\u0101 D\u0101rza iel\u0101 11, Al\u016bksn\u0113, Al\u016bksnes novad\u0101, vai port\u0101los <a href=\"https:\/\/www.epakalpojumi.lv\" target=\"_blank\" rel=\"noopener\">https:\/\/www.epakalpojumi.lv<\/a> un <a href=\"https:\/\/latvija.gov.lv\/Services\/32180\">https:\/\/latvija.gov.lv\/Services\/32180<\/a>, kur ir saite uz e-pakalpojumu \"Nekustam\u0101 \u012bpa\u0161uma nodok\u013ca apmaksa tie\u0161saist\u0113\".<\/strong><\/p>\n<p><a href=\"https:\/\/aluksne.lv\/wp-content\/uploads\/2026\/03\/NIN-pazinojumi-2026.xls\">Inform\u0101cija par nekustam\u0101 \u012bpa\u0161uma nodok\u013ca maks\u0101\u0161anas pazi\u0146ojumiem 2026. gadam<\/a><\/p>\n<p><a href=\"https:\/\/aluksne.lv\/wp-content\/uploads\/2025\/02\/NIN-portala-2025.xlsx\">Inform\u0101cija par nekustam\u0101 \u012bpa\u0161uma nodok\u013ca maks\u0101\u0161anas pazi\u0146ojumiem 2025. gad\u0101<\/a><\/p>\n<p><a href=\"https:\/\/aluksne.lv\/wp-content\/uploads\/2024\/03\/NIN_portala_20241.xlsx\">Inform\u0101cija par nekustam\u0101 \u012bpa\u0161uma nodok\u013ca maks\u0101\u0161anas pazi\u0146ojumu 2024 gadam<\/a><\/p>\n<p><a href=\"https:\/\/aluksne.lv\/wp-content\/uploads\/2023\/04\/NINO_MP232.xlsx\">Inform\u0101cija par nekustam\u0101 \u012bpa\u0161uma nodok\u013ca maks\u0101\u0161anas pazi\u0146ojumu 2023. gadam<\/a><\/p>\n<p><a href=\"https:\/\/aluksne.lv\/wp-content\/uploads\/2022\/03\/nin_pazinojums_20222.xlsx\">Inform\u0101cija par nekustam\u0101 \u012bpa\u0161uma nodok\u013ca maks\u0101\u0161anas pazi\u0146ojumu<\/a><\/p>\n<hr \/>\n<h2>Inform\u0101cija par nekustam\u0101 \u012bpa\u0161uma p\u0101rmaksas dz\u0113\u0161anu<\/h2>\n<p>&nbsp;<\/p>\n<\/div>\n<\/div><\/div><\/div><div id=\"pgc-3855-0-1\"  class=\"panel-grid-cell\" >\t\t<style type=\"text\/css\">\n\t\t\t#accordeconck1 { margin:0;padding:0; }\n#accordeconck1 .accordeonck_desc { display:block; }\n#accordeconck1 li.accordeonck { list-style: none;overflow: hidden; margin: 0;}\n#accordeconck1 ul[class^=\"content\"] { margin:0;padding:0;width:auto; }\n#accordeconck1 li.accordeonck > span { position: relative; display: block; }\n#accordeconck1 li.accordeonck.parent > span { padding-right: 20px;}\n#accordeconck1 li.parent > span span.toggler_icon { position: absolute; cursor: pointer; display: block; height: 100%; z-index: 10;right:0; background: url(https:\/\/aluksne.lv\/wp-content\/plugins\/accordeon-menu-ck\/images\/plus.png) center center no-repeat !important;width: 20px;}\n#accordeconck1 li.parent.open > span span.toggler_icon { right:0; background: url(https:\/\/aluksne.lv\/wp-content\/plugins\/accordeon-menu-ck\/images\/minus.png) center center no-repeat !important;}\n#accordeconck1 li.accordeonck.level2 > span { }\n#accordeconck1 li.level3 li.accordeonck > span { }\n#accordeconck1 a.accordeonck { display: block;text-decoration: none; }\n#accordeconck1 a.accordeonck:hover { text-decoration: none; }\n#accordeconck1 li.parent > span a { display: block;outline: none; }\n#accordeconck1 li.parent.open > span a {  }\n#accordeconck1 li.level2.parent > span span.toggler_icon { right:0;display: block;outline: none;background: url(https:\/\/aluksne.lv\/wp-content\/plugins\/accordeon-menu-ck\/images\/plus.png) center center no-repeat !important; }\n#accordeconck1 li.level2.parent.open > span span.toggler_icon { background: url(https:\/\/aluksne.lv\/wp-content\/plugins\/accordeon-menu-ck\/images\/minus.png) center center no-repeat !important; }\n#accordeconck1 li.level2 li.accordeonck.parent > span span.toggler_icon { right:0;display: block;outline: none;background: url(https:\/\/aluksne.lv\/wp-content\/plugins\/accordeon-menu-ck\/images\/plus.png) center center no-repeat !important; }\n#accordeconck1 li.level2 li.accordeonck.open.parent > span span.toggler_icon { background: url(https:\/\/aluksne.lv\/wp-content\/plugins\/accordeon-menu-ck\/images\/minus.png) center center no-repeat !important; }\n#accordeconck1  {\n\tbackground: #86C2DB;\n\tbackground-size: auto;\tbackground-image: -o-linear-gradient(center top,#86C2DB, #86C2DB 100%);\n\tbackground-image: -webkit-gradient(linear, left top, left bottom,from(#86C2DB), color-stop(100%, #86C2DB));\n\tbackground-image: -moz-linear-gradient(center top,#86C2DB, #86C2DB 100%);\n\tbackground-image: linear-gradient(to bottom,#86C2DB, #86C2DB 100%);\n\tborder-top: none;\n\tborder-bottom: none;\n\tborder-left: none;\n\tborder-right: none;\n\tpadding-top: 5px;\n\tpadding-right: 5px;\n\tpadding-bottom: 5px;\n\tpadding-left: 5px;\n\tfont-family: ;\n}\n\n#accordeconck1  a {\n\tfont-family: ;\n}\n\n#accordeconck1 li.level1 > span a {\n\tcolor: #FFFFFF;\n\tpadding-top: 5px;\n\tpadding-right: 5px;\n\tpadding-bottom: 5px;\n\tpadding-left: 5px;\n\tfont-size: 15px;\n}\n\n#accordeconck1 li.level1 > span a a {\n\tcolor: #FFFFFF;\n\tfont-size: 15px;\n}\n\n#accordeconck1 li.level1 > span .accordeonck_desc {\n\tfont-size: 10px;\n}\n\n#accordeconck1 li.level1 > span .accordeonck_desc a {\n\tfont-size: 10px;\n}\n\n#accordeconck1 li.level1:hover > span a {\n\tcolor: #000000;\n}\n\n#accordeconck1 li.level1:hover > span a a {\n\tcolor: #000000;\n}\n\n#accordeconck1 li.level1 > ul {\n\tbackground-size: auto;\tfont-family: ;\n}\n\n#accordeconck1 li.level1 > ul a {\n\tfont-family: ;\n}\n\n#accordeconck1 li.level2 > span a {\n\tcolor: #636363;\n\tpadding-top: 5px;\n\tpadding-bottom: 5px;\n\tpadding-left: 15px;\n}\n\n#accordeconck1 li.level2 > span a a {\n\tcolor: #636363;\n}\n\n#accordeconck1 li.level2:hover > span a {\n\tcolor: #000000;\n}\n\n#accordeconck1 li.level2:hover > span a a {\n\tcolor: #000000;\n}\n\n#accordeconck1 li.level2 ul[class^=\"content\"] {\n\tbackground-size: auto;\tfont-family: ;\n}\n\n#accordeconck1 li.level2 ul[class^=\"content\"] a {\n\tfont-family: ;\n}\n\n#accordeconck1 li.level2 li.accordeonck > span a {\n\tcolor: #636363;\n\tpadding-top: 2px;\n\tpadding-bottom: 2px;\n\tpadding-left: 20px;\n}\n\n#accordeconck1 li.level2 li.accordeonck > span a a {\n\tcolor: #636363;\n}\n\n#accordeconck1 li.level2 li.accordeonck:hover > span a {\n\tcolor: #000000;\n}\n\n#accordeconck1 li.level2 li.accordeonck:hover > span a a {\n\tcolor: #000000;\n}\t\t<\/style>\n\t\t<div id=\"panel-3855-0-1-0\" class=\"so-panel widget widget_accordeon-menu-ck panel-first-child panel-last-child\" data-index=\"1\" ><ul id=\"accordeconck1\" class=\"menu\"><li id=\"menu-item-848\" class=\"menu-item menu-item-type-post_type menu-item-object-page accordeonck menu-item-848 level1\"><span class=\"accordeonck_outer \"><a href=\"https:\/\/aluksne.lv\/index.php\/pasvaldiba\/civilas-aizsardzibas-plans\/\" class=\"accordeonck\">Civil\u0101 aizsardz\u012bba<\/a><\/span><\/li>\n<li id=\"menu-item-853\" class=\"menu-item menu-item-type-post_type menu-item-object-page accordeonck menu-item-853 level1\"><span class=\"accordeonck_outer \"><a href=\"https:\/\/aluksne.lv\/index.php\/pasvaldiba\/dokumenti\/ilgtspejigas-attistibas-strategija\/\" class=\"accordeonck\">Ilgtsp\u0113j\u012bgas att\u012bst\u012bbas strat\u0113\u0123ija<\/a><\/span><\/li>\n<li id=\"menu-item-858\" class=\"menu-item menu-item-type-post_type menu-item-object-page accordeonck menu-item-858 level1\"><span class=\"accordeonck_outer \"><a href=\"https:\/\/aluksne.lv\/index.php\/pasvaldiba\/dokumenti\/attistibas-programma\/\" class=\"accordeonck\">Att\u012bst\u012bbas programma<\/a><\/span><\/li>\n<li id=\"menu-item-3860\" class=\"menu-item menu-item-type-post_type menu-item-object-page accordeonck menu-item-3860 level1\"><span class=\"accordeonck_outer \"><a href=\"https:\/\/aluksne.lv\/index.php\/pasvaldiba\/dokumenti\/nekustama-ipasuma-nodoklis\/\" class=\"accordeonck\">Nekustam\u0101 \u012bpa\u0161uma nodoklis<\/a><\/span><\/li>\n<li id=\"menu-item-849\" class=\"menu-item menu-item-type-post_type menu-item-object-page accordeonck menu-item-849 level1\"><span class=\"accordeonck_outer \"><a href=\"https:\/\/aluksne.lv\/index.php\/pasvaldiba\/dokumenti\/delegesanas-ligumi\/\" class=\"accordeonck\">Dele\u0123\u0113\u0161anas l\u012bgumi<\/a><\/span><\/li>\n<li id=\"menu-item-851\" class=\"menu-item menu-item-type-post_type menu-item-object-page accordeonck menu-item-851 level1\"><span class=\"accordeonck_outer \"><a href=\"https:\/\/aluksne.lv\/index.php\/pasvaldiba\/dokumenti\/detalplanojumi\/\" class=\"accordeonck\">Det\u0101lpl\u0101nojumi<\/a><\/span><\/li>\n<li id=\"menu-item-5438\" class=\"menu-item menu-item-type-post_type menu-item-object-page accordeonck menu-item-5438 level1\"><span class=\"accordeonck_outer \"><a href=\"https:\/\/aluksne.lv\/index.php\/pasvaldiba\/dokumenti\/lokalplanojumi\/\" class=\"accordeonck\">Lok\u0101lpl\u0101nojumi<\/a><\/span><\/li>\n<li id=\"menu-item-852\" class=\"menu-item menu-item-type-post_type menu-item-object-page accordeonck menu-item-852 level1\"><span class=\"accordeonck_outer \"><a href=\"https:\/\/aluksne.lv\/index.php\/pasvaldiba\/dokumenti\/dokumenti-par-pasvaldibas-ielam-un-autoceliem\/\" class=\"accordeonck\">Dokumenti par pa\u0161vald\u012bbas iel\u0101m un autoce\u013ciem<\/a><\/span><\/li>\n<li id=\"menu-item-850\" class=\"menu-item menu-item-type-post_type menu-item-object-page accordeonck menu-item-850 level1\"><span class=\"accordeonck_outer \"><a href=\"https:\/\/aluksne.lv\/index.php\/pasvaldiba\/dokumenti\/derigo-izraktenu-ieguves-atlaujas\/\" class=\"accordeonck\">Der\u012bgo izrakte\u0146u ieguves at\u013caujas<\/a><\/span><\/li>\n<li id=\"menu-item-857\" class=\"menu-item menu-item-type-post_type menu-item-object-page accordeonck menu-item-857 level1\"><span class=\"accordeonck_outer \"><a href=\"https:\/\/aluksne.lv\/index.php\/pasvaldiba\/dokumenti\/teritorijas-planojumi\/\" class=\"accordeonck\">Teritorijas pl\u0101nojums<\/a><\/span><\/li>\n<li id=\"menu-item-854\" class=\"menu-item menu-item-type-post_type menu-item-object-page accordeonck menu-item-854 level1\"><span class=\"accordeonck_outer \"><a href=\"https:\/\/aluksne.lv\/index.php\/pasvaldiba\/dokumenti\/nolikumi\/\" class=\"accordeonck\">Nolikumi<\/a><\/span><\/li>\n<li id=\"menu-item-855\" class=\"menu-item menu-item-type-post_type menu-item-object-page accordeonck menu-item-855 level1\"><span class=\"accordeonck_outer \"><a href=\"https:\/\/aluksne.lv\/index.php\/pasvaldiba\/dokumenti\/saistosie-noteikumi\/\" class=\"accordeonck\">Saisto\u0161ie noteikumi<\/a><\/span><\/li>\n<li id=\"menu-item-847\" class=\"menu-item menu-item-type-post_type menu-item-object-page accordeonck menu-item-847 level1\"><span class=\"accordeonck_outer \"><a href=\"https:\/\/aluksne.lv\/index.php\/pasvaldiba\/dokumenti\/citi-dokumenti\/\" class=\"accordeonck\">Citi dokumenti<\/a><\/span><\/li>\n<\/ul>\t\t<script type=\"text\/javascript\"> <!--\n\t\t\n\t\t\tjQuery(document).ready(function(){\n\t\t\t\tjQuery('#accordeconck1').accordeonmenuck({eventtype : 'click',transition : 'linear',showactive : '1',showactivesubmenu : '0',duree : 500});\n\t\t\t}); \t\t\/\/--> <\/script>\n\t\t<\/div><\/div><\/div><\/div>","protected":false},"excerpt":{"rendered":"<p>Inform\u0101cija par nekustam\u0101 \u012bpa\u0161uma nodok\u013ca par\u0101da dz\u0113\u0161anu &nbsp; Likuma \u201ePar nodok\u013ciem un nodev\u0101m\u201d 25.panta tre\u0161\u0101 da\u013ca nosaka, ka pa\u0161vald\u012bbu bud\u017eetos ieskait\u0101m\u0101 nekustam\u0101 \u012bpa\u0161uma nodok\u013ca par\u0101dus, k\u0101 ar\u012b ar tiem saist\u012bt\u0101s nokav\u0113juma naudas un soda naudas \u0161\u0101 panta pirmaj\u0101 da\u013c\u0101 noteiktajos&#8230;<br \/><a class=\"read-more-button\" href=\"https:\/\/aluksne.lv\/index.php\/pasvaldiba\/dokumenti\/nekustama-ipasuma-nodoklis\/\">Las\u012bt visu<\/a><\/p>\n","protected":false},"author":1,"featured_media":0,"parent":352,"menu_order":0,"comment_status":"closed","ping_status":"closed","template":"","meta":{"_crdt_document":"","_monsterinsights_skip_tracking":false,"_monsterinsights_sitenote_active":false,"_monsterinsights_sitenote_note":"","_monsterinsights_sitenote_category":0,"footnotes":"","_links_to":"","_links_to_target":""},"class_list":["post-3855","page","type-page","status-publish","hentry"],"_links":{"self":[{"href":"https:\/\/aluksne.lv\/index.php\/wp-json\/wp\/v2\/pages\/3855","targetHints":{"allow":["GET"]}}],"collection":[{"href":"https:\/\/aluksne.lv\/index.php\/wp-json\/wp\/v2\/pages"}],"about":[{"href":"https:\/\/aluksne.lv\/index.php\/wp-json\/wp\/v2\/types\/page"}],"author":[{"embeddable":true,"href":"https:\/\/aluksne.lv\/index.php\/wp-json\/wp\/v2\/users\/1"}],"replies":[{"embeddable":true,"href":"https:\/\/aluksne.lv\/index.php\/wp-json\/wp\/v2\/comments?post=3855"}],"version-history":[{"count":2,"href":"https:\/\/aluksne.lv\/index.php\/wp-json\/wp\/v2\/pages\/3855\/revisions"}],"predecessor-version":[{"id":61588,"href":"https:\/\/aluksne.lv\/index.php\/wp-json\/wp\/v2\/pages\/3855\/revisions\/61588"}],"up":[{"embeddable":true,"href":"https:\/\/aluksne.lv\/index.php\/wp-json\/wp\/v2\/pages\/352"}],"wp:attachment":[{"href":"https:\/\/aluksne.lv\/index.php\/wp-json\/wp\/v2\/media?parent=3855"}],"curies":[{"name":"wp","href":"https:\/\/api.w.org\/{rel}","templated":true}]}}