{"id":387,"date":"2016-03-15T06:44:33","date_gmt":"2016-03-15T06:44:33","guid":{"rendered":"http:\/\/aluksne.lv\/jauna1\/?page_id=387"},"modified":"2026-01-27T14:24:55","modified_gmt":"2026-01-27T12:24:55","slug":"kapitalsabiedribas","status":"publish","type":"page","link":"https:\/\/aluksne.lv\/index.php\/pasvaldiba\/kapitalsabiedribas\/","title":{"rendered":"Kapit\u0101l sabiedr\u012bbas"},"content":{"rendered":"<table class=\"hoverTable\">\n<tbody>\n<tr>\n<td width=\"33%\"><a href=\"index.php\/pasvaldiba\/kapitalsabiedribas\/informacija-par-kapitalsabiedribam-kuras-aluksnes-novada-pasvaldibai-ir-lidzdaliba\/\">Inform\u0101cija par kapit\u0101lsabiedr\u012bb\u0101m, kur\u0101s Al\u016bksnes novada pa\u0161vald\u012bbai ir l\u012bdzdal\u012bba<\/a><\/td>\n<td width=\"33%\"><a href=\"https:\/\/aluksne.lv\/wp-content\/uploads\/2026\/01\/4_Kapitaldalu_noteikumi.docx\">Noteikumi par Al\u016bksnes novada pa\u0161vald\u012bbas kapit\u0101la da\u013cu p\u0101rvald\u012bbu<\/a> (.docx)<\/td>\n<td width=\"33%\"><a href=\"https:\/\/aluksnesenergija.lv\" target=\"_blank\" rel=\"noopener\">SIA AL\u016aKSNES ENER\u0122IJA<\/a><\/td>\n<\/tr>\n<tr>\n<td width=\"33%\"><a href=\"https:\/\/aluksnesnami.lv\" target=\"_blank\" rel=\"noopener\">SIA AL\u016aKSNES NAMI<\/a><\/td>\n<td width=\"33%\"><a href=\"https:\/\/rupe.lv\" target=\"_blank\" rel=\"noopener\">SIA R\u016aPE<\/a><\/td>\n<td width=\"33%\"><a href=\"https:\/\/aluksnesslimnica.lv\" target=\"_blank\" rel=\"noopener\">SIA AL\u016aKSNES SLIMN\u012aCA<\/a><\/td>\n<\/tr>\n<\/tbody>\n<\/table>\n<hr \/>\n<p style=\"text-align: center;\"><strong>Kapit\u0101lsabiedr\u012bbu 2023. un 2024. gad\u0101 izmaks\u0101t\u0101s dividendes Al\u016bksnes novada pa\u0161vald\u012bbai un veiktie maks\u0101jumi valsts bud\u017eet\u0101 un pa\u0161vald\u012bbas bud\u017eet\u0101*<br \/>\n<\/strong><strong>(tai skait\u0101 atskait\u012bjumi un nodok\u013cu maks\u0101jumi)<\/strong><\/p>\n<table style=\"width: 100%; height: 743px;\" width=\"1087\">\n<tbody>\n<tr style=\"height: 82px;\">\n<td style=\"width: 13.5297%; height: 82px;\" width=\"95\">\n<p><strong>Nodoklis\/<br \/>\n<\/strong><strong>maks\u0101jums, EUR<\/strong><\/p>\n<\/td>\n<td style=\"width: 10.4027%; height: 82px;\" colspan=\"2\" width=\"170\">\n<p><strong>SIA<\/strong><strong>\u00a0\u201cAl\u016bksnes ener\u0123ija\u201d<\/strong><\/p>\n<\/td>\n<td style=\"width: 11.6779%; height: 82px;\" colspan=\"2\" width=\"123\">\n<p><strong>SIA <\/strong><strong>&#8220;R\u016bpe&#8221;<\/strong><\/p>\n<\/td>\n<td style=\"width: 12.349%; height: 82px;\" colspan=\"2\" width=\"132\">\n<p><strong>SIA <\/strong><strong>\u201cAl\u016bksnes nami\u201d<\/strong><\/p>\n<\/td>\n<td style=\"width: 12.349%; height: 82px;\" colspan=\"2\" width=\"132\">\n<p><strong>SIA <\/strong><strong>\u201cAl\u016bksnes slimn\u012bca\u201d<\/strong><\/p>\n<\/td>\n<td style=\"width: 12.349%; height: 82px;\" colspan=\"2\" width=\"132\">\n<p><strong>SIA \u201eAl\u016bksnes prim\u0101r\u0101s vesel\u012bbas centrs\u201d<\/strong><\/p>\n<\/td>\n<td style=\"width: 12.349%; height: 82px;\" colspan=\"2\" width=\"132\">\n<p><strong>SIA<\/strong><strong>\u00a0\u201cGulbenes \u2013 Al\u016bksnes b\u0101n\u012btis\u201d<\/strong><\/p>\n<\/td>\n<td style=\"width: 14.8993%; height: 82px;\" colspan=\"2\" width=\"170\">\n<p><strong>SIA <\/strong><strong>\u201eAP Kaudz\u012btes\u201d<\/strong><\/p>\n<\/td>\n<\/tr>\n<tr style=\"height: 44px;\">\n<td style=\"width: 13.5297%; height: 10px;\" width=\"95\">\n<p><strong>DIVIDENDES Al\u016bksnes novada pa\u0161vald\u012bbai, EUR<\/strong><\/p>\n<\/td>\n<td style=\"width: 10.4027%; height: 10px;\" colspan=\"2\" width=\"170\">\n<p>0<\/p>\n<\/td>\n<td style=\"width: 11.6779%; height: 10px;\" colspan=\"2\" width=\"123\">\n<p>0<\/p>\n<\/td>\n<td style=\"width: 12.349%; height: 10px;\" colspan=\"2\" width=\"132\">\n<p>0<\/p>\n<\/td>\n<td style=\"width: 12.349%; height: 10px;\" colspan=\"2\" width=\"132\">\n<p>0<\/p>\n<\/td>\n<td style=\"width: 12.349%; height: 10px;\" colspan=\"2\" width=\"132\">\n<p>0<\/p>\n<\/td>\n<td style=\"width: 12.349%; height: 10px;\" colspan=\"2\" width=\"132\">\n<p>0<\/p>\n<\/td>\n<td style=\"width: 14.8993%; height: 10px;\" colspan=\"2\" width=\"170\">\n<p>0<\/p>\n<\/td>\n<\/tr>\n<tr style=\"height: 39px;\">\n<td style=\"width: 13.5297%; height: 39px;\" width=\"95\">\n<p><strong>\u00a0<\/strong><\/p>\n<\/td>\n<td style=\"width: 3.62416%; height: 39px;\" width=\"85\">\n<p><strong>2023<\/strong><\/p>\n<\/td>\n<td style=\"width: 6.77852%; height: 39px;\" width=\"85\">\n<p><strong>2024<\/strong><\/p>\n<\/td>\n<td style=\"width: 5.83893%; height: 39px;\" width=\"57\">\n<p><strong>2023<\/strong><\/p>\n<\/td>\n<td style=\"width: 5.83893%; height: 39px;\" width=\"57\">\n<p><strong>2024<\/strong><\/p>\n<\/td>\n<td style=\"width: 6.1745%; height: 39px;\" width=\"66\">\n<p><strong>2023<\/strong><\/p>\n<\/td>\n<td style=\"width: 6.1745%; height: 39px;\" width=\"66\">\n<p><strong>2024<\/strong><\/p>\n<\/td>\n<td style=\"width: 6.1745%; height: 39px;\" width=\"66\">\n<p><strong>2023<\/strong><\/p>\n<\/td>\n<td style=\"width: 6.1745%; height: 39px;\" width=\"66\">\n<p><strong>2024<\/strong><\/p>\n<\/td>\n<td style=\"width: 6.1745%; height: 39px;\" width=\"66\">\n<p><strong>2023<\/strong><\/p>\n<\/td>\n<td style=\"width: 6.1745%; height: 39px;\" width=\"66\">\n<p><strong>2024<\/strong><\/p>\n<\/td>\n<td style=\"width: 6.1745%; height: 39px;\" width=\"66\">\n<p><strong>2023<\/strong><\/p>\n<\/td>\n<td style=\"width: 6.1745%; height: 39px;\" width=\"66\">\n<p><strong>2024<\/strong><\/p>\n<\/td>\n<td style=\"width: 7.58389%; height: 39px;\" width=\"85\">\n<p><strong>2023<\/strong><\/p>\n<\/td>\n<td style=\"width: 7.31544%; height: 39px;\" width=\"85\">\n<p><strong>2024<\/strong><\/p>\n<\/td>\n<\/tr>\n<tr style=\"height: 39px;\">\n<td style=\"width: 13.5297%; height: 39px;\" width=\"95\">\n<p>Iedz\u012bvot\u0101ju ien\u0101kuma nodoklis<\/p>\n<\/td>\n<td style=\"width: 3.62416%; height: 39px;\" width=\"85\">\n<p>44\u00a0511,10<\/p>\n<\/td>\n<td style=\"width: 6.77852%; height: 39px;\" width=\"85\">\n<p>56\u00a0900,81<\/p>\n<\/td>\n<td style=\"width: 5.83893%; height: 39px;\" width=\"57\">\n<p>39 622<\/p>\n<\/td>\n<td style=\"width: 5.83893%; height: 39px;\" width=\"57\">\n<p>45 407<\/p>\n<\/td>\n<td style=\"width: 6.1745%; height: 39px;\" width=\"66\">\n<p>59 624<\/p>\n<\/td>\n<td style=\"width: 6.1745%; height: 39px;\" width=\"66\">\n<p>71 363<\/p>\n<\/td>\n<td style=\"width: 6.1745%; height: 39px;\" width=\"66\">\n<p>457 818<\/p>\n<\/td>\n<td style=\"width: 6.1745%; height: 39px;\" width=\"66\">\n<p>580 717<\/p>\n<\/td>\n<td style=\"width: 6.1745%; height: 39px;\" width=\"66\">\n<p>54 681<\/p>\n<\/td>\n<td style=\"width: 6.1745%; height: 39px;\" width=\"66\">\n<p>58 900<\/p>\n<\/td>\n<td style=\"width: 6.1745%; height: 39px;\" width=\"66\">\n<p>28 679<\/p>\n<\/td>\n<td style=\"width: 6.1745%; height: 39px;\" width=\"66\">\n<p>32 531<\/p>\n<\/td>\n<td style=\"width: 7.58389%; height: 39px;\" width=\"85\">\n<p>27\u00a0554,77<\/p>\n<\/td>\n<td style=\"width: 7.31544%; height: 39px;\" width=\"85\">\n<p>535 442<\/p>\n<\/td>\n<\/tr>\n<tr style=\"height: 39px;\">\n<td style=\"width: 13.5297%; height: 39px;\" width=\"95\">\n<p>Uz\u0146\u0113muma ien\u0101kuma nodoklis<\/p>\n<\/td>\n<td style=\"width: 3.62416%; height: 39px;\" width=\"85\">\n<p>185<\/p>\n<\/td>\n<td style=\"width: 6.77852%; height: 39px;\" width=\"85\">\n<p>112<\/p>\n<\/td>\n<td style=\"width: 5.83893%; height: 39px;\" width=\"57\">\n<p>0<\/p>\n<\/td>\n<td style=\"width: 5.83893%; height: 39px;\" width=\"57\">\n<p>0<\/p>\n<\/td>\n<td style=\"width: 6.1745%; height: 39px;\" width=\"66\">\n<p>0<\/p>\n<\/td>\n<td style=\"width: 6.1745%; height: 39px;\" width=\"66\">\n<p>0<\/p>\n<\/td>\n<td style=\"width: 6.1745%; height: 39px;\" width=\"66\">\n<p>0<\/p>\n<\/td>\n<td style=\"width: 6.1745%; height: 39px;\" width=\"66\">\n<p>0<\/p>\n<\/td>\n<td style=\"width: 6.1745%; height: 39px;\" width=\"66\">\n<p>102<\/p>\n<\/td>\n<td style=\"width: 6.1745%; height: 39px;\" width=\"66\">\n<p>3 280<\/p>\n<\/td>\n<td style=\"width: 6.1745%; height: 39px;\" width=\"66\">\n<p>0<\/p>\n<\/td>\n<td style=\"width: 6.1745%; height: 39px;\" width=\"66\">\n<p>29<\/p>\n<\/td>\n<td style=\"width: 7.58389%; height: 39px;\" width=\"85\">\n<p>0<\/p>\n<\/td>\n<td style=\"width: 7.31544%; height: 39px;\" width=\"85\">\n<p>1 213<\/p>\n<\/td>\n<\/tr>\n<tr style=\"height: 78px;\">\n<td style=\"width: 13.5297%; height: 78px;\" width=\"95\">\n<p>Pievienot\u0101s v\u0113rt\u012bbas nodoklis (sa\u0146emt\u0101 p\u0101rmaksa)<\/p>\n<\/td>\n<td style=\"width: 3.62416%; height: 78px;\" width=\"85\">\n<p>258\u00a0953,15<\/p>\n<\/td>\n<td style=\"width: 6.77852%; height: 78px;\" width=\"85\">\n<p>194\u00a0856,38<\/p>\n<p>(200562,96)<\/p>\n<\/td>\n<td style=\"width: 5.83893%; height: 78px;\" width=\"57\">\n<p>110 661<\/p>\n<\/td>\n<td style=\"width: 5.83893%; height: 78px;\" width=\"57\">\n<p>118 516<\/p>\n<\/td>\n<td style=\"width: 6.1745%; height: 78px;\" width=\"66\">\n<p>121 261<\/p>\n<\/td>\n<td style=\"width: 6.1745%; height: 78px;\" width=\"66\">\n<p>127 569<\/p>\n<\/td>\n<td style=\"width: 6.1745%; height: 78px;\" width=\"66\">\n<p>31 949<\/p>\n<\/td>\n<td style=\"width: 6.1745%; height: 78px;\" width=\"66\">\n<p>0<\/p>\n<\/td>\n<td style=\"width: 6.1745%; height: 78px;\" width=\"66\">\n<p>0<\/p>\n<\/td>\n<td style=\"width: 6.1745%; height: 78px;\" width=\"66\">\n<p>0<\/p>\n<\/td>\n<td style=\"width: 6.1745%; height: 78px;\" width=\"66\">\n<p>(49 516)<\/p>\n<\/td>\n<td style=\"width: 6.1745%; height: 78px;\" width=\"66\">\n<p>(45\u00a0034)<\/p>\n<\/td>\n<td style=\"width: 7.58389%; height: 78px;\" width=\"85\">\n<p>202\u00a0667,34<\/p>\n<\/td>\n<td style=\"width: 7.31544%; height: 78px;\" width=\"85\">\n<p>\u00a02\u00a0045 553<\/p>\n<\/td>\n<\/tr>\n<tr style=\"height: 63px;\">\n<td style=\"width: 13.5297%; height: 63px;\" width=\"95\">\n<p>Valsts soci\u0101l\u0101s apdro\u0161in\u0101\u0161anas oblig\u0101t\u0101s iemaksas<\/p>\n<\/td>\n<td style=\"width: 3.62416%; height: 63px;\" width=\"85\">\n<p>95\u00a0948,04<\/p>\n<\/td>\n<td style=\"width: 6.77852%; height: 63px;\" width=\"85\">\n<p>112\u00a0165,12<\/p>\n<\/td>\n<td style=\"width: 5.83893%; height: 63px;\" width=\"57\">\n<p>98 056<\/p>\n<\/td>\n<td style=\"width: 5.83893%; height: 63px;\" width=\"57\">\n<p>105 095<\/p>\n<\/td>\n<td style=\"width: 6.1745%; height: 63px;\" width=\"66\">\n<p>133 615<\/p>\n<\/td>\n<td style=\"width: 6.1745%; height: 63px;\" width=\"66\">\n<p>151 593<\/p>\n<\/td>\n<td style=\"width: 6.1745%; height: 63px;\" width=\"66\">\n<p>815 824<\/p>\n<\/td>\n<td style=\"width: 6.1745%; height: 63px;\" width=\"66\">\n<p>1\u00a0044 657<\/p>\n<\/td>\n<td style=\"width: 6.1745%; height: 63px;\" width=\"66\">\n<p>104 127<\/p>\n<\/td>\n<td style=\"width: 6.1745%; height: 63px;\" width=\"66\">\n<p>77 557<\/p>\n<\/td>\n<td style=\"width: 6.1745%; height: 63px;\" width=\"66\">\n<p>75 553<\/p>\n<\/td>\n<td style=\"width: 6.1745%; height: 63px;\" width=\"66\">\n<p>78 726<\/p>\n<\/td>\n<td style=\"width: 7.58389%; height: 63px;\" width=\"85\">\n<p>74\u00a0515,01<\/p>\n<\/td>\n<td style=\"width: 7.31544%; height: 63px;\" width=\"85\">\n<p>\u00a01\u00a0117 800<\/p>\n<\/td>\n<\/tr>\n<tr style=\"height: 39px;\">\n<td style=\"width: 13.5297%; height: 39px;\" width=\"95\">\n<p>Dabas resursu nodoklis<\/p>\n<\/td>\n<td style=\"width: 3.62416%; height: 39px;\" width=\"85\">\n<p>3\u00a0195,89<\/p>\n<\/td>\n<td style=\"width: 6.77852%; height: 39px;\" width=\"85\">\n<p>3\u00a0805,08<\/p>\n<\/td>\n<td style=\"width: 5.83893%; height: 39px;\" width=\"57\">\n<p>10 509<\/p>\n<\/td>\n<td style=\"width: 5.83893%; height: 39px;\" width=\"57\">\n<p>9 919<\/p>\n<\/td>\n<td style=\"width: 6.1745%; height: 39px;\" width=\"66\">\n<p>55<\/p>\n<\/td>\n<td style=\"width: 6.1745%; height: 39px;\" width=\"66\">\n<p>0<\/p>\n<\/td>\n<td style=\"width: 6.1745%; height: 39px;\" width=\"66\">\n<p>340<\/p>\n<\/td>\n<td style=\"width: 6.1745%; height: 39px;\" width=\"66\">\n<p>138<\/p>\n<\/td>\n<td style=\"width: 6.1745%; height: 39px;\" width=\"66\">\n<p>0<\/p>\n<\/td>\n<td style=\"width: 6.1745%; height: 39px;\" width=\"66\">\n<p>0<\/p>\n<\/td>\n<td style=\"width: 6.1745%; height: 39px;\" width=\"66\">\n<p>238<\/p>\n<\/td>\n<td style=\"width: 6.1745%; height: 39px;\" width=\"66\">\n<p>310<\/p>\n<\/td>\n<td style=\"width: 7.58389%; height: 39px;\" width=\"85\">\n<p>419\u00a0146,40<\/p>\n<\/td>\n<td style=\"width: 7.31544%; height: 39px;\" width=\"85\">\n<p>\u00a03\u00a0386 609<\/p>\n<\/td>\n<\/tr>\n<tr style=\"height: 39px;\">\n<td style=\"width: 13.5297%; height: 39px;\" width=\"95\">\n<p>Nekustam\u0101 \u012bpa\u0161uma nodoklis<\/p>\n<\/td>\n<td style=\"width: 3.62416%; height: 39px;\" width=\"85\">\n<p>1\u00a0307,88<\/p>\n<\/td>\n<td style=\"width: 6.77852%; height: 39px;\" width=\"85\">\n<p>1\u00a0307,88<\/p>\n<\/td>\n<td style=\"width: 5.83893%; height: 39px;\" width=\"57\">\n<p>824<\/p>\n<\/td>\n<td style=\"width: 5.83893%; height: 39px;\" width=\"57\">\n<p>824<\/p>\n<\/td>\n<td style=\"width: 6.1745%; height: 39px;\" width=\"66\">\n<p>4 777<\/p>\n<\/td>\n<td style=\"width: 6.1745%; height: 39px;\" width=\"66\">\n<p>4 604<\/p>\n<\/td>\n<td style=\"width: 6.1745%; height: 39px;\" width=\"66\">\n<p>0<\/p>\n<\/td>\n<td style=\"width: 6.1745%; height: 39px;\" width=\"66\">\n<p>0<\/p>\n<\/td>\n<td style=\"width: 6.1745%; height: 39px;\" width=\"66\">\n<p>0<\/p>\n<\/td>\n<td style=\"width: 6.1745%; height: 39px;\" width=\"66\">\n<p>0<\/p>\n<\/td>\n<td style=\"width: 6.1745%; height: 39px;\" width=\"66\">\n<p>1 682<\/p>\n<\/td>\n<td style=\"width: 6.1745%; height: 39px;\" width=\"66\">\n<p>1 682<\/p>\n<\/td>\n<td style=\"width: 7.58389%; height: 39px;\" width=\"85\">\n<p>311,76<\/p>\n<\/td>\n<td style=\"width: 7.31544%; height: 39px;\" width=\"85\">\n<p>\u00a02 580<\/p>\n<\/td>\n<\/tr>\n<tr style=\"height: 39px;\">\n<td style=\"width: 13.5297%; height: 39px;\" width=\"95\">\n<p>Uz\u0146\u0113m\u0113jdarb\u012bbas riska nodeva<\/p>\n<\/td>\n<td style=\"width: 3.62416%; height: 39px;\" width=\"85\">\n<p>69,84<\/p>\n<\/td>\n<td style=\"width: 6.77852%; height: 39px;\" width=\"85\">\n<p>73,08<\/p>\n<\/td>\n<td style=\"width: 5.83893%; height: 39px;\" width=\"57\">\n<p>131<\/p>\n<\/td>\n<td style=\"width: 5.83893%; height: 39px;\" width=\"57\">\n<p>126<\/p>\n<\/td>\n<td style=\"width: 6.1745%; height: 39px;\" width=\"66\">\n<p>128<\/p>\n<\/td>\n<td style=\"width: 6.1745%; height: 39px;\" width=\"66\">\n<p>136<\/p>\n<\/td>\n<td style=\"width: 6.1745%; height: 39px;\" width=\"66\">\n<p>685<\/p>\n<\/td>\n<td style=\"width: 6.1745%; height: 39px;\" width=\"66\">\n<p>694<\/p>\n<\/td>\n<td style=\"width: 6.1745%; height: 39px;\" width=\"66\">\n<p>1 056<\/p>\n<\/td>\n<td style=\"width: 6.1745%; height: 39px;\" width=\"66\">\n<p>106<\/p>\n<\/td>\n<td style=\"width: 6.1745%; height: 39px;\" width=\"66\">\n<p>106<\/p>\n<\/td>\n<td style=\"width: 6.1745%; height: 39px;\" width=\"66\">\n<p>96<\/p>\n<\/td>\n<td style=\"width: 7.58389%; height: 39px;\" width=\"85\">\n<p>84,60<\/p>\n<\/td>\n<td style=\"width: 7.31544%; height: 39px;\" width=\"85\">\n<p>858<\/p>\n<\/td>\n<\/tr>\n<tr style=\"height: 87px;\">\n<td style=\"width: 13.5297%; height: 87px;\" width=\"95\">\n<p>Transporta l\u012bdzek\u013cu ekspluat\u0101cijas nodoklis (t.sk.vieglo )<\/p>\n<\/td>\n<td style=\"width: 3.62416%; height: 87px;\" width=\"85\">\n<p>0<\/p>\n<\/td>\n<td style=\"width: 6.77852%; height: 87px;\" width=\"85\">\n<p>0<\/p>\n<\/td>\n<td style=\"width: 5.83893%; height: 87px;\" width=\"57\">\n<p>\u00a02 376<\/p>\n<\/td>\n<td style=\"width: 5.83893%; height: 87px;\" width=\"57\">\n<p>2 124<\/p>\n<\/td>\n<td style=\"width: 6.1745%; height: 87px;\" width=\"66\">\n<p>977<\/p>\n<\/td>\n<td style=\"width: 6.1745%; height: 87px;\" width=\"66\">\n<p>1 034<\/p>\n<\/td>\n<td style=\"width: 6.1745%; height: 87px;\" width=\"66\">\n<p>1 189<\/p>\n<\/td>\n<td style=\"width: 6.1745%; height: 87px;\" width=\"66\">\n<p>1 316<\/p>\n<\/td>\n<td style=\"width: 6.1745%; height: 87px;\" width=\"66\">\n<p>495<\/p>\n<\/td>\n<td style=\"width: 6.1745%; height: 87px;\" width=\"66\">\n<p>522<\/p>\n<\/td>\n<td style=\"width: 6.1745%; height: 87px;\" width=\"66\">\n<p>395<\/p>\n<\/td>\n<td style=\"width: 6.1745%; height: 87px;\" width=\"66\">\n<p>574<\/p>\n<\/td>\n<td style=\"width: 7.58389%; height: 87px;\" width=\"85\">\n<p>2\u00a0854,67<\/p>\n<\/td>\n<td style=\"width: 7.31544%; height: 87px;\" width=\"85\">\n<p>\u00a011 541<\/p>\n<\/td>\n<\/tr>\n<tr style=\"height: 111px;\">\n<td style=\"width: 13.5297%; height: 111px;\" width=\"95\">\n<p>Citas nodevas un iemaksas; SPRK, b\u016bvniec\u012bbas nodeva, valsts nodeva, akc\u012bzes nodoklis<\/p>\n<\/td>\n<td style=\"width: 3.62416%; height: 111px;\" width=\"85\">\n<p>3\u00a0308,54<\/p>\n<\/td>\n<td style=\"width: 6.77852%; height: 111px;\" width=\"85\">\n<p>3\u00a0421,18<\/p>\n<\/td>\n<td style=\"width: 5.83893%; height: 111px;\" width=\"57\">\n<p>1 225<\/p>\n<\/td>\n<td style=\"width: 5.83893%; height: 111px;\" width=\"57\">\n<p>1 520<\/p>\n<\/td>\n<td style=\"width: 6.1745%; height: 111px;\" width=\"66\">\n<p>143<\/p>\n<\/td>\n<td style=\"width: 6.1745%; height: 111px;\" width=\"66\">\n<p>237<\/p>\n<\/td>\n<td style=\"width: 6.1745%; height: 111px;\" width=\"66\">\n<p>0<\/p>\n<\/td>\n<td style=\"width: 6.1745%; height: 111px;\" width=\"66\">\n<p>0<\/p>\n<\/td>\n<td style=\"width: 6.1745%; height: 111px;\" width=\"66\">\n<p>0<\/p>\n<\/td>\n<td style=\"width: 6.1745%; height: 111px;\" width=\"66\">\n<p>0<\/p>\n<\/td>\n<td style=\"width: 6.1745%; height: 111px;\" width=\"66\">\n<p>0<\/p>\n<\/td>\n<td style=\"width: 6.1745%; height: 111px;\" width=\"66\">\n<p>2<\/p>\n<\/td>\n<td style=\"width: 7.58389%; height: 111px;\" width=\"85\">\n<p>1\u00a0798,83<\/p>\n<\/td>\n<td style=\"width: 7.31544%; height: 111px;\" width=\"85\">\n<p>\u00a020 091<\/p>\n<\/td>\n<\/tr>\n<tr style=\"height: 78px;\">\n<td style=\"width: 13.5297%; height: 78px;\" width=\"95\">\n<p><strong>Kop\u0101 nodok\u013ci, nodevas, EUR<\/strong><\/p>\n<\/td>\n<td style=\"width: 3.62416%; height: 78px;\" width=\"85\">\n<p><strong>407\u00a0479,44<\/strong><\/p>\n<\/td>\n<td style=\"width: 6.77852%; height: 78px;\" width=\"85\">\n<p><strong>172\u00a0078,57<\/strong><\/p>\n<\/td>\n<td style=\"width: 5.83893%; height: 78px;\" width=\"57\">\n<p><strong>263 434<\/strong><\/p>\n<\/td>\n<td style=\"width: 5.83893%; height: 78px;\" width=\"57\">\n<p><strong>283 531<\/strong><\/p>\n<\/td>\n<td style=\"width: 6.1745%; height: 78px;\" width=\"66\">\n<p><strong>320 580<\/strong><\/p>\n<\/td>\n<td style=\"width: 6.1745%; height: 78px;\" width=\"66\">\n<p><strong>356 536<\/strong><\/p>\n<\/td>\n<td style=\"width: 6.1745%; height: 78px;\" width=\"66\">\n<p><strong>1\u00a0307 805<\/strong><\/p>\n<\/td>\n<td style=\"width: 6.1745%; height: 78px;\" width=\"66\">\n<p><strong>1\u00a0627 522<\/strong><\/p>\n<\/td>\n<td style=\"width: 6.1745%; height: 78px;\" width=\"66\">\n<p><strong>160 545<\/strong><\/p>\n<\/td>\n<td style=\"width: 6.1745%; height: 78px;\" width=\"66\">\n<p><strong>140 740<\/strong><\/p>\n<\/td>\n<td style=\"width: 6.1745%; height: 78px;\" width=\"66\">\n<p><strong>106 820<\/strong><\/p>\n<p><strong>(49 516)<\/strong><\/p>\n<\/td>\n<td style=\"width: 6.1745%; height: 78px;\" width=\"66\">\n<p><strong>113\u00a0950<\/strong><\/p>\n<p><strong>(45\u00a0034)<\/strong><\/p>\n<\/td>\n<td style=\"width: 7.58389%; height: 78px;\" width=\"85\">\n<p><strong>728\u00a0933,38<\/strong><\/p>\n<\/td>\n<td style=\"width: 7.31544%; height: 78px;\" width=\"85\">\n<p><strong>\u00a07\u00a0121 687<\/strong><\/p>\n<\/td>\n<\/tr>\n<\/tbody>\n<\/table>\n<p>&nbsp;<\/p>\n<p style=\"overflow-x: auto;\">* Apkopojums veikts p\u0113c <span style=\"font-size: 10pt;\">Kapit\u0101lsabiedr\u012bbu<\/span> sniegt\u0101s inform\u0101cijas<\/p>\n<div style=\"overflow-x: auto;\">\n<p>Inform\u0101cija atjaunota 04.07.2025.<\/p>\n<\/div>\n","protected":false},"excerpt":{"rendered":"<p>Inform\u0101cija par kapit\u0101lsabiedr\u012bb\u0101m, kur\u0101s Al\u016bksnes novada pa\u0161vald\u012bbai ir l\u012bdzdal\u012bba Noteikumi par Al\u016bksnes novada pa\u0161vald\u012bbas kapit\u0101la da\u013cu p\u0101rvald\u012bbu (.docx) SIA AL\u016aKSNES ENER\u0122IJA SIA AL\u016aKSNES NAMI SIA R\u016aPE SIA AL\u016aKSNES SLIMN\u012aCA Kapit\u0101lsabiedr\u012bbu 2023. un 2024. gad\u0101 izmaks\u0101t\u0101s dividendes Al\u016bksnes novada pa\u0161vald\u012bbai un&#8230;<br \/><a class=\"read-more-button\" href=\"https:\/\/aluksne.lv\/index.php\/pasvaldiba\/kapitalsabiedribas\/\">Las\u012bt visu<\/a><\/p>\n","protected":false},"author":1,"featured_media":0,"parent":6,"menu_order":0,"comment_status":"closed","ping_status":"closed","template":"","meta":{"_crdt_document":"","_monsterinsights_skip_tracking":false,"_monsterinsights_sitenote_active":false,"_monsterinsights_sitenote_note":"","_monsterinsights_sitenote_category":0,"footnotes":"","_links_to":"","_links_to_target":""},"class_list":["post-387","page","type-page","status-publish","hentry"],"_links":{"self":[{"href":"https:\/\/aluksne.lv\/index.php\/wp-json\/wp\/v2\/pages\/387","targetHints":{"allow":["GET"]}}],"collection":[{"href":"https:\/\/aluksne.lv\/index.php\/wp-json\/wp\/v2\/pages"}],"about":[{"href":"https:\/\/aluksne.lv\/index.php\/wp-json\/wp\/v2\/types\/page"}],"author":[{"embeddable":true,"href":"https:\/\/aluksne.lv\/index.php\/wp-json\/wp\/v2\/users\/1"}],"replies":[{"embeddable":true,"href":"https:\/\/aluksne.lv\/index.php\/wp-json\/wp\/v2\/comments?post=387"}],"version-history":[{"count":1,"href":"https:\/\/aluksne.lv\/index.php\/wp-json\/wp\/v2\/pages\/387\/revisions"}],"predecessor-version":[{"id":60164,"href":"https:\/\/aluksne.lv\/index.php\/wp-json\/wp\/v2\/pages\/387\/revisions\/60164"}],"up":[{"embeddable":true,"href":"https:\/\/aluksne.lv\/index.php\/wp-json\/wp\/v2\/pages\/6"}],"wp:attachment":[{"href":"https:\/\/aluksne.lv\/index.php\/wp-json\/wp\/v2\/media?parent=387"}],"curies":[{"name":"wp","href":"https:\/\/api.w.org\/{rel}","templated":true}]}}