{"id":393,"date":"2016-03-15T06:45:48","date_gmt":"2016-03-15T06:45:48","guid":{"rendered":"http:\/\/aluksne.lv\/jauna1\/?page_id=393"},"modified":"2024-01-01T11:27:51","modified_gmt":"2024-01-01T09:27:51","slug":"socialas-un-citas-iestades","status":"publish","type":"page","link":"https:\/\/aluksne.lv\/index.php\/pasvaldiba\/socialas-un-citas-iestades\/","title":{"rendered":"Soci\u0101l\u0101s un citas iest\u0101des"},"content":{"rendered":"<table class=\"hoverTable\">\n<tbody>\n<tr>\n<td width=\"33%\"><a href=\"https:\/\/aluksne.lv\/index.php\/pasvaldiba\/kontakti\/pagastu-parvaldes\/\">Al\u016bksnes novada pagastu apvien\u012bbas p\u0101rvalde<\/a><\/td>\n<td width=\"33%\"><a href=\"http:\/\/aluksne.lv\/index.php\/pasvaldiba\/socialas-un-citas-iestades\/aluksnes-turisma-informacijas-centrs\/\">Al\u016bksnes T\u016brisma inform\u0101cijas centrs<\/a><\/td>\n<td width=\"33%\"><a href=\"index.php\/pasvaldiba\/socialas-un-citas-iestades\/aluksnes-novada-dzimtsarakstu-nodala\/\">Al\u016bksnes novada Dzimtsarakstu noda\u013ca<\/a><\/td>\n<\/tr>\n<tr>\n<td width=\"33%\"><a href=\"index.php\/pasvaldiba\/socialas-un-citas-iestades\/barintiesa\/\">B\u0101ri\u0146tiesa<\/a><\/td>\n<td width=\"33%\"><a href=\"http:\/\/www.aluksnesezers.lv\/\" target=\"new\" rel=\"noopener\">Pa\u0161vald\u012bbas iest\u0101de \u201eALJA\u201d<\/a><\/td>\n<td width=\"33%\"><a href=\"index.php\/pasvaldiba\/socialas-un-citas-iestades\/pasvaldibas-agentura-spodra\/\">Pa\u0161vald\u012bbas iest\u0101de \u201eSpodra\u201d<\/a><\/td>\n<\/tr>\n<tr>\n<td width=\"33%\"><a href=\"index.php\/pasvaldiba\/socialas-un-citas-iestades\/pasvaldibas-policija\/\">Pa\u0161vald\u012bbas policija<\/a><\/td>\n<td width=\"33%\"><a href=\"index.php\/pasvaldiba\/socialas-un-citas-iestades\/aluksnes-novada-socialais-dienests\/\">Soci\u0101lo lietu p\u0101rvalde<\/a><\/td>\n<\/tr>\n<\/tbody>\n<\/table>\n","protected":false},"excerpt":{"rendered":"<p>Al\u016bksnes novada pagastu apvien\u012bbas p\u0101rvalde Al\u016bksnes T\u016brisma inform\u0101cijas centrs Al\u016bksnes novada Dzimtsarakstu noda\u013ca B\u0101ri\u0146tiesa Pa\u0161vald\u012bbas iest\u0101de \u201eALJA\u201d Pa\u0161vald\u012bbas iest\u0101de \u201eSpodra\u201d Pa\u0161vald\u012bbas policija Soci\u0101lo lietu p\u0101rvalde<\/p>\n","protected":false},"author":1,"featured_media":0,"parent":6,"menu_order":0,"comment_status":"closed","ping_status":"closed","template":"","meta":{"_crdt_document":"","_monsterinsights_skip_tracking":false,"_monsterinsights_sitenote_active":false,"_monsterinsights_sitenote_note":"","_monsterinsights_sitenote_category":0,"footnotes":"","_links_to":"","_links_to_target":""},"class_list":["post-393","page","type-page","status-publish","hentry"],"_links":{"self":[{"href":"https:\/\/aluksne.lv\/index.php\/wp-json\/wp\/v2\/pages\/393","targetHints":{"allow":["GET"]}}],"collection":[{"href":"https:\/\/aluksne.lv\/index.php\/wp-json\/wp\/v2\/pages"}],"about":[{"href":"https:\/\/aluksne.lv\/index.php\/wp-json\/wp\/v2\/types\/page"}],"author":[{"embeddable":true,"href":"https:\/\/aluksne.lv\/index.php\/wp-json\/wp\/v2\/users\/1"}],"replies":[{"embeddable":true,"href":"https:\/\/aluksne.lv\/index.php\/wp-json\/wp\/v2\/comments?post=393"}],"version-history":[{"count":0,"href":"https:\/\/aluksne.lv\/index.php\/wp-json\/wp\/v2\/pages\/393\/revisions"}],"up":[{"embeddable":true,"href":"https:\/\/aluksne.lv\/index.php\/wp-json\/wp\/v2\/pages\/6"}],"wp:attachment":[{"href":"https:\/\/aluksne.lv\/index.php\/wp-json\/wp\/v2\/media?parent=393"}],"curies":[{"name":"wp","href":"https:\/\/api.w.org\/{rel}","templated":true}]}}