{"id":399,"date":"2016-03-15T06:47:40","date_gmt":"2016-03-15T06:47:40","guid":{"rendered":"http:\/\/aluksne.lv\/jauna1\/?page_id=399"},"modified":"2025-11-26T08:18:43","modified_gmt":"2025-11-26T06:18:43","slug":"pasvaldibas-struktura","status":"publish","type":"page","link":"https:\/\/aluksne.lv\/index.php\/pasvaldiba\/pasvaldibas-struktura\/","title":{"rendered":"Pa\u0161vald\u012bbas strukt\u016bra"},"content":{"rendered":"<div id=\"pl-399\"  class=\"panel-layout\" ><div id=\"pg-399-0\"  class=\"panel-grid panel-no-style\" ><div id=\"pgc-399-0-0\"  class=\"panel-grid-cell\" ><div id=\"panel-399-0-0-0\" class=\"so-panel widget widget_sow-editor panel-first-child panel-last-child\" data-index=\"0\" ><div\n\t\t\t\n\t\t\tclass=\"so-widget-sow-editor so-widget-sow-editor-base\"\n\t\t\t\n\t\t>\n<div class=\"siteorigin-widget-tinymce textwidget\">\n\t<h2>Al\u016bksnes novada pa\u0161vald\u012bbas administr\u0101cijas strukt\u016bra<br \/>\n<strong><span style=\"font-size: 12pt;\">(saska\u0146\u0101 ar Al\u016bksnes novada pa\u0161vald\u012bbas domes saisto\u0161ajiem noteikumiem Nr. 2\/2023 \"Al\u016bksnes novada pa\u0161vald\u012bbas nolikums\")<\/span><\/strong><\/h2>\n<p>&nbsp;<\/p>\n<p><span style=\"font-size: 10pt;\">Al\u016bksnes novada pa\u0161vald\u012bbas domes saisto\u0161ie noteikumi Nr. 2\/2023 <a href=\"https:\/\/likumi.lv\/ta\/id\/340763-aluksnes-novada-pasvaldibas-nolikums\">\"Al\u016bksnes novada pa\u0161vald\u012bbas nolikums\"<\/a><\/span><\/p>\n<ul style=\"list-style-type: circle;\">\n<li>Centr\u0101l\u0101 administr\u0101cija (<a href=\"https:\/\/aluksne.lv\/wp-content\/uploads\/2025\/10\/Nolikums_8_Centralas-administracijas.docx\">Nolikums<\/a>)<\/li>\n<li>Al\u016bksnes novada pagastu apvien\u012bbas p\u0101rvalde (<a href=\"https:\/\/aluksne.lv\/wp-content\/uploads\/2024\/07\/9_pagastu-apvienibas-parvaldes-nolikums.docx\">Nolikums<\/a>)<\/li>\n<li>Al\u016bksnes novada Kult\u016bras centrs (<a href=\"https:\/\/aluksne.lv\/wp-content\/uploads\/2024\/07\/3_Kulturas_centra_nolikums.docx\">Nolikums<\/a>)<\/li>\n<li>Al\u016bksnes novada muzejs (<a href=\"https:\/\/aluksne.lv\/wp-content\/uploads\/2024\/07\/4_Muzeja_nolikums.docx\">Nolikums<\/a>)<\/li>\n<li>Al\u016bksnes novada bibliot\u0113ka (<a href=\"https:\/\/aluksne.lv\/wp-content\/uploads\/2024\/07\/5_Bibliotekas_nolikums.doc\">Nolikums<\/a>)<\/li>\n<li>Al\u016bksnes novada Dzimtsarakstu noda\u013ca\u00a0(<a href=\"https:\/\/aluksne.lv\/nolikumi\/2024\/Dzimtsarakstu_nodala_nolikums.docx\">Nolikums<\/a>)<\/li>\n<li>Al\u016bksnes novada pa\u0161vald\u012bbas policija (<a href=\"https:\/\/aluksne.lv\/wp-content\/uploads\/2025\/01\/10_2024_ANP-policijas-nolikums.pdf\">Nolikums<\/a>)<\/li>\n<li>Al\u016bksnes novada b\u0101ri\u0146tiesa\u00a0(<a href=\"https:\/\/aluksne.lv\/nolikumi\/2024\/Barintiesas_nolikums.docx\">Nolikums<\/a>)<\/li>\n<li>Al\u016bksnes novada Soci\u0101lo lietu p\u0101rvalde\u00a0(<a href=\"https:\/\/aluksne.lv\/nolikumi\/2024\/SLP_nolikums.docx\">Nolikums<\/a>)<\/li>\n<li>Al\u016bksnes T\u016brisma inform\u0101cijas centrs (<a href=\"https:\/\/aluksne.lv\/wp-content\/uploads\/2024\/07\/1_TIC_nolikums.docx\">Nolikums<\/a>)<\/li>\n<li>Al\u016bksnes novada pa\u0161vald\u012bbas iest\u0101de \"SPODRA\u201d\u00a0(<a href=\"https:\/\/aluksne.lv\/nolikumi\/2024\/SPODRA_nolikums.docx\">Nolikums<\/a>)<\/li>\n<li>Al\u016bksnes novada pa\u0161vald\u012bbas iest\u0101de \"ALJA\" (<a href=\"https:\/\/aluksne.lv\/nolikumi\/2024\/ALJA_nolikums.docx\">Nolikums<\/a>)<\/li>\n<li>B\u016bvvalde (<a href=\"https:\/\/aluksne.lv\/nolikumi\/2024\/Buvvaldes_nolikums.docx\">Nolikums<\/a>)<\/li>\n<li>Izgl\u012bt\u012bbas p\u0101rvalde\u00a0(<a href=\"https:\/\/aluksne.lv\/nolikumi\/2024\/IZP_nolikums.docx\">Nolikums<\/a>)<\/li>\n<li>Al\u016bksnes M\u0101kslas skola (<a href=\"https:\/\/aluksne.lv\/wp-content\/uploads\/2024\/07\/Nolikums_11_Makslas_skolas_nolikums.docx\">Nolikums<\/a>)<\/li>\n<li>Al\u016bksnes M\u016bzikas skola (<a href=\"https:\/\/aluksne.lv\/wp-content\/uploads\/2024\/07\/Nolikum_2_Muzikas_skolas_nolikums.docx\">Nolikums<\/a>)<\/li>\n<li>Al\u016bksnes Sporta skola (<a href=\"https:\/\/aluksne.lv\/wp-content\/uploads\/2024\/07\/7_Sporta_skola_nolikums.docx\">Nolikums<\/a>)<\/li>\n<li>Al\u016bksnes B\u0113rnu un jaunie\u0161u centrs (<a href=\"https:\/\/aluksne.lv\/nolikumi\/2024\/ABJC_nolikums.docx\">Nolikums<\/a>)<\/li>\n<li>Ziemeru pamatskola (<a href=\"https:\/\/aluksne.lv\/wp-content\/uploads\/2024\/07\/Nr.17_Ziemeru_pamatskolas_nolikums.docx\">Nolikums<\/a>)<\/li>\n<li>Ernsta Glika Al\u016bksnes Valsts \u0123imn\u0101zija\u00a0(<a href=\"https:\/\/aluksne.lv\/nolikumi\/2024\/Gimnazijas_nolikums.docx\">Nolikums<\/a>)<\/li>\n<li>Alekseja Gr\u0101v\u012b\u0161a Liepnas pamatskola (<a href=\"https:\/\/aluksne.lv\/wp-content\/uploads\/2024\/07\/NOLIKUMS_Nr.4_Alekseja_Gravisa_pamatskolas_nolikums.docx\">Nolikums<\/a>)<\/li>\n<li>Al\u016bksnes pirmsskolas izgl\u012bt\u012bbas iest\u0101de \"Spr\u012bd\u012btis\"\u00a0(<a href=\"https:\/\/aluksne.lv\/nolikumi\/2024\/Spriditis_nolikums_ar_grozijumiem.docx\">Nolikums<\/a>)<\/li>\n<li>Al\u016bksnes pirmsskolas izgl\u012bt\u012bbas iest\u0101de \"Pienen\u012bte\" (<a href=\"https:\/\/aluksne.lv\/wp-content\/uploads\/2024\/07\/Nolikums_5_Pienenite_nolikums.docx\">Nolikums<\/a>)<\/li>\n<li>Alsvi\u0137u pirmsskolas izgl\u012bt\u012bbas iest\u0101de \"Saul\u012bte\" (<a href=\"https:\/\/aluksne.lv\/wp-content\/uploads\/2024\/07\/Nolikums_10_Alsviku_pirmsskolas_izglitibas_Saulite_nolikums.docx\">Nolikums<\/a>)<\/li>\n<li>Jaunal\u016bksnes pirmsskolas izgl\u012bt\u012bbas iest\u0101de \"P\u016bc\u012bte\" (<a href=\"https:\/\/aluksne.lv\/wp-content\/uploads\/2024\/07\/8_Pucite_nolikums.docx\">Nolikums<\/a>)<\/li>\n<li>Malienas pirmsskolas izgl\u012bt\u012bbas iest\u0101de \"Mazputni\u0146\u0161\" (<a href=\"https:\/\/aluksne.lv\/nolikumi\/2024\/Mazputnins_nolikums.docx\">Nolikums<\/a>)<\/li>\n<li>Al\u016bksnes novada v\u0113l\u0113\u0161anu komisija (<a href=\"https:\/\/likumi.lv\/ta\/id\/35108-pasvaldibas-velesanu-komisiju-un-velesanu-iecirknu-komisiju-likums\">Pa\u0161vald\u012bbas v\u0113l\u0113\u0161anu komisiju un v\u0113l\u0113\u0161anu iecirk\u0146u komisiju likums<\/a>)<\/li>\n<li>Administrat\u012bv\u0101 komisija (<a href=\"https:\/\/aluksne.lv\/wp-content\/uploads\/2024\/06\/162_Administrativas_komisijas_nolikums.docx\">Nolikums<\/a>)<\/li>\n<li>Zemes lietu komisija (<a href=\"https:\/\/aluksne.lv\/wp-content\/uploads\/2023\/12\/Nolikums_Nr_1_Zemes_lietu_komisijas_nolikums.docx\">Nolikums<\/a>)<\/li>\n<li>Iepirkuma komisija (<a href=\"https:\/\/aluksne.lv\/wp-content\/uploads\/2023\/01\/Nr_6_Iepirkuma_komisijas_nolikums.docx\">Nolikums<\/a>)<\/li>\n<li>Apst\u0101d\u012bjumu aizsardz\u012bbas komisija (<a href=\"https:\/\/aluksne.lv\/wp-content\/uploads\/2024\/07\/148_Nolikums_Apstadijumu_aizsardzibas_komisija.docx\">Nolikums<\/a>)<\/li>\n<li>Licenc\u0113\u0161anas komisija (<a href=\"https:\/\/aluksne.lv\/wp-content\/uploads\/2024\/07\/177_Licencesanas_komisijas_nolikums.docx\">Nolikums<\/a>)<\/li>\n<li>Dz\u012bvok\u013cu komisija (<a href=\"https:\/\/aluksne.lv\/wp-content\/uploads\/2023\/07\/219.pdf\">Nolikums<\/a>)<\/li>\n<li>Med\u012bbu koordin\u0101cijas komisija (<a href=\"https:\/\/aluksne.lv\/wp-content\/uploads\/2024\/07\/Medibu_koordinacijas_komisijas_nolikums.docx\">Nolikums<\/a>)<\/li>\n<li>Al\u016bksnes novada sadarb\u012bbas teritorijas civil\u0101s aizsardz\u012bbas komisija (<a href=\"https:\/\/aluksne.lv\/wp-content\/uploads\/2021\/11\/CAK_nolikums.pdf\">Nolikums<\/a>)<\/li>\n<li>\u012apa\u0161umu atsavin\u0101\u0161anas komisija (<a href=\"https:\/\/aluksne.lv\/wp-content\/uploads\/2024\/07\/149_Nolikums_Ipasumu_atsavinasanas_komisija.docx\">Nolikums<\/a>)<\/li>\n<\/ul>\n<p>&nbsp;<\/p>\n<hr \/>\n<h1 style=\"text-align: center;\">Al\u016bksnes novada pa\u0161vald\u012bbas strukt\u016bra<\/h1>\n<p><a href=\"https:\/\/aluksne.lv\/wp-content\/uploads\/2025\/11\/Pasvaldibas-struktura-1.jpg\"><img loading=\"lazy\" decoding=\"async\" class=\"alignnone size-full wp-image-59090\" src=\"https:\/\/aluksne.lv\/wp-content\/uploads\/2025\/11\/Pasvaldibas-struktura-1.jpg\" alt=\"Pa\u0161vald\u012bbas strukt\u016bra\" width=\"2189\" height=\"1623\" srcset=\"https:\/\/aluksne.lv\/wp-content\/uploads\/2025\/11\/Pasvaldibas-struktura-1.jpg 2189w, https:\/\/aluksne.lv\/wp-content\/uploads\/2025\/11\/Pasvaldibas-struktura-1-800x593.jpg 800w, https:\/\/aluksne.lv\/wp-content\/uploads\/2025\/11\/Pasvaldibas-struktura-1-1024x759.jpg 1024w, https:\/\/aluksne.lv\/wp-content\/uploads\/2025\/11\/Pasvaldibas-struktura-1-768x569.jpg 768w, https:\/\/aluksne.lv\/wp-content\/uploads\/2025\/11\/Pasvaldibas-struktura-1-1536x1139.jpg 1536w, https:\/\/aluksne.lv\/wp-content\/uploads\/2025\/11\/Pasvaldibas-struktura-1-2048x1518.jpg 2048w, https:\/\/aluksne.lv\/wp-content\/uploads\/2025\/11\/Pasvaldibas-struktura-1-1170x867.jpg 1170w\" sizes=\"auto, (max-width: 2189px) 100vw, 2189px\" \/><\/a><\/p>\n<p>&nbsp;<\/p>\n<div class=\"wp-block-image\"><\/div>\n<p>&nbsp;<\/p>\n<\/div>\n<\/div><\/div><\/div><\/div><\/div>","protected":false},"excerpt":{"rendered":"<p>Al\u016bksnes novada pa\u0161vald\u012bbas administr\u0101cijas strukt\u016bra (saska\u0146\u0101 ar Al\u016bksnes novada pa\u0161vald\u012bbas domes saisto\u0161ajiem noteikumiem Nr. 2\/2023 &#8220;Al\u016bksnes novada pa\u0161vald\u012bbas nolikums&#8221;) &nbsp; Al\u016bksnes novada pa\u0161vald\u012bbas domes saisto\u0161ie noteikumi Nr. 2\/2023 &#8220;Al\u016bksnes novada pa\u0161vald\u012bbas nolikums&#8221; Centr\u0101l\u0101 administr\u0101cija (Nolikums) Al\u016bksnes novada pagastu apvien\u012bbas p\u0101rvalde&#8230;<br \/><a class=\"read-more-button\" href=\"https:\/\/aluksne.lv\/index.php\/pasvaldiba\/pasvaldibas-struktura\/\">Las\u012bt visu<\/a><\/p>\n","protected":false},"author":1,"featured_media":0,"parent":6,"menu_order":0,"comment_status":"closed","ping_status":"closed","template":"","meta":{"_crdt_document":"","_monsterinsights_skip_tracking":false,"_monsterinsights_sitenote_active":false,"_monsterinsights_sitenote_note":"","_monsterinsights_sitenote_category":0,"footnotes":"","_links_to":"","_links_to_target":""},"class_list":["post-399","page","type-page","status-publish","hentry"],"_links":{"self":[{"href":"https:\/\/aluksne.lv\/index.php\/wp-json\/wp\/v2\/pages\/399","targetHints":{"allow":["GET"]}}],"collection":[{"href":"https:\/\/aluksne.lv\/index.php\/wp-json\/wp\/v2\/pages"}],"about":[{"href":"https:\/\/aluksne.lv\/index.php\/wp-json\/wp\/v2\/types\/page"}],"author":[{"embeddable":true,"href":"https:\/\/aluksne.lv\/index.php\/wp-json\/wp\/v2\/users\/1"}],"replies":[{"embeddable":true,"href":"https:\/\/aluksne.lv\/index.php\/wp-json\/wp\/v2\/comments?post=399"}],"version-history":[{"count":0,"href":"https:\/\/aluksne.lv\/index.php\/wp-json\/wp\/v2\/pages\/399\/revisions"}],"up":[{"embeddable":true,"href":"https:\/\/aluksne.lv\/index.php\/wp-json\/wp\/v2\/pages\/6"}],"wp:attachment":[{"href":"https:\/\/aluksne.lv\/index.php\/wp-json\/wp\/v2\/media?parent=399"}],"curies":[{"name":"wp","href":"https:\/\/api.w.org\/{rel}","templated":true}]}}