{"id":4,"date":"2015-12-03T11:45:58","date_gmt":"2015-12-03T11:45:58","guid":{"rendered":"http:\/\/aluksne.lv\/jauna\/?page_id=4"},"modified":"2025-08-14T17:03:04","modified_gmt":"2025-08-14T14:03:04","slug":"novads","status":"publish","type":"page","link":"https:\/\/aluksne.lv\/index.php\/novads\/","title":{"rendered":"Novads"},"content":{"rendered":"<p>&nbsp;<\/p>\n<table class=\"hoverTable\">\n<tbody>\n<tr>\n<td width=\"33%\"><a href=\"https:\/\/aluksne.lv\/index.php\/pasvaldiba\/pasvaldibas-apbalvojumi\/\">PA\u0160VALD\u012aBAS APBALVOJUMI<\/a><\/td>\n<td width=\"33%\"><a href=\"index.php\/novads\/novada-simbolika\/\">NOVADA SIMBOLIKA<\/a><\/td>\n<td width=\"33%\"><a href=\"index.php\/novads\/pagasti\/\">PAGASTI<\/a><\/td>\n<\/tr>\n<tr>\n<td width=\"33%\"><a href=\"https:\/\/www.atd.lv\/lv\/sabiedrisko-transportl%C4%ABdzek%C4%BCu-kust%C4%ABba\" target=\"new\" rel=\"noopener noreferrer\">SABIEDRISKAIS TRANSPORTS<\/a><\/td>\n<td width=\"33%\"><a href=\"index.php\/novads\/starptautiska-sadarbiba\/\">STARPTAUTISK\u0100 SADARB\u012aBA<\/a><\/td>\n<\/tr>\n<\/tbody>\n<\/table>\n","protected":false},"excerpt":{"rendered":"<p>&nbsp; PA\u0160VALD\u012aBAS APBALVOJUMI NOVADA SIMBOLIKA PAGASTI SABIEDRISKAIS TRANSPORTS STARPTAUTISK\u0100 SADARB\u012aBA<\/p>\n","protected":false},"author":1,"featured_media":0,"parent":0,"menu_order":0,"comment_status":"closed","ping_status":"closed","template":"","meta":{"_crdt_document":"","_monsterinsights_skip_tracking":false,"_monsterinsights_sitenote_active":false,"_monsterinsights_sitenote_note":"","_monsterinsights_sitenote_category":0,"footnotes":"","_links_to":"","_links_to_target":""},"class_list":["post-4","page","type-page","status-publish","hentry"],"_links":{"self":[{"href":"https:\/\/aluksne.lv\/index.php\/wp-json\/wp\/v2\/pages\/4","targetHints":{"allow":["GET"]}}],"collection":[{"href":"https:\/\/aluksne.lv\/index.php\/wp-json\/wp\/v2\/pages"}],"about":[{"href":"https:\/\/aluksne.lv\/index.php\/wp-json\/wp\/v2\/types\/page"}],"author":[{"embeddable":true,"href":"https:\/\/aluksne.lv\/index.php\/wp-json\/wp\/v2\/users\/1"}],"replies":[{"embeddable":true,"href":"https:\/\/aluksne.lv\/index.php\/wp-json\/wp\/v2\/comments?post=4"}],"version-history":[{"count":0,"href":"https:\/\/aluksne.lv\/index.php\/wp-json\/wp\/v2\/pages\/4\/revisions"}],"wp:attachment":[{"href":"https:\/\/aluksne.lv\/index.php\/wp-json\/wp\/v2\/media?parent=4"}],"curies":[{"name":"wp","href":"https:\/\/api.w.org\/{rel}","templated":true}]}}