{"id":40710,"date":"2023-04-25T16:24:31","date_gmt":"2023-04-25T13:24:31","guid":{"rendered":"https:\/\/aluksne.lv\/?page_id=40710"},"modified":"2025-10-05T14:19:01","modified_gmt":"2025-10-05T11:19:01","slug":"noslegusas-aptaujas","status":"publish","type":"page","link":"https:\/\/aluksne.lv\/index.php\/sabiedriba\/sabiedribas-lidzdaliba\/noslegusas-aptaujas\/","title":{"rendered":"Nosl\u0113gu\u0161as aptaujas"},"content":{"rendered":"<h2><strong>AL\u016aKSNES NOVADA IEDZ\u012aVOT\u0100JU APTAUJA PAR AL\u016aKSNES PILS\u0112TAS PAPLA\u0160IN\u0100\u0160ANU, PIEVIENOJOT TAI ALSVI\u0136U PAGASTA AIZUP\u012a\u0160U CIEMU UN JAUNAL\u016aKSNES PAGASTA KOLBER\u0122A CIEMU<\/strong><\/h2>\n<p><strong>\u00a0<\/strong><\/p>\n<p>Ir nosl\u0113gusies Al\u016bksnes novada iedz\u012bvot\u0101ju aptauja, kur\u0101 respondenti tika aicin\u0101ti izteikt viedokli par iesp\u0113jamu Al\u016bksnes pils\u0113tas teritorijas papla\u0161in\u0101\u0161anu, pievienojot tai Alsvi\u0137u pagasta Aizup\u012b\u0161u ciemu un Jaunal\u016bksnes pagasta Kolber\u0123a ciemu.<\/p>\n<p>Aptauja bija anon\u012bma, nepersonaliz\u0113ta, iesniedzamo atbil\u017eu skaits vienai personai netika ierobe\u017eots.<\/p>\n<p>Aptaujas termi\u0146\u0161 bija no 03.09.2025. l\u012bdz 30.09.2025.<\/p>\n<p>Kopum\u0101 aptauj\u0101 sa\u0146emtas 540 atbildes, taj\u0101 skait\u0101 70 pap\u012bra form\u0101t\u0101 un 470 elektroniski.<\/p>\n<p>L\u016bdzam ar informat\u012bvo zi\u0146ojumu iepaz\u012bties <a href=\"https:\/\/aluksne.lv\/wp-content\/uploads\/2025\/10\/rezultati.docx\">\u0160EIT<\/a>.<\/p>\n<hr \/>\n<h2><strong>AL\u016aKSNES NOVADA IEDZ\u012aVOT\u0100JU APTAUJA PAR\u00a0SOCI\u0100L\u0100 PAKALPOJUMA\u00a0NEPIECIE\u0160AM\u012aBU<\/strong><\/h2>\n<p><strong>\u00a0<br \/>\n<\/strong>Ir nosl\u0113gusies Al\u016bksnes novada pa\u0161vald\u012bbas izsludin\u0101t\u0101 aptauja par soci\u0101l\u0101 pakalpojuma Atelpas br\u012bdis nepiecie\u0161am\u012bbu.<\/p>\n<p>Al\u016bksnes novada iedz\u012bvot\u0101jiem soci\u0101los pakalpojumus nodro\u0161ina Al\u016bksnes novada Soci\u0101lo lietu p\u0101rvalde. Lai uzlabotu soci\u0101lo pakalpojumu pieejam\u012bbu un papla\u0161in\u0101tu iedz\u012bvot\u0101jiem pieejamo pakalpojumu daudzveid\u012bbu, bija \u013coti svar\u012bgi zin\u0101t iedz\u012bvot\u0101ju viedokli.<\/p>\n<p>Aptaujas iesnieg\u0161anas termi\u0146\u0161 bija no 10.09.2025.-25.09.2025.<\/p>\n<p>Kopum\u0101 sa\u0146emtas 22 respondentu atbildes.<\/p>\n<p>L\u016bdzam ar informat\u012bvo zi\u0146ojumu iepaz\u012bties <strong><a href=\"https:\/\/aluksne.lv\/wp-content\/uploads\/2025\/09\/sociala_pakalpojuma_aptauja.docx\">\u0160EIT<\/a><\/strong>.<\/p>\n<hr \/>\n<h2>IDEJU TALKA PAR VEF TERITORIJAS ATT\u012aST\u012aBU<\/h2>\n<p>&nbsp;<\/p>\n<p>Al\u016bksnes novada pa\u0161vald\u012bba 2024. gada maij\u0101 bija izsludin\u0101jusi iedz\u012bvot\u0101ju ideju talku par biju\u0161\u0101s VEF teritorijas att\u012bst\u012bbas priek\u0161likumiem Al\u016bksn\u0113. Kopum\u0101 notika tr\u012bs pa\u0161vald\u012bbas organiz\u0113tas tik\u0161an\u0101s ar konkr\u0113tu m\u0113r\u0137auditoriju p\u0101rst\u0101vjiem, k\u0101 ar\u012b iedz\u012bvot\u0101jiem bija iesp\u0113ja savus priek\u0161likumus izteikt elektronisk\u0101 anket\u0101. Ar priek\u0161likumu apkopojumu ar iepaz\u012bties <a href=\"https:\/\/aluksne.lv\/wp-content\/uploads\/2024\/07\/Diskusija_ieteikumi_apkopojums.docx\">\u0160EIT<\/a>.<\/p>\n<hr \/>\n<h2><strong>APTAUJA PAR ATKRITUMU APSAIMNIEKO\u0160ANU AL\u016aKSNES NOVAD\u0100<\/strong><\/h2>\n<p>&nbsp;<\/p>\n<p>Lai noskaidrotu sabiedr\u012bbas viedokli par l\u012bdz\u0161in\u0113jo atkritumu apsaimnieko\u0161anas sist\u0113mu Al\u016bksnes novad\u0101 un sa\u0146emtu priek\u0161likumus t\u0101s uzlabo\u0161anai n\u0101kotn\u0113, Al\u016bksnes novada pa\u0161vald\u012bba izsludin\u0101ja aptauju, aicinot taj\u0101 piedal\u012bties k\u0101 fizisk\u0101s, t\u0101 ar\u012b juridisk\u0101s personas.<\/p>\n<p>Aptaujas anketas iesnieg\u0161anas termi\u0146\u0161 bija 16.10.2023.-30.10.2023.<\/p>\n<p>Kopum\u0101 aptauj\u0101 sa\u0146emtas 172 respondentu atbildes. Ar informat\u012bvo zi\u0146ojumu l\u016bdzam iepaz\u012bties \u0161eit: <a href=\"https:\/\/aluksne.lv\/wp-content\/uploads\/2023\/11\/atkritumu_aptaujas_rez.docx\">INFORMAT\u012aVAIS ZI\u0145OJUMS<\/a><\/p>\n<hr \/>\n<h2><strong>AL\u016aKSNES NOVADA IEDZ\u012aVOT\u0100JU APTAUJA PAR JAUNU \u012aRES DZ\u012aVOK\u013bU PIEPRAS\u012aJUMU<\/strong><\/h2>\n<p>&nbsp;<\/p>\n<p>Sakar\u0101 ar Al\u016bksnes novada pa\u0161vald\u012bbas ieceri b\u016bv\u0113t \u012bres dz\u012bvok\u013cu m\u0101jas Alsvi\u0137u iel\u0101 2, Al\u016bksn\u0113, pretend\u0113jot uz valsts atbalsta programmas l\u012bdzek\u013ciem, pa\u0161vald\u012bba aicin\u0101ja novada iedz\u012bvot\u0101jus piedal\u012bties aptauj\u0101 par \u012bres dz\u012bvok\u013cu potenci\u0101lo piepras\u012bjumu.<\/p>\n<p>Aptaujas m\u0113r\u0137is bija: noskaidrot iedz\u012bvot\u0101ju interesi par \u012bres dz\u012bvok\u013cu potenci\u0101lo piepras\u012bjumu \u2013 k\u0101das plat\u012bbas dz\u012bvok\u013ciem jaunb\u016bv\u0113jam\u0101s m\u0101j\u0101s iedz\u012bvot\u0101ji potenci\u0101li dotu priek\u0161roku.<\/p>\n<p>Anket\u0101 tika nor\u0101d\u012bta aptuven\u0101 dz\u012bvok\u013cu plat\u012bba, ieskaitot balkonu, un orient\u0113jo\u0161\u0101 \u012bres maksa par vienu kvadr\u0101tmetru \u2013 5 EUR.<\/p>\n<p>Aptaujas norises termi\u0146\u0161 bija no 12.04.2023. l\u012bdz 01.05.2023. Kopum\u0101 aptauj\u0101 sa\u0146emtas 274 respondentu atbildes. Ar informat\u012bvo zi\u0146ojumu l\u016bdzam iepaz\u012bties \u0161eit: <a href=\"https:\/\/aluksne.lv\/wp-content\/uploads\/2023\/05\/rezultati.docx\">INFORMAT\u012aVAIS ZI\u0145OJUMS<\/a><\/p>\n<hr \/>\n<h2>APTAUJA PAR SABIEDR\u012aBAS ATTIEKSMI PAR SP\u0112\u013bU Z\u0100\u013bU DARB\u012aBU AL\u016aKSNES NOVAD\u0100<\/h2>\n<p>&nbsp;<\/p>\n<p>Azartsp\u0113\u013cu un izlo\u017eu likuma m\u0113r\u0137is ir nodro\u0161in\u0101t sabiedr\u012bbas intere\u0161u un sp\u0113l\u0113t\u0101ju ties\u012bbu aizsardz\u012bbu.<\/p>\n<p>Al\u016bksnes novada pa\u0161vald\u012bba, v\u0113loties noskaidrot sabiedr\u012bbas attieksmi par sp\u0113\u013cu z\u0101\u013cu darb\u012bbu Al\u016bksnes novad\u0101 un, lai nodro\u0161in\u0101tu novada iedz\u012bvot\u0101ju l\u012bdzdal\u012bbu \u0161\u012b jaut\u0101juma izlem\u0161an\u0101, aicin\u0101ja iedz\u012bvot\u0101jus izteikt savu viedokli, aizpildot aptaujas anketu.<\/p>\n<p>Aptaujas anketas iesnieg\u0161anas termi\u0146\u0161 bija 11.04.2023.-24.04.2023.\u00a0Kopum\u0101 aptauj\u0101 sa\u0146emtas 623 respondentu atbildes. Ar informat\u012bvo zi\u0146ojumu l\u016bdzam iepaz\u012bties \u0161eit:\u00a0<a href=\"https:\/\/aluksne.lv\/wp-content\/uploads\/2023\/04\/rezultati.docx\">INFORMAT\u012aVAIS ZI\u0145OJUMS<\/a><\/p>\n<p>&nbsp;<\/p>\n<p>&nbsp;<\/p>\n<p>&nbsp;<\/p>\n<p>&nbsp;<\/p>\n","protected":false},"excerpt":{"rendered":"<p>AL\u016aKSNES NOVADA IEDZ\u012aVOT\u0100JU APTAUJA PAR AL\u016aKSNES PILS\u0112TAS PAPLA\u0160IN\u0100\u0160ANU, PIEVIENOJOT TAI ALSVI\u0136U PAGASTA AIZUP\u012a\u0160U CIEMU UN JAUNAL\u016aKSNES PAGASTA KOLBER\u0122A CIEMU \u00a0 Ir nosl\u0113gusies Al\u016bksnes novada iedz\u012bvot\u0101ju aptauja, kur\u0101 respondenti tika aicin\u0101ti izteikt viedokli par iesp\u0113jamu Al\u016bksnes pils\u0113tas teritorijas papla\u0161in\u0101\u0161anu, pievienojot tai&#8230;<br \/><a class=\"read-more-button\" href=\"https:\/\/aluksne.lv\/index.php\/sabiedriba\/sabiedribas-lidzdaliba\/noslegusas-aptaujas\/\">Las\u012bt visu<\/a><\/p>\n","protected":false},"author":1,"featured_media":0,"parent":429,"menu_order":0,"comment_status":"closed","ping_status":"closed","template":"","meta":{"_crdt_document":"","_monsterinsights_skip_tracking":false,"_monsterinsights_sitenote_active":false,"_monsterinsights_sitenote_note":"","_monsterinsights_sitenote_category":0,"footnotes":"","_links_to":"","_links_to_target":""},"class_list":["post-40710","page","type-page","status-publish","hentry"],"_links":{"self":[{"href":"https:\/\/aluksne.lv\/index.php\/wp-json\/wp\/v2\/pages\/40710","targetHints":{"allow":["GET"]}}],"collection":[{"href":"https:\/\/aluksne.lv\/index.php\/wp-json\/wp\/v2\/pages"}],"about":[{"href":"https:\/\/aluksne.lv\/index.php\/wp-json\/wp\/v2\/types\/page"}],"author":[{"embeddable":true,"href":"https:\/\/aluksne.lv\/index.php\/wp-json\/wp\/v2\/users\/1"}],"replies":[{"embeddable":true,"href":"https:\/\/aluksne.lv\/index.php\/wp-json\/wp\/v2\/comments?post=40710"}],"version-history":[{"count":0,"href":"https:\/\/aluksne.lv\/index.php\/wp-json\/wp\/v2\/pages\/40710\/revisions"}],"up":[{"embeddable":true,"href":"https:\/\/aluksne.lv\/index.php\/wp-json\/wp\/v2\/pages\/429"}],"wp:attachment":[{"href":"https:\/\/aluksne.lv\/index.php\/wp-json\/wp\/v2\/media?parent=40710"}],"curies":[{"name":"wp","href":"https:\/\/api.w.org\/{rel}","templated":true}]}}