{"id":40845,"date":"2023-05-02T08:27:51","date_gmt":"2023-05-02T05:27:51","guid":{"rendered":"https:\/\/aluksne.lv\/?page_id=40845"},"modified":"2023-05-02T08:28:19","modified_gmt":"2023-05-02T05:28:19","slug":"kolektivie-iesniegumi","status":"publish","type":"page","link":"https:\/\/aluksne.lv\/index.php\/sabiedriba\/sabiedribas-lidzdaliba\/kolektivie-iesniegumi\/","title":{"rendered":"Kolekt\u012bvie iesniegumi"},"content":{"rendered":"<h2>\u00a0<\/h2>\n<h2><strong><a href=\"https:\/\/aluksne.lv\/wp-content\/uploads\/2023\/05\/kolektivais_iesniegums.pdf\">Par kolekt\u012bv\u0101 iesnieguma \u201cPar dro\u0161u un izgaismotu g\u0101j\u0113ju ce\u013cu gar Al\u016bksnes ezeru\u201d izskat\u012b\u0161anu<\/a> (.pdf)<\/strong><\/h2>\n<p>&nbsp;<\/p>\n","protected":false},"excerpt":{"rendered":"<p>\u00a0 Par kolekt\u012bv\u0101 iesnieguma \u201cPar dro\u0161u un izgaismotu g\u0101j\u0113ju ce\u013cu gar Al\u016bksnes ezeru\u201d izskat\u012b\u0161anu (.pdf) &nbsp;<\/p>\n","protected":false},"author":1,"featured_media":0,"parent":429,"menu_order":0,"comment_status":"closed","ping_status":"closed","template":"","meta":{"_crdt_document":"","_monsterinsights_skip_tracking":false,"_monsterinsights_sitenote_active":false,"_monsterinsights_sitenote_note":"","_monsterinsights_sitenote_category":0,"footnotes":"","_links_to":"","_links_to_target":""},"class_list":["post-40845","page","type-page","status-publish","hentry"],"_links":{"self":[{"href":"https:\/\/aluksne.lv\/index.php\/wp-json\/wp\/v2\/pages\/40845","targetHints":{"allow":["GET"]}}],"collection":[{"href":"https:\/\/aluksne.lv\/index.php\/wp-json\/wp\/v2\/pages"}],"about":[{"href":"https:\/\/aluksne.lv\/index.php\/wp-json\/wp\/v2\/types\/page"}],"author":[{"embeddable":true,"href":"https:\/\/aluksne.lv\/index.php\/wp-json\/wp\/v2\/users\/1"}],"replies":[{"embeddable":true,"href":"https:\/\/aluksne.lv\/index.php\/wp-json\/wp\/v2\/comments?post=40845"}],"version-history":[{"count":0,"href":"https:\/\/aluksne.lv\/index.php\/wp-json\/wp\/v2\/pages\/40845\/revisions"}],"up":[{"embeddable":true,"href":"https:\/\/aluksne.lv\/index.php\/wp-json\/wp\/v2\/pages\/429"}],"wp:attachment":[{"href":"https:\/\/aluksne.lv\/index.php\/wp-json\/wp\/v2\/media?parent=40845"}],"curies":[{"name":"wp","href":"https:\/\/api.w.org\/{rel}","templated":true}]}}