{"id":41016,"date":"2023-05-09T08:14:35","date_gmt":"2023-05-09T05:14:35","guid":{"rendered":"https:\/\/aluksne.lv\/?page_id=41016"},"modified":"2026-01-30T21:37:16","modified_gmt":"2026-01-30T19:37:16","slug":"biezak-uzdotie-jautajumi","status":"publish","type":"page","link":"https:\/\/aluksne.lv\/index.php\/pasvaldiba\/pakalpojumi\/izglitiba\/biezak-uzdotie-jautajumi\/","title":{"rendered":"Bie\u017e\u0101k uzdotie jaut\u0101jumi"},"content":{"rendered":"<div id=\"pl-41016\"  class=\"panel-layout\" ><div id=\"pg-41016-0\"  class=\"panel-grid panel-no-style\" ><div id=\"pgc-41016-0-0\"  class=\"panel-grid-cell\" ><div id=\"panel-41016-0-0-0\" class=\"so-panel widget widget_sow-editor panel-first-child\" data-index=\"0\" ><div\n\t\t\t\n\t\t\tclass=\"so-widget-sow-editor so-widget-sow-editor-base\"\n\t\t\t\n\t\t>\n<div class=\"siteorigin-widget-tinymce textwidget\">\n\t<\/div>\n<\/div><\/div><div id=\"panel-41016-0-0-1\" class=\"so-panel widget widget_sow-accordion panel-last-child\" data-index=\"1\" ><div\n\t\t\t\n\t\t\tclass=\"so-widget-sow-accordion so-widget-sow-accordion-default-9c30e5aa5f9d-41016\"\n\t\t\t\n\t\t><div>\n\t<div class=\"sow-accordion\">\n\t\t\t<div class=\"sow-accordion-panel\n\t\t\t\t\t\"\n\t\t\t\tdata-anchor-id=\"informacija-par-skolenu-uznemsanu\">\n\t\t\t\t\t<div class=\"sow-accordion-panel-header-container\" role=\"heading\" aria-level=\"2\">\n\t\t\t\t\t<div class=\"sow-accordion-panel-header\" tabindex=\"0\" role=\"button\" id=\"accordion-label-inform%c4%81cija-par-skol%c4%93nu-uz%c5%86em%c5%a1anu\" aria-controls=\"accordion-content-inform%c4%81cija-par-skol%c4%93nu-uz%c5%86em%c5%a1anu\" aria-expanded=\"false\">\n\t\t\t\t\t\t<div class=\"sow-accordion-title sow-accordion-title-icon-left\">\n\t\t\t\t\t\t\t\t\t\t\t\t\t\tInform\u0101cija par skol\u0113nu uz\u0146em\u0161anu\t\t\t\t\t\t\t\t\t\t\t\t\t<\/div>\n\t\t\t\t\t\t<div class=\"sow-accordion-open-close-button\">\n\t\t\t\t\t\t\t<div class=\"sow-accordion-open-button\">\n\t\t\t\t\t\t\t\t<span class=\"sow-icon-ionicons\" data-sow-icon=\"&#xf218;\"\n\t\t \n\t\taria-hidden=\"true\"><\/span>\t\t\t\t\t\t\t<\/div>\n\t\t\t\t\t\t\t<div class=\"sow-accordion-close-button\">\n\t\t\t\t\t\t\t\t<span class=\"sow-icon-ionicons\" data-sow-icon=\"&#xf209;\"\n\t\t \n\t\taria-hidden=\"true\"><\/span>\t\t\t\t\t\t\t<\/div>\n\t\t\t\t\t\t<\/div>\n\t\t\t\t\t<\/div>\n\t\t\t\t<\/div>\n\n\t\t\t<div\n\t\t\t\tclass=\"sow-accordion-panel-content\"\n\t\t\t\trole=\"region\"\n\t\t\t\taria-labelledby=\"accordion-label-inform%c4%81cija-par-skol%c4%93nu-uz%c5%86em%c5%a1anu\"\n\t\t\t\tid=\"accordion-content-inform%c4%81cija-par-skol%c4%93nu-uz%c5%86em%c5%a1anu\"\n\t\t\t\tstyle=\"display: none;\"\t\t\t>\n\t\t\t\t<div class=\"sow-accordion-panel-border\">\n\t\t\t\t\t<p>Pamata izgl\u012bt\u012bbu var ieg\u016bt Alekseja Gr\u0101v\u012b\u0161a Liepnas pamatskol\u0101, Ziemeru pamatskola un Ernsta Glika Al\u016bksnes Valsts \u0123imn\u0101zij\u0101, bet vid\u0113jo visp\u0101r\u0113jo izgl\u012bt\u012bbu - Ernsta Glika Al\u016bksnes Valsts \u0123imn\u0101zij\u0101.<\/p>\n<p><strong>Izgl\u012bt\u012bbas iest\u0101\u017eu kontaktinform\u0101cija:<\/strong><br \/>\nAlekseja Gr\u0101v\u012b\u0161a Liepnas pamatskola: t\u0101lrunis 26131191<br \/>\nZiemeru pamatskola: t\u0101lrunis 26630322<br \/>\nErnsta Glika Al\u016bksnes Valsts \u0123imn\u0101zija: t\u0101lru\u0146i 26356444, 26669126.<\/p>\n\t\t\t\t<\/div>\n\t\t\t<\/div>\n\t\t<\/div>\n\t\t\t<div class=\"sow-accordion-panel\n\t\t\t\t\t\"\n\t\t\t\tdata-anchor-id=\"informacija-par-macibam-ernsta-glika-aluksnes-valsts-gimnazija\">\n\t\t\t\t\t<div class=\"sow-accordion-panel-header-container\" role=\"heading\" aria-level=\"2\">\n\t\t\t\t\t<div class=\"sow-accordion-panel-header\" tabindex=\"0\" role=\"button\" id=\"accordion-label-inform%c4%81cija-par-m%c4%81c%c4%abb%c4%81m-ernsta-glika-al%c5%abksnes-valsts-%c4%a3imn%c4%81zij%c4%81\" aria-controls=\"accordion-content-inform%c4%81cija-par-m%c4%81c%c4%abb%c4%81m-ernsta-glika-al%c5%abksnes-valsts-%c4%a3imn%c4%81zij%c4%81\" aria-expanded=\"false\">\n\t\t\t\t\t\t<div class=\"sow-accordion-title sow-accordion-title-icon-left\">\n\t\t\t\t\t\t\t\t\t\t\t\t\t\tInform\u0101cija par m\u0101c\u012bb\u0101m Ernsta Glika Al\u016bksnes Valsts \u0123imn\u0101zij\u0101\t\t\t\t\t\t\t\t\t\t\t\t\t<\/div>\n\t\t\t\t\t\t<div class=\"sow-accordion-open-close-button\">\n\t\t\t\t\t\t\t<div class=\"sow-accordion-open-button\">\n\t\t\t\t\t\t\t\t<span class=\"sow-icon-ionicons\" data-sow-icon=\"&#xf218;\"\n\t\t \n\t\taria-hidden=\"true\"><\/span>\t\t\t\t\t\t\t<\/div>\n\t\t\t\t\t\t\t<div class=\"sow-accordion-close-button\">\n\t\t\t\t\t\t\t\t<span class=\"sow-icon-ionicons\" data-sow-icon=\"&#xf209;\"\n\t\t \n\t\taria-hidden=\"true\"><\/span>\t\t\t\t\t\t\t<\/div>\n\t\t\t\t\t\t<\/div>\n\t\t\t\t\t<\/div>\n\t\t\t\t<\/div>\n\n\t\t\t<div\n\t\t\t\tclass=\"sow-accordion-panel-content\"\n\t\t\t\trole=\"region\"\n\t\t\t\taria-labelledby=\"accordion-label-inform%c4%81cija-par-m%c4%81c%c4%abb%c4%81m-ernsta-glika-al%c5%abksnes-valsts-%c4%a3imn%c4%81zij%c4%81\"\n\t\t\t\tid=\"accordion-content-inform%c4%81cija-par-m%c4%81c%c4%abb%c4%81m-ernsta-glika-al%c5%abksnes-valsts-%c4%a3imn%c4%81zij%c4%81\"\n\t\t\t\tstyle=\"display: none;\"\t\t\t>\n\t\t\t\t<div class=\"sow-accordion-panel-border\">\n\t\t\t\t\t<h3><a href=\"https:\/\/aluksne.lv\/wp-content\/uploads\/2023\/08\/E.Glika-Aluksnes-Valsts-gimnazija.pptx\">Inform\u0101cija par m\u0101c\u012bb\u0101m Ernsta Glika Al\u016bksnes Valsts \u0123imn\u0101zij\u0101<\/a> (.pptx)<\/h3>\n<p>&nbsp;<\/p>\n<p><so-iframe title=\"YouTube video player\" src=\"https:\/\/www.youtube.com\/embed\/I0M94nndXsE\" height=\"550\" frameborder=\"0\" allowfullscreen=\"allowfullscreen\"><\/so-iframe><\/p>\n\t\t\t\t<\/div>\n\t\t\t<\/div>\n\t\t<\/div>\n\t\t\t<div class=\"sow-accordion-panel\n\t\t\t\t\t\"\n\t\t\t\tdata-anchor-id=\"informacija-par-macibam-alekseja-gravisa-liepnas-pamatskola\">\n\t\t\t\t\t<div class=\"sow-accordion-panel-header-container\" role=\"heading\" aria-level=\"2\">\n\t\t\t\t\t<div class=\"sow-accordion-panel-header\" tabindex=\"0\" role=\"button\" id=\"accordion-label-inform%c4%81cija-par-m%c4%81c%c4%abb%c4%81m-alekseja-gr%c4%81v%c4%ab%c5%a1a-liepnas-pamatskol%c4%81\" aria-controls=\"accordion-content-inform%c4%81cija-par-m%c4%81c%c4%abb%c4%81m-alekseja-gr%c4%81v%c4%ab%c5%a1a-liepnas-pamatskol%c4%81\" aria-expanded=\"false\">\n\t\t\t\t\t\t<div class=\"sow-accordion-title sow-accordion-title-icon-left\">\n\t\t\t\t\t\t\t\t\t\t\t\t\t\tInform\u0101cija par m\u0101c\u012bb\u0101m Alekseja Gr\u0101v\u012b\u0161a Liepnas pamatskol\u0101\t\t\t\t\t\t\t\t\t\t\t\t\t<\/div>\n\t\t\t\t\t\t<div class=\"sow-accordion-open-close-button\">\n\t\t\t\t\t\t\t<div class=\"sow-accordion-open-button\">\n\t\t\t\t\t\t\t\t<span class=\"sow-icon-ionicons\" data-sow-icon=\"&#xf218;\"\n\t\t \n\t\taria-hidden=\"true\"><\/span>\t\t\t\t\t\t\t<\/div>\n\t\t\t\t\t\t\t<div class=\"sow-accordion-close-button\">\n\t\t\t\t\t\t\t\t<span class=\"sow-icon-ionicons\" data-sow-icon=\"&#xf209;\"\n\t\t \n\t\taria-hidden=\"true\"><\/span>\t\t\t\t\t\t\t<\/div>\n\t\t\t\t\t\t<\/div>\n\t\t\t\t\t<\/div>\n\t\t\t\t<\/div>\n\n\t\t\t<div\n\t\t\t\tclass=\"sow-accordion-panel-content\"\n\t\t\t\trole=\"region\"\n\t\t\t\taria-labelledby=\"accordion-label-inform%c4%81cija-par-m%c4%81c%c4%abb%c4%81m-alekseja-gr%c4%81v%c4%ab%c5%a1a-liepnas-pamatskol%c4%81\"\n\t\t\t\tid=\"accordion-content-inform%c4%81cija-par-m%c4%81c%c4%abb%c4%81m-alekseja-gr%c4%81v%c4%ab%c5%a1a-liepnas-pamatskol%c4%81\"\n\t\t\t\tstyle=\"display: none;\"\t\t\t>\n\t\t\t\t<div class=\"sow-accordion-panel-border\">\n\t\t\t\t\t<h3>Alekseja Gr\u0101v\u012b\u0161a Liepnas pamatskola uz\u0146em audz\u0113k\u0146us \u0161\u0101d\u0101s izgl\u012bt\u012bbas programm\u0101s:<\/h3>\n<p>&nbsp;<\/p>\n<ul>\n<li>Pirmsskolas izgl\u012bt\u012bbas programma (kods 01011111);<\/li>\n<li>Pamatizgl\u012bt\u012bbas programma (kods 21011111);<\/li>\n<li>Speci\u0101l\u0101s pamatizgl\u012bt\u012bbas programma izgl\u012btojamajiem ar m\u0101c\u012b\u0161an\u0101s trauc\u0113jumiem (kods 21015611);<\/li>\n<li>Speci\u0101l\u0101s pamatizgl\u012bt\u012bbas programma izgl\u012btojamajiem ar gar\u012bg\u0101s att\u012bst\u012bbas trauc\u0113jumiem (kods 21015811).<\/li>\n<\/ul>\n<p>Pieejami intern\u0101ta pakalpojumi, ir iesp\u0113ja darboties intere\u0161u izgl\u012bt\u012bbas programm\u0101s (sports, vizu\u0101l\u0101 m\u0101ksla, ansamblis, te\u0101tra pulci\u0146\u0161, logoritmika, dabas skoli\u0146a, ritmika, tautisk\u0101s dejas).<\/p>\n<p>Dokumentus pie\u0146em katru darba dienu no 8.00 l\u012bdz 14.00.<\/p>\n<p>Telefons sazi\u0146ai 26131191.<\/p>\n\t\t\t\t<\/div>\n\t\t\t<\/div>\n\t\t<\/div>\n\t\t\t<div class=\"sow-accordion-panel\n\t\t\t\t\t\"\n\t\t\t\tdata-anchor-id=\"informacija-par-macibam-ziemeru-pamatskola\">\n\t\t\t\t\t<div class=\"sow-accordion-panel-header-container\" role=\"heading\" aria-level=\"2\">\n\t\t\t\t\t<div class=\"sow-accordion-panel-header\" tabindex=\"0\" role=\"button\" id=\"accordion-label-inform%c4%81cija-par-m%c4%81c%c4%abb%c4%81m-ziemeru-pamatskol%c4%81\" aria-controls=\"accordion-content-inform%c4%81cija-par-m%c4%81c%c4%abb%c4%81m-ziemeru-pamatskol%c4%81\" aria-expanded=\"false\">\n\t\t\t\t\t\t<div class=\"sow-accordion-title sow-accordion-title-icon-left\">\n\t\t\t\t\t\t\t\t\t\t\t\t\t\tInform\u0101cija par m\u0101c\u012bb\u0101m Ziemeru pamatskol\u0101\t\t\t\t\t\t\t\t\t\t\t\t\t<\/div>\n\t\t\t\t\t\t<div class=\"sow-accordion-open-close-button\">\n\t\t\t\t\t\t\t<div class=\"sow-accordion-open-button\">\n\t\t\t\t\t\t\t\t<span class=\"sow-icon-ionicons\" data-sow-icon=\"&#xf218;\"\n\t\t \n\t\taria-hidden=\"true\"><\/span>\t\t\t\t\t\t\t<\/div>\n\t\t\t\t\t\t\t<div class=\"sow-accordion-close-button\">\n\t\t\t\t\t\t\t\t<span class=\"sow-icon-ionicons\" data-sow-icon=\"&#xf209;\"\n\t\t \n\t\taria-hidden=\"true\"><\/span>\t\t\t\t\t\t\t<\/div>\n\t\t\t\t\t\t<\/div>\n\t\t\t\t\t<\/div>\n\t\t\t\t<\/div>\n\n\t\t\t<div\n\t\t\t\tclass=\"sow-accordion-panel-content\"\n\t\t\t\trole=\"region\"\n\t\t\t\taria-labelledby=\"accordion-label-inform%c4%81cija-par-m%c4%81c%c4%abb%c4%81m-ziemeru-pamatskol%c4%81\"\n\t\t\t\tid=\"accordion-content-inform%c4%81cija-par-m%c4%81c%c4%abb%c4%81m-ziemeru-pamatskol%c4%81\"\n\t\t\t\tstyle=\"display: none;\"\t\t\t>\n\t\t\t\t<div class=\"sow-accordion-panel-border\">\n\t\t\t\t\t<h3>Ziemeru pamatskola 2024.\/2025. m\u0101c\u012bbu gad\u0101 sav\u0101 saim\u0113 uz\u0146em audz\u0113k\u0146us:<\/h3>\n<p>&nbsp;<\/p>\n<p>* pirmsskolas izgl\u012bt\u012bbas programm\u0101 (programmas kods 01011111) no 1,5 gadu vecuma;<\/p>\n<p>* speci\u0101l\u0101s pirmsskolas izgl\u012bt\u012bbas programm\u0101 izgl\u012btojamajiem ar jauktiem att\u012bst\u012bbas trauc\u0113jumiem (programmas kods 01015611);<\/p>\n<p>* pamatizgl\u012bt\u012bbas programm\u0101 (programmas kods 21011111);<\/p>\n<p>* speci\u0101l\u0101s pamatizgl\u012bt\u012bbas programm\u0101 izgl\u012btojamajiem ar m\u0101c\u012b\u0161an\u0101s trauc\u0113jumiem (programmas kods 21015611);<\/p>\n<p>* speci\u0101l\u0101s pamatizgl\u012bt\u012bbas programm\u0101 izgl\u012btojamajiem ar gar\u012bg\u0101s att\u012bst\u012bbas trauc\u0113jumiem (programmas kods 21015811);<\/p>\n<p>* speci\u0101l\u0101s pamatizgl\u012bt\u012bbas programm\u0101 izgl\u012btojamajiem ar smagiem gar\u012bg\u0101s att\u012bst\u012bbas trauc\u0113jumiem vai vair\u0101kiem smagiem att\u012bst\u012bbas trauc\u0113jumiem (programmas kods 21015911).<\/p>\n<p>Skol\u0101 darbojas intere\u0161u izgl\u012bt\u012bbas pulci\u0146i (tautas deju kolekt\u012bvs \u201eVaidavi\u0146a\u201d, sporta pulci\u0146i, folkloras kopa \u201eDr\u012bveldre\u0137i\u201d), 1.-3.klases skol\u0113niem \u2013 pagarin\u0101t\u0101s dienas grupa.<\/p>\n<p>Ja interes\u0113 m\u0101c\u012bbas Ziemeru pamatskol\u0101, l\u016bdzam zvan\u012bt uz t\u0101lru\u0146u numuriem: 26630322, 26191325.<\/p>\n\t\t\t\t<\/div>\n\t\t\t<\/div>\n\t\t<\/div>\n\t\t\t<div class=\"sow-accordion-panel\n\t\t\t\t\t\"\n\t\t\t\tdata-anchor-id=\"informacija-par-izglitojamo-parvadajumiem-brauksanas-maksas-atvieglojumiem-un-izdevumu-kompensacijas-kartibu-aluksnes-novada\">\n\t\t\t\t\t<div class=\"sow-accordion-panel-header-container\" role=\"heading\" aria-level=\"2\">\n\t\t\t\t\t<div class=\"sow-accordion-panel-header\" tabindex=\"0\" role=\"button\" id=\"accordion-label-inform%c4%81cija-par-izgl%c4%abtojamo-p%c4%81rvad%c4%81jumiem-brauk%c5%a1anas-maksas-atvieglojumiem-un-izdevumu-kompens%c4%81cijas-k%c4%81rt%c4%abbu-al%c5%abksnes-novad%c4%81\" aria-controls=\"accordion-content-inform%c4%81cija-par-izgl%c4%abtojamo-p%c4%81rvad%c4%81jumiem-brauk%c5%a1anas-maksas-atvieglojumiem-un-izdevumu-kompens%c4%81cijas-k%c4%81rt%c4%abbu-al%c5%abksnes-novad%c4%81\" aria-expanded=\"false\">\n\t\t\t\t\t\t<div class=\"sow-accordion-title sow-accordion-title-icon-left\">\n\t\t\t\t\t\t\t\t\t\t\t\t\t\tInform\u0101cija par izgl\u012btojamo p\u0101rvad\u0101jumiem, brauk\u0161anas maksas atvieglojumiem un izdevumu kompens\u0101cijas k\u0101rt\u012bbu Al\u016bksnes novad\u0101\t\t\t\t\t\t\t\t\t\t\t\t\t<\/div>\n\t\t\t\t\t\t<div class=\"sow-accordion-open-close-button\">\n\t\t\t\t\t\t\t<div class=\"sow-accordion-open-button\">\n\t\t\t\t\t\t\t\t<span class=\"sow-icon-ionicons\" data-sow-icon=\"&#xf218;\"\n\t\t \n\t\taria-hidden=\"true\"><\/span>\t\t\t\t\t\t\t<\/div>\n\t\t\t\t\t\t\t<div class=\"sow-accordion-close-button\">\n\t\t\t\t\t\t\t\t<span class=\"sow-icon-ionicons\" data-sow-icon=\"&#xf209;\"\n\t\t \n\t\taria-hidden=\"true\"><\/span>\t\t\t\t\t\t\t<\/div>\n\t\t\t\t\t\t<\/div>\n\t\t\t\t\t<\/div>\n\t\t\t\t<\/div>\n\n\t\t\t<div\n\t\t\t\tclass=\"sow-accordion-panel-content\"\n\t\t\t\trole=\"region\"\n\t\t\t\taria-labelledby=\"accordion-label-inform%c4%81cija-par-izgl%c4%abtojamo-p%c4%81rvad%c4%81jumiem-brauk%c5%a1anas-maksas-atvieglojumiem-un-izdevumu-kompens%c4%81cijas-k%c4%81rt%c4%abbu-al%c5%abksnes-novad%c4%81\"\n\t\t\t\tid=\"accordion-content-inform%c4%81cija-par-izgl%c4%abtojamo-p%c4%81rvad%c4%81jumiem-brauk%c5%a1anas-maksas-atvieglojumiem-un-izdevumu-kompens%c4%81cijas-k%c4%81rt%c4%abbu-al%c5%abksnes-novad%c4%81\"\n\t\t\t\tstyle=\"display: none;\"\t\t\t>\n\t\t\t\t<div class=\"sow-accordion-panel-border\">\n\t\t\t\t\t<h2><a href=\"https:\/\/www.vestnesis.lv\/op\/2023\/106.20\" target=\"_blank\" rel=\"noopener\">Inform\u0101cija pieejama \u0161eit<\/a><\/h2>\n\t\t\t\t<\/div>\n\t\t\t<\/div>\n\t\t<\/div>\n\t\t<\/div>\n<\/div>\n<\/div><\/div><\/div><\/div><\/div>","protected":false},"excerpt":{"rendered":"<p>Inform\u0101cija par skol\u0113nu uz\u0146em\u0161anu Pamata izgl\u012bt\u012bbu var ieg\u016bt Alekseja Gr\u0101v\u012b\u0161a Liepnas pamatskol\u0101, Ziemeru pamatskola un Ernsta Glika Al\u016bksnes Valsts \u0123imn\u0101zij\u0101, bet vid\u0113jo visp\u0101r\u0113jo izgl\u012bt\u012bbu &#8211; Ernsta Glika Al\u016bksnes Valsts \u0123imn\u0101zij\u0101. Izgl\u012bt\u012bbas iest\u0101\u017eu kontaktinform\u0101cija: Alekseja Gr\u0101v\u012b\u0161a Liepnas pamatskola: t\u0101lrunis 26131191 Ziemeru&#8230;<br \/><a class=\"read-more-button\" href=\"https:\/\/aluksne.lv\/index.php\/pasvaldiba\/pakalpojumi\/izglitiba\/biezak-uzdotie-jautajumi\/\">Las\u012bt visu<\/a><\/p>\n","protected":false},"author":1,"featured_media":0,"parent":4239,"menu_order":0,"comment_status":"closed","ping_status":"closed","template":"","meta":{"_crdt_document":"","_monsterinsights_skip_tracking":false,"_monsterinsights_sitenote_active":false,"_monsterinsights_sitenote_note":"","_monsterinsights_sitenote_category":0,"footnotes":"","_links_to":"","_links_to_target":""},"class_list":["post-41016","page","type-page","status-publish","hentry"],"_links":{"self":[{"href":"https:\/\/aluksne.lv\/index.php\/wp-json\/wp\/v2\/pages\/41016","targetHints":{"allow":["GET"]}}],"collection":[{"href":"https:\/\/aluksne.lv\/index.php\/wp-json\/wp\/v2\/pages"}],"about":[{"href":"https:\/\/aluksne.lv\/index.php\/wp-json\/wp\/v2\/types\/page"}],"author":[{"embeddable":true,"href":"https:\/\/aluksne.lv\/index.php\/wp-json\/wp\/v2\/users\/1"}],"replies":[{"embeddable":true,"href":"https:\/\/aluksne.lv\/index.php\/wp-json\/wp\/v2\/comments?post=41016"}],"version-history":[{"count":2,"href":"https:\/\/aluksne.lv\/index.php\/wp-json\/wp\/v2\/pages\/41016\/revisions"}],"predecessor-version":[{"id":60337,"href":"https:\/\/aluksne.lv\/index.php\/wp-json\/wp\/v2\/pages\/41016\/revisions\/60337"}],"up":[{"embeddable":true,"href":"https:\/\/aluksne.lv\/index.php\/wp-json\/wp\/v2\/pages\/4239"}],"wp:attachment":[{"href":"https:\/\/aluksne.lv\/index.php\/wp-json\/wp\/v2\/media?parent=41016"}],"curies":[{"name":"wp","href":"https:\/\/api.w.org\/{rel}","templated":true}]}}