{"id":419,"date":"2016-03-15T06:55:42","date_gmt":"2016-03-15T06:55:42","guid":{"rendered":"http:\/\/aluksne.lv\/jauna1\/?page_id=419"},"modified":"2026-01-19T15:29:28","modified_gmt":"2026-01-19T13:29:28","slug":"organizacijas","status":"publish","type":"page","link":"https:\/\/aluksne.lv\/index.php\/sabiedriba\/organizacijas\/","title":{"rendered":"Organiz\u0101cijas"},"content":{"rendered":"<p>&nbsp;<\/p>\n<p><strong class=\"blue_edit\">Al\u016bksnes un Apes Novada fonds<\/strong><\/p>\n<p><strong>Adrese:<\/strong> D\u0101rza iela 8, Al\u016bksne, Al\u016bksnes novads LV-4301<br \/>\n<strong>T\u0101lru\u0146i: <\/strong>64322236, 28642250<br \/>\n<strong>Fakss:<\/strong> 64321132<br \/>\n<strong>E-pasts:<\/strong> <span class=\"blue_edit\">aluksnesapesfonds@gmail.com<\/span><br \/>\n<strong>M\u0101jas lapa:<\/strong> <a href=\"http:\/\/www.aluksnesfonds.lv\/\">www.aluksnesfonds.lv<\/a><\/p>\n<p><strong><br \/>\n<\/strong>Dibin\u0101ts 2005. gada 25. apr\u012bl\u012b. Fondam ir sabiedrisk\u0101 labuma organiz\u0101cijas statuss darb\u012bbas veidos labdar\u012bba un pilsoniskas sabiedr\u012bbas att\u012bst\u012bba.<br \/>\nM\u0113r\u0137is &#8211; veicin\u0101t labdar\u012bbas att\u012bst\u012bbu Al\u016bksnes un Apes novad\u0101, atbalstot sabiedr\u012bbas iniciat\u012bvas un iesaistot visas iedz\u012bvot\u0101ju grupas, lai risin\u0101tu viet\u0113j\u0101s kopienas probl\u0113mas.<\/p>\n<p>Darb\u012bbas virzieni<br \/>\n<img loading=\"lazy\" decoding=\"async\" src=\"http:\/\/aluksne.lv\/data\/s_pic\/aplis.gif\" alt=\"\" width=\"9\" height=\"12\" \/> Piesaist\u012bt l\u012bdzek\u013cus no priv\u0101tperson\u0101m un uz\u0146\u0113mumiem, lai finans\u0113tu viet\u0113jos projektus<br \/>\n<img loading=\"lazy\" decoding=\"async\" src=\"http:\/\/aluksne.lv\/data\/s_pic\/aplis.gif\" alt=\"\" width=\"9\" height=\"12\" \/> Inform\u0113t un izgl\u012btot sabiedr\u012bbu par labdar\u012bbas noz\u012bmi viet\u0113j\u0101s kopienas att\u012bst\u012bb\u0101<br \/>\n<img loading=\"lazy\" decoding=\"async\" src=\"http:\/\/aluksne.lv\/data\/s_pic\/aplis.gif\" alt=\"\" width=\"9\" height=\"12\" \/> P\u0113t\u012bt Al\u016bksnes un Apes novada labdar\u012bbas trad\u012bcijas<br \/>\n<img loading=\"lazy\" decoding=\"async\" src=\"http:\/\/aluksne.lv\/data\/s_pic\/aplis.gif\" alt=\"\" width=\"9\" height=\"12\" \/> Veicin\u0101t br\u012bvpr\u0101t\u012bgo kust\u012bbu labdar\u012bbas att\u012bst\u012bbas procesos<\/p>\n<p><strong class=\"blue_edit\">Biedr\u012bba \u201eAl\u016bksnes nevalstisko organiz\u0101ciju atbalsta centrs\u201d<\/strong><\/p>\n<p><strong>Adrese:<\/strong> D\u0101rza iela 8 , Al\u016bksne, Al\u016bksnes novads LV-4301<\/p>\n<p><strong>T\u0101lru\u0146i:<\/strong> 64322236, 26185282<br \/>\n<strong>Fakss: <\/strong>64321132<br \/>\n<strong>E-pasts:<\/strong> <span class=\"blue_edit\">nvo_al@inbox.lv<\/span><\/p>\n<p>No 1998.gada 31.janv\u0101ra Al\u016bksn\u0113 darbojas \u201eAl\u016bksnes nevalstisko organiz\u0101ciju atbalsta centrs\u201d. Organiz\u0101cijas m\u0113r\u0137is ir veicin\u0101t iedz\u012bvot\u0101ju iniciat\u012bvas, sniedzot informat\u012bvo un konsultat\u012bvo atbalstu re\u0123iona NVO, rosin\u0101t integr\u0101cijas procesus un aktiviz\u0113t br\u012bvpr\u0101t\u012bgo kust\u012bbu, k\u0101 ar\u012b veicin\u0101t sadarb\u012bbu ar pa\u0161vald\u012bb\u0101m, valsts iest\u0101d\u0113m un priv\u0101to sektoru.<\/p>\n<div id=\"center\"><strong>Al\u016bksnes NVO atbalsta centr\u0101 re\u0123istr\u0113t\u0101s nevalstisk\u0101s organiz\u0101cijas<\/strong><\/div>\n<p>(Al\u016bksnes NVO atbalsta centra dati)<\/p>\n<p>Ja nepiecie\u0161ams main\u012bt inform\u0101ciju par organiz\u0101ciju, l\u016bdzam s\u016bt\u012bt e-pastu uz: <span class=\"blue_edit\">evita.aploka@aluksne.lv<\/span><\/p>\n<table style=\"width: 100.074%;\" width=\"1243\">\n<tbody>\n<tr>\n<td style=\"width: 17.145%;\" width=\"210\">Organiz\u0101cijas nosaukums<\/td>\n<td style=\"width: 10.6727%;\" width=\"170\">Vad\u012bt\u0101js\/kontaktpersona<\/td>\n<td style=\"width: 9.85983%;\" width=\"196\">T\u0101lrunis<\/td>\n<td style=\"width: 13.9923%;\" width=\"282\">E-pasts<\/td>\n<td style=\"width: 48.1831%;\" width=\"385\">Darb\u012bbas veids<\/td>\n<\/tr>\n<tr>\n<td style=\"width: 17.145%;\" width=\"210\">Biedr\u012bba \u201eAl\u016bksnes pils\u0113tas rite\u0146brauk\u0161anas klubs \u201cVelo\u201d\u201d<\/td>\n<td style=\"width: 10.6727%;\" width=\"170\">\u00a0<\/td>\n<td style=\"width: 9.85983%;\" width=\"196\">\u00a0<\/td>\n<td style=\"width: 13.9923%;\" width=\"282\">\u00a0<\/td>\n<td style=\"width: 48.1831%;\" width=\"385\">Att\u012bst\u012bt un populariz\u0113t rite\u0146brauk\u0161anas trad\u012bcijas, populariz\u0113t un veicin\u0101t akt\u012bvu dz\u012bves veidu.<\/td>\n<\/tr>\n<tr>\n<td style=\"width: 17.145%;\" width=\"210\">Al\u016bksnes pils\u0113tas pension\u0101ru Biedr\u012bba \u201cSUDRABS\u201d<\/td>\n<td style=\"width: 10.6727%;\" width=\"170\">Gita Tortuze<\/td>\n<td style=\"width: 9.85983%;\" width=\"196\">20222012<\/td>\n<td style=\"width: 13.9923%;\" width=\"282\">biedriba.sudrabs@inbox.lv<\/td>\n<td style=\"width: 48.1831%;\" width=\"385\">Al\u016bksnes pils\u0113tas pension\u0101ru soci\u0101lo un ekonomisko ties\u012bbu p\u0101rst\u0101v\u0113\u0161ana valsts un pa\u0161vald\u012bbas iest\u0101d\u0113s, komercsabiedr\u012bb\u0101s, vi\u0146u gar\u012bg\u0101s un materi\u0101l\u0101s labkl\u0101j\u012bbas veicin\u0101\u0161ana, iesaist\u012b\u0161ana akt\u012bvos sabiedr\u012bbas procesos.<\/td>\n<\/tr>\n<tr>\n<td style=\"width: 17.145%;\" width=\"210\">Biedr\u012bba \u201c\u016adens motosporta klubs NordOst\u201d<\/td>\n<td style=\"width: 10.6727%;\" width=\"170\">Armands Musts<\/td>\n<td style=\"width: 9.85983%;\" width=\"196\">26321210<\/td>\n<td style=\"width: 13.9923%;\" width=\"282\">nordost2005@inbox.lv<\/td>\n<td style=\"width: 48.1831%;\" width=\"385\">Organiz\u0113 \u016bdens sporta sacens\u012bbas, iesaista sav\u0101 sast\u0101v\u0101 \u016bdens sporta atbalst\u012bt\u0101jus, r\u016bp\u0113jas par \u016bdens sporta v\u0113stures izp\u0113ti un public\u0113\u0161anu, organiz\u0113 \u016bdens motosporta sportistu, meh\u0101ni\u0137u, treneru un tiesne\u0161u sagatavo\u0161anu, organiz\u0113 un veic b\u0113rnu un<br \/>\njaunie\u0161u apm\u0101c\u012bbu par dro\u0161u atra\u0161anos uz \u016bdens.\u00a0<\/td>\n<\/tr>\n<tr>\n<td style=\"width: 17.145%;\" width=\"210\">Lauvu klubs \u201eAl\u016bksne\u201d<\/td>\n<td style=\"width: 10.6727%;\" width=\"170\">Ivars Vec\u0101ns<\/td>\n<td style=\"width: 9.85983%;\" width=\"196\">29474314<\/td>\n<td style=\"width: 13.9923%;\" width=\"282\">ivarsvecans@inbox.lv<\/td>\n<td style=\"width: 48.1831%;\" width=\"385\">Rad\u012bt un veicin\u0101t sapra\u0161an\u0101s garu tautu vid\u016b, organiz\u0113t sporta, kult\u016bras pas\u0101kumus, akt\u012bvi interes\u0113ties par sabiedr\u012bbas pilsonisko, kultur\u0101lo, soci\u0101lo, mor\u0101lo labkl\u0101j\u012bbu, veicin\u0101t t\u0101s att\u012bst\u012bbu.<\/td>\n<\/tr>\n<tr>\n<td style=\"width: 17.145%;\" width=\"210\">Latvijas Multipl\u0101s sklerozes asoci\u0101cijas Al\u016bksnes noda\u013ca<\/td>\n<td style=\"width: 10.6727%;\" width=\"170\">Didzis Aps\u012btis<\/td>\n<td style=\"width: 9.85983%;\" width=\"196\">\u00a026427120<\/td>\n<td style=\"width: 13.9923%;\" width=\"282\">apsuks@inbox.lv<\/td>\n<td style=\"width: 48.1831%;\" width=\"385\">Apvienot multipl\u0101s skleroze slimniekus un personas, kas v\u0113las pal\u012bdz\u0113t multipl\u0101s sklerozes slimniekiem.<\/td>\n<\/tr>\n<tr>\n<td style=\"width: 17.145%;\" width=\"210\">Biedr\u012bba \u201eGaisi\u0146\u0161\u201d<\/td>\n<td style=\"width: 10.6727%;\" width=\"170\">\u00a0<\/td>\n<td style=\"width: 9.85983%;\" width=\"196\">29125180 <br \/>\n29360500<\/td>\n<td style=\"width: 13.9923%;\" width=\"282\">gaisins@apollo.lv<\/td>\n<td style=\"width: 48.1831%;\" width=\"385\">Veicin\u0101t atv\u0113rtas, integr\u0113tas un demokr\u0101tiskas sabiedr\u012bbas veido\u0161an\u0101s procesus un rosin\u0101t sabiedr\u012bbas interesi par zin\u0101\u0161anu apriti un pieejam\u012bbu, izmantojot inform\u0101cijas apmai\u0146as t\u012bklus.<\/td>\n<\/tr>\n<tr>\n<td style=\"width: 17.145%;\" width=\"210\">Biedr\u012bba \u201eKult\u016bras un izgl\u012bt\u012bbas centrs \u201eStili\u201d<\/td>\n<td style=\"width: 10.6727%;\" width=\"170\">Lolita Vanaga<\/td>\n<td style=\"width: 9.85983%;\" width=\"196\">29412438<\/td>\n<td style=\"width: 13.9923%;\" width=\"282\">lolita_v@inbox.lv<\/td>\n<td style=\"width: 48.1831%;\" width=\"385\">Aktiviz\u0113t b\u0113rnu, jaunie\u0161u, pieaugu\u0161o iesaist\u012b\u0161anos tautas trad\u012bciju izkop\u0161an\u0101 un veidot m\u016bsdien\u012bgu vidi re\u0123iona kult\u016br\u0101 un izgl\u012bt\u012bb\u0101.<\/td>\n<\/tr>\n<tr>\n<td style=\"width: 17.145%;\" width=\"210\">Biedr\u012bba \u201eUlda Sedlenieka Al\u016bksnes Tautas te\u0101tris \u201eSlieksnis\u201d\u201d<\/td>\n<td style=\"width: 10.6727%;\" width=\"170\">Daiga B\u0113tere<\/td>\n<td style=\"width: 9.85983%;\" width=\"196\">37129101657<\/td>\n<td style=\"width: 13.9923%;\" width=\"282\">daiga_teatris@inbox.lv<\/td>\n<td style=\"width: 48.1831%;\" width=\"385\">R\u012bkot bezatl\u012bdz\u012bbas te\u0101tra, dzejas izr\u0101des, uzvedumus, teatraliz\u0113tus las\u012bjumus un pas\u0101kumu vad\u012b\u0161anu sabiedr\u012bbas, it \u012bpa\u0161i tr\u016bc\u012bgo un soci\u0101li mazaizsarg\u0101to personu grupu izgl\u012bt\u012bbas un kult\u016bras cel\u0161an\u0101.\u00a0<\/td>\n<\/tr>\n<tr>\n<td style=\"width: 17.145%;\" width=\"210\">\u201eSoci\u0101l\u0101s pal\u012bdz\u012bbas atbalsts Al\u016bksnei\u201d<\/td>\n<td style=\"width: 10.6727%;\" width=\"170\">\u00a0<\/td>\n<td style=\"width: 9.85983%;\" width=\"196\">26221003<\/td>\n<td style=\"width: 13.9923%;\" width=\"282\">\u00a0<\/td>\n<td style=\"width: 48.1831%;\" width=\"385\">Veicin\u0101t un atbalst\u012bt soci\u0101l\u0101s pal\u012bdz\u012bbas att\u012bst\u012bbu.<\/td>\n<\/tr>\n<tr>\n<td style=\"width: 17.145%;\" width=\"210\">Latvijas Bibliotek\u0101ru biedr\u012bbas Vidzemes noda\u013cas Al\u016bksnes grupa<\/td>\n<td style=\"width: 10.6727%;\" width=\"170\">\u00a0<\/td>\n<td style=\"width: 9.85983%;\" width=\"196\">64322197<\/td>\n<td style=\"width: 13.9923%;\" width=\"282\">ineselei@inbox.lv<\/td>\n<td style=\"width: 48.1831%;\" width=\"385\">Bibliotek\u0101ra \u0113tika, bibliot\u0113ku komplekt\u0113\u0161ana m\u016bsdienu apst\u0101k\u013cos.<\/td>\n<\/tr>\n<tr>\n<td style=\"width: 17.145%;\" width=\"210\">Latvijas m\u016bzikas izgl\u012bt\u012bbas iest\u0101\u017eu asoci\u0101cija<\/td>\n<td style=\"width: 10.6727%;\" width=\"170\">M\u0101rti\u0146\u0161 Bergs<\/td>\n<td style=\"width: 9.85983%;\" width=\"196\">26194675<\/td>\n<td style=\"width: 13.9923%;\" width=\"282\">martinsbergs@gmail.com<\/td>\n<td style=\"width: 48.1831%;\" width=\"385\">Veicin\u0101t valsts, pa\u0161vald\u012bbu un sabiedr\u012bbas atbalstu m\u016bzikas izgl\u012bt\u012bbai.<\/td>\n<\/tr>\n<tr>\n<td style=\"width: 17.145%;\" width=\"210\">Al\u016bksnes rajona b\u0113rnu, jaunie\u0161u ar \u012bpa\u0161\u0101m vajadz\u012bb\u0101m atbalsta centrs \u201eSaulstari\u0146i\u201d<\/td>\n<td style=\"width: 10.6727%;\" width=\"170\">M\u0101ra Podkalne<\/td>\n<td style=\"width: 9.85983%;\" width=\"196\">\u00a0<\/td>\n<td style=\"width: 13.9923%;\" width=\"282\">saulstarini@aluksne.lv<\/td>\n<td style=\"width: 48.1831%;\" width=\"385\">Veicin\u0101t un atbalst\u012bt b\u0113rnu un jaunie\u0161u inval\u012bdu att\u012bst\u012bbu, integr\u0113\u0161anu sabiedr\u012bb\u0101<\/td>\n<\/tr>\n<tr>\n<td style=\"width: 17.145%;\" width=\"210\">Sporta biedr\u012bba \u201eAl\u016bksnes vieglatl\u0113tikas un bobsleja atbalsta klubs\u201d<\/td>\n<td style=\"width: 10.6727%;\" width=\"170\">\u00a0<\/td>\n<td style=\"width: 9.85983%;\" width=\"196\">26595437<\/td>\n<td style=\"width: 13.9923%;\" width=\"282\">sandra68@inbox.lv<\/td>\n<td style=\"width: 48.1831%;\" width=\"385\">Saglab\u0101t vieglatl\u0113tikas trad\u012bcijas un veicin\u0101t t\u0101s turpm\u0101ko att\u012bst\u012bbu Al\u016bksn\u0113.<\/td>\n<\/tr>\n<tr>\n<td style=\"width: 17.145%;\" width=\"210\">Al\u016bksnes Inval\u012bdu biedr\u012bba<\/td>\n<td style=\"width: 10.6727%;\" width=\"170\">Solvita Rateniece<\/td>\n<td style=\"width: 9.85983%;\" width=\"196\">\u00a028324273<\/td>\n<td style=\"width: 13.9923%;\" width=\"282\">aluksnes_rib@inbox.lv<\/td>\n<td style=\"width: 48.1831%;\" width=\"385\">Vesel\u012bbas veicin\u0101\u0161ana, pilsonisk\u0101 l\u012bdzdal\u012bba, soci\u0101l\u0101 integr\u0101cija<\/td>\n<\/tr>\n<tr>\n<td style=\"width: 17.145%;\" width=\"210\">Biedr\u012bba \u201eSporta klubs Kurbads\u201d<\/td>\n<td style=\"width: 10.6727%;\" width=\"170\">Aivars M\u0101lnieks<\/td>\n<td style=\"width: 9.85983%;\" width=\"196\">26499162<\/td>\n<td style=\"width: 13.9923%;\" width=\"282\">amalnieks@hotmail.com\u00a0<\/td>\n<td style=\"width: 48.1831%;\" width=\"385\">Apvienot visas ieinteres\u0113t\u0101s personas sporta un vesel\u012bbas att\u012bst\u012bbas nostiprin\u0101\u0161an\u0101, veicin\u0101t d\u017eudo un citu austrumu c\u012b\u0146u sporta att\u012bst\u012bbu<\/td>\n<\/tr>\n<tr>\n<td style=\"width: 17.145%;\" width=\"210\">Daugavas Vanagi Latvij\u0101 Al\u016bksnes noda\u013ca<\/td>\n<td style=\"width: 10.6727%;\" width=\"170\">\u00a0<\/td>\n<td style=\"width: 9.85983%;\" width=\"196\">64323553<\/td>\n<td style=\"width: 13.9923%;\" width=\"282\">\u00a0<\/td>\n<td style=\"width: 48.1831%;\" width=\"385\">Pulc\u0113t un apvienot latvie\u0161us tautas kop\u012bbas saglab\u0101\u0161anai. Aizst\u0101v\u0113t nacion\u0101l\u0101s intereses, veicin\u0101t tautas labkl\u0101j\u012bbas cel\u0161anu un iek\u013cau\u0161anos Eiropas Savien\u012bb\u0101.<\/td>\n<\/tr>\n<tr>\n<td style=\"width: 17.145%;\" width=\"210\">Astmas un aler\u0123ijas biedr\u012bba Al\u016bksnes noda\u013ca (LAAB)<\/td>\n<td style=\"width: 10.6727%;\" width=\"170\">Jautra Tatjana Po\u013caka<\/td>\n<td style=\"width: 9.85983%;\" width=\"196\">26443548<\/td>\n<td style=\"width: 13.9923%;\" width=\"282\">\u00a0<\/td>\n<td style=\"width: 48.1831%;\" width=\"385\">Izgl\u012bt\u012bba, vesel\u012bbas veicin\u0101\u0161ana, pieredzes apmai\u0146a<\/td>\n<\/tr>\n<tr>\n<td style=\"width: 17.145%;\" width=\"210\">Al\u016bksnes un Apes Novada fonds<\/td>\n<td style=\"width: 10.6727%;\" width=\"170\">Dzintra Zvejniece<\/td>\n<td style=\"width: 9.85983%;\" width=\"196\">28642250<\/td>\n<td style=\"width: 13.9923%;\" width=\"282\">aluksnesapesfonds@gmail.com<\/td>\n<td style=\"width: 48.1831%;\" width=\"385\">Labdar\u012bba, soci\u0101l\u0101 aizsardz\u012bba, br\u012bvpr\u0101t\u012bg\u0101 darba veicin\u0101\u0161ana, kopienas un apkaimes<br \/>\natt\u012bst\u012bba, filantropijas starpniec\u012bba<\/td>\n<\/tr>\n<tr>\n<td style=\"width: 17.145%;\" width=\"210\">Al\u016bksnes amatizgl\u012bt\u012bbas atbalsta biedr\u012bba \u201eLotoss\u201d<\/td>\n<td style=\"width: 10.6727%;\" width=\"170\">J\u0101nis Stank\u0113vi\u010ds<\/td>\n<td style=\"width: 9.85983%;\" width=\"196\">28667772<\/td>\n<td style=\"width: 13.9923%;\" width=\"282\">biedriba.lotoss@inbox.lv<\/td>\n<td style=\"width: 48.1831%;\" width=\"385\">Atbalst\u012bt amatizgl\u012bt\u012bbu. Att\u012bst\u012bt m\u0101kslinieku jaunradi, m\u0101kslas pieejam\u012bbu. Saglab\u0101t un populariz\u0113t kult\u016bras mantojumu.<\/td>\n<\/tr>\n<tr>\n<td style=\"width: 17.145%;\" width=\"210\">Biedr\u012bba \u201eAl\u016bksnes karav\u012bru klubs\u201d<\/td>\n<td style=\"width: 10.6727%;\" width=\"170\">\u00a0<\/td>\n<td style=\"width: 9.85983%;\" width=\"196\">29190897<\/td>\n<td style=\"width: 13.9923%;\">imanfelds@yahoo.com<\/td>\n<td style=\"width: 48.1831%;\" width=\"385\">Kult\u016bra un hobiji. Soci\u0101lais darbs.<\/td>\n<\/tr>\n<tr>\n<td style=\"width: 17.145%;\" width=\"210\">Al\u016bksnes lauku partner\u012bba<\/td>\n<td style=\"width: 10.6727%;\" width=\"170\">Santa Harjo-Ozoli\u0146a<\/td>\n<td style=\"width: 9.85983%;\" width=\"196\">\u00a029422952<\/td>\n<td style=\"width: 13.9923%;\" width=\"282\">partneriba@aluksne.lv<br \/>\nsanta.harjoozolina@gmail.com<\/td>\n<td style=\"width: 48.1831%;\" width=\"385\">Teritorijas att\u012bst\u012bba<\/td>\n<\/tr>\n<tr>\n<td style=\"width: 17.145%;\" width=\"210\">Biedr\u012bba \u201eGaismas stars\u201d<\/td>\n<td style=\"width: 10.6727%;\" width=\"170\">Dace Kalni\u0146a<\/td>\n<td style=\"width: 9.85983%;\" width=\"196\">67272873<\/td>\n<td style=\"width: 13.9923%;\" width=\"282\">\u00a0gaismasstars@inbox.lv<\/td>\n<td style=\"width: 48.1831%;\" width=\"385\">Celt rajona iedz\u012bvot\u0101ju \u2013 inval\u012bdu, vientu\u013co pension\u0101ru un soci\u0101l\u0101 riska \u0123ime\u0146u labkl\u0101j\u012bbu, mazinot atstumt\u012bbas saj\u016btu.<\/td>\n<\/tr>\n<tr>\n<td style=\"width: 17.145%;\" width=\"210\">Biedr\u012bba \u201eC.Albula\u201d<\/td>\n<td style=\"width: 10.6727%;\" width=\"170\">J\u0101nis Skulte<\/td>\n<td style=\"width: 9.85983%;\" width=\"196\">29276883<\/td>\n<td style=\"width: 13.9923%;\">janis.skulte@4plus.lv<\/td>\n<td style=\"width: 48.1831%;\" width=\"385\">Vide, sports, izgl\u012bt\u012bba, labdar\u012bba<\/td>\n<\/tr>\n<tr>\n<td style=\"width: 17.145%;\" width=\"210\">\u201cAl\u016bksnes novada pension\u0101ru apvien\u012bba\u201d<\/td>\n<td style=\"width: 10.6727%;\" width=\"170\">Astr\u012bda B\u0113tere<\/td>\n<td style=\"width: 9.85983%;\" width=\"196\">29143332<\/td>\n<td style=\"width: 13.9923%;\">astrida.betere@inbox.lv<\/td>\n<td style=\"width: 48.1831%;\" width=\"385\">Biedr\u012bbas m\u0113r\u0137is ir novada pension\u0101ru soci\u0101lo un ekonomisko ties\u012bbu un intere\u0161u aizst\u0101v\u0113\u0161ana un p\u0101rst\u0101v\u0113\u0161ana pa\u0161vald\u012bb\u0101, k\u0101 ar\u012b gar\u012bg\u0101s labkl\u0101j\u012bbas veicin\u0101\u0161ana un iesaist\u012b\u0161ana demokr\u0101tiski akt\u012bvos sabiedr\u012bbas procesos, k\u0101 ar\u012b sadarb\u012bba ar cit\u0101m sabiedrisk\u0101m organiz\u0101cij\u0101m novad\u0101 un \u0101rpus t\u0101.<\/td>\n<\/tr>\n<tr>\n<td style=\"width: 17.145%;\"><strong>Politiski repres\u0113to klubs \u201eSarma\u201d<\/strong><\/td>\n<td style=\"width: 10.6727%;\">\nDzidra Dimd\u0101ne<\/td>\n<td style=\"width: 9.85983%;\">27494548<\/td>\n<td style=\"width: 13.9923%;\">aluksnes_prk@inbox.lv<\/td>\n<td style=\"width: 48.1831%;\">\u00a0<\/td>\n<\/tr>\n<\/tbody>\n<\/table>\n<p>&nbsp;<\/p>\n<p><strong>Al\u016bksnes NVO atbalsta centra dati<\/strong><\/p>\n","protected":false},"excerpt":{"rendered":"<p>&nbsp; Al\u016bksnes un Apes Novada fonds Adrese: D\u0101rza iela 8, Al\u016bksne, Al\u016bksnes novads LV-4301 T\u0101lru\u0146i: 64322236, 28642250 Fakss: 64321132 E-pasts: aluksnesapesfonds@gmail.com M\u0101jas lapa: www.aluksnesfonds.lv Dibin\u0101ts 2005. gada 25. apr\u012bl\u012b. Fondam ir sabiedrisk\u0101 labuma organiz\u0101cijas statuss darb\u012bbas veidos labdar\u012bba un pilsoniskas&#8230;<br \/><a class=\"read-more-button\" href=\"https:\/\/aluksne.lv\/index.php\/sabiedriba\/organizacijas\/\">Las\u012bt visu<\/a><\/p>\n","protected":false},"author":1,"featured_media":0,"parent":69,"menu_order":0,"comment_status":"closed","ping_status":"closed","template":"","meta":{"_crdt_document":"","_monsterinsights_skip_tracking":false,"_monsterinsights_sitenote_active":false,"_monsterinsights_sitenote_note":"","_monsterinsights_sitenote_category":0,"footnotes":"","_links_to":"","_links_to_target":""},"class_list":["post-419","page","type-page","status-publish","hentry"],"_links":{"self":[{"href":"https:\/\/aluksne.lv\/index.php\/wp-json\/wp\/v2\/pages\/419","targetHints":{"allow":["GET"]}}],"collection":[{"href":"https:\/\/aluksne.lv\/index.php\/wp-json\/wp\/v2\/pages"}],"about":[{"href":"https:\/\/aluksne.lv\/index.php\/wp-json\/wp\/v2\/types\/page"}],"author":[{"embeddable":true,"href":"https:\/\/aluksne.lv\/index.php\/wp-json\/wp\/v2\/users\/1"}],"replies":[{"embeddable":true,"href":"https:\/\/aluksne.lv\/index.php\/wp-json\/wp\/v2\/comments?post=419"}],"version-history":[{"count":0,"href":"https:\/\/aluksne.lv\/index.php\/wp-json\/wp\/v2\/pages\/419\/revisions"}],"up":[{"embeddable":true,"href":"https:\/\/aluksne.lv\/index.php\/wp-json\/wp\/v2\/pages\/69"}],"wp:attachment":[{"href":"https:\/\/aluksne.lv\/index.php\/wp-json\/wp\/v2\/media?parent=419"}],"curies":[{"name":"wp","href":"https:\/\/api.w.org\/{rel}","templated":true}]}}