{"id":42001,"date":"2023-06-15T09:50:16","date_gmt":"2023-06-15T06:50:16","guid":{"rendered":"https:\/\/aluksne.lv\/?page_id=42001"},"modified":"2023-06-15T09:56:37","modified_gmt":"2023-06-15T06:56:37","slug":"lidzdarbibas-ligumi","status":"publish","type":"page","link":"https:\/\/aluksne.lv\/index.php\/sabiedriba\/sabiedribas-lidzdaliba\/lidzdarbibas-ligumi\/","title":{"rendered":"L\u012bdzdarb\u012bbas l\u012bgumi"},"content":{"rendered":"<table class=\"hoverTable\" style=\"width: 98.8652%;\">\n<tbody>\n<tr style=\"height: 45px;\">\n<td style=\"height: 45px; width: 100%;\"><a href=\"https:\/\/aluksne.lv\/index.php\/sabiedriba\/sabiedribas-lidzdaliba\/lidzdarbibas-ligumi\/noslegtie-ligumi\/\">Nosl\u0113gtie l\u012bdzdarb\u012bbas l\u012bgumi<\/a><\/td>\n<td style=\"height: 45px; width: 100%;\"><a href=\"https:\/\/aluksne.lv\/index.php\/sabiedriba\/sabiedribas-lidzdaliba\/lidzdarbibas-ligumi\/pazinojumi-par-lidzdarbibas-ligumu-projektiem\/\">Pazi\u0146ojumi par l\u012bdzdarb\u012bbas l\u012bgumu projektiem<\/a><\/td>\n<\/tr>\n<\/tbody>\n<\/table>\n","protected":false},"excerpt":{"rendered":"<p>Nosl\u0113gtie l\u012bdzdarb\u012bbas l\u012bgumi Pazi\u0146ojumi par l\u012bdzdarb\u012bbas l\u012bgumu projektiem<\/p>\n","protected":false},"author":1,"featured_media":0,"parent":429,"menu_order":0,"comment_status":"closed","ping_status":"closed","template":"","meta":{"_crdt_document":"","_monsterinsights_skip_tracking":false,"_monsterinsights_sitenote_active":false,"_monsterinsights_sitenote_note":"","_monsterinsights_sitenote_category":0,"footnotes":"","_links_to":"","_links_to_target":""},"class_list":["post-42001","page","type-page","status-publish","hentry"],"_links":{"self":[{"href":"https:\/\/aluksne.lv\/index.php\/wp-json\/wp\/v2\/pages\/42001","targetHints":{"allow":["GET"]}}],"collection":[{"href":"https:\/\/aluksne.lv\/index.php\/wp-json\/wp\/v2\/pages"}],"about":[{"href":"https:\/\/aluksne.lv\/index.php\/wp-json\/wp\/v2\/types\/page"}],"author":[{"embeddable":true,"href":"https:\/\/aluksne.lv\/index.php\/wp-json\/wp\/v2\/users\/1"}],"replies":[{"embeddable":true,"href":"https:\/\/aluksne.lv\/index.php\/wp-json\/wp\/v2\/comments?post=42001"}],"version-history":[{"count":0,"href":"https:\/\/aluksne.lv\/index.php\/wp-json\/wp\/v2\/pages\/42001\/revisions"}],"up":[{"embeddable":true,"href":"https:\/\/aluksne.lv\/index.php\/wp-json\/wp\/v2\/pages\/429"}],"wp:attachment":[{"href":"https:\/\/aluksne.lv\/index.php\/wp-json\/wp\/v2\/media?parent=42001"}],"curies":[{"name":"wp","href":"https:\/\/api.w.org\/{rel}","templated":true}]}}