{"id":42009,"date":"2023-06-15T09:54:55","date_gmt":"2023-06-15T06:54:55","guid":{"rendered":"https:\/\/aluksne.lv\/?page_id=42009"},"modified":"2023-12-10T17:57:25","modified_gmt":"2023-12-10T15:57:25","slug":"noslegtie-ligumi","status":"publish","type":"page","link":"https:\/\/aluksne.lv\/index.php\/sabiedriba\/sabiedribas-lidzdaliba\/lidzdarbibas-ligumi\/noslegtie-ligumi\/","title":{"rendered":"Nosl\u0113gtie l\u012bdzdarb\u012bbas l\u012bgumi"},"content":{"rendered":"<p>&nbsp;<\/p>\n<p><strong>2023. gada 4. decembris<\/strong><\/p>\n<p>Al\u016bksnes Sporta skola 04.12.2023. ir nosl\u0113dzis l\u012bdzdarb\u012bbas l\u012bgumu ar <strong>Biedr\u012bbu \u201cRALLY AL\u016aKSNE\u201d <\/strong>saska\u0146\u0101 ar Valsts p\u0101rvaldes iek\u0101rtas likuma 46., 49., 50. pantu, Al\u016bksnes novada pa\u0161vald\u012bbas domes 2023. gada 27. apr\u012b\u013ca saisto\u0161ajiem noteikumiem Nr. 11\/2023 \u201cPar l\u012bdzdarb\u012bbas l\u012bgumu sl\u0113g\u0161anu Al\u016bksnes novada pa\u0161vald\u012bb\u0101\u201d, 2023. gada 30. novembra l\u0113mumu Nr. 363 \u201cPar l\u012bdzdarb\u012bbas l\u012bguma sl\u0113g\u0161anu ar biedr\u012bbu \u201cRally Al\u016bksne\u201d\u201d, k\u0101 ar\u012b pamatojoties uz Al\u016bksnes novada pa\u0161vald\u012bbas konkursa \u201cZiemas rallija sporta pas\u0101kuma realiz\u0113\u0161ana 2024. gad\u0101\u201d, valsts p\u0101rvaldes uzdevuma izpildi, kas izriet no Pa\u0161vald\u012bbu likuma 4.\u00a0panta pirm\u0101s da\u013cas 7.\u00a0punkta &#8211; veicin\u0101t sporta att\u012bst\u012bbu, tostarp uztur\u0113t un att\u012bst\u012bt pa\u0161vald\u012bbas sporta b\u0101zes, atbalst\u012bt sportistu un sporta klubu, ar\u012b profesion\u0101lo sporta klubu, darb\u012bbu un sniegt atbalstu sporta pas\u0101kumu organiz\u0113\u0161anai &#8211; Ziemas rallija sporta pas\u0101kuma realiz\u0113\u0161ana 2024. gad\u0101 \u201cZiemas autorallijs \u201cAl\u016bksne 2024\u201d\u201d.<\/p>\n<p><em><strong>L\u012bdzdarb\u012bbas l\u012bgums <a href=\"https:\/\/aluksne.lv\/wp-content\/uploads\/2023\/12\/Ligums_Rallijs_2024.docx\">.docx<\/a>\u00a0<\/strong><\/em><\/p>\n<hr \/>\n<p><strong>2023. gada 30. j\u016bnijs<\/strong><\/p>\n<p>Al\u016bksnes novada Kult\u016bras centrs 30.06.2023. ir nosl\u0113dzis l\u012bdzdarb\u012bbas l\u012bgumu ar <strong>Biedr\u012bbu \u201cZiemerpils\u201d <\/strong>saska\u0146\u0101 ar Valsts p\u0101rvaldes iek\u0101rtas likuma 46., 49., 50. pantu, Al\u016bksnes novada pa\u0161vald\u012bbas domes 2023. gada 27. apr\u012b\u013ca saisto\u0161ajiem noteikumiem Nr. 11\/2023 \u201cPar l\u012bdzdarb\u012bbas l\u012bgumu sl\u0113g\u0161anu Al\u016bksnes novada pa\u0161vald\u012bb\u0101\u201d, k\u0101 ar\u012b pamatojoties uz Al\u016bksnes novada pa\u0161vald\u012bbas konkursa \u201cKult\u016bras projektu realiz\u0113\u0161anai 2023. gad\u0101\u201d, valsts p\u0101rvaldes uzdevuma izpildi, kas izriet no Pa\u0161vald\u012bbas likuma 4. panta pirm\u0101s da\u013cas 5. punkta &#8211; \u00a0sniegt iedz\u012bvot\u0101jiem daudzveid\u012bgu kult\u016bras pied\u0101v\u0101jumu un iesp\u0113ju piedal\u012bties kult\u016bras dz\u012bv\u0113, sekm\u0113t pa\u0161vald\u012bbas teritorij\u0101 eso\u0161\u0101 kult\u016bras mantojuma saglab\u0101\u0161anu un sniegt atbalstu kult\u016bras noris\u0113m. L\u012bdzdarb\u012bbas l\u012bgum\u0101 paredz\u0113t\u0101 darba m\u0113r\u0137is ir realiz\u0113t kult\u016bras projektu \u201cPo\u0113tiska mist\u0113rija virtu\u0101l\u0101s realit\u0101tes papla\u0161in\u0101jum\u0101 \u201cSapnis vasaras nakt\u012b\u201d\u201d.<\/p>\n<p><em><strong>L\u012bdzdarb\u012bbas l\u012bgums <a href=\"https:\/\/aluksne.lv\/wp-content\/uploads\/2023\/12\/Lidzdarbibas-ligums-_Ziemerpils_.docx\">.docx<\/a>\u00a0<\/strong><\/em><\/p>\n<hr \/>\n<p><strong>2023. gada 30. j\u016bnijs<\/strong><\/p>\n<p>Al\u016bksnes novada Kult\u016bras centrs 30.06.2023. ir nosl\u0113dzis l\u012bdzdarb\u012bbas l\u012bgumu ar <strong>Sabiedr\u012bbu ar ierobe\u017eotu atbild\u012bbu \u201cTvaiks un ogle\u201d <\/strong>saska\u0146\u0101 ar Valsts p\u0101rvaldes iek\u0101rtas likuma 46., 49., 50. pantu, Al\u016bksnes novada pa\u0161vald\u012bbas domes 2023. gada 27. apr\u012b\u013ca saisto\u0161ajiem noteikumiem Nr. 11\/2023 \u201cPar l\u012bdzdarb\u012bbas l\u012bgumu sl\u0113g\u0161anu Al\u016bksnes novada pa\u0161vald\u012bb\u0101\u201d, k\u0101 ar\u012b pamatojoties uz Al\u016bksnes novada pa\u0161vald\u012bbas konkursa \u201cKult\u016bras projektu realiz\u0113\u0161anai 2023. gad\u0101\u201d, valsts p\u0101rvaldes uzdevuma izpildi, kas izriet no Pa\u0161vald\u012bbas likuma 4. panta pirm\u0101s da\u013cas 5. punkta &#8211; \u00a0sniegt iedz\u012bvot\u0101jiem daudzveid\u012bgu kult\u016bras pied\u0101v\u0101jumu un iesp\u0113ju piedal\u012bties kult\u016bras dz\u012bv\u0113, sekm\u0113t pa\u0161vald\u012bbas teritorij\u0101 eso\u0161\u0101 kult\u016bras mantojuma saglab\u0101\u0161anu un sniegt atbalstu kult\u016bras noris\u0113m. L\u012bdzdarb\u012bbas l\u012bgum\u0101 paredz\u0113t\u0101 darba m\u0113r\u0137is ir realiz\u0113t kult\u016bras projektu \u201d\u0122ime\u0146u festiv\u0101ls B\u0101n\u012b\u0161a stacij\u0101\u201d.<\/p>\n<p><em><strong>L\u012bdzdarb\u012bbas l\u012bgums <a href=\"https:\/\/aluksne.lv\/wp-content\/uploads\/2023\/12\/Lidzdarbibas-ligums-_gimenu-festivals-Banisa-stacija.docx\">.docx<\/a>\u00a0<\/strong><\/em><\/p>\n<hr \/>\n<p><strong>2023. gada 28. j\u016bnijs<\/strong><\/p>\n<p>Al\u016bksnes novada Kult\u016bras centrs 28.06.2023. ir nosl\u0113dzis l\u012bdzdarb\u012bbas l\u012bgumu ar <strong>Sabiedr\u012bbu ar ierobe\u017eotu atbild\u012bbu \u201cAl\u016bksnes alus\u201d <\/strong>saska\u0146\u0101 ar Valsts p\u0101rvaldes iek\u0101rtas likuma 46., 49., 50. pantu, Al\u016bksnes novada pa\u0161vald\u012bbas domes 2023. gada 27. apr\u012b\u013ca saisto\u0161ajiem noteikumiem Nr. 11\/2023 \u201cPar l\u012bdzdarb\u012bbas l\u012bgumu sl\u0113g\u0161anu Al\u016bksnes novada pa\u0161vald\u012bb\u0101\u201d, k\u0101 ar\u012b pamatojoties uz Al\u016bksnes novada pa\u0161vald\u012bbas konkursa \u201cKult\u016bras projektu realiz\u0113\u0161anai 2023. gad\u0101\u201d, valsts p\u0101rvaldes uzdevuma izpildi, kas izriet no Pa\u0161vald\u012bbas likuma 4. panta pirm\u0101s da\u013cas 5. punkta &#8211; \u00a0sniegt iedz\u012bvot\u0101jiem daudzveid\u012bgu kult\u016bras pied\u0101v\u0101jumu un iesp\u0113ju piedal\u012bties kult\u016bras dz\u012bv\u0113, sekm\u0113t pa\u0161vald\u012bbas teritorij\u0101 eso\u0161\u0101 kult\u016bras mantojuma saglab\u0101\u0161anu un sniegt atbalstu kult\u016bras noris\u0113m. L\u012bdzdarb\u012bbas l\u012bgum\u0101 paredz\u0113t\u0101 darba m\u0113r\u0137is ir realiz\u0113t kult\u016bras projektu \u201cRudens d\u017eezs Al\u016bksn\u0113\u201d.<\/p>\n<p><em><strong>L\u012bdzdarb\u012bbas l\u012bgums .docx \/<a href=\"https:\/\/aluksne.lv\/wp-content\/uploads\/2023\/12\/Lidzdarbibas-ligums-_Rudens-Dzezs.pdf\">.pdf<\/a><\/strong><\/em><\/p>\n<hr \/>\n<p>&nbsp;<\/p>\n<p><strong>2023. gada 28. j\u016bnijs<\/strong><\/p>\n<p>Al\u016bksnes novada Kult\u016bras centrs 28.06.2023. ir nosl\u0113dzis l\u012bdzdarb\u012bbas l\u012bgumu ar <strong>Sabiedr\u012bbu ar ierobe\u017eotu atbild\u012bbu \u201cAl\u016bksnes alus\u201d <\/strong>saska\u0146\u0101 ar Valsts p\u0101rvaldes iek\u0101rtas likuma 46., 49., 50. pantu, Al\u016bksnes novada pa\u0161vald\u012bbas domes 2023. gada 27. apr\u012b\u013ca saisto\u0161ajiem noteikumiem Nr. 11\/2023 \u201cPar l\u012bdzdarb\u012bbas l\u012bgumu sl\u0113g\u0161anu Al\u016bksnes novada pa\u0161vald\u012bb\u0101\u201d, k\u0101 ar\u012b pamatojoties uz Al\u016bksnes novada pa\u0161vald\u012bbas konkursa \u201cKult\u016bras projektu realiz\u0113\u0161anai 2023. gad\u0101\u201d, valsts p\u0101rvaldes uzdevuma izpildi, kas izriet no Pa\u0161vald\u012bbas likuma 4. panta pirm\u0101s da\u013cas 5. punkta &#8211; \u00a0sniegt iedz\u012bvot\u0101jiem daudzveid\u012bgu kult\u016bras pied\u0101v\u0101jumu un iesp\u0113ju piedal\u012bties kult\u016bras dz\u012bv\u0113, sekm\u0113t pa\u0161vald\u012bbas teritorij\u0101 eso\u0161\u0101 kult\u016bras mantojuma saglab\u0101\u0161anu un sniegt atbalstu kult\u016bras noris\u0113m. L\u012bdzdarb\u012bbas l\u012bgum\u0101 paredz\u0113t\u0101 darba m\u0113r\u0137is ir realiz\u0113t kult\u016bras projektu \u201cAl\u016bksnes gar\u0161u mekl\u0113jumos\u201d.<\/p>\n<p><em><strong>L\u012bdzdarb\u012bbas l\u012bgums .docx \/ <a href=\"https:\/\/aluksne.lv\/wp-content\/uploads\/2023\/12\/Lidzdarbibas-ligums_Aluksnes-garsu-meklejumos-5.pdf\">.pdf<\/a><\/strong><\/em><\/p>\n<hr \/>\n<p><strong>2023. gada 28. j\u016bnijs<\/strong><\/p>\n<p>Al\u016bksnes novada Kult\u016bras centrs 28.06.2023. ir nosl\u0113dzis l\u012bdzdarb\u012bbas l\u012bgumu ar <strong>Sabiedr\u012bbu ar ierobe\u017eotu atbild\u012bbu \u201cAl\u016bksnes alus\u201d <\/strong>saska\u0146\u0101 ar Valsts p\u0101rvaldes iek\u0101rtas likuma 46., 49., 50. pantu, Al\u016bksnes novada pa\u0161vald\u012bbas domes 2023. gada 27. apr\u012b\u013ca saisto\u0161ajiem noteikumiem Nr. 11\/2023 \u201cPar l\u012bdzdarb\u012bbas l\u012bgumu sl\u0113g\u0161anu Al\u016bksnes novada pa\u0161vald\u012bb\u0101\u201d, k\u0101 ar\u012b pamatojoties uz Al\u016bksnes novada pa\u0161vald\u012bbas konkursa \u201cKult\u016bras projektu realiz\u0113\u0161anai 2023. gad\u0101\u201d, valsts p\u0101rvaldes uzdevuma izpildi, kas izriet no Pa\u0161vald\u012bbas likuma 4. panta pirm\u0101s da\u013cas 5. punkta &#8211; \u00a0sniegt iedz\u012bvot\u0101jiem daudzveid\u012bgu kult\u016bras pied\u0101v\u0101jumu un iesp\u0113ju piedal\u012bties kult\u016bras dz\u012bv\u0113, sekm\u0113t pa\u0161vald\u012bbas teritorij\u0101 eso\u0161\u0101 kult\u016bras mantojuma saglab\u0101\u0161anu un sniegt atbalstu kult\u016bras noris\u0113m. L\u012bdzdarb\u012bbas l\u012bgum\u0101 paredz\u0113t\u0101 darba m\u0113r\u0137is ir realiz\u0113t kult\u016bras projektu \u201cBundzinieku izaugsmei\u201d.<\/p>\n<p><em><strong>L\u012bdzdarb\u012bbas l\u012bgums .docx \/ <a href=\"https:\/\/aluksne.lv\/wp-content\/uploads\/2023\/12\/Lidzdarbibas-ligums_Bundzinieku-izaugsmei-3.pdf\">.pdf<\/a><\/strong><\/em><\/p>\n<p>&nbsp;<\/p>\n<hr \/>\n<p><strong>2023. gada 15. j\u016bnijs<\/strong><\/p>\n<p>Al\u016bksnes novada pa\u0161vald\u012bba 13.06.2023. ir nosl\u0113gusi l\u012bdzdarb\u012bbas l\u012bgumu ar biedr\u012bbu \u201cAl\u016bksnes nevalstisko organiz\u0101ciju atbalsta centrs\u201d par valsts p\u0101rvaldes uzdevuma izpildi, kas izriet no Pa\u0161vald\u012bbas likuma 51. panta tre\u0161\u0101s da\u013cas, veicot vair\u0101ku konferen\u010du organiz\u0113\u0161anu, vad\u012b\u0161anu un administr\u0113\u0161anu, tik\u0161anos ar Al\u016bksnes novada pa\u0161vald\u012bbas vad\u012bbu, Al\u016bksnes novada pa\u0161vald\u012bbas iest\u0101d\u0113m, uz\u0146\u0113m\u0113jiem u.c., lai veicin\u0101tu pa\u0161vald\u012bbas administrat\u012bv\u0101s teritorijas iedz\u012bvot\u0101ju intere\u0161u iev\u0113ro\u0161anu un pa\u0161vald\u012bbas ilgtsp\u0113j\u012bgu att\u012bst\u012bbu. L\u012bdzdarb\u012bba sl\u012bgum\u0101 paredz\u0113t\u0101 darba m\u0113r\u0137is ir aktiviz\u0113t viet\u0113j\u0101s sabiedr\u012bbas\/ kopienas, veicin\u0101t kopienu sadarb\u012bbu un l\u012bdzdarb\u012bbu, kopienu lomu novadu att\u012bst\u012bb\u0101, kopienu un l\u012bderu stiprin\u0101\u0161anu, par jaun\u0101m iesp\u0113j\u0101m un p\u0101rmai\u0146u procesiem novadu teritoriju l\u012bmen\u012b.<\/p>\n<p><em><strong>L\u012bdzdarb\u012bbas l\u012bgums<\/strong><\/em> <a href=\"https:\/\/aluksne.lv\/wp-content\/uploads\/2023\/06\/LV_pielikums_lidzdarbibas_ligums.docx\">.docx<\/a> \/ <a href=\"https:\/\/aluksne.lv\/wp-content\/uploads\/2023\/06\/lig232.pdf\">.pdf<\/a><\/p>\n","protected":false},"excerpt":{"rendered":"<p>&nbsp; 2023. gada 4. decembris Al\u016bksnes Sporta skola 04.12.2023. ir nosl\u0113dzis l\u012bdzdarb\u012bbas l\u012bgumu ar Biedr\u012bbu \u201cRALLY AL\u016aKSNE\u201d saska\u0146\u0101 ar Valsts p\u0101rvaldes iek\u0101rtas likuma 46., 49., 50. pantu, Al\u016bksnes novada pa\u0161vald\u012bbas domes 2023. gada 27. apr\u012b\u013ca saisto\u0161ajiem noteikumiem Nr. 11\/2023 \u201cPar&#8230;<br \/><a class=\"read-more-button\" href=\"https:\/\/aluksne.lv\/index.php\/sabiedriba\/sabiedribas-lidzdaliba\/lidzdarbibas-ligumi\/noslegtie-ligumi\/\">Las\u012bt visu<\/a><\/p>\n","protected":false},"author":1,"featured_media":0,"parent":42001,"menu_order":0,"comment_status":"closed","ping_status":"closed","template":"","meta":{"_crdt_document":"","_monsterinsights_skip_tracking":false,"_monsterinsights_sitenote_active":false,"_monsterinsights_sitenote_note":"","_monsterinsights_sitenote_category":0,"footnotes":"","_links_to":"","_links_to_target":""},"class_list":["post-42009","page","type-page","status-publish","hentry"],"_links":{"self":[{"href":"https:\/\/aluksne.lv\/index.php\/wp-json\/wp\/v2\/pages\/42009","targetHints":{"allow":["GET"]}}],"collection":[{"href":"https:\/\/aluksne.lv\/index.php\/wp-json\/wp\/v2\/pages"}],"about":[{"href":"https:\/\/aluksne.lv\/index.php\/wp-json\/wp\/v2\/types\/page"}],"author":[{"embeddable":true,"href":"https:\/\/aluksne.lv\/index.php\/wp-json\/wp\/v2\/users\/1"}],"replies":[{"embeddable":true,"href":"https:\/\/aluksne.lv\/index.php\/wp-json\/wp\/v2\/comments?post=42009"}],"version-history":[{"count":0,"href":"https:\/\/aluksne.lv\/index.php\/wp-json\/wp\/v2\/pages\/42009\/revisions"}],"up":[{"embeddable":true,"href":"https:\/\/aluksne.lv\/index.php\/wp-json\/wp\/v2\/pages\/42001"}],"wp:attachment":[{"href":"https:\/\/aluksne.lv\/index.php\/wp-json\/wp\/v2\/media?parent=42009"}],"curies":[{"name":"wp","href":"https:\/\/api.w.org\/{rel}","templated":true}]}}