{"id":4206,"date":"2018-02-28T07:43:04","date_gmt":"2018-02-28T07:43:04","guid":{"rendered":"http:\/\/aluksne.lv\/?page_id=4206"},"modified":"2025-02-06T16:03:08","modified_gmt":"2025-02-06T14:03:08","slug":"zivsaimnieciba-udens-resursu-apsaimniekosana","status":"publish","type":"page","link":"https:\/\/aluksne.lv\/index.php\/pasvaldiba\/pakalpojumi\/zivsaimnieciba-udens-resursu-apsaimniekosana\/","title":{"rendered":"ZIVSAIMNIEC\u012aBA, \u016aDENS RESURSU APSAIMNIEKO\u0160ANA"},"content":{"rendered":"<div id=\"pl-4206\"  class=\"panel-layout\" ><div id=\"pg-4206-0\"  class=\"panel-grid panel-no-style\" ><div id=\"pgc-4206-0-0\"  class=\"panel-grid-cell\" ><div id=\"panel-4206-0-0-0\" class=\"so-panel widget widget_sow-editor panel-first-child panel-last-child\" data-index=\"0\" ><div\n\t\t\t\n\t\t\tclass=\"so-widget-sow-editor so-widget-sow-editor-base\"\n\t\t\t\n\t\t>\n<div class=\"siteorigin-widget-tinymce textwidget\">\n\t<p>&nbsp;<\/p>\n<h4><a href=\"https:\/\/latvija.gov.lv\/Services\/11911\" target=\"_blank\" rel=\"noopener noreferrer\">Licences izsnieg\u0161ana mak\u0161\u0137er\u0113\u0161anas, v\u0113\u017eo\u0161anas un zem\u016bdens med\u012bbu organiz\u0113\u0161anai<\/a><\/h4>\n<h4><a href=\"https:\/\/latvija.gov.lv\/Services\/6705\" target=\"_blank\" rel=\"noopener noreferrer\">Mak\u0161\u0137er\u0113\u0161anas kar\u0161u ieg\u0101de<\/a><\/h4>\n<h4><a href=\"https:\/\/latvija.gov.lv\/Services\/11912\" target=\"_blank\" rel=\"noopener noreferrer\">Licences sa\u0146em\u0161ana r\u016bpniecisk\u0101s zvejas organiz\u0113\u0161anai iek\u0161\u0113jos \u016bde\u0146os<\/a><\/h4>\n<h4><a href=\"https:\/\/latvija.gov.lv\/Services\/7977\">Piest\u0101tnes noma \u016bdens transportl\u012bdzeklim Al\u016bksnes ezer\u0101 pie pontonu laipas<\/a><\/h4>\n<p>&nbsp;<\/p>\n<p>&nbsp;<\/p>\n<\/div>\n<\/div><\/div><\/div><div id=\"pgc-4206-0-1\"  class=\"panel-grid-cell\" ><div id=\"panel-4206-0-1-0\" class=\"so-panel widget panel-first-child panel-last-child\" data-index=\"1\" ><\/div><\/div><\/div><\/div>","protected":false},"excerpt":{"rendered":"<p>&nbsp; Licences izsnieg\u0161ana mak\u0161\u0137er\u0113\u0161anas, v\u0113\u017eo\u0161anas un zem\u016bdens med\u012bbu organiz\u0113\u0161anai Mak\u0161\u0137er\u0113\u0161anas kar\u0161u ieg\u0101de Licences sa\u0146em\u0161ana r\u016bpniecisk\u0101s zvejas organiz\u0113\u0161anai iek\u0161\u0113jos \u016bde\u0146os Piest\u0101tnes noma \u016bdens transportl\u012bdzeklim Al\u016bksnes ezer\u0101 pie pontonu laipas &nbsp; &nbsp;<\/p>\n","protected":false},"author":1,"featured_media":0,"parent":383,"menu_order":0,"comment_status":"closed","ping_status":"closed","template":"","meta":{"_crdt_document":"","_monsterinsights_skip_tracking":false,"_monsterinsights_sitenote_active":false,"_monsterinsights_sitenote_note":"","_monsterinsights_sitenote_category":0,"footnotes":"","_links_to":"","_links_to_target":""},"class_list":["post-4206","page","type-page","status-publish","hentry"],"_links":{"self":[{"href":"https:\/\/aluksne.lv\/index.php\/wp-json\/wp\/v2\/pages\/4206","targetHints":{"allow":["GET"]}}],"collection":[{"href":"https:\/\/aluksne.lv\/index.php\/wp-json\/wp\/v2\/pages"}],"about":[{"href":"https:\/\/aluksne.lv\/index.php\/wp-json\/wp\/v2\/types\/page"}],"author":[{"embeddable":true,"href":"https:\/\/aluksne.lv\/index.php\/wp-json\/wp\/v2\/users\/1"}],"replies":[{"embeddable":true,"href":"https:\/\/aluksne.lv\/index.php\/wp-json\/wp\/v2\/comments?post=4206"}],"version-history":[{"count":0,"href":"https:\/\/aluksne.lv\/index.php\/wp-json\/wp\/v2\/pages\/4206\/revisions"}],"up":[{"embeddable":true,"href":"https:\/\/aluksne.lv\/index.php\/wp-json\/wp\/v2\/pages\/383"}],"wp:attachment":[{"href":"https:\/\/aluksne.lv\/index.php\/wp-json\/wp\/v2\/media?parent=4206"}],"curies":[{"name":"wp","href":"https:\/\/api.w.org\/{rel}","templated":true}]}}