{"id":4209,"date":"2018-02-28T07:57:28","date_gmt":"2018-02-28T07:57:28","guid":{"rendered":"http:\/\/aluksne.lv\/?page_id=4209"},"modified":"2026-01-30T20:57:03","modified_gmt":"2026-01-30T18:57:03","slug":"barintiesa","status":"publish","type":"page","link":"https:\/\/aluksne.lv\/index.php\/pasvaldiba\/pakalpojumi\/barintiesa\/","title":{"rendered":"B\u0101ri\u0146tiesa"},"content":{"rendered":"<div id=\"pl-4209\"  class=\"panel-layout\" ><div id=\"pg-4209-0\"  class=\"panel-grid panel-no-style\" ><div id=\"pgc-4209-0-0\"  class=\"panel-grid-cell\" ><div id=\"panel-4209-0-0-0\" class=\"so-panel widget widget_sow-editor panel-first-child panel-last-child\" data-index=\"0\" ><div\n\t\t\t\n\t\t\tclass=\"so-widget-sow-editor so-widget-sow-editor-base\"\n\t\t\t\n\t\t>\n<div class=\"siteorigin-widget-tinymce textwidget\">\n\t<h4><a href=\"https:\/\/latvija.gov.lv\/Services\/8109\">Adopcijas pakalpojums<\/a><\/h4>\n<h4><a href=\"https:\/\/latvija.gov.lv\/Services\/8303\" target=\"_blank\" rel=\"noopener noreferrer\">Aizbildn\u012bbas statusa sa\u0146em\u0161ana<\/a><\/h4>\n<h4><a href=\"https:\/\/latvija.gov.lv\/Services\/6794\" target=\"_blank\" rel=\"noopener noreferrer\">Aizg\u0101dn\u012bbas statusa sa\u0146em\u0161ana<\/a><\/h4>\n<h4><a href=\"https:\/\/latvija.gov.lv\/Services\/8794\" target=\"_blank\" rel=\"noopener noreferrer\">Apliec\u012bbas sa\u0146em\u0161ana soci\u0101lo garantiju nodro\u0161in\u0101\u0161anai<\/a><\/h4>\n<h4><a href=\"https:\/\/latvija.gov.lv\/Services\/7010\" target=\"_blank\" rel=\"noopener noreferrer\">Aud\u017eu\u0123imenes statusa sa\u0146em\u0161ana<\/a><\/h4>\n<h4><a href=\"https:\/\/latvija.gov.lv\/Services\/7033\" target=\"_blank\" rel=\"noopener noreferrer\">B\u0113rna aizg\u0101d\u012bbas ties\u012bbu p\u0101rtrauk\u0161ana un atjauno\u0161ana<\/a><\/h4>\n<h4><a href=\"https:\/\/latvija.gov.lv\/Services\/7036\" target=\"_blank\" rel=\"noopener noreferrer\">B\u0113rna ievieto\u0161ana \u0101rpus\u0123imenes apr\u016bp\u0113 p\u0113c vec\u0101ku l\u016bguma<\/a><\/h4>\n<h4><a href=\"https:\/\/latvija.gov.lv\/Services\/7035\" target=\"_blank\" rel=\"noopener noreferrer\">B\u0113rna mantisko intere\u0161u aizst\u0101v\u012bba<\/a><\/h4>\n<h4><a href=\"https:\/\/latvija.gov.lv\/Services\/7037\" target=\"_blank\" rel=\"noopener noreferrer\">B\u0113rna nodo\u0161ana citas personas apr\u016bp\u0113<\/a><\/h4>\n<h4><a href=\"https:\/\/latvija.gov.lv\/Services\/7038\" target=\"_blank\" rel=\"noopener noreferrer\">B\u0113rna personisko intere\u0161u aizst\u0101v\u012bba<\/a><\/h4>\n<h4><a href=\"https:\/\/latvija.gov.lv\/Services\/7039\" target=\"_blank\" rel=\"noopener noreferrer\">Domstarp\u012bbu iz\u0161\u0137ir\u0161ana b\u0113rnu ties\u012bbu aizsardz\u012bb\u0101<\/a><\/h4>\n<h4><a href=\"https:\/\/latvija.gov.lv\/Services\/7041\" target=\"_blank\" rel=\"noopener noreferrer\">Pieteikuma iesnieg\u0161ana piekri\u0161anai paternit\u0101tes atz\u012b\u0161anai<\/a><\/h4>\n<h4><a href=\"https:\/\/latvija.gov.lv\/Services\/7043\" target=\"_blank\" rel=\"noopener noreferrer\">Vies\u0123imenes statusa sa\u0146em\u0161ana<\/a><\/h4>\n<h4><a href=\"https:\/\/latvija.gov.lv\/Services\/6210\">Da\u017e\u0101du apliecin\u0101jumu izdar\u012b\u0161ana b\u0101ri\u0146ties\u0101 <\/a><\/h4>\n<h4><a href=\"https:\/\/latvija.gov.lv\/Services\/7040\">Pal\u012bdz\u012bba mantisko lietu k\u0101rto\u0161an\u0101 un mantojuma apsardz\u012bba<\/a><\/h4>\n<h4><a href=\"https:\/\/latvija.gov.lv\/Services\/7042\">Testamentu apliecin\u0101\u0161ana un glab\u0101\u0161ana B\u0101ri\u0146ties\u0101<\/a><\/h4>\n<h4><a href=\"https:\/\/aluksne.lv\/wp-content\/uploads\/2019\/09\/BernuTiesibas_Makets.pdf\">Skaidrojo\u0161a inform\u0101cija par B\u0113rnu ties\u012bbu aizsardz\u012bbas likumu<\/a><\/h4>\n<\/div>\n<\/div><\/div><\/div><div id=\"pgc-4209-0-1\"  class=\"panel-grid-cell\" ><div id=\"panel-4209-0-1-0\" class=\"so-panel widget panel-first-child panel-last-child\" data-index=\"1\" ><\/div><\/div><\/div><\/div>","protected":false},"excerpt":{"rendered":"<p>Adopcijas pakalpojums Aizbildn\u012bbas statusa sa\u0146em\u0161ana Aizg\u0101dn\u012bbas statusa sa\u0146em\u0161ana Apliec\u012bbas sa\u0146em\u0161ana soci\u0101lo garantiju nodro\u0161in\u0101\u0161anai Aud\u017eu\u0123imenes statusa sa\u0146em\u0161ana B\u0113rna aizg\u0101d\u012bbas ties\u012bbu p\u0101rtrauk\u0161ana un atjauno\u0161ana B\u0113rna ievieto\u0161ana \u0101rpus\u0123imenes apr\u016bp\u0113 p\u0113c vec\u0101ku l\u016bguma B\u0113rna mantisko intere\u0161u aizst\u0101v\u012bba B\u0113rna nodo\u0161ana citas personas apr\u016bp\u0113 B\u0113rna personisko&#8230;<br \/><a class=\"read-more-button\" href=\"https:\/\/aluksne.lv\/index.php\/pasvaldiba\/pakalpojumi\/barintiesa\/\">Las\u012bt visu<\/a><\/p>\n","protected":false},"author":1,"featured_media":0,"parent":383,"menu_order":0,"comment_status":"closed","ping_status":"closed","template":"","meta":{"_crdt_document":"","_monsterinsights_skip_tracking":false,"_monsterinsights_sitenote_active":false,"_monsterinsights_sitenote_note":"","_monsterinsights_sitenote_category":0,"footnotes":"","_links_to":"","_links_to_target":""},"class_list":["post-4209","page","type-page","status-publish","hentry"],"_links":{"self":[{"href":"https:\/\/aluksne.lv\/index.php\/wp-json\/wp\/v2\/pages\/4209","targetHints":{"allow":["GET"]}}],"collection":[{"href":"https:\/\/aluksne.lv\/index.php\/wp-json\/wp\/v2\/pages"}],"about":[{"href":"https:\/\/aluksne.lv\/index.php\/wp-json\/wp\/v2\/types\/page"}],"author":[{"embeddable":true,"href":"https:\/\/aluksne.lv\/index.php\/wp-json\/wp\/v2\/users\/1"}],"replies":[{"embeddable":true,"href":"https:\/\/aluksne.lv\/index.php\/wp-json\/wp\/v2\/comments?post=4209"}],"version-history":[{"count":1,"href":"https:\/\/aluksne.lv\/index.php\/wp-json\/wp\/v2\/pages\/4209\/revisions"}],"predecessor-version":[{"id":60327,"href":"https:\/\/aluksne.lv\/index.php\/wp-json\/wp\/v2\/pages\/4209\/revisions\/60327"}],"up":[{"embeddable":true,"href":"https:\/\/aluksne.lv\/index.php\/wp-json\/wp\/v2\/pages\/383"}],"wp:attachment":[{"href":"https:\/\/aluksne.lv\/index.php\/wp-json\/wp\/v2\/media?parent=4209"}],"curies":[{"name":"wp","href":"https:\/\/api.w.org\/{rel}","templated":true}]}}