{"id":4217,"date":"2018-02-28T08:04:02","date_gmt":"2018-02-28T08:04:02","guid":{"rendered":"http:\/\/aluksne.lv\/?page_id=4217"},"modified":"2024-01-20T13:28:11","modified_gmt":"2024-01-20T11:28:11","slug":"civilstavokla-aktu-registracija","status":"publish","type":"page","link":"https:\/\/aluksne.lv\/index.php\/pasvaldiba\/pakalpojumi\/civilstavokla-aktu-registracija\/","title":{"rendered":"Civilst\u0101vok\u013ca aktu re\u0123istr\u0101cija"},"content":{"rendered":"<div id=\"pl-4217\"  class=\"panel-layout\" ><div id=\"pg-4217-0\"  class=\"panel-grid panel-no-style\" ><div id=\"pgc-4217-0-0\"  class=\"panel-grid-cell\" ><div id=\"panel-4217-0-0-0\" class=\"so-panel widget widget_sow-editor panel-first-child panel-last-child\" data-index=\"0\" ><div\n\t\t\t\n\t\t\tclass=\"so-widget-sow-editor so-widget-sow-editor-base\"\n\t\t\t\n\t\t>\n<div class=\"siteorigin-widget-tinymce textwidget\">\n\t<h4><a href=\"https:\/\/latvija.gov.lv\/Services\/9552\">Bazn\u012bc\u0101 nosl\u0113gto laul\u012bbu re\u0123istr\u0113\u0161ana<\/a><\/h4>\n<h4><a href=\"https:\/\/latvija.gov.lv\/Services\/5362\" target=\"_blank\" rel=\"noopener noreferrer\">Dzim\u0161anas re\u0123istr\u0113\u0161ana<\/a><\/h4>\n<h4 class=\"card-header\"><a href=\"https:\/\/latvija.gov.lv\/Services\/1430\"><span id=\"content_0_contentsimplecontentph_1_uxBaseInfo_uxServiceName\" class=\"header3\">Dzim\u0161anas, laul\u012bbas un mir\u0161anas apliec\u012bbu, izzi\u0146u, re\u0123istra kopiju vai datorizdruku no civilst\u0101vok\u013ca aktu re\u0123istriem atk\u0101rtota sa\u0146em\u0161ana<\/span><\/a><\/h4>\n<h4><a href=\"https:\/\/latvija.gov.lv\/Services\/6077\" target=\"_blank\" rel=\"noopener noreferrer\">Laul\u012bbas re\u0123istr\u0113\u0161ana<\/a><\/h4>\n<h4><a href=\"https:\/\/latvija.gov.lv\/Services\/11918\">Laul\u012bbas jubileju ceremonijas organiz\u0113\u0161ana<\/a><\/h4>\n<h4><a href=\"https:\/\/latvija.gov.lv\/Services\/11922\">Dzim\u0161anas, laul\u012bbas un mir\u0161anas apliecino\u0161o dokumentu aktualiz\u0113\u0161ana, papildin\u0101\u0161ana, anul\u0113\u0161ana vai atjauno\u0161ana<\/a><\/h4>\n<h4><a href=\"https:\/\/latvija.gov.lv\/Services\/6109\" target=\"_blank\" rel=\"noopener noreferrer\">Mir\u0161anas re\u0123istr\u0113\u0161ana<\/a><\/h4>\n<h4 style=\"background: white;\"><a href=\"https:\/\/latvija.lv\/lv\/Epakalpojumi\/EP13\/Apraksts\" target=\"_blank\" rel=\"noopener noreferrer\">Atk\u0101rtotas mir\u0161anas apliec\u012bbas vai izzi\u0146as no mir\u0161anas re\u0123istra piepras\u012b\u0161ana<\/a> <img loading=\"lazy\" decoding=\"async\" class=\"\" src=\"https:\/\/aluksne.lv\/wp-content\/uploads\/2020\/11\/e.png\" alt=\"\" width=\"23\" height=\"22\" data-id=\"22732\" \/><\/h4>\n<h4><a href=\"https:\/\/latvija.gov.lv\/Services\/9590\">V\u0101rda, uzv\u0101rda un taut\u012bbas ieraksta mai\u0146a<\/a><\/h4>\n<h4><a href=\"https:\/\/latvija.gov.lv\/Services\/6307\" target=\"_blank\" rel=\"noopener noreferrer\">Pa\u0161vald\u012bbas pabalsta sa\u0146em\u0161ana par b\u0113rna piedzim\u0161anu<\/a><\/h4>\n<\/div>\n<\/div><\/div><\/div><div id=\"pgc-4217-0-1\"  class=\"panel-grid-cell\" ><div id=\"panel-4217-0-1-0\" class=\"so-panel widget panel-first-child panel-last-child\" data-index=\"1\" ><\/div><\/div><\/div><\/div>","protected":false},"excerpt":{"rendered":"<p>Bazn\u012bc\u0101 nosl\u0113gto laul\u012bbu re\u0123istr\u0113\u0161ana Dzim\u0161anas re\u0123istr\u0113\u0161ana Dzim\u0161anas, laul\u012bbas un mir\u0161anas apliec\u012bbu, izzi\u0146u, re\u0123istra kopiju vai datorizdruku no civilst\u0101vok\u013ca aktu re\u0123istriem atk\u0101rtota sa\u0146em\u0161ana Laul\u012bbas re\u0123istr\u0113\u0161ana Laul\u012bbas jubileju ceremonijas organiz\u0113\u0161ana Dzim\u0161anas, laul\u012bbas un mir\u0161anas apliecino\u0161o dokumentu aktualiz\u0113\u0161ana, papildin\u0101\u0161ana, anul\u0113\u0161ana vai atjauno\u0161ana Mir\u0161anas&#8230;<br \/><a class=\"read-more-button\" href=\"https:\/\/aluksne.lv\/index.php\/pasvaldiba\/pakalpojumi\/civilstavokla-aktu-registracija\/\">Las\u012bt visu<\/a><\/p>\n","protected":false},"author":1,"featured_media":0,"parent":383,"menu_order":0,"comment_status":"closed","ping_status":"closed","template":"","meta":{"_crdt_document":"","_monsterinsights_skip_tracking":false,"_monsterinsights_sitenote_active":false,"_monsterinsights_sitenote_note":"","_monsterinsights_sitenote_category":0,"footnotes":"","_links_to":"","_links_to_target":""},"class_list":["post-4217","page","type-page","status-publish","hentry"],"_links":{"self":[{"href":"https:\/\/aluksne.lv\/index.php\/wp-json\/wp\/v2\/pages\/4217","targetHints":{"allow":["GET"]}}],"collection":[{"href":"https:\/\/aluksne.lv\/index.php\/wp-json\/wp\/v2\/pages"}],"about":[{"href":"https:\/\/aluksne.lv\/index.php\/wp-json\/wp\/v2\/types\/page"}],"author":[{"embeddable":true,"href":"https:\/\/aluksne.lv\/index.php\/wp-json\/wp\/v2\/users\/1"}],"replies":[{"embeddable":true,"href":"https:\/\/aluksne.lv\/index.php\/wp-json\/wp\/v2\/comments?post=4217"}],"version-history":[{"count":0,"href":"https:\/\/aluksne.lv\/index.php\/wp-json\/wp\/v2\/pages\/4217\/revisions"}],"up":[{"embeddable":true,"href":"https:\/\/aluksne.lv\/index.php\/wp-json\/wp\/v2\/pages\/383"}],"wp:attachment":[{"href":"https:\/\/aluksne.lv\/index.php\/wp-json\/wp\/v2\/media?parent=4217"}],"curies":[{"name":"wp","href":"https:\/\/api.w.org\/{rel}","templated":true}]}}