{"id":4222,"date":"2018-02-28T08:33:53","date_gmt":"2018-02-28T08:33:53","guid":{"rendered":"http:\/\/aluksne.lv\/?page_id=4222"},"modified":"2024-01-20T13:04:38","modified_gmt":"2024-01-20T11:04:38","slug":"dzivesvietas-deklaresana","status":"publish","type":"page","link":"https:\/\/aluksne.lv\/index.php\/pasvaldiba\/pakalpojumi\/dzivesvietas-deklaresana\/","title":{"rendered":"Dz\u012bvesvietas deklar\u0113\u0161ana"},"content":{"rendered":"<div id=\"pl-4222\"  class=\"panel-layout\" ><div id=\"pg-4222-0\"  class=\"panel-grid panel-no-style\" ><div id=\"pgc-4222-0-0\"  class=\"panel-grid-cell\" ><div id=\"panel-4222-0-0-0\" class=\"so-panel widget widget_sow-editor panel-first-child panel-last-child\" data-index=\"0\" ><div\n\t\t\t\n\t\t\tclass=\"so-widget-sow-editor so-widget-sow-editor-base\"\n\t\t\t\n\t\t>\n<div class=\"siteorigin-widget-tinymce textwidget\">\n\t<p>&nbsp;<\/p>\n<h4><a href=\"https:\/\/latvija.lv\/lv\/Epakalpojumi\/EP15\/Apraksts\" target=\"_blank\" rel=\"noopener noreferrer\">Dz\u012bvesvietas deklar\u0113\u0161ana<\/a> <img loading=\"lazy\" decoding=\"async\" class=\"\" src=\"https:\/\/aluksne.lv\/wp-content\/uploads\/2020\/11\/e.png\" alt=\"\" width=\"20\" height=\"19\" data-id=\"22732\" \/><\/h4>\n<h4><a href=\"https:\/\/latvija.gov.lv\/Services\/6133\" target=\"_blank\" rel=\"noopener noreferrer\">Dz\u012bvesvietas deklar\u0113\u0161ana<\/a><\/h4>\n<h4><a href=\"https:\/\/latvija.gov.lv\/Services\/8115\" target=\"_blank\" rel=\"noopener noreferrer\">Deklar\u0113t\u0101s dz\u012bvesvietas zi\u0146u anul\u0113\u0161ana<\/a><\/h4>\n<h4><a href=\"https:\/\/latvija.gov.lv\/Services\/8799\" target=\"_blank\" rel=\"noopener noreferrer\">Dz\u012bvesvietas deklar\u0113\u0161ana p\u0113c iest\u0101des iniciat\u012bvas<\/a><\/h4>\n<h4><a href=\"https:\/\/latvija.gov.lv\/Services\/9589\">Izzi\u0146as izsnieg\u0161ana par personas deklar\u0113to dz\u012bvesvietu<\/a><\/h4>\n<\/div>\n<\/div><\/div><\/div><div id=\"pgc-4222-0-1\"  class=\"panel-grid-cell\" ><div id=\"panel-4222-0-1-0\" class=\"so-panel widget panel-first-child panel-last-child\" data-index=\"1\" ><\/div><\/div><\/div><\/div>","protected":false},"excerpt":{"rendered":"<p>&nbsp; Dz\u012bvesvietas deklar\u0113\u0161ana Dz\u012bvesvietas deklar\u0113\u0161ana Deklar\u0113t\u0101s dz\u012bvesvietas zi\u0146u anul\u0113\u0161ana Dz\u012bvesvietas deklar\u0113\u0161ana p\u0113c iest\u0101des iniciat\u012bvas Izzi\u0146as izsnieg\u0161ana par personas deklar\u0113to dz\u012bvesvietu<\/p>\n","protected":false},"author":1,"featured_media":0,"parent":383,"menu_order":0,"comment_status":"closed","ping_status":"closed","template":"","meta":{"_crdt_document":"","_monsterinsights_skip_tracking":false,"_monsterinsights_sitenote_active":false,"_monsterinsights_sitenote_note":"","_monsterinsights_sitenote_category":0,"footnotes":"","_links_to":"","_links_to_target":""},"class_list":["post-4222","page","type-page","status-publish","hentry"],"_links":{"self":[{"href":"https:\/\/aluksne.lv\/index.php\/wp-json\/wp\/v2\/pages\/4222","targetHints":{"allow":["GET"]}}],"collection":[{"href":"https:\/\/aluksne.lv\/index.php\/wp-json\/wp\/v2\/pages"}],"about":[{"href":"https:\/\/aluksne.lv\/index.php\/wp-json\/wp\/v2\/types\/page"}],"author":[{"embeddable":true,"href":"https:\/\/aluksne.lv\/index.php\/wp-json\/wp\/v2\/users\/1"}],"replies":[{"embeddable":true,"href":"https:\/\/aluksne.lv\/index.php\/wp-json\/wp\/v2\/comments?post=4222"}],"version-history":[{"count":0,"href":"https:\/\/aluksne.lv\/index.php\/wp-json\/wp\/v2\/pages\/4222\/revisions"}],"up":[{"embeddable":true,"href":"https:\/\/aluksne.lv\/index.php\/wp-json\/wp\/v2\/pages\/383"}],"wp:attachment":[{"href":"https:\/\/aluksne.lv\/index.php\/wp-json\/wp\/v2\/media?parent=4222"}],"curies":[{"name":"wp","href":"https:\/\/api.w.org\/{rel}","templated":true}]}}