{"id":4235,"date":"2018-02-28T08:36:21","date_gmt":"2018-02-28T08:36:21","guid":{"rendered":"http:\/\/aluksne.lv\/?page_id=4235"},"modified":"2024-01-20T13:13:09","modified_gmt":"2024-01-20T11:13:09","slug":"dzivesvieta","status":"publish","type":"page","link":"https:\/\/aluksne.lv\/index.php\/pasvaldiba\/pakalpojumi\/dzivesvieta\/","title":{"rendered":"Dz\u012bvesvieta"},"content":{"rendered":"<div id=\"pl-4235\"  class=\"panel-layout\" ><div id=\"pg-4235-0\"  class=\"panel-grid panel-no-style\" ><div id=\"pgc-4235-0-0\"  class=\"panel-grid-cell\" ><div id=\"panel-4235-0-0-0\" class=\"so-panel widget widget_sow-editor panel-first-child panel-last-child\" data-index=\"0\" ><div\n\t\t\t\n\t\t\tclass=\"so-widget-sow-editor so-widget-sow-editor-base\"\n\t\t\t\n\t\t>\n<div class=\"siteorigin-widget-tinymce textwidget\">\n\t<h4><\/h4>\n<h4><a href=\"https:\/\/latvija.gov.lv\/Services\/10851\">Dz\u012bvojam\u0101s m\u0101jas eso\u0161o iz\u012br\u0113to dz\u012bvok\u013cu un kop\u012bpa\u0161um\u0101 eso\u0161o dz\u012bvok\u013cu dom\u0101jamo da\u013cu atsavin\u0101\u0161ana<\/a><\/h4>\n<h4><a href=\"https:\/\/latvija.gov.lv\/Services\/10852\">Dz\u012bvojamo m\u0101ju p\u0101rvald\u012b\u0161anas ties\u012bbu p\u0101r\u0146em\u0161ana<\/a><\/h4>\n<h4><a href=\"https:\/\/latvija.gov.lv\/Services\/11921\" target=\"_blank\" rel=\"noopener noreferrer\">Pa\u0161vald\u012bbai piedero\u0161o dz\u012bvojamo telpu \u012bres l\u012bgumu pagarin\u0101\u0161ana\/groz\u012b\u0161ana<\/a><\/h4>\n<h4><a href=\"https:\/\/latvija.gov.lv\/Services\/11920\" target=\"_blank\" rel=\"noopener noreferrer\">Pal\u012bdz\u012bba dz\u012bvok\u013ca jaut\u0101jumu risin\u0101\u0161an\u0101<\/a><\/h4>\n<\/div>\n<\/div><\/div><\/div><div id=\"pgc-4235-0-1\"  class=\"panel-grid-cell\" ><div id=\"panel-4235-0-1-0\" class=\"so-panel widget panel-first-child panel-last-child\" data-index=\"1\" ><\/div><\/div><\/div><\/div>","protected":false},"excerpt":{"rendered":"<p>Dz\u012bvojam\u0101s m\u0101jas eso\u0161o iz\u012br\u0113to dz\u012bvok\u013cu un kop\u012bpa\u0161um\u0101 eso\u0161o dz\u012bvok\u013cu dom\u0101jamo da\u013cu atsavin\u0101\u0161ana Dz\u012bvojamo m\u0101ju p\u0101rvald\u012b\u0161anas ties\u012bbu p\u0101r\u0146em\u0161ana Pa\u0161vald\u012bbai piedero\u0161o dz\u012bvojamo telpu \u012bres l\u012bgumu pagarin\u0101\u0161ana\/groz\u012b\u0161ana Pal\u012bdz\u012bba dz\u012bvok\u013ca jaut\u0101jumu risin\u0101\u0161an\u0101<\/p>\n","protected":false},"author":1,"featured_media":0,"parent":383,"menu_order":0,"comment_status":"closed","ping_status":"closed","template":"","meta":{"_crdt_document":"","_monsterinsights_skip_tracking":false,"_monsterinsights_sitenote_active":false,"_monsterinsights_sitenote_note":"","_monsterinsights_sitenote_category":0,"footnotes":"","_links_to":"","_links_to_target":""},"class_list":["post-4235","page","type-page","status-publish","hentry"],"_links":{"self":[{"href":"https:\/\/aluksne.lv\/index.php\/wp-json\/wp\/v2\/pages\/4235","targetHints":{"allow":["GET"]}}],"collection":[{"href":"https:\/\/aluksne.lv\/index.php\/wp-json\/wp\/v2\/pages"}],"about":[{"href":"https:\/\/aluksne.lv\/index.php\/wp-json\/wp\/v2\/types\/page"}],"author":[{"embeddable":true,"href":"https:\/\/aluksne.lv\/index.php\/wp-json\/wp\/v2\/users\/1"}],"replies":[{"embeddable":true,"href":"https:\/\/aluksne.lv\/index.php\/wp-json\/wp\/v2\/comments?post=4235"}],"version-history":[{"count":0,"href":"https:\/\/aluksne.lv\/index.php\/wp-json\/wp\/v2\/pages\/4235\/revisions"}],"up":[{"embeddable":true,"href":"https:\/\/aluksne.lv\/index.php\/wp-json\/wp\/v2\/pages\/383"}],"wp:attachment":[{"href":"https:\/\/aluksne.lv\/index.php\/wp-json\/wp\/v2\/media?parent=4235"}],"curies":[{"name":"wp","href":"https:\/\/api.w.org\/{rel}","templated":true}]}}