{"id":4239,"date":"2018-02-28T08:45:35","date_gmt":"2018-02-28T08:45:35","guid":{"rendered":"http:\/\/aluksne.lv\/?page_id=4239"},"modified":"2026-01-30T21:06:04","modified_gmt":"2026-01-30T19:06:04","slug":"izglitiba","status":"publish","type":"page","link":"https:\/\/aluksne.lv\/index.php\/pasvaldiba\/pakalpojumi\/izglitiba\/","title":{"rendered":"Izgl\u012bt\u012bba"},"content":{"rendered":"<div id=\"pl-4239\"  class=\"panel-layout\" ><div id=\"pg-4239-0\"  class=\"panel-grid panel-no-style\" ><div id=\"pgc-4239-0-0\"  class=\"panel-grid-cell\" ><div id=\"panel-4239-0-0-0\" class=\"so-panel widget widget_sow-editor panel-first-child panel-last-child\" data-index=\"0\" ><div\n\t\t\t\n\t\t\tclass=\"so-widget-sow-editor so-widget-sow-editor-base\"\n\t\t\t\n\t\t>\n<div class=\"siteorigin-widget-tinymce textwidget\">\n\t<p>&nbsp;<\/p>\n<h4><a href=\"https:\/\/latvija.gov.lv\/Services\/12033\" target=\"_blank\" rel=\"noopener noreferrer\">Uz\u0146em\u0161ana izgl\u012bt\u012bbas iest\u0101d\u0113<\/a><\/h4>\n<h4><a href=\"https:\/\/latvija.gov.lv\/Services\/10569\" target=\"_blank\" rel=\"noopener noreferrer\">B\u0113rna uz\u0146em\u0161ana pa\u0161vald\u012bbas pirmsskolas izgl\u012bt\u012bbas iest\u0101des rind\u0101<\/a><\/h4>\n<h4><a href=\"https:\/\/latvija.gov.lv\/Services\/7517\" target=\"_blank\" rel=\"noopener noreferrer\">Izgl\u012bt\u012bbu apliecino\u0161u dokumentu dublik\u0101tu sa\u0146em\u0161ana<\/a><\/h4>\n<h4><a href=\"https:\/\/latvija.gov.lv\/Services\/8793\" target=\"_blank\" rel=\"noopener noreferrer\">Izzi\u0146as sa\u0146em\u0161ana par m\u0101c\u012b\u0161anos pa\u0161vald\u012bbas izgl\u012bt\u012bbas iest\u0101d\u0113<\/a><\/h4>\n<h4><a href=\"https:\/\/latvija.gov.lv\/Services\/10379\" target=\"_blank\" rel=\"noopener noreferrer\">M\u0101jm\u0101c\u012bbas vai m\u0101jas apm\u0101c\u012bbas pieteikuma iesnieg\u0161ana<\/a><\/h4>\n<h4><a href=\"https:\/\/latvija.gov.lv\/Services\/11900\">Pabalsta sa\u0146em\u0161ana b\u0113rna \u0113din\u0101\u0161anai izgl\u012bt\u012bbas iest\u0101d\u0113<\/a><\/h4>\n<h4><a href=\"https:\/\/latvija.gov.lv\/Services\/7519\" target=\"_blank\" rel=\"noopener noreferrer\">Pedago\u0123iski medic\u012bnisk\u0101s komisijas atzinuma sa\u0146em\u0161ana<\/a><\/h4>\n<h4><a href=\"https:\/\/aluksne.lv\/index.php\/pasvaldiba\/pakalpojumi\/veidlapas\/izglitiba\/\">Iesniegumu veidlapas<\/a><\/h4>\n<p>&nbsp;<\/p>\n<p>&nbsp;<\/p>\n<\/div>\n<\/div><\/div><\/div><div id=\"pgc-4239-0-1\"  class=\"panel-grid-cell\" ><div id=\"panel-4239-0-1-0\" class=\"so-panel widget panel-first-child panel-last-child\" data-index=\"1\" ><\/div><\/div><\/div><\/div>","protected":false},"excerpt":{"rendered":"<p>&nbsp; Uz\u0146em\u0161ana izgl\u012bt\u012bbas iest\u0101d\u0113 B\u0113rna uz\u0146em\u0161ana pa\u0161vald\u012bbas pirmsskolas izgl\u012bt\u012bbas iest\u0101des rind\u0101 Izgl\u012bt\u012bbu apliecino\u0161u dokumentu dublik\u0101tu sa\u0146em\u0161ana Izzi\u0146as sa\u0146em\u0161ana par m\u0101c\u012b\u0161anos pa\u0161vald\u012bbas izgl\u012bt\u012bbas iest\u0101d\u0113 M\u0101jm\u0101c\u012bbas vai m\u0101jas apm\u0101c\u012bbas pieteikuma iesnieg\u0161ana Pabalsta sa\u0146em\u0161ana b\u0113rna \u0113din\u0101\u0161anai izgl\u012bt\u012bbas iest\u0101d\u0113 Pedago\u0123iski medic\u012bnisk\u0101s komisijas atzinuma sa\u0146em\u0161ana&#8230;<br \/><a class=\"read-more-button\" href=\"https:\/\/aluksne.lv\/index.php\/pasvaldiba\/pakalpojumi\/izglitiba\/\">Las\u012bt visu<\/a><\/p>\n","protected":false},"author":1,"featured_media":0,"parent":383,"menu_order":0,"comment_status":"closed","ping_status":"closed","template":"","meta":{"_crdt_document":"","_monsterinsights_skip_tracking":false,"_monsterinsights_sitenote_active":false,"_monsterinsights_sitenote_note":"","_monsterinsights_sitenote_category":0,"footnotes":"","_links_to":"","_links_to_target":""},"class_list":["post-4239","page","type-page","status-publish","hentry"],"_links":{"self":[{"href":"https:\/\/aluksne.lv\/index.php\/wp-json\/wp\/v2\/pages\/4239","targetHints":{"allow":["GET"]}}],"collection":[{"href":"https:\/\/aluksne.lv\/index.php\/wp-json\/wp\/v2\/pages"}],"about":[{"href":"https:\/\/aluksne.lv\/index.php\/wp-json\/wp\/v2\/types\/page"}],"author":[{"embeddable":true,"href":"https:\/\/aluksne.lv\/index.php\/wp-json\/wp\/v2\/users\/1"}],"replies":[{"embeddable":true,"href":"https:\/\/aluksne.lv\/index.php\/wp-json\/wp\/v2\/comments?post=4239"}],"version-history":[{"count":1,"href":"https:\/\/aluksne.lv\/index.php\/wp-json\/wp\/v2\/pages\/4239\/revisions"}],"predecessor-version":[{"id":60328,"href":"https:\/\/aluksne.lv\/index.php\/wp-json\/wp\/v2\/pages\/4239\/revisions\/60328"}],"up":[{"embeddable":true,"href":"https:\/\/aluksne.lv\/index.php\/wp-json\/wp\/v2\/pages\/383"}],"wp:attachment":[{"href":"https:\/\/aluksne.lv\/index.php\/wp-json\/wp\/v2\/media?parent=4239"}],"curies":[{"name":"wp","href":"https:\/\/api.w.org\/{rel}","templated":true}]}}