{"id":4249,"date":"2018-02-28T08:51:40","date_gmt":"2018-02-28T08:51:40","guid":{"rendered":"http:\/\/aluksne.lv\/?page_id=4249"},"modified":"2024-09-24T16:58:40","modified_gmt":"2024-09-24T13:58:40","slug":"kapsetu-darbiba","status":"publish","type":"page","link":"https:\/\/aluksne.lv\/index.php\/pasvaldiba\/pakalpojumi\/kapsetu-darbiba\/","title":{"rendered":"Al\u016bksnes novada pa\u0161vald\u012bbas kaps\u0113tas"},"content":{"rendered":"<div id=\"pl-4249\"  class=\"panel-layout\" ><div id=\"pg-4249-0\"  class=\"panel-grid panel-no-style\" ><div id=\"pgc-4249-0-0\"  class=\"panel-grid-cell\" ><div id=\"panel-4249-0-0-0\" class=\"so-panel widget widget_sow-editor panel-first-child panel-last-child\" data-index=\"0\" ><div\n\t\t\t\n\t\t\tclass=\"so-widget-sow-editor so-widget-sow-editor-base\"\n\t\t\t\n\t\t>\n<div class=\"siteorigin-widget-tinymce textwidget\">\n\t<h4><\/h4>\n<h4><a href=\"http:\/\/aluksne.lv\/index.php\/aluksnes-lielie-un-mazie-kapi\/\">Al\u016bksnes Lielie un Mazie kapi<\/a><\/h4>\n<h4><a href=\"http:\/\/aluksne.lv\/index.php\/annas-pagasta-ezerinu-kapi\/\">Annas pagasta Ezeri\u0146u kapi<\/a><\/h4>\n<h4><a href=\"http:\/\/aluksne.lv\/index.php\/malupes-kapi\/\">M\u0101lupes kapi <\/a><\/h4>\n<h4><a href=\"http:\/\/aluksne.lv\/index.php\/4469-2\/\">Kaps\u0113tas Liepnas pagast\u0101 <\/a><\/h4>\n<h4><a href=\"http:\/\/aluksne.lv\/index.php\/kapsetas-pededzes-pagasta\/\">Pededzes pagasta K\u016bdupes kapi<\/a><\/h4>\n<p>&nbsp;<\/p>\n<p><span style=\"font-size: 12pt;\"><strong><a href=\"https:\/\/aluksne.lv\/wp-content\/uploads\/2024\/07\/anpap_kapsetu_maksas.docx\">Al\u016bksnes novada pagastu apvien\u012bbas p\u0101rvaldes maksas pakalpojumu cenr\u0101dis pa\u0161vald\u012bbas kaps\u0113t\u0101s pagastu teritorij\u0101<\/a><\/strong> (sp\u0113k\u0101 no 01.07.2024.)<\/span><\/p>\n<p><span style=\"font-size: 12pt;\"><strong><a href=\"https:\/\/aluksne.lv\/wp-content\/uploads\/2024\/07\/spodras_cenradis_kapiem-1.docx\">Pa\u0161vald\u012bbas iest\u0101des \u201cSpodra\u201d maksas pakalpojumu cenr\u0101dis Al\u016bksnes Lielajos un Mazajos kapos<\/a> <\/strong>(sp\u0113k\u0101 no 01.07.2024.)<\/span><\/p>\n<p><span style=\"font-size: 12pt;\">Al\u016bksnes novada pa\u0161vald\u012bbas domes saisto\u0161ie noteikumi 17\/2024<strong> <a href=\"https:\/\/likumi.lv\/ta\/id\/352179\">\u201cAl\u016bksnes novada pa\u0161vald\u012bbas kaps\u0113tu darb\u012bbas noteikumi\u201d<\/a><\/strong> (sp\u0113k\u0101 no 25.05.2024.)<\/span><\/p>\n<\/div>\n<\/div><\/div><\/div><div id=\"pgc-4249-0-1\"  class=\"panel-grid-cell\" ><div id=\"panel-4249-0-1-0\" class=\"so-panel widget panel-first-child panel-last-child\" data-index=\"1\" ><\/div><\/div><\/div><\/div>","protected":false},"excerpt":{"rendered":"<p>Al\u016bksnes Lielie un Mazie kapi Annas pagasta Ezeri\u0146u kapi M\u0101lupes kapi Kaps\u0113tas Liepnas pagast\u0101 Pededzes pagasta K\u016bdupes kapi &nbsp; Al\u016bksnes novada pagastu apvien\u012bbas p\u0101rvaldes maksas pakalpojumu cenr\u0101dis pa\u0161vald\u012bbas kaps\u0113t\u0101s pagastu teritorij\u0101 (sp\u0113k\u0101 no 01.07.2024.) Pa\u0161vald\u012bbas iest\u0101des \u201cSpodra\u201d maksas pakalpojumu cenr\u0101dis&#8230;<br \/><a class=\"read-more-button\" href=\"https:\/\/aluksne.lv\/index.php\/pasvaldiba\/pakalpojumi\/kapsetu-darbiba\/\">Las\u012bt visu<\/a><\/p>\n","protected":false},"author":1,"featured_media":0,"parent":383,"menu_order":0,"comment_status":"closed","ping_status":"closed","template":"","meta":{"_crdt_document":"","_monsterinsights_skip_tracking":false,"_monsterinsights_sitenote_active":false,"_monsterinsights_sitenote_note":"","_monsterinsights_sitenote_category":0,"footnotes":"","_links_to":"","_links_to_target":""},"class_list":["post-4249","page","type-page","status-publish","hentry"],"_links":{"self":[{"href":"https:\/\/aluksne.lv\/index.php\/wp-json\/wp\/v2\/pages\/4249","targetHints":{"allow":["GET"]}}],"collection":[{"href":"https:\/\/aluksne.lv\/index.php\/wp-json\/wp\/v2\/pages"}],"about":[{"href":"https:\/\/aluksne.lv\/index.php\/wp-json\/wp\/v2\/types\/page"}],"author":[{"embeddable":true,"href":"https:\/\/aluksne.lv\/index.php\/wp-json\/wp\/v2\/users\/1"}],"replies":[{"embeddable":true,"href":"https:\/\/aluksne.lv\/index.php\/wp-json\/wp\/v2\/comments?post=4249"}],"version-history":[{"count":0,"href":"https:\/\/aluksne.lv\/index.php\/wp-json\/wp\/v2\/pages\/4249\/revisions"}],"up":[{"embeddable":true,"href":"https:\/\/aluksne.lv\/index.php\/wp-json\/wp\/v2\/pages\/383"}],"wp:attachment":[{"href":"https:\/\/aluksne.lv\/index.php\/wp-json\/wp\/v2\/media?parent=4249"}],"curies":[{"name":"wp","href":"https:\/\/api.w.org\/{rel}","templated":true}]}}