{"id":4258,"date":"2018-02-28T09:12:23","date_gmt":"2018-02-28T09:12:23","guid":{"rendered":"http:\/\/aluksne.lv\/?page_id=4258"},"modified":"2026-01-30T21:11:36","modified_gmt":"2026-01-30T19:11:36","slug":"komunalie-pakalpojumi","status":"publish","type":"page","link":"https:\/\/aluksne.lv\/index.php\/pasvaldiba\/pakalpojumi\/komunalie-pakalpojumi\/","title":{"rendered":"Komun\u0101lie pakalpojumi"},"content":{"rendered":"<div id=\"pl-4258\"  class=\"panel-layout\" ><div id=\"pg-4258-0\"  class=\"panel-grid panel-no-style\" ><div id=\"pgc-4258-0-0\"  class=\"panel-grid-cell\" ><div id=\"panel-4258-0-0-0\" class=\"so-panel widget widget_sow-editor panel-first-child panel-last-child\" data-index=\"0\" ><div\n\t\t\t\n\t\t\tclass=\"so-widget-sow-editor so-widget-sow-editor-base\"\n\t\t\t\n\t\t>\n<div class=\"siteorigin-widget-tinymce textwidget\">\n\t<h4><\/h4>\n<h4><a href=\"http:\/\/aluksne.lv\/index.php\/pasvaldiba\/pakalpojumi\/atkritumu-apsaimniekosana\/\">Atkritumu apsaimnieko\u0161ana<\/a><\/h4>\n<p>&nbsp;<\/p>\n<h4><strong><u>Centraliz\u0113t\u0101 siltumapg\u0101de<\/u><\/strong><\/h4>\n<p><strong>SIA \u201cAl\u016bksnes ener\u0123ija\u201d<br \/>\n<\/strong>Parka iel\u0101 2C, Al\u016bksn\u0113, Al\u016bksnes novad\u0101, LV-4301<br \/>\nInfo t\u0101lrunis: 64321793<br \/>\nT\u0101lrunis av\u0101rijas gad\u012bjumos: 20039531<br \/>\ne-pasts: info@aluksnesenergija.lv<br \/>\n<a href=\"http:\/\/www.aluksnesenergija.lv\">www.aluksnesenergija.lv<\/a><\/p>\n<h4><strong><u>Namu apsaimnieko\u0161ana<\/u><\/strong><\/h4>\n<p><strong>SIA \u201eAl\u016bksnes nami\u201d<br \/>\n<\/strong>R\u016bpniec\u012bbas iel\u0101 4, Al\u016bksn\u0113, Al\u016bksnes novad\u0101, LV-4301<br \/>\nT\u0101lrunis: 64321456<br \/>\ne-pasts: info@aluksnesnami.lv<br \/>\n<a href=\"http:\/\/www.aluksnesnami.lv\">www.aluksnesnami.lv<\/a><\/p>\n<h4><strong><u>Centraliz\u0113t\u0101 \u016bdensapg\u0101de<\/u><\/strong><\/h4>\n<p><strong>SIA \u201eR\u016bpe\u201d<\/strong><br \/>\nD\u0101rza iel\u0101 11, Al\u016bksn\u0113, Al\u016bksnes novad\u0101, LV-4301<br \/>\nT\u0101lrunis: 64381086<br \/>\ne-pasts: info@rupe.lv<br \/>\n<a href=\"http:\/\/www.rupe.lv\">www.rupe.lv<\/a><\/p>\n<\/div>\n<\/div><\/div><\/div><div id=\"pgc-4258-0-1\"  class=\"panel-grid-cell\" ><div id=\"panel-4258-0-1-0\" class=\"so-panel widget panel-first-child panel-last-child\" data-index=\"1\" ><\/div><\/div><\/div><\/div>","protected":false},"excerpt":{"rendered":"<p>Atkritumu apsaimnieko\u0161ana &nbsp; Centraliz\u0113t\u0101 siltumapg\u0101de SIA \u201cAl\u016bksnes ener\u0123ija\u201d Parka iel\u0101 2C, Al\u016bksn\u0113, Al\u016bksnes novad\u0101, LV-4301 Info t\u0101lrunis: 64321793 T\u0101lrunis av\u0101rijas gad\u012bjumos: 20039531 e-pasts: info@aluksnesenergija.lv www.aluksnesenergija.lv Namu apsaimnieko\u0161ana SIA \u201eAl\u016bksnes nami\u201d R\u016bpniec\u012bbas iel\u0101 4, Al\u016bksn\u0113, Al\u016bksnes novad\u0101, LV-4301 T\u0101lrunis: 64321456 e-pasts:&#8230;<br \/><a class=\"read-more-button\" href=\"https:\/\/aluksne.lv\/index.php\/pasvaldiba\/pakalpojumi\/komunalie-pakalpojumi\/\">Las\u012bt visu<\/a><\/p>\n","protected":false},"author":1,"featured_media":0,"parent":383,"menu_order":0,"comment_status":"closed","ping_status":"closed","template":"","meta":{"_crdt_document":"","_monsterinsights_skip_tracking":false,"_monsterinsights_sitenote_active":false,"_monsterinsights_sitenote_note":"","_monsterinsights_sitenote_category":0,"footnotes":"","_links_to":"","_links_to_target":""},"class_list":["post-4258","page","type-page","status-publish","hentry"],"_links":{"self":[{"href":"https:\/\/aluksne.lv\/index.php\/wp-json\/wp\/v2\/pages\/4258","targetHints":{"allow":["GET"]}}],"collection":[{"href":"https:\/\/aluksne.lv\/index.php\/wp-json\/wp\/v2\/pages"}],"about":[{"href":"https:\/\/aluksne.lv\/index.php\/wp-json\/wp\/v2\/types\/page"}],"author":[{"embeddable":true,"href":"https:\/\/aluksne.lv\/index.php\/wp-json\/wp\/v2\/users\/1"}],"replies":[{"embeddable":true,"href":"https:\/\/aluksne.lv\/index.php\/wp-json\/wp\/v2\/comments?post=4258"}],"version-history":[{"count":1,"href":"https:\/\/aluksne.lv\/index.php\/wp-json\/wp\/v2\/pages\/4258\/revisions"}],"predecessor-version":[{"id":60330,"href":"https:\/\/aluksne.lv\/index.php\/wp-json\/wp\/v2\/pages\/4258\/revisions\/60330"}],"up":[{"embeddable":true,"href":"https:\/\/aluksne.lv\/index.php\/wp-json\/wp\/v2\/pages\/383"}],"wp:attachment":[{"href":"https:\/\/aluksne.lv\/index.php\/wp-json\/wp\/v2\/media?parent=4258"}],"curies":[{"name":"wp","href":"https:\/\/api.w.org\/{rel}","templated":true}]}}