{"id":4264,"date":"2018-02-28T09:22:53","date_gmt":"2018-02-28T09:22:53","guid":{"rendered":"http:\/\/aluksne.lv\/?page_id=4264"},"modified":"2025-06-09T17:26:48","modified_gmt":"2025-06-09T14:26:48","slug":"kultura-sports","status":"publish","type":"page","link":"https:\/\/aluksne.lv\/index.php\/pasvaldiba\/pakalpojumi\/kultura-sports\/","title":{"rendered":"Kult\u016bra, sports"},"content":{"rendered":"<div id=\"pl-4264\"  class=\"panel-layout\" ><div id=\"pg-4264-0\"  class=\"panel-grid panel-no-style\" ><div id=\"pgc-4264-0-0\"  class=\"panel-grid-cell\" ><div id=\"panel-4264-0-0-0\" class=\"so-panel widget widget_sow-editor panel-first-child panel-last-child\" data-index=\"0\" ><div\n\t\t\t\n\t\t\tclass=\"so-widget-sow-editor so-widget-sow-editor-base\"\n\t\t\t\n\t\t>\n<div class=\"siteorigin-widget-tinymce textwidget\">\n\t<p>&nbsp;<\/p>\n<h4 align=\"left\">Al\u016bksnes novada Kult\u016bras centra maksas pakalpojumi (<a href=\"https:\/\/aluksne.lv\/wp-content\/uploads\/2025\/06\/Kulturas_centra_maksas_pakalpojumi.pdf\">L\u0113mums un cenr\u0101dis<\/a>\u00a0(.pdf))<\/h4>\n<h4><strong>Al\u016bksnes novada Kult\u016bras centra pas\u0101kumu nori\u0161u telpu nomas maksa (<a href=\"https:\/\/aluksne.lv\/wp-content\/uploads\/2025\/06\/Par-Aluksnes-novada-Kulturas-centra-pasakumu-norisu-telpu-nomas-maksu_2025.pdf\">L\u0113mums un cenr\u0101dis<\/a> (.pdf))<\/strong><\/h4>\n<h4><strong>Al\u016bksnes Kult\u016bras centra <\/strong><strong>telpu un invent\u0101ra nomas maksa (<a href=\"https:\/\/aluksne.lv\/wp-content\/uploads\/2025\/06\/AKC_Telpu_noma.pdf\">L\u0113mums un cenr\u0101dis<\/a> (.pdf))<\/strong><\/h4>\n<h4 align=\"left\">Al\u016bksnes novada muzeja maksas pakalpojumi (<a href=\"https:\/\/aluksne.lv\/wp-content\/uploads\/2023\/08\/92.pdf\">L\u0113mums un cenr\u0101dis <\/a>(.pdf))<\/h4>\n<h4 align=\"left\">Maksas pakalpojumi Al\u016bksnes novada pa\u0161vald\u012bbas publiskaj\u0101s bibliot\u0113k\u0101s (<a href=\"http:\/\/aluksne.lv\/wp-content\/uploads\/2018\/02\/bibliotekas.pdf\">L\u0113mums un cenr\u0101dis<\/a> (.pdf))<\/h4>\n<h4 align=\"left\">Al\u016bksnes novada pa\u0161vald\u012bbas sporta infrastrukt\u016bras izmanto\u0161anas maksa (<a href=\"https:\/\/aluksne.lv\/wp-content\/uploads\/2023\/08\/93.pdf\">L\u0113mums un cenr\u0101dis<\/a> (.pdf))<\/h4>\n<h4>Al\u016bksnes Sporta centr\u0101 sniegto maksas pakalpojumu \u2013 telpu nomas cenr\u0101dis (<a href=\"https:\/\/aluksne.lv\/wp-content\/uploads\/2023\/09\/256.pdf\">L\u0113mums un cenr\u0101dis<\/a> (.pdf))<\/h4>\n<\/div>\n<\/div><\/div><\/div><div id=\"pgc-4264-0-1\"  class=\"panel-grid-cell\" ><div id=\"panel-4264-0-1-0\" class=\"so-panel widget panel-first-child panel-last-child\" data-index=\"1\" ><\/div><\/div><\/div><\/div>","protected":false},"excerpt":{"rendered":"<p>&nbsp; Al\u016bksnes novada Kult\u016bras centra maksas pakalpojumi (L\u0113mums un cenr\u0101dis\u00a0(.pdf)) Al\u016bksnes novada Kult\u016bras centra pas\u0101kumu nori\u0161u telpu nomas maksa (L\u0113mums un cenr\u0101dis (.pdf)) Al\u016bksnes Kult\u016bras centra telpu un invent\u0101ra nomas maksa (L\u0113mums un cenr\u0101dis (.pdf)) Al\u016bksnes novada muzeja maksas pakalpojumi&#8230;<br \/><a class=\"read-more-button\" href=\"https:\/\/aluksne.lv\/index.php\/pasvaldiba\/pakalpojumi\/kultura-sports\/\">Las\u012bt visu<\/a><\/p>\n","protected":false},"author":1,"featured_media":0,"parent":383,"menu_order":0,"comment_status":"closed","ping_status":"closed","template":"","meta":{"_crdt_document":"","_monsterinsights_skip_tracking":false,"_monsterinsights_sitenote_active":false,"_monsterinsights_sitenote_note":"","_monsterinsights_sitenote_category":0,"footnotes":"","_links_to":"","_links_to_target":""},"class_list":["post-4264","page","type-page","status-publish","hentry"],"_links":{"self":[{"href":"https:\/\/aluksne.lv\/index.php\/wp-json\/wp\/v2\/pages\/4264","targetHints":{"allow":["GET"]}}],"collection":[{"href":"https:\/\/aluksne.lv\/index.php\/wp-json\/wp\/v2\/pages"}],"about":[{"href":"https:\/\/aluksne.lv\/index.php\/wp-json\/wp\/v2\/types\/page"}],"author":[{"embeddable":true,"href":"https:\/\/aluksne.lv\/index.php\/wp-json\/wp\/v2\/users\/1"}],"replies":[{"embeddable":true,"href":"https:\/\/aluksne.lv\/index.php\/wp-json\/wp\/v2\/comments?post=4264"}],"version-history":[{"count":0,"href":"https:\/\/aluksne.lv\/index.php\/wp-json\/wp\/v2\/pages\/4264\/revisions"}],"up":[{"embeddable":true,"href":"https:\/\/aluksne.lv\/index.php\/wp-json\/wp\/v2\/pages\/383"}],"wp:attachment":[{"href":"https:\/\/aluksne.lv\/index.php\/wp-json\/wp\/v2\/media?parent=4264"}],"curies":[{"name":"wp","href":"https:\/\/api.w.org\/{rel}","templated":true}]}}