{"id":4276,"date":"2018-02-28T09:38:53","date_gmt":"2018-02-28T09:38:53","guid":{"rendered":"http:\/\/aluksne.lv\/?page_id=4276"},"modified":"2025-04-21T13:58:34","modified_gmt":"2025-04-21T10:58:34","slug":"nekustamais-ipasums","status":"publish","type":"page","link":"https:\/\/aluksne.lv\/index.php\/pasvaldiba\/pakalpojumi\/nekustamais-ipasums\/","title":{"rendered":"Nekustamais \u012bpa\u0161ums"},"content":{"rendered":"<div id=\"pl-4276\"  class=\"panel-layout\" ><div id=\"pg-4276-0\"  class=\"panel-grid panel-no-style\" ><div id=\"pgc-4276-0-0\"  class=\"panel-grid-cell\" ><div id=\"panel-4276-0-0-0\" class=\"so-panel widget widget_sow-editor panel-first-child panel-last-child\" data-index=\"0\" ><div\n\t\t\t\n\t\t\tclass=\"so-widget-sow-editor so-widget-sow-editor-base\"\n\t\t\t\n\t\t>\n<div class=\"siteorigin-widget-tinymce textwidget\">\n\t<p>&nbsp;<\/p>\n<h4><a href=\"https:\/\/latvija.gov.lv\/Services\/10834\">Apb\u016bv\u0113tas Al\u016bksnes novada pa\u0161vald\u012bbai piedero\u0161as vai piekr\u012bto\u0161as zemes noma<\/a><\/h4>\n<h4><a href=\"https:\/\/latvija.gov.lv\/Services\/10832\">Apgr\u016btin\u0101jumu pl\u0101nu saska\u0146o\u0161ana<\/a><\/h4>\n<h4><a href=\"https:\/\/latvija.gov.lv\/Services\/10849\">Augstas detaliz\u0101cijas topogr\u0101fisk\u0101s inform\u0101cijas sa\u0146em\u0161ana no topogr\u0101fisk\u0101s inform\u0101cijas datub\u0101zes<\/a><\/h4>\n<h4><a href=\"https:\/\/latvija.gov.lv\/Services\/10850\">At\u013caujas sa\u0146em\u0161ana koku cir\u0161anai \u0101rpus me\u017ea<\/a><\/h4>\n<h4><a href=\"https:\/\/latvija.gov.lv\/Services\/10852\" target=\"_blank\" rel=\"noopener noreferrer\">Dz\u012bvojamo m\u0101ju p\u0101rvald\u012b\u0161anas ties\u012bbu p\u0101r\u0146em\u0161ana<\/a><\/h4>\n<h4><a href=\"https:\/\/latvija.gov.lv\/Services\/8116\">\u00a0Pazi\u0146ojums par apr\u0113\u0137in\u0101to nekustam\u0101 \u012bpa\u0161uma nodokli<\/a><\/h4>\n<h4><a href=\"https:\/\/latvija.gov.lv\/Services\/11942\" target=\"_blank\" rel=\"noopener noreferrer\">Izzi\u0146as sa\u0146em\u0161ana par dar\u012bjumiem ar lauksaimniec\u012bbas zemi<\/a><\/h4>\n<h4><a href=\"https:\/\/latvija.gov.lv\/Services\/10854\" target=\"_blank\" rel=\"noopener noreferrer\">Izzi\u0146as sa\u0146em\u0161ana par zemes vien\u012bbas at\u013cauto izmanto\u0161anu saska\u0146\u0101 ar teritorijas pl\u0101nojumu<\/a><\/h4>\n<h4><a href=\"https:\/\/latvija.gov.lv\/Services\/11940\" target=\"_blank\" rel=\"noopener noreferrer\">Nekustam\u0101 \u012bpa\u0161uma adreses pie\u0161\u0137ir\u0161ana, mai\u0146a, preciz\u0113\u0161ana vai likvid\u0113\u0161ana<\/a><\/h4>\n<h4><a href=\"https:\/\/latvija.gov.lv\/Services\/10869\" target=\"_blank\" rel=\"noopener noreferrer\">Nekustam\u0101 \u012bpa\u0161uma lieto\u0161anas m\u0113r\u0137u noteik\u0161ana<\/a><\/h4>\n<h4><a href=\"https:\/\/latvija.gov.lv\/Services\/11931\" target=\"_blank\" rel=\"noopener noreferrer\">Nekustamo \u012bpa\u0161umu sadal\u012b\u0161ana un\/vai apvieno\u0161ana<\/a><\/h4>\n<h4><a href=\"https:\/\/latvija.gov.lv\/Services\/10867\">Neapb\u016bv\u0113tas lauksaimniec\u012bb\u0101 izmantojamas zemes iznom\u0101\u0161ana<\/a><\/h4>\n<h4><a href=\"https:\/\/latvija.gov.lv\/Services\/10868\">Nedz\u012bvojamo telpu iznom\u0101\u0161ana<\/a><\/h4>\n<h4><a href=\"https:\/\/latvija.gov.lv\/Services\/10874\">Pa\u0161vald\u012bbas \u012bpa\u0161uma objektu atsavin\u0101\u0161ana<\/a><\/h4>\n<h4><a href=\"https:\/\/latvija.gov.lv\/Services\/7521\">Topogr\u0101fisko pl\u0101nu saska\u0146o\u0161ana<\/a><\/h4>\n<h4><a href=\"https:\/\/latvija.gov.lv\/Services\/11939\">Uzm\u0113r\u012btu zemes gabalu plat\u012bbu apstiprin\u0101\u0161ana<\/a><\/h4>\n<h4><a href=\"https:\/\/latvija.gov.lv\/Services\/10897\">Vieno\u0161an\u0101s par zemes gabalu nodo\u0161anu \u012bpa\u0161um\u0101 bez atl\u012bdz\u012bbas<\/a><\/h4>\n<h4><a href=\"https:\/\/latvija.gov.lv\/Services\/11937\">Zemes ier\u012bc\u012bbas projektu apstiprin\u0101\u0161ana<\/a><\/h4>\n<h4><a href=\"https:\/\/latvija.gov.lv\/Services\/11926\" target=\"_blank\" rel=\"noopener noreferrer\">Zemes ier\u012bc\u012bbas projektu nosac\u012bjumu izsnieg\u0161ana<\/a><\/h4>\n<h4><a href=\"https:\/\/latvija.gov.lv\/Services\/10899\">Zemes pagaidu iznom\u0101\u0161ana sak\u0146u d\u0101rza ier\u012bko\u0161anai<\/a><\/h4>\n<\/div>\n<\/div><\/div><\/div><div id=\"pgc-4276-0-1\"  class=\"panel-grid-cell\" ><div id=\"panel-4276-0-1-0\" class=\"so-panel widget panel-first-child panel-last-child\" data-index=\"1\" ><\/div><\/div><\/div><\/div>","protected":false},"excerpt":{"rendered":"<p>&nbsp; Apb\u016bv\u0113tas Al\u016bksnes novada pa\u0161vald\u012bbai piedero\u0161as vai piekr\u012bto\u0161as zemes noma Apgr\u016btin\u0101jumu pl\u0101nu saska\u0146o\u0161ana Augstas detaliz\u0101cijas topogr\u0101fisk\u0101s inform\u0101cijas sa\u0146em\u0161ana no topogr\u0101fisk\u0101s inform\u0101cijas datub\u0101zes At\u013caujas sa\u0146em\u0161ana koku cir\u0161anai \u0101rpus me\u017ea Dz\u012bvojamo m\u0101ju p\u0101rvald\u012b\u0161anas ties\u012bbu p\u0101r\u0146em\u0161ana \u00a0Pazi\u0146ojums par apr\u0113\u0137in\u0101to nekustam\u0101 \u012bpa\u0161uma nodokli Izzi\u0146as&#8230;<br \/><a class=\"read-more-button\" href=\"https:\/\/aluksne.lv\/index.php\/pasvaldiba\/pakalpojumi\/nekustamais-ipasums\/\">Las\u012bt visu<\/a><\/p>\n","protected":false},"author":1,"featured_media":0,"parent":383,"menu_order":0,"comment_status":"closed","ping_status":"closed","template":"","meta":{"_crdt_document":"","_monsterinsights_skip_tracking":false,"_monsterinsights_sitenote_active":false,"_monsterinsights_sitenote_note":"","_monsterinsights_sitenote_category":0,"footnotes":"","_links_to":"","_links_to_target":""},"class_list":["post-4276","page","type-page","status-publish","hentry"],"_links":{"self":[{"href":"https:\/\/aluksne.lv\/index.php\/wp-json\/wp\/v2\/pages\/4276","targetHints":{"allow":["GET"]}}],"collection":[{"href":"https:\/\/aluksne.lv\/index.php\/wp-json\/wp\/v2\/pages"}],"about":[{"href":"https:\/\/aluksne.lv\/index.php\/wp-json\/wp\/v2\/types\/page"}],"author":[{"embeddable":true,"href":"https:\/\/aluksne.lv\/index.php\/wp-json\/wp\/v2\/users\/1"}],"replies":[{"embeddable":true,"href":"https:\/\/aluksne.lv\/index.php\/wp-json\/wp\/v2\/comments?post=4276"}],"version-history":[{"count":0,"href":"https:\/\/aluksne.lv\/index.php\/wp-json\/wp\/v2\/pages\/4276\/revisions"}],"up":[{"embeddable":true,"href":"https:\/\/aluksne.lv\/index.php\/wp-json\/wp\/v2\/pages\/383"}],"wp:attachment":[{"href":"https:\/\/aluksne.lv\/index.php\/wp-json\/wp\/v2\/media?parent=4276"}],"curies":[{"name":"wp","href":"https:\/\/api.w.org\/{rel}","templated":true}]}}