{"id":4280,"date":"2018-02-28T09:42:32","date_gmt":"2018-02-28T09:42:32","guid":{"rendered":"http:\/\/aluksne.lv\/?page_id=4280"},"modified":"2025-04-04T09:05:28","modified_gmt":"2025-04-04T06:05:28","slug":"pasvaldibas-atlaujas","status":"publish","type":"page","link":"https:\/\/aluksne.lv\/index.php\/pasvaldiba\/pakalpojumi\/pasvaldibas-atlaujas\/","title":{"rendered":"Pa\u0161vald\u012bbas at\u013caujas, licences"},"content":{"rendered":"<div id=\"pl-4280\"  class=\"panel-layout\" ><div id=\"pg-4280-0\"  class=\"panel-grid panel-no-style\" ><div id=\"pgc-4280-0-0\"  class=\"panel-grid-cell\" ><div id=\"panel-4280-0-0-0\" class=\"so-panel widget widget_sow-editor panel-first-child panel-last-child\" data-index=\"0\" ><div\n\t\t\t\n\t\t\tclass=\"so-widget-sow-editor so-widget-sow-editor-base\"\n\t\t\t\n\t\t>\n<div class=\"siteorigin-widget-tinymce textwidget\">\n\t<h4><a href=\"https:\/\/latvija.gov.lv\/Services\/10847\">At\u013caujas sa\u0146em\u0161ana v\u012bna, raudz\u0113to dz\u0113rienu vai p\u0101r\u0113jo alkoholisko dz\u0113rienu ra\u017eo\u0161anai<\/a><\/h4>\n<h4><a href=\"https:\/\/latvija.gov.lv\/Services\/7497\" target=\"_blank\" rel=\"noopener noreferrer\">At\u013caujas sa\u0146em\u0161ana autotransporta iebrauk\u0161anai noteikt\u0101s Al\u016bksnes pils\u0113tas teritorij\u0101s<\/a><\/h4>\n<h4><a href=\"https:\/\/latvija.gov.lv\/Services\/10835\">At\u013caujas sa\u0146em\u0161ana bie\u017ei sastopamo der\u012bgo izrakte\u0146u ieguvei<\/a><\/h4>\n<h4><a href=\"https:\/\/latvija.gov.lv\/Services\/10844\" target=\"_blank\" rel=\"noopener noreferrer\">At\u013caujas sa\u0146em\u0161ana pa\u0161vald\u012bbas simbolikas lieto\u0161anai<\/a><\/h4>\n<h4><a href=\"https:\/\/latvija.gov.lv\/Services\/8795\">At\u013caujas sa\u0146em\u0161ana azartsp\u0113\u013cu organiz\u0113\u0161anai<\/a><\/h4>\n<h4><a href=\"https:\/\/latvija.gov.lv\/Services\/6949\" target=\"_blank\" rel=\"noopener noreferrer\">Speci\u0101l\u0101s at\u013caujas (licences) sa\u0146em\u0161ana krem\u0101cijas darb\u012bbai<\/a><\/h4>\n<h4><a href=\"https:\/\/latvija.gov.lv\/Services\/10842\" target=\"_blank\" rel=\"noopener noreferrer\">At\u013caujas sa\u0146em\u0161ana ielu tirdzniec\u012bbai<\/a><\/h4>\n<h4><a href=\"https:\/\/latvija.gov.lv\/Services\/10843\">At\u013caujas sa\u0146em\u0161ana ielu tirdzniec\u012bbas organiz\u0113\u0161anai<\/a><\/h4>\n<h4><a href=\"https:\/\/latvija.gov.lv\/Services\/10845\">At\u013caujas sa\u0146em\u0161ana publisku pas\u0101kumu organiz\u0113\u0161anai<\/a><\/h4>\n<h4><a href=\"https:\/\/latvija.gov.lv\/Services\/7520\" target=\"_blank\" rel=\"noopener noreferrer\">Speci\u0101l\u0101s at\u013caujas (licences) sa\u0146em\u0161ana komercdarb\u012bbai zvejniec\u012bb\u0101 iek\u0161\u0113jos \u016bde\u0146os<\/a><\/h4>\n<h4><a href=\"https:\/\/latvija.gov.lv\/Services\/7500\" target=\"_blank\" rel=\"noopener noreferrer\">At\u013caujas sa\u0146em\u0161ana otr\u0101s kategorijas \u0161autuves darb\u012bbai pa\u0161vald\u012bb\u0101<\/a><\/h4>\n<h4><a href=\"https:\/\/latvija.gov.lv\/Services\/10856\" target=\"_blank\" rel=\"noopener noreferrer\">Licences sa\u0146em\u0161ana intere\u0161u vai pieaugu\u0161o neform\u0101l\u0101s izgl\u012bt\u012bbas programmu \u012bsteno\u0161anai<\/a><\/h4>\n<p>&nbsp;<\/p>\n<\/div>\n<\/div><\/div><\/div><div id=\"pgc-4280-0-1\"  class=\"panel-grid-cell\" ><div id=\"panel-4280-0-1-0\" class=\"so-panel widget panel-first-child panel-last-child\" data-index=\"1\" ><\/div><\/div><\/div><\/div>","protected":false},"excerpt":{"rendered":"<p>At\u013caujas sa\u0146em\u0161ana v\u012bna, raudz\u0113to dz\u0113rienu vai p\u0101r\u0113jo alkoholisko dz\u0113rienu ra\u017eo\u0161anai At\u013caujas sa\u0146em\u0161ana autotransporta iebrauk\u0161anai noteikt\u0101s Al\u016bksnes pils\u0113tas teritorij\u0101s At\u013caujas sa\u0146em\u0161ana bie\u017ei sastopamo der\u012bgo izrakte\u0146u ieguvei At\u013caujas sa\u0146em\u0161ana pa\u0161vald\u012bbas simbolikas lieto\u0161anai At\u013caujas sa\u0146em\u0161ana azartsp\u0113\u013cu organiz\u0113\u0161anai Speci\u0101l\u0101s at\u013caujas (licences) sa\u0146em\u0161ana krem\u0101cijas darb\u012bbai&#8230;<br \/><a class=\"read-more-button\" href=\"https:\/\/aluksne.lv\/index.php\/pasvaldiba\/pakalpojumi\/pasvaldibas-atlaujas\/\">Las\u012bt visu<\/a><\/p>\n","protected":false},"author":1,"featured_media":0,"parent":383,"menu_order":0,"comment_status":"closed","ping_status":"closed","template":"","meta":{"_crdt_document":"","_monsterinsights_skip_tracking":false,"_monsterinsights_sitenote_active":false,"_monsterinsights_sitenote_note":"","_monsterinsights_sitenote_category":0,"footnotes":"","_links_to":"","_links_to_target":""},"class_list":["post-4280","page","type-page","status-publish","hentry"],"_links":{"self":[{"href":"https:\/\/aluksne.lv\/index.php\/wp-json\/wp\/v2\/pages\/4280","targetHints":{"allow":["GET"]}}],"collection":[{"href":"https:\/\/aluksne.lv\/index.php\/wp-json\/wp\/v2\/pages"}],"about":[{"href":"https:\/\/aluksne.lv\/index.php\/wp-json\/wp\/v2\/types\/page"}],"author":[{"embeddable":true,"href":"https:\/\/aluksne.lv\/index.php\/wp-json\/wp\/v2\/users\/1"}],"replies":[{"embeddable":true,"href":"https:\/\/aluksne.lv\/index.php\/wp-json\/wp\/v2\/comments?post=4280"}],"version-history":[{"count":0,"href":"https:\/\/aluksne.lv\/index.php\/wp-json\/wp\/v2\/pages\/4280\/revisions"}],"up":[{"embeddable":true,"href":"https:\/\/aluksne.lv\/index.php\/wp-json\/wp\/v2\/pages\/383"}],"wp:attachment":[{"href":"https:\/\/aluksne.lv\/index.php\/wp-json\/wp\/v2\/media?parent=4280"}],"curies":[{"name":"wp","href":"https:\/\/api.w.org\/{rel}","templated":true}]}}