{"id":4282,"date":"2018-02-28T09:45:21","date_gmt":"2018-02-28T09:45:21","guid":{"rendered":"http:\/\/aluksne.lv\/?page_id=4282"},"modified":"2024-01-16T22:46:51","modified_gmt":"2024-01-16T20:46:51","slug":"publisku-pasakumu-organizesana","status":"publish","type":"page","link":"https:\/\/aluksne.lv\/index.php\/pasvaldiba\/pakalpojumi\/publisku-pasakumu-organizesana\/","title":{"rendered":"Publisku pas\u0101kumu organiz\u0113\u0161ana"},"content":{"rendered":"<div id=\"pl-4282\"  class=\"panel-layout\" ><div id=\"pg-4282-0\"  class=\"panel-grid panel-no-style\" ><div id=\"pgc-4282-0-0\"  class=\"panel-grid-cell\" ><div id=\"panel-4282-0-0-0\" class=\"so-panel widget widget_sow-editor panel-first-child panel-last-child\" data-index=\"0\" ><div\n\t\t\t\n\t\t\tclass=\"so-widget-sow-editor so-widget-sow-editor-base\"\n\t\t\t\n\t\t>\n<div class=\"siteorigin-widget-tinymce textwidget\">\n\t<h4><a href=\"https:\/\/latvija.gov.lv\/Services\/10845\">At\u013caujas sa\u0146em\u0161ana publisku pas\u0101kumu r\u012bko\u0161anai<\/a><\/h4>\n<h4><a href=\"https:\/\/latvija.gov.lv\/Services\/10884\">Saska\u0146ojuma sa\u0146em\u0161ana sapul\u010du, g\u0101jienu un piketu organiz\u0113\u0161anai<\/a><\/h4>\n<\/div>\n<\/div><\/div><\/div><div id=\"pgc-4282-0-1\"  class=\"panel-grid-cell\" ><div id=\"panel-4282-0-1-0\" class=\"so-panel widget panel-first-child panel-last-child\" data-index=\"1\" ><\/div><\/div><\/div><\/div>","protected":false},"excerpt":{"rendered":"<p>At\u013caujas sa\u0146em\u0161ana publisku pas\u0101kumu r\u012bko\u0161anai Saska\u0146ojuma sa\u0146em\u0161ana sapul\u010du, g\u0101jienu un piketu organiz\u0113\u0161anai<\/p>\n","protected":false},"author":1,"featured_media":0,"parent":383,"menu_order":0,"comment_status":"closed","ping_status":"closed","template":"","meta":{"_crdt_document":"","_monsterinsights_skip_tracking":false,"_monsterinsights_sitenote_active":false,"_monsterinsights_sitenote_note":"","_monsterinsights_sitenote_category":0,"footnotes":"","_links_to":"","_links_to_target":""},"class_list":["post-4282","page","type-page","status-publish","hentry"],"_links":{"self":[{"href":"https:\/\/aluksne.lv\/index.php\/wp-json\/wp\/v2\/pages\/4282","targetHints":{"allow":["GET"]}}],"collection":[{"href":"https:\/\/aluksne.lv\/index.php\/wp-json\/wp\/v2\/pages"}],"about":[{"href":"https:\/\/aluksne.lv\/index.php\/wp-json\/wp\/v2\/types\/page"}],"author":[{"embeddable":true,"href":"https:\/\/aluksne.lv\/index.php\/wp-json\/wp\/v2\/users\/1"}],"replies":[{"embeddable":true,"href":"https:\/\/aluksne.lv\/index.php\/wp-json\/wp\/v2\/comments?post=4282"}],"version-history":[{"count":0,"href":"https:\/\/aluksne.lv\/index.php\/wp-json\/wp\/v2\/pages\/4282\/revisions"}],"up":[{"embeddable":true,"href":"https:\/\/aluksne.lv\/index.php\/wp-json\/wp\/v2\/pages\/383"}],"wp:attachment":[{"href":"https:\/\/aluksne.lv\/index.php\/wp-json\/wp\/v2\/media?parent=4282"}],"curies":[{"name":"wp","href":"https:\/\/api.w.org\/{rel}","templated":true}]}}