{"id":4286,"date":"2018-02-28T09:47:56","date_gmt":"2018-02-28T09:47:56","guid":{"rendered":"http:\/\/aluksne.lv\/?page_id=4286"},"modified":"2024-01-20T13:58:11","modified_gmt":"2024-01-20T11:58:11","slug":"sazina-ar-pasvaldibu","status":"publish","type":"page","link":"https:\/\/aluksne.lv\/index.php\/pasvaldiba\/pakalpojumi\/sazina-ar-pasvaldibu\/","title":{"rendered":"Sazi\u0146a ar pa\u0161vald\u012bbu"},"content":{"rendered":"<div id=\"pl-4286\"  class=\"panel-layout\" ><div id=\"pg-4286-0\"  class=\"panel-grid panel-no-style\" ><div id=\"pgc-4286-0-0\"  class=\"panel-grid-cell\" ><div id=\"panel-4286-0-0-0\" class=\"so-panel widget widget_sow-editor panel-first-child panel-last-child\" data-index=\"0\" ><div\n\t\t\t\n\t\t\tclass=\"so-widget-sow-editor so-widget-sow-editor-base\"\n\t\t\t\n\t\t>\n<div class=\"siteorigin-widget-tinymce textwidget\">\n\t<p>&nbsp;<\/p>\n<h4><a href=\"https:\/\/latvija.gov.lv\/Services\/10883\" target=\"_blank\" rel=\"noopener noreferrer\">Priek\u0161likuma, s\u016bdz\u012bbas, jaut\u0101juma vai l\u016bguma pie\u0146em\u0161ana un izskat\u012b\u0161ana<\/a><\/h4>\n<h4><a href=\"https:\/\/latvija.gov.lv\/Services\/10855\" target=\"_blank\" rel=\"noopener noreferrer\">Konsult\u0101cijas un visp\u0101r\u012bg\u0101s inform\u0101cijas sa\u0146em\u0161ana par Al\u016bksnes novada pa\u0161vald\u012bbas kompetenc\u0113 eso\u0161ajiem jaut\u0101jumiem<\/a><\/h4>\n<h4><a href=\"https:\/\/latvija.gov.lv\/Services\/11919\" target=\"_blank\" rel=\"noopener noreferrer\">Pa\u0161vald\u012bbas dokumentu kopiju, arh\u012bva inform\u0101cijas un izrakstu sa\u0146em\u0161ana<\/a><\/h4>\n<\/div>\n<\/div><\/div><\/div><div id=\"pgc-4286-0-1\"  class=\"panel-grid-cell\" ><div id=\"panel-4286-0-1-0\" class=\"so-panel widget panel-first-child panel-last-child\" data-index=\"1\" ><\/div><\/div><\/div><\/div>","protected":false},"excerpt":{"rendered":"<p>&nbsp; Priek\u0161likuma, s\u016bdz\u012bbas, jaut\u0101juma vai l\u016bguma pie\u0146em\u0161ana un izskat\u012b\u0161ana Konsult\u0101cijas un visp\u0101r\u012bg\u0101s inform\u0101cijas sa\u0146em\u0161ana par Al\u016bksnes novada pa\u0161vald\u012bbas kompetenc\u0113 eso\u0161ajiem jaut\u0101jumiem Pa\u0161vald\u012bbas dokumentu kopiju, arh\u012bva inform\u0101cijas un izrakstu sa\u0146em\u0161ana<\/p>\n","protected":false},"author":1,"featured_media":0,"parent":383,"menu_order":0,"comment_status":"closed","ping_status":"closed","template":"","meta":{"_crdt_document":"","_monsterinsights_skip_tracking":false,"_monsterinsights_sitenote_active":false,"_monsterinsights_sitenote_note":"","_monsterinsights_sitenote_category":0,"footnotes":"","_links_to":"","_links_to_target":""},"class_list":["post-4286","page","type-page","status-publish","hentry"],"_links":{"self":[{"href":"https:\/\/aluksne.lv\/index.php\/wp-json\/wp\/v2\/pages\/4286","targetHints":{"allow":["GET"]}}],"collection":[{"href":"https:\/\/aluksne.lv\/index.php\/wp-json\/wp\/v2\/pages"}],"about":[{"href":"https:\/\/aluksne.lv\/index.php\/wp-json\/wp\/v2\/types\/page"}],"author":[{"embeddable":true,"href":"https:\/\/aluksne.lv\/index.php\/wp-json\/wp\/v2\/users\/1"}],"replies":[{"embeddable":true,"href":"https:\/\/aluksne.lv\/index.php\/wp-json\/wp\/v2\/comments?post=4286"}],"version-history":[{"count":0,"href":"https:\/\/aluksne.lv\/index.php\/wp-json\/wp\/v2\/pages\/4286\/revisions"}],"up":[{"embeddable":true,"href":"https:\/\/aluksne.lv\/index.php\/wp-json\/wp\/v2\/pages\/383"}],"wp:attachment":[{"href":"https:\/\/aluksne.lv\/index.php\/wp-json\/wp\/v2\/media?parent=4286"}],"curies":[{"name":"wp","href":"https:\/\/api.w.org\/{rel}","templated":true}]}}