{"id":4288,"date":"2018-02-28T09:54:09","date_gmt":"2018-02-28T09:54:09","guid":{"rendered":"http:\/\/aluksne.lv\/?page_id=4288"},"modified":"2024-04-09T14:51:51","modified_gmt":"2024-04-09T11:51:51","slug":"socialie-pakalpojumi","status":"publish","type":"page","link":"https:\/\/aluksne.lv\/index.php\/pasvaldiba\/pakalpojumi\/socialie-pakalpojumi\/","title":{"rendered":"Soci\u0101l\u0101 pal\u012bdz\u012bba un soci\u0101lie pakalpojumi"},"content":{"rendered":"<div id=\"pl-4288\"  class=\"panel-layout\" ><div id=\"pg-4288-0\"  class=\"panel-grid panel-no-style\" ><div id=\"pgc-4288-0-0\"  class=\"panel-grid-cell\" ><div id=\"panel-4288-0-0-0\" class=\"so-panel widget widget_sow-editor panel-first-child panel-last-child\" data-index=\"0\" ><div\n\t\t\t\n\t\t\tclass=\"so-widget-sow-editor so-widget-sow-editor-base\"\n\t\t\t\n\t\t>\n<div class=\"siteorigin-widget-tinymce textwidget\">\n\t<h4><a href=\"https:\/\/latvija.gov.lv\/Services\/11898\">Apbed\u012b\u0161anas pabalsta pie\u0161\u0137ir\u0161ana<\/a><\/h4>\n<h4><a href=\"https:\/\/latvija.gov.lv\/Services\/9315\" target=\"_blank\" rel=\"noopener noreferrer\">Atbalsta grupas pakalpojuma sa\u0146em\u0161ana pieaugu\u0161\u0101m person\u0101m un b\u0113rniem<\/a><\/h4>\n<h4><a href=\"https:\/\/latvija.gov.lv\/Services\/7073\">Asistenta pakalpojuma sa\u0146em\u0161ana person\u0101m ar invalidit\u0101ti<\/a><\/h4>\n<h4><a href=\"https:\/\/latvija.gov.lv\/Services\/9311\">Dienas apr\u016bpes centra pakalpojuma sa\u0146em\u0161ana<\/a><\/h4>\n<h4><a href=\"https:\/\/latvija.gov.lv\/Services\/9313\">Ilgsto\u0161as soci\u0101l\u0101s apr\u016bpes un soci\u0101l\u0101s rehabilit\u0101cijas pakalpojums b\u0113rniem instit\u016bcij\u0101<\/a><\/h4>\n<h4><a href=\"https:\/\/latvija.gov.lv\/Services\/9312\" target=\"_blank\" rel=\"noopener noreferrer\">Ilgsto\u0161as soci\u0101l\u0101s apr\u016bpes un soci\u0101l\u0101s rehabilit\u0101cijas pakalpojums pilngad\u012bgai personai instit\u016bcij\u0101<\/a><\/h4>\n<h4><a href=\"https:\/\/latvija.gov.lv\/Services\/11884\">M\u0101jok\u013ca pabalsta sa\u0146em\u0161ana<\/a><\/h4>\n<h4><a href=\"https:\/\/latvija.gov.lv\/Services\/7074\" target=\"_blank\" rel=\"noopener noreferrer\">No valsts bud\u017eeta finans\u0113ti pakalpojumi vardarb\u012bbu veiku\u0161\u0101m person\u0101m<\/a><\/h4>\n<h4><a href=\"https:\/\/latvija.gov.lv\/Services\/6283\" target=\"_blank\" rel=\"noopener noreferrer\">No valsts bud\u017eeta finans\u0113ti soci\u0101l\u0101s rehabilit\u0101cijas pakalpojumi no psihoakt\u012bv\u0101m viel\u0101m atkar\u012bg\u0101m person\u0101m<\/a><\/h4>\n<h4><a href=\"https:\/\/latvija.gov.lv\/Services\/11897\" target=\"_blank\" rel=\"noopener noreferrer\">Pa\u0161vald\u012bbas atbalsts b\u0101renim un bez vec\u0101ku g\u0101d\u012bbas paliku\u0161ajam b\u0113rnam<\/a><\/h4>\n<h4><a href=\"https:\/\/latvija.gov.lv\/Services\/11896\" target=\"_blank\" rel=\"noopener noreferrer\">Pa\u0161vald\u012bbas atbalsts aud\u017eu\u0123imenei\/specializ\u0113tajai aud\u017eu\u0123imenei<\/a><\/h4>\n<h4><a href=\"https:\/\/latvija.gov.lv\/Services\/11900\">Pabalsta sa\u0146em\u0161ana b\u0113rna \u0113din\u0101\u0161anai izgl\u012bt\u012bbas iest\u0101d\u0113<\/a><\/h4>\n<h4><a href=\"https:\/\/latvija.gov.lv\/Services\/11902\" target=\"_blank\" rel=\"noopener noreferrer\">Pabalsta sa\u0146em\u0161ana garant\u0113t\u0101 minim\u0101l\u0101 ien\u0101kuma l\u012bme\u0146a nodro\u0161in\u0101\u0161anai<\/a><\/h4>\n<h4><a href=\"https:\/\/latvija.gov.lv\/Services\/11908\" target=\"_blank\" rel=\"noopener noreferrer\">Pa\u0161vald\u012bbas pabalsta sa\u0146em\u0161ana kr\u012bzes situ\u0101cij\u0101<\/a><\/h4>\n<h4><a href=\"https:\/\/latvija.gov.lv\/Services\/11901\">Pabalsta sa\u0146em\u0161ana mazg\u0101\u0161an\u0101s pakalpojuma apmaksai<\/a><\/h4>\n<h4><a href=\"https:\/\/latvija.gov.lv\/Services\/11903\" target=\"_blank\" rel=\"noopener noreferrer\">Pabalsta sa\u0146em\u0161ana soci\u0101l\u0101s rehabilit\u0101cijas m\u0113r\u0137u sasnieg\u0161anai <\/a><\/h4>\n<h4><a href=\"https:\/\/latvija.gov.lv\/Services\/11905\" target=\"_blank\" rel=\"noopener noreferrer\">Pabalsta sa\u0146em\u0161ana ve\u013cas mazg\u0101\u0161anas pakalpojuma apmaksai<\/a><\/h4>\n<h4><a href=\"https:\/\/latvija.gov.lv\/Services\/11906\" target=\"_blank\" rel=\"noopener noreferrer\">Pabalsta sa\u0146em\u0161ana vesel\u012bbas apr\u016bpes pakalpojumu apmaksai<\/a><\/h4>\n<h4><a href=\"https:\/\/latvija.gov.lv\/Services\/8426\">Pabalsts politiski repres\u0113t\u0101m person\u0101m Al\u016bksnes novad\u0101<\/a><\/h4>\n<h4><a href=\"https:\/\/latvija.gov.lv\/Services\/7496\">Pakalpojuma \"Apr\u016bpe m\u0101j\u0101s\" sa\u0146em\u0161ana<\/a><\/h4>\n<h4><a href=\"https:\/\/latvija.gov.lv\/Services\/8119\">Soci\u0101l\u0101 darba pakalpojuma sa\u0146em\u0161ana<\/a><\/h4>\n<h4><a href=\"https:\/\/latvija.gov.lv\/Services\/7072\" target=\"_blank\" rel=\"noopener noreferrer\">Soci\u0101l\u0101s rehabilit\u0101cijas pakalpojuma sa\u0146em\u0161ana soci\u0101l\u0101s rehabilit\u0101cijas instit\u016bcij\u0101<\/a><\/h4>\n<h4><a href=\"https:\/\/latvija.gov.lv\/Services\/7075\" target=\"_blank\" rel=\"noopener noreferrer\">Soci\u0101l\u0101s rehabilit\u0101cijas pakalpojums b\u0113rnam, kur\u0161 cietis no prettiesisk\u0101m darb\u012bb\u0101m<\/a><\/h4>\n<h4><a href=\"https:\/\/latvija.gov.lv\/Services\/11910\" target=\"_blank\" rel=\"noopener noreferrer\">Tr\u016bc\u012bgas vai maznodro\u0161in\u0101t\u0101s m\u0101jsaimniec\u012bbas statusa sa\u0146em\u0161ana<\/a><\/h4>\n<h4><\/h4>\n<h4><\/h4>\n<\/div>\n<\/div><\/div><\/div><div id=\"pgc-4288-0-1\"  class=\"panel-grid-cell\" ><div id=\"panel-4288-0-1-0\" class=\"so-panel widget panel-first-child panel-last-child\" data-index=\"1\" ><\/div><\/div><\/div><\/div>","protected":false},"excerpt":{"rendered":"<p>Apbed\u012b\u0161anas pabalsta pie\u0161\u0137ir\u0161ana Atbalsta grupas pakalpojuma sa\u0146em\u0161ana pieaugu\u0161\u0101m person\u0101m un b\u0113rniem Asistenta pakalpojuma sa\u0146em\u0161ana person\u0101m ar invalidit\u0101ti Dienas apr\u016bpes centra pakalpojuma sa\u0146em\u0161ana Ilgsto\u0161as soci\u0101l\u0101s apr\u016bpes un soci\u0101l\u0101s rehabilit\u0101cijas pakalpojums b\u0113rniem instit\u016bcij\u0101 Ilgsto\u0161as soci\u0101l\u0101s apr\u016bpes un soci\u0101l\u0101s rehabilit\u0101cijas pakalpojums pilngad\u012bgai personai&#8230;<br \/><a class=\"read-more-button\" href=\"https:\/\/aluksne.lv\/index.php\/pasvaldiba\/pakalpojumi\/socialie-pakalpojumi\/\">Las\u012bt visu<\/a><\/p>\n","protected":false},"author":1,"featured_media":0,"parent":383,"menu_order":0,"comment_status":"closed","ping_status":"closed","template":"","meta":{"_crdt_document":"","_monsterinsights_skip_tracking":false,"_monsterinsights_sitenote_active":false,"_monsterinsights_sitenote_note":"","_monsterinsights_sitenote_category":0,"footnotes":"","_links_to":"","_links_to_target":""},"class_list":["post-4288","page","type-page","status-publish","hentry"],"_links":{"self":[{"href":"https:\/\/aluksne.lv\/index.php\/wp-json\/wp\/v2\/pages\/4288","targetHints":{"allow":["GET"]}}],"collection":[{"href":"https:\/\/aluksne.lv\/index.php\/wp-json\/wp\/v2\/pages"}],"about":[{"href":"https:\/\/aluksne.lv\/index.php\/wp-json\/wp\/v2\/types\/page"}],"author":[{"embeddable":true,"href":"https:\/\/aluksne.lv\/index.php\/wp-json\/wp\/v2\/users\/1"}],"replies":[{"embeddable":true,"href":"https:\/\/aluksne.lv\/index.php\/wp-json\/wp\/v2\/comments?post=4288"}],"version-history":[{"count":0,"href":"https:\/\/aluksne.lv\/index.php\/wp-json\/wp\/v2\/pages\/4288\/revisions"}],"up":[{"embeddable":true,"href":"https:\/\/aluksne.lv\/index.php\/wp-json\/wp\/v2\/pages\/383"}],"wp:attachment":[{"href":"https:\/\/aluksne.lv\/index.php\/wp-json\/wp\/v2\/media?parent=4288"}],"curies":[{"name":"wp","href":"https:\/\/api.w.org\/{rel}","templated":true}]}}