{"id":429,"date":"2016-03-15T06:56:51","date_gmt":"2016-03-15T06:56:51","guid":{"rendered":"http:\/\/aluksne.lv\/jauna1\/?page_id=429"},"modified":"2024-07-05T10:00:14","modified_gmt":"2024-07-05T07:00:14","slug":"sabiedribas-lidzdaliba","status":"publish","type":"page","link":"https:\/\/aluksne.lv\/index.php\/sabiedriba\/sabiedribas-lidzdaliba\/","title":{"rendered":"Sabiedr\u012bbas l\u012bdzdal\u012bba"},"content":{"rendered":"<div id=\"pl-429\"  class=\"panel-layout\" ><div id=\"pg-429-0\"  class=\"panel-grid panel-no-style\" ><div id=\"pgc-429-0-0\"  class=\"panel-grid-cell\" ><div id=\"panel-429-0-0-0\" class=\"so-panel widget widget_sow-editor panel-first-child panel-last-child\" data-index=\"0\" ><div\n\t\t\t\n\t\t\tclass=\"so-widget-sow-editor so-widget-sow-editor-base\"\n\t\t\t\n\t\t>\n<div class=\"siteorigin-widget-tinymce textwidget\">\n\t<p>&nbsp;<\/p>\n<table class=\"hoverTable\" style=\"width: 98.8652%;\">\n<tbody>\n<tr style=\"height: 45px;\">\n<td style=\"height: 45px; width: 100%;\"><a href=\"https:\/\/aluksne.lv\/index.php\/sabiedriba\/sabiedribas-lidzdaliba\/saistoso-noteikumu-projektu-apspriesana\/\">Viedok\u013ca izteik\u0161ana par saisto\u0161o noteikumu projektiem<\/a><\/td>\n<td style=\"height: 45px; width: 100%;\"><a href=\"https:\/\/aluksne.lv\/index.php\/lidzdarbibas-ligumi\/\">L\u012bdzdarb\u012bbas l\u012bgumi<\/a><\/td>\n<\/tr>\n<tr style=\"height: 45px;\">\n<td style=\"height: 45px; width: 100%;\"><a href=\"https:\/\/aluksne.lv\/index.php\/sabiedriba\/sabiedribas-lidzdaliba\/iedzivotaju-padome\/\">Iedz\u012bvot\u0101ju padome<\/a><\/td>\n<td style=\"height: 45px; width: 100%;\"><a href=\"https:\/\/aluksne.lv\/index.php\/sabiedriba\/sabiedribas-lidzdaliba\/lidzdalibas-budzets\/\">L\u012bdzdal\u012bbas bud\u017eets<\/a><\/td>\n<\/tr>\n<tr>\n<td style=\"height: 45px; width: 50%;\" width=\"50%\"><a href=\"http:\/\/aluksne.lv\/index.php\/sabiedriba\/sabiedribas-lidzdaliba\/aktualas-sabiedriskas-apspriesanas\/\">Aktu\u0101l\u0101s apsprie\u0161anas<\/a><\/td>\n<td style=\"height: 45px; width: 50%;\" width=\"50%\"><a href=\"http:\/\/aluksne.lv\/index.php\/sabiedriba\/sabiedribas-lidzdaliba\/noslegusas-sabiedriskas-apspriesanas\/\">Nosl\u0113gu\u0161\u0101s apsprie\u0161anas<\/a><\/td>\n<\/tr>\n<tr style=\"height: 45px;\">\n<td style=\"height: 45px; width: 50%;\" width=\"50%\"><a href=\"http:\/\/aluksne.lv\/index.php\/sabiedriba\/sabiedribas-lidzdaliba\/aptaujas\/\">Aptaujas<\/a><\/td>\n<td style=\"width: 50%;\" width=\"50%\"><a href=\"https:\/\/aluksne.lv\/index.php\/sabiedriba\/sabiedribas-lidzdaliba\/noslegusas-aptaujas\/\">Nosl\u0113gu\u0161\u0101s aptaujas<\/a><\/td>\n<\/tr>\n<tr style=\"height: 45px;\">\n<td style=\"width: 50%;\" width=\"50%\"><a href=\"http:\/\/aluksne.lv\/index.php\/sabiedriba\/sabiedribas-lidzdaliba\/pazinojumi\/\">Pazi\u0146ojumi<\/a><\/td>\n<td style=\"width: 50%;\" width=\"50%\"><a href=\"https:\/\/aluksne.lv\/index.php\/sabiedriba\/sabiedribas-lidzdaliba\/kolektivie-iesniegumi\/\">Kolekt\u012bvie iesniegumi<\/a><\/td>\n<\/tr>\n<tr style=\"height: 45px;\">\n<td style=\"height: 45px; width: 50%;\" width=\"50%\"><a href=\"https:\/\/aluksne.lv\/index.php\/2022\/04\/06\/par-lokalplanojuma-kas-groza-aluksnes-novada-teritorijas-planojumu-2015-2027-gadam-izstrades-uzsaksanu\/\">Par lok\u0101lpl\u0101nojuma, kas groza Al\u016bksnes novada teritorijas pl\u0101nojumu 2015.-2027. gadam, izstr\u0101des uzs\u0101k\u0161anu<\/a><\/td>\n<td style=\"width: 50%;\"><a href=\"https:\/\/aluksne.lv\/index.php\/sabiedriba\/sabiedribas-lidzdaliba\/aluksnes-novada-velesanu-komisija-likumprojektu-parakstisana\/\">Al\u016bksnes novada V\u0113l\u0113\u0161anu komisija, likumprojektu parakst\u012b\u0161ana<\/a><\/td>\n<\/tr>\n<\/tbody>\n<\/table>\n<div class=\"glossymenu1\"><\/div>\n<\/div>\n<\/div><\/div><\/div><div id=\"pgc-429-0-1\"  class=\"panel-grid-cell\" >\t\t<style type=\"text\/css\">\n\t\t\t#accordeconck1 { margin:0;padding:0; }\n#accordeconck1 .accordeonck_desc { display:block; }\n#accordeconck1 li.accordeonck { list-style: none;overflow: hidden; margin: 0;}\n#accordeconck1 ul[class^=\"content\"] { margin:0;padding:0;width:auto; }\n#accordeconck1 li.accordeonck > span { position: relative; display: block; }\n#accordeconck1 li.accordeonck.parent > span { padding-right: 20px;}\n#accordeconck1 li.parent > span span.toggler_icon { position: absolute; cursor: pointer; display: block; height: 100%; z-index: 10;right:0; background: url(https:\/\/aluksne.lv\/wp-content\/plugins\/accordeon-menu-ck\/images\/plus.png) center center no-repeat !important;width: 20px;}\n#accordeconck1 li.parent.open > span span.toggler_icon { right:0; background: url(https:\/\/aluksne.lv\/wp-content\/plugins\/accordeon-menu-ck\/images\/minus.png) center center no-repeat !important;}\n#accordeconck1 li.accordeonck.level2 > span { }\n#accordeconck1 li.level3 li.accordeonck > span { }\n#accordeconck1 a.accordeonck { display: block;text-decoration: none; }\n#accordeconck1 a.accordeonck:hover { text-decoration: none; }\n#accordeconck1 li.parent > span a { display: block;outline: none; }\n#accordeconck1 li.parent.open > span a {  }\n#accordeconck1 li.level2.parent > span span.toggler_icon { right:0;display: block;outline: none;background: url(https:\/\/aluksne.lv\/wp-content\/plugins\/accordeon-menu-ck\/images\/plus.png) center center no-repeat !important; }\n#accordeconck1 li.level2.parent.open > span span.toggler_icon { background: url(https:\/\/aluksne.lv\/wp-content\/plugins\/accordeon-menu-ck\/images\/minus.png) center center no-repeat !important; }\n#accordeconck1 li.level2 li.accordeonck.parent > span span.toggler_icon { right:0;display: block;outline: none;background: url(https:\/\/aluksne.lv\/wp-content\/plugins\/accordeon-menu-ck\/images\/plus.png) center center no-repeat !important; }\n#accordeconck1 li.level2 li.accordeonck.open.parent > span span.toggler_icon { background: url(https:\/\/aluksne.lv\/wp-content\/plugins\/accordeon-menu-ck\/images\/minus.png) center center no-repeat !important; }\n#accordeconck1  {\n\tbackground: #86C2DB;\n\tbackground-size: auto;\tbackground-image: -o-linear-gradient(center top,#86C2DB, #86C2DB 100%);\n\tbackground-image: -webkit-gradient(linear, left top, left bottom,from(#86C2DB), color-stop(100%, #86C2DB));\n\tbackground-image: -moz-linear-gradient(center top,#86C2DB, #86C2DB 100%);\n\tbackground-image: linear-gradient(to bottom,#86C2DB, #86C2DB 100%);\n\tborder-top: none;\n\tborder-bottom: none;\n\tborder-left: none;\n\tborder-right: none;\n\tpadding-top: 5px;\n\tpadding-right: 5px;\n\tpadding-bottom: 5px;\n\tpadding-left: 5px;\n\tfont-family: ;\n}\n\n#accordeconck1  a {\n\tfont-family: ;\n}\n\n#accordeconck1 li.level1 > span a {\n\tcolor: #FFFFFF;\n\tpadding-top: 5px;\n\tpadding-right: 5px;\n\tpadding-bottom: 5px;\n\tpadding-left: 5px;\n\tfont-size: 15px;\n}\n\n#accordeconck1 li.level1 > span a a {\n\tcolor: #FFFFFF;\n\tfont-size: 15px;\n}\n\n#accordeconck1 li.level1 > span .accordeonck_desc {\n\tfont-size: 10px;\n}\n\n#accordeconck1 li.level1 > span .accordeonck_desc a {\n\tfont-size: 10px;\n}\n\n#accordeconck1 li.level1:hover > span a {\n\tcolor: #000000;\n}\n\n#accordeconck1 li.level1:hover > span a a {\n\tcolor: #000000;\n}\n\n#accordeconck1 li.level1 > ul {\n\tbackground-size: auto;\tfont-family: ;\n}\n\n#accordeconck1 li.level1 > ul a {\n\tfont-family: ;\n}\n\n#accordeconck1 li.level2 > span a {\n\tcolor: #636363;\n\tpadding-top: 5px;\n\tpadding-bottom: 5px;\n\tpadding-left: 15px;\n}\n\n#accordeconck1 li.level2 > span a a {\n\tcolor: #636363;\n}\n\n#accordeconck1 li.level2:hover > span a {\n\tcolor: #000000;\n}\n\n#accordeconck1 li.level2:hover > span a a {\n\tcolor: #000000;\n}\n\n#accordeconck1 li.level2 ul[class^=\"content\"] {\n\tbackground-size: auto;\tfont-family: ;\n}\n\n#accordeconck1 li.level2 ul[class^=\"content\"] a {\n\tfont-family: ;\n}\n\n#accordeconck1 li.level2 li.accordeonck > span a {\n\tcolor: #636363;\n\tpadding-top: 2px;\n\tpadding-bottom: 2px;\n\tpadding-left: 20px;\n}\n\n#accordeconck1 li.level2 li.accordeonck > span a a {\n\tcolor: #636363;\n}\n\n#accordeconck1 li.level2 li.accordeonck:hover > span a {\n\tcolor: #000000;\n}\n\n#accordeconck1 li.level2 li.accordeonck:hover > span a a {\n\tcolor: #000000;\n}\t\t<\/style>\n\t\t<div id=\"panel-429-0-1-0\" class=\"so-panel widget widget_accordeon-menu-ck panel-first-child panel-last-child\" data-index=\"1\" ><ul id=\"accordeconck1\" class=\"menu\"><li id=\"menu-item-2337\" class=\"menu-item menu-item-type-custom menu-item-object-custom accordeonck menu-item-2337 level1\"><span class=\"accordeonck_outer \"><a href=\"http:\/\/www.aluksnesnvo.lv\/\" class=\"accordeonck\">Sabiedr\u012bbas centrs<\/a><\/span><\/li>\n<li id=\"menu-item-2338\" class=\"menu-item menu-item-type-post_type menu-item-object-page accordeonck menu-item-2338 level1\"><span class=\"accordeonck_outer \"><a href=\"https:\/\/aluksne.lv\/index.php\/sabiedriba\/finansejuma-piesaiste\/\" class=\"accordeonck\">Finans\u0113juma piesaiste<\/a><\/span><\/li>\n<li id=\"menu-item-2339\" class=\"menu-item menu-item-type-post_type menu-item-object-page accordeonck menu-item-2339 level1\"><span class=\"accordeonck_outer \"><a href=\"https:\/\/aluksne.lv\/index.php\/sabiedriba\/sabiedribas-lidzdaliba\/\" class=\"accordeonck\">Sabiedr\u012bbas l\u012bdzdal\u012bba<\/a><\/span><\/li>\n<li id=\"menu-item-2340\" class=\"menu-item menu-item-type-post_type menu-item-object-page accordeonck menu-item-2340 level1\"><span class=\"accordeonck_outer \"><a href=\"https:\/\/aluksne.lv\/index.php\/sabiedriba\/veselibas-aprupe\/\" class=\"accordeonck\">Vesel\u012bbas apr\u016bpe<\/a><\/span><\/li>\n<li id=\"menu-item-2341\" class=\"menu-item menu-item-type-post_type menu-item-object-page accordeonck menu-item-2341 level1\"><span class=\"accordeonck_outer \"><a href=\"https:\/\/aluksne.lv\/index.php\/sabiedriba\/jauniesiem\/\" class=\"accordeonck\">Jaunie\u0161iem<\/a><\/span><\/li>\n<\/ul>\t\t<script type=\"text\/javascript\"> <!--\n\t\t\n\t\t\tjQuery(document).ready(function(){\n\t\t\t\tjQuery('#accordeconck1').accordeonmenuck({eventtype : 'click',transition : 'linear',showactive : '1',showactivesubmenu : '0',duree : 500});\n\t\t\t}); \t\t\/\/--> <\/script>\n\t\t<\/div><\/div><\/div><\/div>","protected":false},"excerpt":{"rendered":"<p>&nbsp; Viedok\u013ca izteik\u0161ana par saisto\u0161o noteikumu projektiem L\u012bdzdarb\u012bbas l\u012bgumi Iedz\u012bvot\u0101ju padome L\u012bdzdal\u012bbas bud\u017eets Aktu\u0101l\u0101s apsprie\u0161anas Nosl\u0113gu\u0161\u0101s apsprie\u0161anas Aptaujas Nosl\u0113gu\u0161\u0101s aptaujas Pazi\u0146ojumi Kolekt\u012bvie iesniegumi Par lok\u0101lpl\u0101nojuma, kas groza Al\u016bksnes novada teritorijas pl\u0101nojumu 2015.-2027. gadam, izstr\u0101des uzs\u0101k\u0161anu Al\u016bksnes novada V\u0113l\u0113\u0161anu komisija, likumprojektu&#8230;<br \/><a class=\"read-more-button\" href=\"https:\/\/aluksne.lv\/index.php\/sabiedriba\/sabiedribas-lidzdaliba\/\">Las\u012bt visu<\/a><\/p>\n","protected":false},"author":1,"featured_media":0,"parent":69,"menu_order":0,"comment_status":"closed","ping_status":"closed","template":"","meta":{"_crdt_document":"","_monsterinsights_skip_tracking":false,"_monsterinsights_sitenote_active":false,"_monsterinsights_sitenote_note":"","_monsterinsights_sitenote_category":0,"footnotes":"","_links_to":"","_links_to_target":""},"class_list":["post-429","page","type-page","status-publish","hentry"],"_links":{"self":[{"href":"https:\/\/aluksne.lv\/index.php\/wp-json\/wp\/v2\/pages\/429","targetHints":{"allow":["GET"]}}],"collection":[{"href":"https:\/\/aluksne.lv\/index.php\/wp-json\/wp\/v2\/pages"}],"about":[{"href":"https:\/\/aluksne.lv\/index.php\/wp-json\/wp\/v2\/types\/page"}],"author":[{"embeddable":true,"href":"https:\/\/aluksne.lv\/index.php\/wp-json\/wp\/v2\/users\/1"}],"replies":[{"embeddable":true,"href":"https:\/\/aluksne.lv\/index.php\/wp-json\/wp\/v2\/comments?post=429"}],"version-history":[{"count":0,"href":"https:\/\/aluksne.lv\/index.php\/wp-json\/wp\/v2\/pages\/429\/revisions"}],"up":[{"embeddable":true,"href":"https:\/\/aluksne.lv\/index.php\/wp-json\/wp\/v2\/pages\/69"}],"wp:attachment":[{"href":"https:\/\/aluksne.lv\/index.php\/wp-json\/wp\/v2\/media?parent=429"}],"curies":[{"name":"wp","href":"https:\/\/api.w.org\/{rel}","templated":true}]}}