{"id":431,"date":"2016-03-15T06:57:21","date_gmt":"2016-03-15T06:57:21","guid":{"rendered":"http:\/\/aluksne.lv\/jauna1\/?page_id=431"},"modified":"2024-05-02T08:20:06","modified_gmt":"2024-05-02T05:20:06","slug":"veselibas-aprupe","status":"publish","type":"page","link":"https:\/\/aluksne.lv\/index.php\/sabiedriba\/veselibas-aprupe\/","title":{"rendered":"Vesel\u012bbas apr\u016bpe"},"content":{"rendered":"<p>&nbsp;<\/p>\n<table class=\"hoverTable\">\n<tbody>\n<tr>\n<td width=\"33%\"><a href=\"https:\/\/aluksne.lv\/index.php\/sabiedriba\/veselibas-aprupe\/feldserpunkti\/\" target=\"new\" rel=\"noopener\">Feld\u0161erpunkti<\/a><\/td>\n<td width=\"33%\"><a href=\"http:\/\/www.aluksnespoliklinika.lv\/\" target=\"new\" rel=\"noopener\">SIA \u201dAl\u016bksnes prim\u0101r\u0101s vesel\u012bbas apr\u016bpes centrs\u201d<\/a><\/td>\n<\/tr>\n<tr>\n<td width=\"33%\"><a href=\"http:\/\/www.aluksnesslimnica.lv\/\" target=\"new\" rel=\"noopener\">SIA &#8220;Al\u016bksnes slimn\u012bca&#8221;<\/a><\/td>\n<td width=\"33%\"><a href=\"http:\/\/aluksne.lv\/index.php\/informacija-pacientiem-ar-funkcionaliem-traucejumiem-par-iespeju-sanemt-sniegtos-veselibas-aprupes-pakalpojumus\/\">Inform\u0101cija pacientiem ar funkcion\u0101liem trauc\u0113jumiem par iesp\u0113ju sa\u0146emt sniegtos vesel\u012bbas apr\u016bpes pakalpojumus<\/a><\/td>\n<\/tr>\n<tr>\n<td width=\"33%\"><a href=\"https:\/\/aluksne.lv\/wp-content\/uploads\/2022\/12\/VVP-Aluksne.pdf\"><strong>Al\u016bksnes novada vesel\u012bbas veicin\u0101\u0161anas pl\u0101ns 2022. \u2013 2028. gadam <\/strong><\/a><\/td>\n<\/tr>\n<\/tbody>\n<\/table>\n","protected":false},"excerpt":{"rendered":"<p>&nbsp; Feld\u0161erpunkti SIA \u201dAl\u016bksnes prim\u0101r\u0101s vesel\u012bbas apr\u016bpes centrs\u201d SIA &#8220;Al\u016bksnes slimn\u012bca&#8221; Inform\u0101cija pacientiem ar funkcion\u0101liem trauc\u0113jumiem par iesp\u0113ju sa\u0146emt sniegtos vesel\u012bbas apr\u016bpes pakalpojumus Al\u016bksnes novada vesel\u012bbas veicin\u0101\u0161anas pl\u0101ns 2022. \u2013 2028. gadam<\/p>\n","protected":false},"author":1,"featured_media":0,"parent":69,"menu_order":0,"comment_status":"closed","ping_status":"closed","template":"","meta":{"_crdt_document":"","_monsterinsights_skip_tracking":false,"_monsterinsights_sitenote_active":false,"_monsterinsights_sitenote_note":"","_monsterinsights_sitenote_category":0,"footnotes":"","_links_to":"","_links_to_target":""},"class_list":["post-431","page","type-page","status-publish","hentry"],"_links":{"self":[{"href":"https:\/\/aluksne.lv\/index.php\/wp-json\/wp\/v2\/pages\/431","targetHints":{"allow":["GET"]}}],"collection":[{"href":"https:\/\/aluksne.lv\/index.php\/wp-json\/wp\/v2\/pages"}],"about":[{"href":"https:\/\/aluksne.lv\/index.php\/wp-json\/wp\/v2\/types\/page"}],"author":[{"embeddable":true,"href":"https:\/\/aluksne.lv\/index.php\/wp-json\/wp\/v2\/users\/1"}],"replies":[{"embeddable":true,"href":"https:\/\/aluksne.lv\/index.php\/wp-json\/wp\/v2\/comments?post=431"}],"version-history":[{"count":0,"href":"https:\/\/aluksne.lv\/index.php\/wp-json\/wp\/v2\/pages\/431\/revisions"}],"up":[{"embeddable":true,"href":"https:\/\/aluksne.lv\/index.php\/wp-json\/wp\/v2\/pages\/69"}],"wp:attachment":[{"href":"https:\/\/aluksne.lv\/index.php\/wp-json\/wp\/v2\/media?parent=431"}],"curies":[{"name":"wp","href":"https:\/\/api.w.org\/{rel}","templated":true}]}}