{"id":4467,"date":"2018-03-05T13:46:47","date_gmt":"2018-03-05T13:46:47","guid":{"rendered":"http:\/\/aluksne.lv\/?page_id=4467"},"modified":"2024-07-03T13:55:58","modified_gmt":"2024-07-03T10:55:58","slug":"malupes-kapi","status":"publish","type":"page","link":"https:\/\/aluksne.lv\/index.php\/pasvaldiba\/pakalpojumi\/kapsetu-darbiba\/malupes-kapi\/","title":{"rendered":"M\u0101lupes kapi"},"content":{"rendered":"<p><strong>Kapusv\u0113tki &#8211; j\u016blija p\u0113d\u0113j\u0101 sestdien\u0101<\/strong><\/p>\n<p><strong> Svec\u012b\u0161u vakars &#8211; septembra p\u0113d\u0113j\u0101 sestdien\u0101.<\/strong><\/p>\n<p>Piemi\u0146as br\u012bdis pie pieminek\u013ca \u201eLatvijas br\u012bv\u012bbas c\u012b\u0146\u0101s kritu\u0161iem M\u0101lupes pagasta varo\u0146iem no 1914.-1920. gadam\u201d \u2013 11. novembr\u012b<\/p>\n<p><strong>\u0112ku un apsaimniekojam\u0101s teritorijas p\u0101rzinis Dainis ERTMANIS<\/strong><br \/>\nmob.t. 26348427,<br \/>\ne-pasts: dainis.ertmanis@aluksne.lv<\/p>\n<p><strong>Adrese:<\/strong><br \/>\n\u201eM\u0101lupes kapi\u201d, M\u0101lupes pagasts,<br \/>\nAl\u016bksnes novads, LV-4358<\/p>\n<p>&nbsp;<\/p>\n<p style=\"text-align: center;\"><strong>Al\u016bksnes novada pagastu apvien\u012bbas p\u0101rvaldes maksas pakalpojumu cenr\u0101dis pa\u0161vald\u012bbas kaps\u0113t\u0101s pagastu teritorij\u0101 <\/strong>(sp\u0113k\u0101 no 01.07.2024.)<\/p>\n<p>Visiem pakalpojumu sa\u0146\u0113m\u0113jiem par attiec\u012bgo pakalpojumu tiek piem\u0113rota cena ar atlaidi.<\/p>\n<table width=\"576\">\n<tbody>\n<tr>\n<td width=\"171\">\n<p><strong>Pakalpojuma nosaukums<\/strong><\/p>\n<\/td>\n<td width=\"97\">\n<p><strong>M\u0113rvien\u012bba<\/strong><\/p>\n<\/td>\n<td width=\"91\">\n<p><strong>Cena bez PVN\u00a0(EUR)<\/strong><\/p>\n<\/td>\n<td width=\"95\">\n<p><strong>Atlaide bez PVN (EUR)<\/strong><\/p>\n<\/td>\n<td width=\"123\">\n<p><strong>Cena ar atlaidi bez PVN (EUR)<\/strong><\/p>\n<\/td>\n<\/tr>\n<tr>\n<td width=\"171\">\n<p>Kaps\u0113tas p\u0101rzi\u0146a pakalpojums pa\u0161vald\u012bbas kaps\u0113t\u0101s pagastos*<\/p>\n<\/td>\n<td width=\"97\">\n<p>1 apbed\u012bjums<\/p>\n<\/td>\n<td width=\"91\">\n<p>25,00<\/p>\n<\/td>\n<td width=\"95\">\n<p>10,00<\/p>\n<\/td>\n<td width=\"123\">\n<p>15,00<\/p>\n<\/td>\n<\/tr>\n<tr>\n<td width=\"171\">\n<p>Ezeri\u0146u kapli\u010das \u0113kas sagatavo\u0161anas pakalpojums b\u0113ru ceremonijai (apbed\u012b\u0161anas dien\u0101 1 stunda)<\/p>\n<\/td>\n<td width=\"97\">\n<p>1 reize<\/p>\n<\/td>\n<td width=\"91\">\n<p>27,00<\/p>\n<\/td>\n<td width=\"95\">\n<p>10,80<\/p>\n<\/td>\n<td width=\"123\">\n<p>16,20<\/p>\n<\/td>\n<\/tr>\n<tr>\n<td width=\"171\">\n<p>Opekalna kapli\u010das \u0113kas sagatavo\u0161anas pakalpojums b\u0113ru ceremonijai (apbed\u012b\u0161anas dien\u0101 1 stunda)<\/p>\n<\/td>\n<td width=\"97\">\n<p>1 reize<\/p>\n<\/td>\n<td width=\"91\">\n<p>24,00<\/p>\n<\/td>\n<td width=\"95\">\n<p>9,60<\/p>\n<\/td>\n<td width=\"123\">\n<p>14,40<\/p>\n<\/td>\n<\/tr>\n<tr>\n<td width=\"171\">\n<p>M\u0101lupes kapli\u010das \u0113kas sagatavo\u0161anas pakalpojums b\u0113ru ceremonijai (apbed\u012b\u0161anas dien\u0101 1 stunda)<\/p>\n<\/td>\n<td width=\"97\">\n<p>1 reize<\/p>\n<\/td>\n<td width=\"91\">\n<p>20,00<\/p>\n<\/td>\n<td width=\"95\">\n<p>8,00<\/p>\n<\/td>\n<td width=\"123\">\n<p>12,00<\/p>\n<\/td>\n<\/tr>\n<tr>\n<td width=\"171\">\n<p>Zendiku kapli\u010das \u0113kas Liepnas kapos sagatavo\u0161anas pakalpojums b\u0113ru ceremonijai (apbed\u012b\u0161anas dien\u0101 1 stunda)<\/p>\n<\/td>\n<td width=\"97\">\n<p>1 reize<\/p>\n<\/td>\n<td width=\"91\">\n<p>50,00<\/p>\n<\/td>\n<td width=\"95\">\n<p>20,00<\/p>\n<\/td>\n<td width=\"123\">\n<p>30,00<\/p>\n<\/td>\n<\/tr>\n<\/tbody>\n<\/table>\n<p>&nbsp;<\/p>\n<p>*Al\u016bksnes novada pa\u0161vald\u012bbas kaps\u0113tas novada pagastu teritorij\u0101:<\/p>\n<ol>\n<li>Ezeri\u0146u kapi, Annas pagasts,<\/li>\n<li>Opekalna kapli\u010da, Jaunlaicenes pagasts,<\/li>\n<li>M\u0101lupes kapi, M\u0101lupes pagasts,<\/li>\n<li>Liepnas kapi, Liepnas pagasts,<\/li>\n<li>Saidu kapi, Liepnas pagasts,<\/li>\n<li>Sprindu\u013ckalna kapi, Liepnas pagasts,<\/li>\n<li>K\u016bdupes kapi, Pededzes pagasts.<\/li>\n<\/ol>\n","protected":false},"excerpt":{"rendered":"<p>Kapusv\u0113tki &#8211; j\u016blija p\u0113d\u0113j\u0101 sestdien\u0101 Svec\u012b\u0161u vakars &#8211; septembra p\u0113d\u0113j\u0101 sestdien\u0101. Piemi\u0146as br\u012bdis pie pieminek\u013ca \u201eLatvijas br\u012bv\u012bbas c\u012b\u0146\u0101s kritu\u0161iem M\u0101lupes pagasta varo\u0146iem no 1914.-1920. gadam\u201d \u2013 11. novembr\u012b \u0112ku un apsaimniekojam\u0101s teritorijas p\u0101rzinis Dainis ERTMANIS mob.t. 26348427, e-pasts: dainis.ertmanis@aluksne.lv Adrese:&#8230;<br \/><a class=\"read-more-button\" href=\"https:\/\/aluksne.lv\/index.php\/pasvaldiba\/pakalpojumi\/kapsetu-darbiba\/malupes-kapi\/\">Las\u012bt visu<\/a><\/p>\n","protected":false},"author":1,"featured_media":0,"parent":4249,"menu_order":0,"comment_status":"closed","ping_status":"closed","template":"","meta":{"_crdt_document":"","_monsterinsights_skip_tracking":false,"_monsterinsights_sitenote_active":false,"_monsterinsights_sitenote_note":"","_monsterinsights_sitenote_category":0,"footnotes":"","_links_to":"","_links_to_target":""},"class_list":["post-4467","page","type-page","status-publish","hentry"],"_links":{"self":[{"href":"https:\/\/aluksne.lv\/index.php\/wp-json\/wp\/v2\/pages\/4467","targetHints":{"allow":["GET"]}}],"collection":[{"href":"https:\/\/aluksne.lv\/index.php\/wp-json\/wp\/v2\/pages"}],"about":[{"href":"https:\/\/aluksne.lv\/index.php\/wp-json\/wp\/v2\/types\/page"}],"author":[{"embeddable":true,"href":"https:\/\/aluksne.lv\/index.php\/wp-json\/wp\/v2\/users\/1"}],"replies":[{"embeddable":true,"href":"https:\/\/aluksne.lv\/index.php\/wp-json\/wp\/v2\/comments?post=4467"}],"version-history":[{"count":0,"href":"https:\/\/aluksne.lv\/index.php\/wp-json\/wp\/v2\/pages\/4467\/revisions"}],"up":[{"embeddable":true,"href":"https:\/\/aluksne.lv\/index.php\/wp-json\/wp\/v2\/pages\/4249"}],"wp:attachment":[{"href":"https:\/\/aluksne.lv\/index.php\/wp-json\/wp\/v2\/media?parent=4467"}],"curies":[{"name":"wp","href":"https:\/\/api.w.org\/{rel}","templated":true}]}}