{"id":4472,"date":"2018-03-05T13:50:02","date_gmt":"2018-03-05T13:50:02","guid":{"rendered":"http:\/\/aluksne.lv\/?page_id=4472"},"modified":"2024-09-30T15:40:51","modified_gmt":"2024-09-30T12:40:51","slug":"kapsetas-pededzes-pagasta","status":"publish","type":"page","link":"https:\/\/aluksne.lv\/index.php\/pasvaldiba\/pakalpojumi\/kapsetu-darbiba\/kapsetas-pededzes-pagasta\/","title":{"rendered":"Pededzes pagasta K\u016bdupes kapi"},"content":{"rendered":"<p><strong>K\u016bdupes kapi<\/strong><\/p>\n<p><strong>Kapu sv\u0113tki \u2013 ceturtaj\u0101 j\u016blija sestdien\u0101<\/strong><\/p>\n<p><strong>Svec\u012b\u0161u vakars \u2013 ceturtaj\u0101 septembra sestdien\u0101.<\/strong><\/p>\n<p><strong>Kontaktpersona: <\/strong>Vja\u010deslavs BOGDANOVS<br \/>\nT\u0101lrunis: 27807156; e-pasts: vjaceslavs.bogdanovs@aluksne.lv<strong><br \/>\n<\/strong>Inform\u0101ciju var sa\u0146emt Al\u016bksnes novada bibliot\u0113kas strukt\u016brvien\u012bb\u0101 &#8220;Pededzes bibliot\u0113ka&#8221; &#8211; Valsts un pa\u0161vald\u012bbas vienotaj\u0101 klientu apkalpo\u0161anas centr\u0101,<br \/>\n<strong>Kontaktpersona:<\/strong> Mirdza KORNE, bibliot\u0113kas vad\u012bt\u0101ja<br \/>\nT\u0101lrunis: 25608756, e-pasts: mirdza.korne@aluksne.lv<\/p>\n<p style=\"text-align: center;\"><strong>Al\u016bksnes novada pagastu apvien\u012bbas p\u0101rvaldes maksas pakalpojumu cenr\u0101dis pa\u0161vald\u012bbas kaps\u0113t\u0101s pagastu teritorij\u0101 <\/strong>(sp\u0113k\u0101 no 01.07.2024.)<\/p>\n<p>Visiem pakalpojumu sa\u0146\u0113m\u0113jiem par attiec\u012bgo pakalpojumu tiek piem\u0113rota cena ar atlaidi.<\/p>\n<table width=\"576\">\n<tbody>\n<tr>\n<td width=\"171\">\n<p><strong>Pakalpojuma nosaukums<\/strong><\/p>\n<\/td>\n<td width=\"97\">\n<p><strong>M\u0113rvien\u012bba<\/strong><\/p>\n<\/td>\n<td width=\"91\">\n<p><strong>Cena bez PVN\u00a0(EUR)<\/strong><\/p>\n<\/td>\n<td width=\"95\">\n<p><strong>Atlaide bez PVN (EUR)<\/strong><\/p>\n<\/td>\n<td width=\"123\">\n<p><strong>Cena ar atlaidi bez PVN (EUR)<\/strong><\/p>\n<\/td>\n<\/tr>\n<tr>\n<td width=\"171\">\n<p>Kaps\u0113tas p\u0101rzi\u0146a pakalpojums pa\u0161vald\u012bbas kaps\u0113t\u0101s pagastos*<\/p>\n<\/td>\n<td width=\"97\">\n<p>1 apbed\u012bjums<\/p>\n<\/td>\n<td width=\"91\">\n<p>25,00<\/p>\n<\/td>\n<td width=\"95\">\n<p>10,00<\/p>\n<\/td>\n<td width=\"123\">\n<p>15,00<\/p>\n<\/td>\n<\/tr>\n<tr>\n<td width=\"171\">\n<p>Ezeri\u0146u kapli\u010das \u0113kas sagatavo\u0161anas pakalpojums b\u0113ru ceremonijai (apbed\u012b\u0161anas dien\u0101 1 stunda)<\/p>\n<\/td>\n<td width=\"97\">\n<p>1 reize<\/p>\n<\/td>\n<td width=\"91\">\n<p>27,00<\/p>\n<\/td>\n<td width=\"95\">\n<p>10,80<\/p>\n<\/td>\n<td width=\"123\">\n<p>16,20<\/p>\n<\/td>\n<\/tr>\n<tr>\n<td width=\"171\">\n<p>Opekalna kapli\u010das \u0113kas sagatavo\u0161anas pakalpojums b\u0113ru ceremonijai (apbed\u012b\u0161anas dien\u0101 1 stunda)<\/p>\n<\/td>\n<td width=\"97\">\n<p>1 reize<\/p>\n<\/td>\n<td width=\"91\">\n<p>24,00<\/p>\n<\/td>\n<td width=\"95\">\n<p>9,60<\/p>\n<\/td>\n<td width=\"123\">\n<p>14,40<\/p>\n<\/td>\n<\/tr>\n<tr>\n<td width=\"171\">\n<p>M\u0101lupes kapli\u010das \u0113kas sagatavo\u0161anas pakalpojums b\u0113ru ceremonijai (apbed\u012b\u0161anas dien\u0101 1 stunda)<\/p>\n<\/td>\n<td width=\"97\">\n<p>1 reize<\/p>\n<\/td>\n<td width=\"91\">\n<p>20,00<\/p>\n<\/td>\n<td width=\"95\">\n<p>8,00<\/p>\n<\/td>\n<td width=\"123\">\n<p>12,00<\/p>\n<\/td>\n<\/tr>\n<tr>\n<td width=\"171\">\n<p>Zendiku kapli\u010das \u0113kas Liepnas kapos sagatavo\u0161anas pakalpojums b\u0113ru ceremonijai (apbed\u012b\u0161anas dien\u0101 1 stunda)<\/p>\n<\/td>\n<td width=\"97\">\n<p>1 reize<\/p>\n<\/td>\n<td width=\"91\">\n<p>50,00<\/p>\n<\/td>\n<td width=\"95\">\n<p>20,00<\/p>\n<\/td>\n<td width=\"123\">\n<p>30,00<\/p>\n<\/td>\n<\/tr>\n<\/tbody>\n<\/table>\n<p>*Al\u016bksnes novada pa\u0161vald\u012bbas kaps\u0113tas novada pagastu teritorij\u0101:<\/p>\n<ol>\n<li>Ezeri\u0146u kapi, Annas pagasts,<\/li>\n<li>Opekalna kapli\u010da, Jaunlaicenes pagasts,<\/li>\n<li>M\u0101lupes kapi, M\u0101lupes pagasts,<\/li>\n<li>Liepnas kapi, Liepnas pagasts,<\/li>\n<li>Saidu kapi, Liepnas pagasts,<\/li>\n<li>Sprindu\u013ckalna kapi, Liepnas pagasts,<\/li>\n<li>K\u016bdupes kapi, Pededzes pagasts.<\/li>\n<\/ol>\n<p>&nbsp;<\/p>\n","protected":false},"excerpt":{"rendered":"<p>K\u016bdupes kapi Kapu sv\u0113tki \u2013 ceturtaj\u0101 j\u016blija sestdien\u0101 Svec\u012b\u0161u vakars \u2013 ceturtaj\u0101 septembra sestdien\u0101. Kontaktpersona: Vja\u010deslavs BOGDANOVS T\u0101lrunis: 27807156; e-pasts: vjaceslavs.bogdanovs@aluksne.lv Inform\u0101ciju var sa\u0146emt Al\u016bksnes novada bibliot\u0113kas strukt\u016brvien\u012bb\u0101 &#8220;Pededzes bibliot\u0113ka&#8221; &#8211; Valsts un pa\u0161vald\u012bbas vienotaj\u0101 klientu apkalpo\u0161anas centr\u0101, Kontaktpersona: Mirdza&#8230;<br \/><a class=\"read-more-button\" href=\"https:\/\/aluksne.lv\/index.php\/pasvaldiba\/pakalpojumi\/kapsetu-darbiba\/kapsetas-pededzes-pagasta\/\">Las\u012bt visu<\/a><\/p>\n","protected":false},"author":1,"featured_media":0,"parent":4249,"menu_order":0,"comment_status":"closed","ping_status":"closed","template":"","meta":{"_crdt_document":"","_monsterinsights_skip_tracking":false,"_monsterinsights_sitenote_active":false,"_monsterinsights_sitenote_note":"","_monsterinsights_sitenote_category":0,"footnotes":"","_links_to":"","_links_to_target":""},"class_list":["post-4472","page","type-page","status-publish","hentry"],"_links":{"self":[{"href":"https:\/\/aluksne.lv\/index.php\/wp-json\/wp\/v2\/pages\/4472","targetHints":{"allow":["GET"]}}],"collection":[{"href":"https:\/\/aluksne.lv\/index.php\/wp-json\/wp\/v2\/pages"}],"about":[{"href":"https:\/\/aluksne.lv\/index.php\/wp-json\/wp\/v2\/types\/page"}],"author":[{"embeddable":true,"href":"https:\/\/aluksne.lv\/index.php\/wp-json\/wp\/v2\/users\/1"}],"replies":[{"embeddable":true,"href":"https:\/\/aluksne.lv\/index.php\/wp-json\/wp\/v2\/comments?post=4472"}],"version-history":[{"count":0,"href":"https:\/\/aluksne.lv\/index.php\/wp-json\/wp\/v2\/pages\/4472\/revisions"}],"up":[{"embeddable":true,"href":"https:\/\/aluksne.lv\/index.php\/wp-json\/wp\/v2\/pages\/4249"}],"wp:attachment":[{"href":"https:\/\/aluksne.lv\/index.php\/wp-json\/wp\/v2\/media?parent=4472"}],"curies":[{"name":"wp","href":"https:\/\/api.w.org\/{rel}","templated":true}]}}