{"id":450,"date":"2016-03-15T07:02:27","date_gmt":"2016-03-15T07:02:27","guid":{"rendered":"http:\/\/aluksne.lv\/jauna1\/?page_id=450"},"modified":"2026-04-01T09:29:16","modified_gmt":"2026-04-01T06:29:16","slug":"izglitibas-parvalde","status":"publish","type":"page","link":"https:\/\/aluksne.lv\/index.php\/izglitiba\/izglitibas-parvalde\/","title":{"rendered":"Izgl\u012bt\u012bbas p\u0101rvalde"},"content":{"rendered":"<div id=\"pl-450\"  class=\"panel-layout\" ><div id=\"pg-450-0\"  class=\"panel-grid panel-no-style\" ><div id=\"pgc-450-0-0\"  class=\"panel-grid-cell\" ><div id=\"panel-450-0-0-0\" class=\"so-panel widget widget_sow-editor panel-first-child panel-last-child\" data-index=\"0\" ><div\n\t\t\t\n\t\t\tclass=\"so-widget-sow-editor so-widget-sow-editor-base\"\n\t\t\t\n\t\t>\n<div class=\"siteorigin-widget-tinymce textwidget\">\n\t<p>&nbsp;<\/p>\n<p style=\"text-align: left;\"><strong>Izgl\u012bt\u012bbas p\u0101rvalde<\/strong><br \/>\nD\u0101rza iel\u0101 11, Al\u016bksn\u0113, Al\u016bksnes novad\u0101, LV-4301 (2. st\u0101v\u0101)<\/p>\n<p style=\"text-align: left;\"><strong>Vad\u012bt\u0101ja Gunta KUP\u010cA<\/strong><br \/>\nt\u0101lru\u0146i 64381479; 26320623<br \/>\ne-pasts:<span class=\"blue_edit\">\u00a0izgl.parvalde@aluksne.lv<\/span><\/p>\n<p><strong>Izgl\u012bt\u012bbas metodi\u0137e Inga MEIR\u0100NE<\/strong><br \/>\nT\u0101lrunis: 64381493<br \/>\ne-pasts: inga.meirane<span class=\"blue_edit\">@aluksne.lv<\/span><\/p>\n<p><strong>eAdrese<\/strong>: _DEFAULT@40900006782<\/p>\n<p>&nbsp;<\/p>\n<p style=\"text-align: justify;\"><strong>Atbalsta person\u0101la speci\u0101listi:<\/strong><\/p>\n<p style=\"text-align: justify;\">Pils iela 21, Al\u016bksn\u0113, Al\u016bksnes novad\u0101, LV-4301<\/p>\n<p style=\"text-align: left;\"><strong>T\u0101lrunis: <\/strong>64321675<\/p>\n<p style=\"text-align: left;\"><b>Izgl\u012bt\u012bbas psihologi <\/b>(1. - 12. kla\u0161u izgl\u012btojamie, pedagogi, vec\u0101ki) - Ingr\u012bda Rateniece (e-pasts ingrida.ra@inbox.lv), L\u012bga Amosova (t\u0101lr. 26147027, e-pasts: liga.amosova@aluksne.lv).<\/p>\n<p style=\"text-align: left;\"><b>Speci\u0101l\u0101s izgl\u012bt\u012bbas skolot\u0101ja<\/b><br \/>\nAgita Pakalniete (darb\u0101 ar ABA metodi, pirmsskolas, 1. un 2. klases izgl\u012btojamajiem; t\u0101lrunis: 64321675; e-pasts: agita.pakalniete@inbox.lv)<\/p>\n<p>&nbsp;<\/p>\n<div class=\"divTable\">\n<div class=\"divTableBody\">\n<div class=\"divTableRow\">\n<div class=\"divTableCellTris\"><a href=\"https:\/\/aluksne.lv\/index.php\/izglitiba\/izglitibas-parvalde\/aktualitates-izglitiba\/\">AKTUALIT\u0100TES IZGL\u012aT\u012aB\u0100<\/a><\/div>\n<\/div>\n<\/div>\n<\/div>\n<p>&nbsp;<\/p>\n<div class=\"divTable\">\n<div class=\"divTableBody\">\n<div class=\"divTableRow\">\n<div class=\"divTableCellTris\"><a href=\"https:\/\/aluksne.lv\/index.php\/stem-un-pilsoniskas-lidzdalibas-norises-plasakai-izglitibas-pieredzei-un-karjeras-izvelei\/\">STEM un pilsonisk\u0101s l\u012bdzdal\u012bbas norises pla\u0161\u0101kai izgl\u012bt\u012bbas pieredzei un karjeras izv\u0113lei<\/a><\/div>\n<\/div>\n<\/div>\n<\/div>\n<p>&nbsp;<\/p>\n<p><strong><a href=\"https:\/\/aluksne.lv\/wp-content\/uploads\/2024\/06\/163_IZP_nolikums.docx\">Izgl\u012bt\u012bbas p\u0101rvaldes nolikums<\/a><\/strong><\/p>\n<p><strong><a href=\"https:\/\/aluksne.lv\/wp-content\/uploads\/2024\/10\/4_Kartiba_merkdotacija_skolam_2022_septembris.docx\"><span lang=\"EN-US\">K\u0101rt\u012bba, k\u0101d\u0101 sadala valsts bud\u017eeta m\u0113r\u0137dot\u0101ciju Al\u016bksnes novada pa\u0161vald\u012bbas visp\u0101r\u0113j\u0101s Izgl\u012bt\u012bbas iest\u0101d\u0113m pedagogu darba samaksai<\/span><\/a><\/strong><\/p>\n<p><a href=\"https:\/\/aluksne.lv\/wp-content\/uploads\/2018\/10\/Pedagogu-profesion\u0101l\u0101s-kompetences-pilnveides-programmu-saska\u0146o\u0161anas-k\u0101rt\u012bba-1.pdf\"><strong>Pedagogu profesion\u0101l\u0101s kompetences pilnveides programmu saska\u0146o\u0161anas k\u0101rt\u012bba<\/strong><\/a> (<a href=\"https:\/\/aluksne.lv\/wp-content\/uploads\/2018\/10\/1.pielikums-progr..doc\">1. pielikums<\/a> | <a href=\"https:\/\/aluksne.lv\/wp-content\/uploads\/2018\/10\/2.pielikums-progr..doc\">2. pielikums<\/a>)<\/p>\n<p><strong><a href=\"https:\/\/aluksne.lv\/wp-content\/uploads\/2024\/11\/Priekslaicigas-macibu-partrauksanas-prevencijas-sistema-un-ieviesanas-plans.pdf\">Priek\u0161laic\u012bgas m\u0101c\u012bbu p\u0101rtrauk\u0161anas prevencijas sist\u0113ma un ievie\u0161anas pl\u0101ns<\/a><\/strong><\/p>\n<p><strong><a href=\"https:\/\/aluksne.lv\/wp-content\/uploads\/2024\/11\/Aluksnes-novada-pasvaldibas-Bernu-tiesibu-aizsardzibas-programma-2024.-202.gadam_.pdf\">Al\u016bksnes novada pa\u0161vald\u012bbas B\u0113rnu ties\u012bbu aizsardz\u012bbas programma 2024. - 2028. gadam<\/a><\/strong><\/p>\n<p><a href=\"https:\/\/aluksne.lv\/wp-content\/uploads\/2026\/04\/Pasakumu-plans_aprilis.docx\"><strong>Pas\u0101kumu pl\u0101ns - apr\u012blis<\/strong><\/a><\/p>\n<p>&nbsp;<\/p>\n<\/div>\n<\/div><\/div><\/div><div id=\"pgc-450-0-1\"  class=\"panel-grid-cell\" >\t\t<style type=\"text\/css\">\n\t\t\t#accordeconck1 { margin:0;padding:0; }\n#accordeconck1 .accordeonck_desc { display:block; }\n#accordeconck1 li.accordeonck { list-style: none;overflow: hidden; margin: 0;}\n#accordeconck1 ul[class^=\"content\"] { margin:0;padding:0;width:auto; }\n#accordeconck1 li.accordeonck > span { position: relative; display: block; }\n#accordeconck1 li.accordeonck.parent > span { padding-right: 20px;}\n#accordeconck1 li.parent > span span.toggler_icon { position: absolute; cursor: pointer; display: block; height: 100%; z-index: 10;right:0; background: url(https:\/\/aluksne.lv\/wp-content\/plugins\/accordeon-menu-ck\/images\/plus.png) center center no-repeat !important;width: 20px;}\n#accordeconck1 li.parent.open > span span.toggler_icon { right:0; background: url(https:\/\/aluksne.lv\/wp-content\/plugins\/accordeon-menu-ck\/images\/minus.png) center center no-repeat !important;}\n#accordeconck1 li.accordeonck.level2 > span { }\n#accordeconck1 li.level3 li.accordeonck > span { }\n#accordeconck1 a.accordeonck { display: block;text-decoration: none; }\n#accordeconck1 a.accordeonck:hover { text-decoration: none; }\n#accordeconck1 li.parent > span a { display: block;outline: none; }\n#accordeconck1 li.parent.open > span a {  }\n#accordeconck1 li.level2.parent > span span.toggler_icon { right:0;display: block;outline: none;background: url(https:\/\/aluksne.lv\/wp-content\/plugins\/accordeon-menu-ck\/images\/plus.png) center center no-repeat !important; }\n#accordeconck1 li.level2.parent.open > span span.toggler_icon { background: url(https:\/\/aluksne.lv\/wp-content\/plugins\/accordeon-menu-ck\/images\/minus.png) center center no-repeat !important; }\n#accordeconck1 li.level2 li.accordeonck.parent > span span.toggler_icon { right:0;display: block;outline: none;background: url(https:\/\/aluksne.lv\/wp-content\/plugins\/accordeon-menu-ck\/images\/plus.png) center center no-repeat !important; }\n#accordeconck1 li.level2 li.accordeonck.open.parent > span span.toggler_icon { background: url(https:\/\/aluksne.lv\/wp-content\/plugins\/accordeon-menu-ck\/images\/minus.png) center center no-repeat !important; }\n#accordeconck1  {\n\tbackground: #86C2DB;\n\tbackground-size: auto;\tbackground-image: -o-linear-gradient(center top,#86C2DB, #86C2DB 100%);\n\tbackground-image: -webkit-gradient(linear, left top, left bottom,from(#86C2DB), color-stop(100%, #86C2DB));\n\tbackground-image: -moz-linear-gradient(center top,#86C2DB, #86C2DB 100%);\n\tbackground-image: linear-gradient(to bottom,#86C2DB, #86C2DB 100%);\n\tborder-top: none;\n\tborder-bottom: none;\n\tborder-left: none;\n\tborder-right: none;\n\tpadding-top: 5px;\n\tpadding-right: 5px;\n\tpadding-bottom: 5px;\n\tpadding-left: 5px;\n\tfont-family: ;\n}\n\n#accordeconck1  a {\n\tfont-family: ;\n}\n\n#accordeconck1 li.level1 > span a {\n\tcolor: #FFFFFF;\n\tpadding-top: 5px;\n\tpadding-right: 5px;\n\tpadding-bottom: 5px;\n\tpadding-left: 5px;\n\tfont-size: 15px;\n}\n\n#accordeconck1 li.level1 > span a a {\n\tcolor: #FFFFFF;\n\tfont-size: 15px;\n}\n\n#accordeconck1 li.level1 > span .accordeonck_desc {\n\tfont-size: 10px;\n}\n\n#accordeconck1 li.level1 > span .accordeonck_desc a {\n\tfont-size: 10px;\n}\n\n#accordeconck1 li.level1:hover > span a {\n\tcolor: #000000;\n}\n\n#accordeconck1 li.level1:hover > span a a {\n\tcolor: #000000;\n}\n\n#accordeconck1 li.level1 > ul {\n\tbackground-size: auto;\tfont-family: ;\n}\n\n#accordeconck1 li.level1 > ul a {\n\tfont-family: ;\n}\n\n#accordeconck1 li.level2 > span a {\n\tcolor: #636363;\n\tpadding-top: 5px;\n\tpadding-bottom: 5px;\n\tpadding-left: 15px;\n}\n\n#accordeconck1 li.level2 > span a a {\n\tcolor: #636363;\n}\n\n#accordeconck1 li.level2:hover > span a {\n\tcolor: #000000;\n}\n\n#accordeconck1 li.level2:hover > span a a {\n\tcolor: #000000;\n}\n\n#accordeconck1 li.level2 ul[class^=\"content\"] {\n\tbackground-size: auto;\tfont-family: ;\n}\n\n#accordeconck1 li.level2 ul[class^=\"content\"] a {\n\tfont-family: ;\n}\n\n#accordeconck1 li.level2 li.accordeonck > span a {\n\tcolor: #636363;\n\tpadding-top: 2px;\n\tpadding-bottom: 2px;\n\tpadding-left: 20px;\n}\n\n#accordeconck1 li.level2 li.accordeonck > span a a {\n\tcolor: #636363;\n}\n\n#accordeconck1 li.level2 li.accordeonck:hover > span a {\n\tcolor: #000000;\n}\n\n#accordeconck1 li.level2 li.accordeonck:hover > span a a {\n\tcolor: #000000;\n}\t\t<\/style>\n\t\t<div id=\"panel-450-0-1-0\" class=\"so-panel widget widget_accordeon-menu-ck panel-first-child panel-last-child\" data-index=\"1\" ><ul id=\"accordeconck1\" class=\"menu\"><li id=\"menu-item-2288\" class=\"menu-item menu-item-type-post_type menu-item-object-page accordeonck menu-item-2288 level1\"><span class=\"accordeonck_outer \"><a href=\"https:\/\/aluksne.lv\/index.php\/izglitiba\/izglitibas-parvalde\/\" class=\"accordeonck\">Izgl\u012bt\u012bbas p\u0101rvalde<\/a><\/span><\/li>\n<li id=\"menu-item-2289\" class=\"menu-item menu-item-type-post_type menu-item-object-page accordeonck menu-item-2289 level1\"><span class=\"accordeonck_outer \"><a href=\"https:\/\/aluksne.lv\/index.php\/izglitiba\/pirmsskolas-izglitibas-iestades\/\" class=\"accordeonck\">Pirmsskolas izgl\u012bt\u012bbas iest\u0101des<\/a><\/span><\/li>\n<li id=\"menu-item-2290\" class=\"menu-item menu-item-type-post_type menu-item-object-page accordeonck menu-item-2290 level1\"><span class=\"accordeonck_outer \"><a href=\"https:\/\/aluksne.lv\/index.php\/izglitiba\/visparejas-izglitibas-iestades\/\" class=\"accordeonck\">Visp\u0101r\u0113j\u0101s izgl\u012bt\u012bbas iest\u0101des<\/a><\/span><\/li>\n<li id=\"menu-item-2292\" class=\"menu-item menu-item-type-custom menu-item-object-custom accordeonck menu-item-2292 level1\"><span class=\"accordeonck_outer \"><a href=\"http:\/\/abjc.lv\" class=\"accordeonck\">Intere\u0161u izgl\u012bt\u012bba<\/a><\/span><\/li>\n<li id=\"menu-item-2293\" class=\"menu-item menu-item-type-post_type menu-item-object-page accordeonck menu-item-2293 level1\"><span class=\"accordeonck_outer \"><a href=\"https:\/\/aluksne.lv\/index.php\/izglitiba\/profesionalas-ievirzes-izglitiba\/\" class=\"accordeonck\">Profesion\u0101l\u0101s ievirzes izgl\u012bt\u012bba<\/a><\/span><\/li>\n<li id=\"menu-item-2302\" class=\"menu-item menu-item-type-post_type menu-item-object-page accordeonck menu-item-2302 level1\"><span class=\"accordeonck_outer \"><a href=\"https:\/\/aluksne.lv\/index.php\/izglitiba\/muzizglitiba\/\" class=\"accordeonck\">Pieaugu\u0161o izgl\u012bt\u012bba<\/a><\/span><\/li>\n<\/ul>\t\t<script type=\"text\/javascript\"> <!--\n\t\t\n\t\t\tjQuery(document).ready(function(){\n\t\t\t\tjQuery('#accordeconck1').accordeonmenuck({eventtype : 'click',transition : 'linear',showactive : '1',showactivesubmenu : '0',duree : 500});\n\t\t\t}); \t\t\/\/--> <\/script>\n\t\t<\/div><\/div><\/div><\/div>","protected":false},"excerpt":{"rendered":"<p>&nbsp; Izgl\u012bt\u012bbas p\u0101rvalde D\u0101rza iel\u0101 11, Al\u016bksn\u0113, Al\u016bksnes novad\u0101, LV-4301 (2. st\u0101v\u0101) Vad\u012bt\u0101ja Gunta KUP\u010cA t\u0101lru\u0146i 64381479; 26320623 e-pasts:\u00a0izgl.parvalde@aluksne.lv Izgl\u012bt\u012bbas metodi\u0137e Inga MEIR\u0100NE T\u0101lrunis: 64381493 e-pasts: inga.meirane@aluksne.lv eAdrese: _DEFAULT@40900006782 &nbsp; Atbalsta person\u0101la speci\u0101listi: Pils iela 21, Al\u016bksn\u0113, Al\u016bksnes novad\u0101, LV-4301&#8230;<br \/><a class=\"read-more-button\" href=\"https:\/\/aluksne.lv\/index.php\/izglitiba\/izglitibas-parvalde\/\">Las\u012bt visu<\/a><\/p>\n","protected":false},"author":1,"featured_media":0,"parent":10,"menu_order":0,"comment_status":"closed","ping_status":"closed","template":"","meta":{"_crdt_document":"","_monsterinsights_skip_tracking":false,"_monsterinsights_sitenote_active":false,"_monsterinsights_sitenote_note":"","_monsterinsights_sitenote_category":0,"footnotes":"","_links_to":"","_links_to_target":""},"class_list":["post-450","page","type-page","status-publish","hentry"],"_links":{"self":[{"href":"https:\/\/aluksne.lv\/index.php\/wp-json\/wp\/v2\/pages\/450","targetHints":{"allow":["GET"]}}],"collection":[{"href":"https:\/\/aluksne.lv\/index.php\/wp-json\/wp\/v2\/pages"}],"about":[{"href":"https:\/\/aluksne.lv\/index.php\/wp-json\/wp\/v2\/types\/page"}],"author":[{"embeddable":true,"href":"https:\/\/aluksne.lv\/index.php\/wp-json\/wp\/v2\/users\/1"}],"replies":[{"embeddable":true,"href":"https:\/\/aluksne.lv\/index.php\/wp-json\/wp\/v2\/comments?post=450"}],"version-history":[{"count":5,"href":"https:\/\/aluksne.lv\/index.php\/wp-json\/wp\/v2\/pages\/450\/revisions"}],"predecessor-version":[{"id":61751,"href":"https:\/\/aluksne.lv\/index.php\/wp-json\/wp\/v2\/pages\/450\/revisions\/61751"}],"up":[{"embeddable":true,"href":"https:\/\/aluksne.lv\/index.php\/wp-json\/wp\/v2\/pages\/10"}],"wp:attachment":[{"href":"https:\/\/aluksne.lv\/index.php\/wp-json\/wp\/v2\/media?parent=450"}],"curies":[{"name":"wp","href":"https:\/\/api.w.org\/{rel}","templated":true}]}}